{"id":938,"date":"2021-05-19T15:55:37","date_gmt":"2021-05-19T21:55:37","guid":{"rendered":"https:\/\/www.adecom.com.mx\/?post_type=product&#038;p=938"},"modified":"2021-10-15T11:39:23","modified_gmt":"2021-10-15T17:39:23","slug":"llave-dinamometrica-mecanica","status":"publish","type":"product","link":"https:\/\/www.adecom.com.mx\/en\/product\/llave-dinamometrica-mecanica\/","title":{"rendered":"Mechanical torque wrench: Versatile, fast, accurate."},"content":{"rendered":"<div class=\"page\" title=\"Page 4\">\n<div class=\"section\">\n<div class=\"layoutArea\">\n<div class=\"column\">\n<p>For those who need a mechanical torque wrench that can be quickly adjusted for the next screwdriving task.<\/p>\n<div class=\"page\" title=\"Page 4\">\n<div class=\"section\">\n<div class=\"layoutArea\">\n<div class=\"column\">\n<ul>\n<li>Su amplio margen de medici\u00f3n de 4 a 650 N\u00b7m y las herramientas insertables intercambiables<br \/>\n(9&#215;12 mm, 14&#215;18 mm o 22&#215;28 mm) hacen que esta herramienta resulte especialmente flexible y m\u00e1s r\u00e1pida que nunca: la ergonom\u00eda mejorada y la mayor facilidad de uso de los elementos de mando.<\/li>\n<li>The arrow-shaped indicator design and integrated magnifying glass allow for quick and precise adjustment, even with an unfavourable viewing angle. Includes a vernier scale in N m\/ft lb or N m\/in lb units.<\/li>\n<li>The housing of the mechanism inside the key, protected from dirt and contamination, makes it particularly resistant to wear.<\/li>\n<li>Quick adjustment via easy-to-use locking lever on the handle. Ergonomic, slip-proof adjustment element with thumb recess for quick and safe adjustment of the reading scales.<\/li>\n<li>Wear-free trigger system with bending rod. Unlike conventional torque wrenches, a reset to \u201c0\u201d is not necessary to discharge the spring. The result: a correct and reliable long-term measurement result, achieved in a short time.<\/li>\n<li>The QuickRelease safety lock ensures secure locking and quick changing of the insert tools in sizes 5 to 65.<\/li>\n<li>The MANOSKOP 730 Quick torque wrench is compact and space-saving, and is available in sizes 2 and 4. It offers the same measuring and triggering technology as its \u201cbig brother\u201d, with the same precision and reliability.<\/li>\n<li>Quick adjustment from the outside, without having to disassemble the torque wrench, with the help of two adjustment points for the upper and lower values.<\/li>\n<li>Certified according to DIN EN ISO 6789-2:2017.<\/li>\n<\/ul>\n<\/div>\n<\/div>\n<\/div>\n<\/div>\n<\/div>\n<\/div>\n<\/div>\n<\/div>","protected":false},"excerpt":{"rendered":"<p>Safe and compact.<\/p>","protected":false},"featured_media":952,"template":"","meta":{"_acf_changed":false,"content-type":"","_monsterinsights_skip_tracking":false,"_monsterinsights_sitenote_active":false,"_monsterinsights_sitenote_note":"","_monsterinsights_sitenote_category":0,"episode_type":"","audio_file":"","podmotor_file_id":"","podmotor_episode_id":"","cover_image":"","cover_image_id":"","duration":"","filesize":"","filesize_raw":"","date_recorded":"","explicit":"","block":"","_joinchat":[]},"product_brand":[],"product_cat":[30,17],"product_tag":[],"class_list":{"0":"post-938","1":"product","2":"type-product","3":"status-publish","4":"has-post-thumbnail","6":"product_cat-click-ajustable","7":"product_cat-torquimetros","9":"first","10":"instock","11":"taxable","12":"shipping-taxable","13":"product-type-simple"},"acf":[],"yoast_head":"<!-- This site is optimized with the Yoast SEO plugin v27.5 - https:\/\/yoast.com\/product\/yoast-seo-wordpress\/ -->\n<title>Torqu\u00edmetro mec\u00e1nico: Vers\u00e1til, r\u00e1pido, exacto. - Adecom<\/title>\n<meta name=\"robots\" content=\"index, follow, max-snippet:-1, max-image-preview:large, max-video-preview:-1\" \/>\n<link rel=\"canonical\" href=\"https:\/\/www.adecom.com.mx\/en\/product\/llave-dinamometrica-mecanica\/\" \/>\n<meta property=\"og:locale\" content=\"en_US\" \/>\n<meta property=\"og:type\" content=\"article\" \/>\n<meta property=\"og:title\" content=\"Torqu\u00edmetro mec\u00e1nico: Vers\u00e1til, r\u00e1pido, exacto. - Adecom\" \/>\n<meta property=\"og:description\" content=\"Seguro y compacto.\" \/>\n<meta property=\"og:url\" content=\"https:\/\/www.adecom.com.mx\/en\/product\/llave-dinamometrica-mecanica\/\" \/>\n<meta property=\"og:site_name\" content=\"Adecom\" \/>\n<meta property=\"article:modified_time\" content=\"2021-10-15T17:39:23+00:00\" \/>\n<meta property=\"og:image\" content=\"https:\/\/www.adecom.com.mx\/wp-content\/uploads\/2021\/05\/MANOSKOP\u00ae-730-Quick-torquimetro-de-stahlwille-llave-dinamometrica-01-min.jpg\" \/>\n\t<meta property=\"og:image:width\" content=\"1700\" \/>\n\t<meta property=\"og:image:height\" content=\"1800\" \/>\n\t<meta property=\"og:image:type\" content=\"image\/jpeg\" \/>\n<meta name=\"twitter:card\" content=\"summary_large_image\" \/>\n<meta name=\"twitter:label1\" content=\"Est. reading time\" \/>\n\t<meta name=\"twitter:data1\" content=\"2 minutes\" \/>\n<script type=\"application\/ld+json\" class=\"yoast-schema-graph\">{\"@context\":\"https:\\\/\\\/schema.org\",\"@graph\":[{\"@type\":\"WebPage\",\"@id\":\"https:\\\/\\\/www.adecom.com.mx\\\/producto\\\/llave-dinamometrica-mecanica\\\/\",\"url\":\"https:\\\/\\\/www.adecom.com.mx\\\/producto\\\/llave-dinamometrica-mecanica\\\/\",\"name\":\"Torqu\u00edmetro mec\u00e1nico: Vers\u00e1til, r\u00e1pido, exacto. - Adecom\",\"isPartOf\":{\"@id\":\"https:\\\/\\\/www.adecom.com.mx\\\/#website\"},\"primaryImageOfPage\":{\"@id\":\"https:\\\/\\\/www.adecom.com.mx\\\/producto\\\/llave-dinamometrica-mecanica\\\/#primaryimage\"},\"image\":{\"@id\":\"https:\\\/\\\/www.adecom.com.mx\\\/producto\\\/llave-dinamometrica-mecanica\\\/#primaryimage\"},\"thumbnailUrl\":\"https:\\\/\\\/www.adecom.com.mx\\\/wp-content\\\/uploads\\\/2021\\\/05\\\/MANOSKOP\u00ae-730-Quick-torquimetro-de-stahlwille-llave-dinamometrica-01-min.jpg\",\"datePublished\":\"2021-05-19T21:55:37+00:00\",\"dateModified\":\"2021-10-15T17:39:23+00:00\",\"breadcrumb\":{\"@id\":\"https:\\\/\\\/www.adecom.com.mx\\\/producto\\\/llave-dinamometrica-mecanica\\\/#breadcrumb\"},\"inLanguage\":\"en-US\",\"potentialAction\":[{\"@type\":\"ReadAction\",\"target\":[\"https:\\\/\\\/www.adecom.com.mx\\\/producto\\\/llave-dinamometrica-mecanica\\\/\"]}]},{\"@type\":\"ImageObject\",\"inLanguage\":\"en-US\",\"@id\":\"https:\\\/\\\/www.adecom.com.mx\\\/producto\\\/llave-dinamometrica-mecanica\\\/#primaryimage\",\"url\":\"https:\\\/\\\/www.adecom.com.mx\\\/wp-content\\\/uploads\\\/2021\\\/05\\\/MANOSKOP\u00ae-730-Quick-torquimetro-de-stahlwille-llave-dinamometrica-01-min.jpg\",\"contentUrl\":\"https:\\\/\\\/www.adecom.com.mx\\\/wp-content\\\/uploads\\\/2021\\\/05\\\/MANOSKOP\u00ae-730-Quick-torquimetro-de-stahlwille-llave-dinamometrica-01-min.jpg\",\"width\":1700,\"height\":1800},{\"@type\":\"BreadcrumbList\",\"@id\":\"https:\\\/\\\/www.adecom.com.mx\\\/producto\\\/llave-dinamometrica-mecanica\\\/#breadcrumb\",\"itemListElement\":[{\"@type\":\"ListItem\",\"position\":1,\"name\":\"Portada\",\"item\":\"https:\\\/\\\/www.adecom.com.mx\\\/\"},{\"@type\":\"ListItem\",\"position\":2,\"name\":\"Productos\",\"item\":\"https:\\\/\\\/www.adecom.com.mx\\\/tienda\\\/\"},{\"@type\":\"ListItem\",\"position\":3,\"name\":\"Torqu\u00edmetro mec\u00e1nico: Vers\u00e1til, r\u00e1pido, exacto.\"}]},{\"@type\":\"WebSite\",\"@id\":\"https:\\\/\\\/www.adecom.com.mx\\\/#website\",\"url\":\"https:\\\/\\\/www.adecom.com.mx\\\/\",\"name\":\"Adecom\",\"description\":\"The Best Torque and Tensi\u00f3n Experience\",\"publisher\":{\"@id\":\"https:\\\/\\\/www.adecom.com.mx\\\/#organization\"},\"potentialAction\":[{\"@type\":\"SearchAction\",\"target\":{\"@type\":\"EntryPoint\",\"urlTemplate\":\"https:\\\/\\\/www.adecom.com.mx\\\/?s={search_term_string}\"},\"query-input\":{\"@type\":\"PropertyValueSpecification\",\"valueRequired\":true,\"valueName\":\"search_term_string\"}}],\"inLanguage\":\"en-US\"},{\"@type\":\"Organization\",\"@id\":\"https:\\\/\\\/www.adecom.com.mx\\\/#organization\",\"name\":\"Adecom\",\"url\":\"https:\\\/\\\/www.adecom.com.mx\\\/\",\"logo\":{\"@type\":\"ImageObject\",\"inLanguage\":\"en-US\",\"@id\":\"https:\\\/\\\/www.adecom.com.mx\\\/#\\\/schema\\\/logo\\\/image\\\/\",\"url\":\"http:\\\/\\\/www.adecom.com.mx\\\/wp-content\\\/uploads\\\/2022\\\/02\\\/greca_adecom.png\",\"contentUrl\":\"http:\\\/\\\/www.adecom.com.mx\\\/wp-content\\\/uploads\\\/2022\\\/02\\\/greca_adecom.png\",\"width\":650,\"height\":551,\"caption\":\"Adecom\"},\"image\":{\"@id\":\"https:\\\/\\\/www.adecom.com.mx\\\/#\\\/schema\\\/logo\\\/image\\\/\"}}]}<\/script>\n<!-- \/ Yoast SEO plugin. -->","yoast_head_json":{"title":"Torqu\u00edmetro mec\u00e1nico: Vers\u00e1til, r\u00e1pido, exacto. - Adecom","robots":{"index":"index","follow":"follow","max-snippet":"max-snippet:-1","max-image-preview":"max-image-preview:large","max-video-preview":"max-video-preview:-1"},"canonical":"https:\/\/www.adecom.com.mx\/en\/product\/llave-dinamometrica-mecanica\/","og_locale":"en_US","og_type":"article","og_title":"Torqu\u00edmetro mec\u00e1nico: Vers\u00e1til, r\u00e1pido, exacto. - Adecom","og_description":"Seguro y compacto.","og_url":"https:\/\/www.adecom.com.mx\/en\/product\/llave-dinamometrica-mecanica\/","og_site_name":"Adecom","article_modified_time":"2021-10-15T17:39:23+00:00","og_image":[{"width":1700,"height":1800,"url":"https:\/\/www.adecom.com.mx\/wp-content\/uploads\/2021\/05\/MANOSKOP\u00ae-730-Quick-torquimetro-de-stahlwille-llave-dinamometrica-01-min.jpg","type":"image\/jpeg"}],"twitter_card":"summary_large_image","twitter_misc":{"Est. reading time":"2 minutes"},"schema":{"@context":"https:\/\/schema.org","@graph":[{"@type":"WebPage","@id":"https:\/\/www.adecom.com.mx\/producto\/llave-dinamometrica-mecanica\/","url":"https:\/\/www.adecom.com.mx\/producto\/llave-dinamometrica-mecanica\/","name":"Torqu\u00edmetro mec\u00e1nico: Vers\u00e1til, r\u00e1pido, exacto. - Adecom","isPartOf":{"@id":"https:\/\/www.adecom.com.mx\/#website"},"primaryImageOfPage":{"@id":"https:\/\/www.adecom.com.mx\/producto\/llave-dinamometrica-mecanica\/#primaryimage"},"image":{"@id":"https:\/\/www.adecom.com.mx\/producto\/llave-dinamometrica-mecanica\/#primaryimage"},"thumbnailUrl":"https:\/\/www.adecom.com.mx\/wp-content\/uploads\/2021\/05\/MANOSKOP\u00ae-730-Quick-torquimetro-de-stahlwille-llave-dinamometrica-01-min.jpg","datePublished":"2021-05-19T21:55:37+00:00","dateModified":"2021-10-15T17:39:23+00:00","breadcrumb":{"@id":"https:\/\/www.adecom.com.mx\/producto\/llave-dinamometrica-mecanica\/#breadcrumb"},"inLanguage":"en-US","potentialAction":[{"@type":"ReadAction","target":["https:\/\/www.adecom.com.mx\/producto\/llave-dinamometrica-mecanica\/"]}]},{"@type":"ImageObject","inLanguage":"en-US","@id":"https:\/\/www.adecom.com.mx\/producto\/llave-dinamometrica-mecanica\/#primaryimage","url":"https:\/\/www.adecom.com.mx\/wp-content\/uploads\/2021\/05\/MANOSKOP\u00ae-730-Quick-torquimetro-de-stahlwille-llave-dinamometrica-01-min.jpg","contentUrl":"https:\/\/www.adecom.com.mx\/wp-content\/uploads\/2021\/05\/MANOSKOP\u00ae-730-Quick-torquimetro-de-stahlwille-llave-dinamometrica-01-min.jpg","width":1700,"height":1800},{"@type":"BreadcrumbList","@id":"https:\/\/www.adecom.com.mx\/producto\/llave-dinamometrica-mecanica\/#breadcrumb","itemListElement":[{"@type":"ListItem","position":1,"name":"Portada","item":"https:\/\/www.adecom.com.mx\/"},{"@type":"ListItem","position":2,"name":"Productos","item":"https:\/\/www.adecom.com.mx\/tienda\/"},{"@type":"ListItem","position":3,"name":"Torqu\u00edmetro mec\u00e1nico: Vers\u00e1til, r\u00e1pido, exacto."}]},{"@type":"WebSite","@id":"https:\/\/www.adecom.com.mx\/#website","url":"https:\/\/www.adecom.com.mx\/","name":"Adecom","description":"The Best Torque and Tensi\u00f3n Experience","publisher":{"@id":"https:\/\/www.adecom.com.mx\/#organization"},"potentialAction":[{"@type":"SearchAction","target":{"@type":"EntryPoint","urlTemplate":"https:\/\/www.adecom.com.mx\/?s={search_term_string}"},"query-input":{"@type":"PropertyValueSpecification","valueRequired":true,"valueName":"search_term_string"}}],"inLanguage":"en-US"},{"@type":"Organization","@id":"https:\/\/www.adecom.com.mx\/#organization","name":"Adecom","url":"https:\/\/www.adecom.com.mx\/","logo":{"@type":"ImageObject","inLanguage":"en-US","@id":"https:\/\/www.adecom.com.mx\/#\/schema\/logo\/image\/","url":"http:\/\/www.adecom.com.mx\/wp-content\/uploads\/2022\/02\/greca_adecom.png","contentUrl":"http:\/\/www.adecom.com.mx\/wp-content\/uploads\/2022\/02\/greca_adecom.png","width":650,"height":551,"caption":"Adecom"},"image":{"@id":"https:\/\/www.adecom.com.mx\/#\/schema\/logo\/image\/"}}]}},"_links":{"self":[{"href":"https:\/\/www.adecom.com.mx\/en\/wp-json\/wp\/v2\/product\/938","targetHints":{"allow":["GET"]}}],"collection":[{"href":"https:\/\/www.adecom.com.mx\/en\/wp-json\/wp\/v2\/product"}],"about":[{"href":"https:\/\/www.adecom.com.mx\/en\/wp-json\/wp\/v2\/types\/product"}],"wp:featuredmedia":[{"embeddable":true,"href":"https:\/\/www.adecom.com.mx\/en\/wp-json\/wp\/v2\/media\/952"}],"wp:attachment":[{"href":"https:\/\/www.adecom.com.mx\/en\/wp-json\/wp\/v2\/media?parent=938"}],"wp:term":[{"taxonomy":"product_brand","embeddable":true,"href":"https:\/\/www.adecom.com.mx\/en\/wp-json\/wp\/v2\/product_brand?post=938"},{"taxonomy":"product_cat","embeddable":true,"href":"https:\/\/www.adecom.com.mx\/en\/wp-json\/wp\/v2\/product_cat?post=938"},{"taxonomy":"product_tag","embeddable":true,"href":"https:\/\/www.adecom.com.mx\/en\/wp-json\/wp\/v2\/product_tag?post=938"}],"curies":[{"name":"wp","href":"https:\/\/api.w.org\/{rel}","templated":true}]}}