{"id":850,"date":"2021-05-14T12:35:30","date_gmt":"2021-05-14T18:35:30","guid":{"rendered":"https:\/\/www.adecom.com.mx\/?post_type=product&#038;p=850"},"modified":"2024-02-06T09:11:04","modified_gmt":"2024-02-06T15:11:04","slug":"industria-4-0-realidad-aumentada","status":"publish","type":"product","link":"https:\/\/www.adecom.com.mx\/en\/product\/industria-4-0-realidad-aumentada\/","title":{"rendered":"Digital Manufacturing. LightGuide System."},"content":{"rendered":"<div class=\"page\" title=\"Page 111\">\n<div class=\"section\">\n<div class=\"layoutArea\">\n<div class=\"column\">\n<h2 class=\"columned-content--title\">A proven and practical digital work instruction platform to solve your manufacturing challenges<\/h2>\n<p>LightGuide\u2019s Augmented Reality (AR) software transforms manual processes by projecting step-by-step digital work instructions onto an employee\u2019s workstation, ensuring standardization and avoiding execution errors.\n\nTogether with 3D sensors, vision cameras, and production-line projectors, the system prevents and detects errors in real time while capturing performance and quality data of its operator, enabling guided assembly and enhancing industrial ergonomics in assisted production.<\/p>\n<ul>\n<li>It eliminates flaws and improves efficiency by converting manual processes into real-time AR visual work instructions that guide operators clearly. LightGuide Projected AR delivers a high-impact, high-resolution and hands-free user experience.<\/li>\n<li>Our digital work instruction platform uses 3D sensors and vision cameras to detect errors in real time, preventing flaws and ensuring flawless quality control.<\/li>\n<li>It captures real-time operational metrics for full digital traceability in complex manufacturing processes and uncovers valuable insights with Data Hub. It is enterprise-ready and It gets seamlessly connected to cloud analytics platforms.<\/li>\n<li>This visual manufacturing guidance system provides industrial AR benefits, while also proves to be useful for hearing-impaired operators, as the entire process can be visually guided\u2014enhancing your digital manufacturing process.<\/li>\n<li>Autonomous Manufacturing System<\/li>\n<\/ul>\n<\/div>\n<\/div>\n<\/div>\n<\/div>","protected":false},"excerpt":{"rendered":"<p class=\"page\" title=\"Page 109\">Digitalization and adoption of Augmented Reality enhances productivity, quality, and efficiency.<\/p>","protected":false},"featured_media":3173,"template":"","meta":{"_acf_changed":false,"content-type":"","_monsterinsights_skip_tracking":false,"_monsterinsights_sitenote_active":false,"_monsterinsights_sitenote_note":"","_monsterinsights_sitenote_category":0,"episode_type":"","audio_file":"","podmotor_file_id":"","podmotor_episode_id":"","cover_image":"","cover_image_id":"","duration":"","filesize":"","filesize_raw":"","date_recorded":"","explicit":"","block":"","_joinchat":[]},"product_brand":[],"product_cat":[21],"product_tag":[],"class_list":{"0":"post-850","1":"product","2":"type-product","3":"status-publish","4":"has-post-thumbnail","6":"product_cat-deteccion-de-componentes-por-ia","8":"first","9":"instock","10":"taxable","11":"shipping-taxable","12":"product-type-simple"},"acf":[],"yoast_head":"<!-- This site is optimized with the Yoast SEO plugin v27.4 - https:\/\/yoast.com\/product\/yoast-seo-wordpress\/ -->\n<title>Producci\u00f3n Digitalizada. Sistema de Gu\u00eda por Luz - Adecom<\/title>\n<meta name=\"robots\" content=\"index, follow, max-snippet:-1, max-image-preview:large, max-video-preview:-1\" \/>\n<link rel=\"canonical\" href=\"https:\/\/www.adecom.com.mx\/en\/product\/industria-4-0-realidad-aumentada\/\" \/>\n<meta property=\"og:locale\" content=\"en_US\" \/>\n<meta property=\"og:type\" content=\"article\" \/>\n<meta property=\"og:title\" content=\"Producci\u00f3n Digitalizada. Sistema de Gu\u00eda por Luz - Adecom\" \/>\n<meta property=\"og:description\" content=\"La digitalizaci\u00f3n y adopci\u00f3n de la Realidad Aumentada ayuda a incrementar mayor productividad, calidad y eficiencia.\" \/>\n<meta property=\"og:url\" content=\"https:\/\/www.adecom.com.mx\/en\/product\/industria-4-0-realidad-aumentada\/\" \/>\n<meta property=\"og:site_name\" content=\"Adecom\" \/>\n<meta property=\"article:modified_time\" content=\"2024-02-06T15:11:04+00:00\" \/>\n<meta property=\"og:image\" content=\"https:\/\/www.adecom.com.mx\/wp-content\/uploads\/2021\/05\/aerospace-hero-1280-x-396.webp\" \/>\n\t<meta property=\"og:image:width\" content=\"1280\" \/>\n\t<meta property=\"og:image:height\" content=\"396\" \/>\n\t<meta property=\"og:image:type\" content=\"image\/webp\" \/>\n<meta name=\"twitter:card\" content=\"summary_large_image\" \/>\n<meta name=\"twitter:label1\" content=\"Est. reading time\" \/>\n\t<meta name=\"twitter:data1\" content=\"1 minute\" \/>\n<script type=\"application\/ld+json\" class=\"yoast-schema-graph\">{\"@context\":\"https:\\\/\\\/schema.org\",\"@graph\":[{\"@type\":\"WebPage\",\"@id\":\"https:\\\/\\\/www.adecom.com.mx\\\/producto\\\/industria-4-0-realidad-aumentada\\\/\",\"url\":\"https:\\\/\\\/www.adecom.com.mx\\\/producto\\\/industria-4-0-realidad-aumentada\\\/\",\"name\":\"Producci\u00f3n Digitalizada. Sistema de Gu\u00eda por Luz - Adecom\",\"isPartOf\":{\"@id\":\"https:\\\/\\\/www.adecom.com.mx\\\/#website\"},\"primaryImageOfPage\":{\"@id\":\"https:\\\/\\\/www.adecom.com.mx\\\/producto\\\/industria-4-0-realidad-aumentada\\\/#primaryimage\"},\"image\":{\"@id\":\"https:\\\/\\\/www.adecom.com.mx\\\/producto\\\/industria-4-0-realidad-aumentada\\\/#primaryimage\"},\"thumbnailUrl\":\"https:\\\/\\\/www.adecom.com.mx\\\/wp-content\\\/uploads\\\/2021\\\/05\\\/aerospace-hero-1280-x-396.webp\",\"datePublished\":\"2021-05-14T18:35:30+00:00\",\"dateModified\":\"2024-02-06T15:11:04+00:00\",\"breadcrumb\":{\"@id\":\"https:\\\/\\\/www.adecom.com.mx\\\/producto\\\/industria-4-0-realidad-aumentada\\\/#breadcrumb\"},\"inLanguage\":\"en-US\",\"potentialAction\":[{\"@type\":\"ReadAction\",\"target\":[\"https:\\\/\\\/www.adecom.com.mx\\\/producto\\\/industria-4-0-realidad-aumentada\\\/\"]}]},{\"@type\":\"ImageObject\",\"inLanguage\":\"en-US\",\"@id\":\"https:\\\/\\\/www.adecom.com.mx\\\/producto\\\/industria-4-0-realidad-aumentada\\\/#primaryimage\",\"url\":\"https:\\\/\\\/www.adecom.com.mx\\\/wp-content\\\/uploads\\\/2021\\\/05\\\/aerospace-hero-1280-x-396.webp\",\"contentUrl\":\"https:\\\/\\\/www.adecom.com.mx\\\/wp-content\\\/uploads\\\/2021\\\/05\\\/aerospace-hero-1280-x-396.webp\",\"width\":1280,\"height\":396},{\"@type\":\"BreadcrumbList\",\"@id\":\"https:\\\/\\\/www.adecom.com.mx\\\/producto\\\/industria-4-0-realidad-aumentada\\\/#breadcrumb\",\"itemListElement\":[{\"@type\":\"ListItem\",\"position\":1,\"name\":\"Portada\",\"item\":\"https:\\\/\\\/www.adecom.com.mx\\\/\"},{\"@type\":\"ListItem\",\"position\":2,\"name\":\"Productos\",\"item\":\"https:\\\/\\\/www.adecom.com.mx\\\/tienda\\\/\"},{\"@type\":\"ListItem\",\"position\":3,\"name\":\"Producci\u00f3n Digitalizada. Sistema de Gu\u00eda por Luz\"}]},{\"@type\":\"WebSite\",\"@id\":\"https:\\\/\\\/www.adecom.com.mx\\\/#website\",\"url\":\"https:\\\/\\\/www.adecom.com.mx\\\/\",\"name\":\"Adecom\",\"description\":\"The Best Torque and Tensi\u00f3n Experience\",\"publisher\":{\"@id\":\"https:\\\/\\\/www.adecom.com.mx\\\/#organization\"},\"potentialAction\":[{\"@type\":\"SearchAction\",\"target\":{\"@type\":\"EntryPoint\",\"urlTemplate\":\"https:\\\/\\\/www.adecom.com.mx\\\/?s={search_term_string}\"},\"query-input\":{\"@type\":\"PropertyValueSpecification\",\"valueRequired\":true,\"valueName\":\"search_term_string\"}}],\"inLanguage\":\"en-US\"},{\"@type\":\"Organization\",\"@id\":\"https:\\\/\\\/www.adecom.com.mx\\\/#organization\",\"name\":\"Adecom\",\"url\":\"https:\\\/\\\/www.adecom.com.mx\\\/\",\"logo\":{\"@type\":\"ImageObject\",\"inLanguage\":\"en-US\",\"@id\":\"https:\\\/\\\/www.adecom.com.mx\\\/#\\\/schema\\\/logo\\\/image\\\/\",\"url\":\"http:\\\/\\\/www.adecom.com.mx\\\/wp-content\\\/uploads\\\/2022\\\/02\\\/greca_adecom.png\",\"contentUrl\":\"http:\\\/\\\/www.adecom.com.mx\\\/wp-content\\\/uploads\\\/2022\\\/02\\\/greca_adecom.png\",\"width\":650,\"height\":551,\"caption\":\"Adecom\"},\"image\":{\"@id\":\"https:\\\/\\\/www.adecom.com.mx\\\/#\\\/schema\\\/logo\\\/image\\\/\"}}]}<\/script>\n<!-- \/ Yoast SEO plugin. -->","yoast_head_json":{"title":"Producci\u00f3n Digitalizada. Sistema de Gu\u00eda por Luz - Adecom","robots":{"index":"index","follow":"follow","max-snippet":"max-snippet:-1","max-image-preview":"max-image-preview:large","max-video-preview":"max-video-preview:-1"},"canonical":"https:\/\/www.adecom.com.mx\/en\/product\/industria-4-0-realidad-aumentada\/","og_locale":"en_US","og_type":"article","og_title":"Producci\u00f3n Digitalizada. Sistema de Gu\u00eda por Luz - Adecom","og_description":"La digitalizaci\u00f3n y adopci\u00f3n de la Realidad Aumentada ayuda a incrementar mayor productividad, calidad y eficiencia.","og_url":"https:\/\/www.adecom.com.mx\/en\/product\/industria-4-0-realidad-aumentada\/","og_site_name":"Adecom","article_modified_time":"2024-02-06T15:11:04+00:00","og_image":[{"width":1280,"height":396,"url":"https:\/\/www.adecom.com.mx\/wp-content\/uploads\/2021\/05\/aerospace-hero-1280-x-396.webp","type":"image\/webp"}],"twitter_card":"summary_large_image","twitter_misc":{"Est. reading time":"1 minute"},"schema":{"@context":"https:\/\/schema.org","@graph":[{"@type":"WebPage","@id":"https:\/\/www.adecom.com.mx\/producto\/industria-4-0-realidad-aumentada\/","url":"https:\/\/www.adecom.com.mx\/producto\/industria-4-0-realidad-aumentada\/","name":"Producci\u00f3n Digitalizada. Sistema de Gu\u00eda por Luz - Adecom","isPartOf":{"@id":"https:\/\/www.adecom.com.mx\/#website"},"primaryImageOfPage":{"@id":"https:\/\/www.adecom.com.mx\/producto\/industria-4-0-realidad-aumentada\/#primaryimage"},"image":{"@id":"https:\/\/www.adecom.com.mx\/producto\/industria-4-0-realidad-aumentada\/#primaryimage"},"thumbnailUrl":"https:\/\/www.adecom.com.mx\/wp-content\/uploads\/2021\/05\/aerospace-hero-1280-x-396.webp","datePublished":"2021-05-14T18:35:30+00:00","dateModified":"2024-02-06T15:11:04+00:00","breadcrumb":{"@id":"https:\/\/www.adecom.com.mx\/producto\/industria-4-0-realidad-aumentada\/#breadcrumb"},"inLanguage":"en-US","potentialAction":[{"@type":"ReadAction","target":["https:\/\/www.adecom.com.mx\/producto\/industria-4-0-realidad-aumentada\/"]}]},{"@type":"ImageObject","inLanguage":"en-US","@id":"https:\/\/www.adecom.com.mx\/producto\/industria-4-0-realidad-aumentada\/#primaryimage","url":"https:\/\/www.adecom.com.mx\/wp-content\/uploads\/2021\/05\/aerospace-hero-1280-x-396.webp","contentUrl":"https:\/\/www.adecom.com.mx\/wp-content\/uploads\/2021\/05\/aerospace-hero-1280-x-396.webp","width":1280,"height":396},{"@type":"BreadcrumbList","@id":"https:\/\/www.adecom.com.mx\/producto\/industria-4-0-realidad-aumentada\/#breadcrumb","itemListElement":[{"@type":"ListItem","position":1,"name":"Portada","item":"https:\/\/www.adecom.com.mx\/"},{"@type":"ListItem","position":2,"name":"Productos","item":"https:\/\/www.adecom.com.mx\/tienda\/"},{"@type":"ListItem","position":3,"name":"Producci\u00f3n Digitalizada. Sistema de Gu\u00eda por Luz"}]},{"@type":"WebSite","@id":"https:\/\/www.adecom.com.mx\/#website","url":"https:\/\/www.adecom.com.mx\/","name":"Adecom","description":"The Best Torque and Tensi\u00f3n Experience","publisher":{"@id":"https:\/\/www.adecom.com.mx\/#organization"},"potentialAction":[{"@type":"SearchAction","target":{"@type":"EntryPoint","urlTemplate":"https:\/\/www.adecom.com.mx\/?s={search_term_string}"},"query-input":{"@type":"PropertyValueSpecification","valueRequired":true,"valueName":"search_term_string"}}],"inLanguage":"en-US"},{"@type":"Organization","@id":"https:\/\/www.adecom.com.mx\/#organization","name":"Adecom","url":"https:\/\/www.adecom.com.mx\/","logo":{"@type":"ImageObject","inLanguage":"en-US","@id":"https:\/\/www.adecom.com.mx\/#\/schema\/logo\/image\/","url":"http:\/\/www.adecom.com.mx\/wp-content\/uploads\/2022\/02\/greca_adecom.png","contentUrl":"http:\/\/www.adecom.com.mx\/wp-content\/uploads\/2022\/02\/greca_adecom.png","width":650,"height":551,"caption":"Adecom"},"image":{"@id":"https:\/\/www.adecom.com.mx\/#\/schema\/logo\/image\/"}}]}},"_links":{"self":[{"href":"https:\/\/www.adecom.com.mx\/en\/wp-json\/wp\/v2\/product\/850","targetHints":{"allow":["GET"]}}],"collection":[{"href":"https:\/\/www.adecom.com.mx\/en\/wp-json\/wp\/v2\/product"}],"about":[{"href":"https:\/\/www.adecom.com.mx\/en\/wp-json\/wp\/v2\/types\/product"}],"wp:featuredmedia":[{"embeddable":true,"href":"https:\/\/www.adecom.com.mx\/en\/wp-json\/wp\/v2\/media\/3173"}],"wp:attachment":[{"href":"https:\/\/www.adecom.com.mx\/en\/wp-json\/wp\/v2\/media?parent=850"}],"wp:term":[{"taxonomy":"product_brand","embeddable":true,"href":"https:\/\/www.adecom.com.mx\/en\/wp-json\/wp\/v2\/product_brand?post=850"},{"taxonomy":"product_cat","embeddable":true,"href":"https:\/\/www.adecom.com.mx\/en\/wp-json\/wp\/v2\/product_cat?post=850"},{"taxonomy":"product_tag","embeddable":true,"href":"https:\/\/www.adecom.com.mx\/en\/wp-json\/wp\/v2\/product_tag?post=850"}],"curies":[{"name":"wp","href":"https:\/\/api.w.org\/{rel}","templated":true}]}}