{"id":847,"date":"2021-05-14T11:58:29","date_gmt":"2021-05-14T17:58:29","guid":{"rendered":"https:\/\/www.adecom.com.mx\/?post_type=product&#038;p=847"},"modified":"2021-10-15T11:41:45","modified_gmt":"2021-10-15T17:41:45","slug":"tensionador-tsr","status":"publish","type":"product","link":"https:\/\/www.adecom.com.mx\/en\/product\/tensionador-tsr\/","title":{"rendered":"TSR Tensioner"},"content":{"rendered":"<p>Su mecanismo de retorno por resorte permite la retracci\u00f3n autom\u00e1tica del pist\u00f3n despu\u00e9s de presionar el sistema al final de la secuencia de tensionado. Esto garantiza que las herramientas est\u00e9n listas para la siguiente secuencia operativa de tensionado, partiendo del punto cero de la carrera.<\/p>\n<p>El dise\u00f1o de la herramienta est\u00e1 especialmente indicado para su uso en bridas de tama\u00f1o com\u00fan. La geometr\u00eda de la herramienta y la capacidad de soportar una carga mayor garantiza la ubicaci\u00f3n y que el atornillado se alcance f\u00e1cilmente.<\/p>\n<p><strong>Features<\/strong><\/p>\n<ul>\n<li>Art\u00edculos en existencias de 3\/4 a 4&#8243;.<\/li>\n<li>8 load cells to cover the above range.<\/li>\n<li>Some metric sizes are also available in stock.<\/li>\n<li>1500 bar MWP.<\/li>\n<li>10 mm stroke (except TSR0 \u2013 8 mm stroke).<\/li>\n<li>Spring-assisted return.<\/li>\n<li>Weight-saving profile.<\/li>\n<li>Single or dual port options.<\/li>\n<li>Component interfaces (puller, etc.).<\/li>\n<li>Available with swivel connection.<\/li>\n<li>In stock availability.<\/li>\n<li>Custom designs available.<\/li>\n<\/ul>\n<p>&nbsp;<\/p>\n<p><strong>Advantages:<\/strong><\/p>\n<ul>\n<li>24-hour technical support.<\/li>\n<li>Long service life with low maintenance.<\/li>\n<li>Lightweight yet powerful design.<\/li>\n<li>Automatic piston retraction.<\/li>\n<li>Safety valve to protect seals from over-stroke damage.<\/li>\n<li>Optional maintenance available.<\/li>\n<li>Positive piston stroke control.<\/li>\n<li>Maximum stroke indicator.<\/li>\n<\/ul>","protected":false},"excerpt":{"rendered":"<p>TSR tensioners have been developed to enhance operator productivity and safety.<\/p>","protected":false},"featured_media":849,"template":"","meta":{"_acf_changed":false,"content-type":"","_monsterinsights_skip_tracking":false,"_monsterinsights_sitenote_active":false,"_monsterinsights_sitenote_note":"","_monsterinsights_sitenote_category":0,"episode_type":"","audio_file":"","podmotor_file_id":"","podmotor_episode_id":"","cover_image":"","cover_image_id":"","duration":"","filesize":"","filesize_raw":"","date_recorded":"","explicit":"","block":"","_joinchat":[]},"product_brand":[],"product_cat":[25,84],"product_tag":[],"class_list":{"0":"post-847","1":"product","2":"type-product","3":"status-publish","4":"has-post-thumbnail","6":"product_cat-tensionadores-hidraulicos-boltight","7":"product_cat-tensionadores-tse","9":"first","10":"instock","11":"taxable","12":"shipping-taxable","13":"product-type-simple"},"acf":[],"yoast_head":"<!-- This site is optimized with the Yoast SEO plugin v27.5 - https:\/\/yoast.com\/product\/yoast-seo-wordpress\/ -->\n<title>Tensionador TSR. - Adecom<\/title>\n<meta name=\"robots\" content=\"index, follow, max-snippet:-1, max-image-preview:large, max-video-preview:-1\" \/>\n<link rel=\"canonical\" href=\"https:\/\/www.adecom.com.mx\/en\/product\/tensionador-tsr\/\" \/>\n<meta property=\"og:locale\" content=\"en_US\" \/>\n<meta property=\"og:type\" content=\"article\" \/>\n<meta property=\"og:title\" content=\"Tensionador TSR. - Adecom\" \/>\n<meta property=\"og:description\" content=\"Los tensionadores TSR se han desarrollado para mejorar la productividad y seguridad del operario.\" \/>\n<meta property=\"og:url\" content=\"https:\/\/www.adecom.com.mx\/en\/product\/tensionador-tsr\/\" \/>\n<meta property=\"og:site_name\" content=\"Adecom\" \/>\n<meta property=\"article:modified_time\" content=\"2021-10-15T17:41:45+00:00\" \/>\n<meta property=\"og:image\" content=\"https:\/\/www.adecom.com.mx\/wp-content\/uploads\/2021\/05\/tensionador-TSR-2.jpg\" \/>\n\t<meta property=\"og:image:width\" content=\"630\" \/>\n\t<meta property=\"og:image:height\" content=\"630\" \/>\n\t<meta property=\"og:image:type\" content=\"image\/jpeg\" \/>\n<meta name=\"twitter:card\" content=\"summary_large_image\" \/>\n<meta name=\"twitter:label1\" content=\"Est. reading time\" \/>\n\t<meta name=\"twitter:data1\" content=\"1 minute\" \/>\n<script type=\"application\/ld+json\" class=\"yoast-schema-graph\">{\"@context\":\"https:\\\/\\\/schema.org\",\"@graph\":[{\"@type\":\"WebPage\",\"@id\":\"https:\\\/\\\/www.adecom.com.mx\\\/producto\\\/tensionador-tsr\\\/\",\"url\":\"https:\\\/\\\/www.adecom.com.mx\\\/producto\\\/tensionador-tsr\\\/\",\"name\":\"Tensionador TSR. - Adecom\",\"isPartOf\":{\"@id\":\"https:\\\/\\\/www.adecom.com.mx\\\/#website\"},\"primaryImageOfPage\":{\"@id\":\"https:\\\/\\\/www.adecom.com.mx\\\/producto\\\/tensionador-tsr\\\/#primaryimage\"},\"image\":{\"@id\":\"https:\\\/\\\/www.adecom.com.mx\\\/producto\\\/tensionador-tsr\\\/#primaryimage\"},\"thumbnailUrl\":\"https:\\\/\\\/www.adecom.com.mx\\\/wp-content\\\/uploads\\\/2021\\\/05\\\/tensionador-TSR-2.jpg\",\"datePublished\":\"2021-05-14T17:58:29+00:00\",\"dateModified\":\"2021-10-15T17:41:45+00:00\",\"breadcrumb\":{\"@id\":\"https:\\\/\\\/www.adecom.com.mx\\\/producto\\\/tensionador-tsr\\\/#breadcrumb\"},\"inLanguage\":\"en-US\",\"potentialAction\":[{\"@type\":\"ReadAction\",\"target\":[\"https:\\\/\\\/www.adecom.com.mx\\\/producto\\\/tensionador-tsr\\\/\"]}]},{\"@type\":\"ImageObject\",\"inLanguage\":\"en-US\",\"@id\":\"https:\\\/\\\/www.adecom.com.mx\\\/producto\\\/tensionador-tsr\\\/#primaryimage\",\"url\":\"https:\\\/\\\/www.adecom.com.mx\\\/wp-content\\\/uploads\\\/2021\\\/05\\\/tensionador-TSR-2.jpg\",\"contentUrl\":\"https:\\\/\\\/www.adecom.com.mx\\\/wp-content\\\/uploads\\\/2021\\\/05\\\/tensionador-TSR-2.jpg\",\"width\":630,\"height\":630,\"caption\":\"AD-TSR 1\"},{\"@type\":\"BreadcrumbList\",\"@id\":\"https:\\\/\\\/www.adecom.com.mx\\\/producto\\\/tensionador-tsr\\\/#breadcrumb\",\"itemListElement\":[{\"@type\":\"ListItem\",\"position\":1,\"name\":\"Portada\",\"item\":\"https:\\\/\\\/www.adecom.com.mx\\\/\"},{\"@type\":\"ListItem\",\"position\":2,\"name\":\"Productos\",\"item\":\"https:\\\/\\\/www.adecom.com.mx\\\/tienda\\\/\"},{\"@type\":\"ListItem\",\"position\":3,\"name\":\"Tensionador TSR.\"}]},{\"@type\":\"WebSite\",\"@id\":\"https:\\\/\\\/www.adecom.com.mx\\\/#website\",\"url\":\"https:\\\/\\\/www.adecom.com.mx\\\/\",\"name\":\"Adecom\",\"description\":\"The Best Torque and Tensi\u00f3n Experience\",\"publisher\":{\"@id\":\"https:\\\/\\\/www.adecom.com.mx\\\/#organization\"},\"potentialAction\":[{\"@type\":\"SearchAction\",\"target\":{\"@type\":\"EntryPoint\",\"urlTemplate\":\"https:\\\/\\\/www.adecom.com.mx\\\/?s={search_term_string}\"},\"query-input\":{\"@type\":\"PropertyValueSpecification\",\"valueRequired\":true,\"valueName\":\"search_term_string\"}}],\"inLanguage\":\"en-US\"},{\"@type\":\"Organization\",\"@id\":\"https:\\\/\\\/www.adecom.com.mx\\\/#organization\",\"name\":\"Adecom\",\"url\":\"https:\\\/\\\/www.adecom.com.mx\\\/\",\"logo\":{\"@type\":\"ImageObject\",\"inLanguage\":\"en-US\",\"@id\":\"https:\\\/\\\/www.adecom.com.mx\\\/#\\\/schema\\\/logo\\\/image\\\/\",\"url\":\"http:\\\/\\\/www.adecom.com.mx\\\/wp-content\\\/uploads\\\/2022\\\/02\\\/greca_adecom.png\",\"contentUrl\":\"http:\\\/\\\/www.adecom.com.mx\\\/wp-content\\\/uploads\\\/2022\\\/02\\\/greca_adecom.png\",\"width\":650,\"height\":551,\"caption\":\"Adecom\"},\"image\":{\"@id\":\"https:\\\/\\\/www.adecom.com.mx\\\/#\\\/schema\\\/logo\\\/image\\\/\"}}]}<\/script>\n<!-- \/ Yoast SEO plugin. -->","yoast_head_json":{"title":"Tensionador TSR. - Adecom","robots":{"index":"index","follow":"follow","max-snippet":"max-snippet:-1","max-image-preview":"max-image-preview:large","max-video-preview":"max-video-preview:-1"},"canonical":"https:\/\/www.adecom.com.mx\/en\/product\/tensionador-tsr\/","og_locale":"en_US","og_type":"article","og_title":"Tensionador TSR. - Adecom","og_description":"Los tensionadores TSR se han desarrollado para mejorar la productividad y seguridad del operario.","og_url":"https:\/\/www.adecom.com.mx\/en\/product\/tensionador-tsr\/","og_site_name":"Adecom","article_modified_time":"2021-10-15T17:41:45+00:00","og_image":[{"width":630,"height":630,"url":"https:\/\/www.adecom.com.mx\/wp-content\/uploads\/2021\/05\/tensionador-TSR-2.jpg","type":"image\/jpeg"}],"twitter_card":"summary_large_image","twitter_misc":{"Est. reading time":"1 minute"},"schema":{"@context":"https:\/\/schema.org","@graph":[{"@type":"WebPage","@id":"https:\/\/www.adecom.com.mx\/producto\/tensionador-tsr\/","url":"https:\/\/www.adecom.com.mx\/producto\/tensionador-tsr\/","name":"Tensionador TSR. - Adecom","isPartOf":{"@id":"https:\/\/www.adecom.com.mx\/#website"},"primaryImageOfPage":{"@id":"https:\/\/www.adecom.com.mx\/producto\/tensionador-tsr\/#primaryimage"},"image":{"@id":"https:\/\/www.adecom.com.mx\/producto\/tensionador-tsr\/#primaryimage"},"thumbnailUrl":"https:\/\/www.adecom.com.mx\/wp-content\/uploads\/2021\/05\/tensionador-TSR-2.jpg","datePublished":"2021-05-14T17:58:29+00:00","dateModified":"2021-10-15T17:41:45+00:00","breadcrumb":{"@id":"https:\/\/www.adecom.com.mx\/producto\/tensionador-tsr\/#breadcrumb"},"inLanguage":"en-US","potentialAction":[{"@type":"ReadAction","target":["https:\/\/www.adecom.com.mx\/producto\/tensionador-tsr\/"]}]},{"@type":"ImageObject","inLanguage":"en-US","@id":"https:\/\/www.adecom.com.mx\/producto\/tensionador-tsr\/#primaryimage","url":"https:\/\/www.adecom.com.mx\/wp-content\/uploads\/2021\/05\/tensionador-TSR-2.jpg","contentUrl":"https:\/\/www.adecom.com.mx\/wp-content\/uploads\/2021\/05\/tensionador-TSR-2.jpg","width":630,"height":630,"caption":"AD-TSR 1"},{"@type":"BreadcrumbList","@id":"https:\/\/www.adecom.com.mx\/producto\/tensionador-tsr\/#breadcrumb","itemListElement":[{"@type":"ListItem","position":1,"name":"Portada","item":"https:\/\/www.adecom.com.mx\/"},{"@type":"ListItem","position":2,"name":"Productos","item":"https:\/\/www.adecom.com.mx\/tienda\/"},{"@type":"ListItem","position":3,"name":"Tensionador TSR."}]},{"@type":"WebSite","@id":"https:\/\/www.adecom.com.mx\/#website","url":"https:\/\/www.adecom.com.mx\/","name":"Adecom","description":"The Best Torque and Tensi\u00f3n Experience","publisher":{"@id":"https:\/\/www.adecom.com.mx\/#organization"},"potentialAction":[{"@type":"SearchAction","target":{"@type":"EntryPoint","urlTemplate":"https:\/\/www.adecom.com.mx\/?s={search_term_string}"},"query-input":{"@type":"PropertyValueSpecification","valueRequired":true,"valueName":"search_term_string"}}],"inLanguage":"en-US"},{"@type":"Organization","@id":"https:\/\/www.adecom.com.mx\/#organization","name":"Adecom","url":"https:\/\/www.adecom.com.mx\/","logo":{"@type":"ImageObject","inLanguage":"en-US","@id":"https:\/\/www.adecom.com.mx\/#\/schema\/logo\/image\/","url":"http:\/\/www.adecom.com.mx\/wp-content\/uploads\/2022\/02\/greca_adecom.png","contentUrl":"http:\/\/www.adecom.com.mx\/wp-content\/uploads\/2022\/02\/greca_adecom.png","width":650,"height":551,"caption":"Adecom"},"image":{"@id":"https:\/\/www.adecom.com.mx\/#\/schema\/logo\/image\/"}}]}},"_links":{"self":[{"href":"https:\/\/www.adecom.com.mx\/en\/wp-json\/wp\/v2\/product\/847","targetHints":{"allow":["GET"]}}],"collection":[{"href":"https:\/\/www.adecom.com.mx\/en\/wp-json\/wp\/v2\/product"}],"about":[{"href":"https:\/\/www.adecom.com.mx\/en\/wp-json\/wp\/v2\/types\/product"}],"wp:featuredmedia":[{"embeddable":true,"href":"https:\/\/www.adecom.com.mx\/en\/wp-json\/wp\/v2\/media\/849"}],"wp:attachment":[{"href":"https:\/\/www.adecom.com.mx\/en\/wp-json\/wp\/v2\/media?parent=847"}],"wp:term":[{"taxonomy":"product_brand","embeddable":true,"href":"https:\/\/www.adecom.com.mx\/en\/wp-json\/wp\/v2\/product_brand?post=847"},{"taxonomy":"product_cat","embeddable":true,"href":"https:\/\/www.adecom.com.mx\/en\/wp-json\/wp\/v2\/product_cat?post=847"},{"taxonomy":"product_tag","embeddable":true,"href":"https:\/\/www.adecom.com.mx\/en\/wp-json\/wp\/v2\/product_tag?post=847"}],"curies":[{"name":"wp","href":"https:\/\/api.w.org\/{rel}","templated":true}]}}