{"id":838,"date":"2021-05-14T11:50:25","date_gmt":"2021-05-14T17:50:25","guid":{"rendered":"https:\/\/www.adecom.com.mx\/?post_type=product&#038;p=838"},"modified":"2021-10-15T11:42:47","modified_gmt":"2021-10-15T17:42:47","slug":"banco-de-pruebas-de-transductores-estaticos-2","status":"publish","type":"product","link":"https:\/\/www.adecom.com.mx\/en\/product\/banco-de-pruebas-de-transductores-estaticos-2\/","title":{"rendered":"Static Transducer Test Bench"},"content":{"rendered":"<p>Test bench with mechanical joint simulators for testing all types of power tools and torque wrenches, complete with PC and Statistics &amp; Management software.<\/p>\n<ul>\n<li>Tool testing: Wrenches (electronic\/digital, click-type), impulse tools (excluding impact wrenches).<\/li>\n<li>Automatic detection of the click point on click-type torque wrenches.<\/li>\n<li>Statistical Process Control: Machine capability measurement (Cm, Cmk) and X, R charts.<\/li>\n<li>Testing according to ISO 6789 standard.<\/li>\n<li>Reaction system for testing and calibration of torque wrenches.<\/li>\n<li>Database with tool records, test planning and execution and result storage.<\/li>\n<li>Comparative tests for screwdrivers and wrenches with torque comparison between the test bench and the tool under test.<\/li>\n<li>External transducer connectivity for special testing applications.<\/li>\n<li>Testing in both clockwise and counterclockwise directions.<\/li>\n<li>Mechanical joint simulators for testing impulse tools with a shut-off valve.<\/li>\n<li>Statistics and reports.<\/li>\n<li>Real-time plots displayed on the monitor.<\/li>\n<li>Equipped with static torque transducers configured according to the tools to be tested on the production line.<\/li>\n<li>Local or remote programming via management software for production line quality control.<\/li>\n<li>Radio communication with external systems.<\/li>\n<li>Local or server-based database.<\/li>\n<li>Torque accuracy below 0.5% according to DIN 51309 standard.<\/li>\n<li>Battery-powered.<\/li>\n<\/ul>","protected":false},"excerpt":{"rendered":"<p><strong>MSB<\/strong>\u00a0can be used for process monitoring and analysis on the production line.<\/p>","protected":false},"featured_media":819,"template":"","meta":{"_acf_changed":false,"content-type":"","_monsterinsights_skip_tracking":false,"_monsterinsights_sitenote_active":false,"_monsterinsights_sitenote_note":"","_monsterinsights_sitenote_category":0,"episode_type":"","audio_file":"","podmotor_file_id":"","podmotor_episode_id":"","cover_image":"","cover_image_id":"","duration":"","filesize":"","filesize_raw":"","date_recorded":"","explicit":"","block":"","_joinchat":[]},"product_brand":[],"product_cat":[47,20,16],"product_tag":[],"class_list":{"0":"post-838","1":"product","2":"type-product","3":"status-publish","4":"has-post-thumbnail","6":"product_cat-bancos-moviles-de-pruebas","7":"product_cat-equipos-para-analisis-verificacion-y-audotoria","8":"product_cat-sin-categorizar","10":"first","11":"instock","12":"taxable","13":"shipping-taxable","14":"product-type-simple"},"acf":[],"yoast_head":"<!-- This site is optimized with the Yoast SEO plugin v27.5 - https:\/\/yoast.com\/product\/yoast-seo-wordpress\/ -->\n<title>Banco de pruebas de transductores est\u00e1ticos. - Adecom<\/title>\n<meta name=\"robots\" content=\"index, follow, max-snippet:-1, max-image-preview:large, max-video-preview:-1\" \/>\n<link rel=\"canonical\" href=\"https:\/\/www.adecom.com.mx\/en\/product\/banco-de-pruebas-de-transductores-estaticos-2\/\" \/>\n<meta property=\"og:locale\" content=\"en_US\" \/>\n<meta property=\"og:type\" content=\"article\" \/>\n<meta property=\"og:title\" content=\"Banco de pruebas de transductores est\u00e1ticos. - Adecom\" \/>\n<meta property=\"og:description\" content=\"MSB\u00a0se puede utilizar para el proceso y an\u00e1lisis en la l\u00ednea de producci\u00f3n.\" \/>\n<meta property=\"og:url\" content=\"https:\/\/www.adecom.com.mx\/en\/product\/banco-de-pruebas-de-transductores-estaticos-2\/\" \/>\n<meta property=\"og:site_name\" content=\"Adecom\" \/>\n<meta property=\"article:modified_time\" content=\"2021-10-15T17:42:47+00:00\" \/>\n<meta property=\"og:image\" content=\"https:\/\/www.adecom.com.mx\/wp-content\/uploads\/2021\/05\/banco-de-pruebas-de-transductores-estaticos-MSB-min.png\" \/>\n\t<meta property=\"og:image:width\" content=\"1000\" \/>\n\t<meta property=\"og:image:height\" content=\"897\" \/>\n\t<meta property=\"og:image:type\" content=\"image\/png\" \/>\n<meta name=\"twitter:card\" content=\"summary_large_image\" \/>\n<meta name=\"twitter:label1\" content=\"Est. reading time\" \/>\n\t<meta name=\"twitter:data1\" content=\"1 minute\" \/>\n<script type=\"application\/ld+json\" class=\"yoast-schema-graph\">{\"@context\":\"https:\\\/\\\/schema.org\",\"@graph\":[{\"@type\":\"WebPage\",\"@id\":\"https:\\\/\\\/www.adecom.com.mx\\\/producto\\\/banco-de-pruebas-de-transductores-estaticos-2\\\/\",\"url\":\"https:\\\/\\\/www.adecom.com.mx\\\/producto\\\/banco-de-pruebas-de-transductores-estaticos-2\\\/\",\"name\":\"Banco de pruebas de transductores est\u00e1ticos. - Adecom\",\"isPartOf\":{\"@id\":\"https:\\\/\\\/www.adecom.com.mx\\\/#website\"},\"primaryImageOfPage\":{\"@id\":\"https:\\\/\\\/www.adecom.com.mx\\\/producto\\\/banco-de-pruebas-de-transductores-estaticos-2\\\/#primaryimage\"},\"image\":{\"@id\":\"https:\\\/\\\/www.adecom.com.mx\\\/producto\\\/banco-de-pruebas-de-transductores-estaticos-2\\\/#primaryimage\"},\"thumbnailUrl\":\"https:\\\/\\\/www.adecom.com.mx\\\/wp-content\\\/uploads\\\/2021\\\/05\\\/banco-de-pruebas-de-transductores-estaticos-MSB-min.png\",\"datePublished\":\"2021-05-14T17:50:25+00:00\",\"dateModified\":\"2021-10-15T17:42:47+00:00\",\"breadcrumb\":{\"@id\":\"https:\\\/\\\/www.adecom.com.mx\\\/producto\\\/banco-de-pruebas-de-transductores-estaticos-2\\\/#breadcrumb\"},\"inLanguage\":\"en-US\",\"potentialAction\":[{\"@type\":\"ReadAction\",\"target\":[\"https:\\\/\\\/www.adecom.com.mx\\\/producto\\\/banco-de-pruebas-de-transductores-estaticos-2\\\/\"]}]},{\"@type\":\"ImageObject\",\"inLanguage\":\"en-US\",\"@id\":\"https:\\\/\\\/www.adecom.com.mx\\\/producto\\\/banco-de-pruebas-de-transductores-estaticos-2\\\/#primaryimage\",\"url\":\"https:\\\/\\\/www.adecom.com.mx\\\/wp-content\\\/uploads\\\/2021\\\/05\\\/banco-de-pruebas-de-transductores-estaticos-MSB-min.png\",\"contentUrl\":\"https:\\\/\\\/www.adecom.com.mx\\\/wp-content\\\/uploads\\\/2021\\\/05\\\/banco-de-pruebas-de-transductores-estaticos-MSB-min.png\",\"width\":1000,\"height\":897},{\"@type\":\"BreadcrumbList\",\"@id\":\"https:\\\/\\\/www.adecom.com.mx\\\/producto\\\/banco-de-pruebas-de-transductores-estaticos-2\\\/#breadcrumb\",\"itemListElement\":[{\"@type\":\"ListItem\",\"position\":1,\"name\":\"Portada\",\"item\":\"https:\\\/\\\/www.adecom.com.mx\\\/\"},{\"@type\":\"ListItem\",\"position\":2,\"name\":\"Productos\",\"item\":\"https:\\\/\\\/www.adecom.com.mx\\\/tienda\\\/\"},{\"@type\":\"ListItem\",\"position\":3,\"name\":\"Banco de pruebas de transductores est\u00e1ticos.\"}]},{\"@type\":\"WebSite\",\"@id\":\"https:\\\/\\\/www.adecom.com.mx\\\/#website\",\"url\":\"https:\\\/\\\/www.adecom.com.mx\\\/\",\"name\":\"Adecom\",\"description\":\"The Best Torque and Tensi\u00f3n Experience\",\"publisher\":{\"@id\":\"https:\\\/\\\/www.adecom.com.mx\\\/#organization\"},\"potentialAction\":[{\"@type\":\"SearchAction\",\"target\":{\"@type\":\"EntryPoint\",\"urlTemplate\":\"https:\\\/\\\/www.adecom.com.mx\\\/?s={search_term_string}\"},\"query-input\":{\"@type\":\"PropertyValueSpecification\",\"valueRequired\":true,\"valueName\":\"search_term_string\"}}],\"inLanguage\":\"en-US\"},{\"@type\":\"Organization\",\"@id\":\"https:\\\/\\\/www.adecom.com.mx\\\/#organization\",\"name\":\"Adecom\",\"url\":\"https:\\\/\\\/www.adecom.com.mx\\\/\",\"logo\":{\"@type\":\"ImageObject\",\"inLanguage\":\"en-US\",\"@id\":\"https:\\\/\\\/www.adecom.com.mx\\\/#\\\/schema\\\/logo\\\/image\\\/\",\"url\":\"http:\\\/\\\/www.adecom.com.mx\\\/wp-content\\\/uploads\\\/2022\\\/02\\\/greca_adecom.png\",\"contentUrl\":\"http:\\\/\\\/www.adecom.com.mx\\\/wp-content\\\/uploads\\\/2022\\\/02\\\/greca_adecom.png\",\"width\":650,\"height\":551,\"caption\":\"Adecom\"},\"image\":{\"@id\":\"https:\\\/\\\/www.adecom.com.mx\\\/#\\\/schema\\\/logo\\\/image\\\/\"}}]}<\/script>\n<!-- \/ Yoast SEO plugin. -->","yoast_head_json":{"title":"Banco de pruebas de transductores est\u00e1ticos. - Adecom","robots":{"index":"index","follow":"follow","max-snippet":"max-snippet:-1","max-image-preview":"max-image-preview:large","max-video-preview":"max-video-preview:-1"},"canonical":"https:\/\/www.adecom.com.mx\/en\/product\/banco-de-pruebas-de-transductores-estaticos-2\/","og_locale":"en_US","og_type":"article","og_title":"Banco de pruebas de transductores est\u00e1ticos. - Adecom","og_description":"MSB\u00a0se puede utilizar para el proceso y an\u00e1lisis en la l\u00ednea de producci\u00f3n.","og_url":"https:\/\/www.adecom.com.mx\/en\/product\/banco-de-pruebas-de-transductores-estaticos-2\/","og_site_name":"Adecom","article_modified_time":"2021-10-15T17:42:47+00:00","og_image":[{"width":1000,"height":897,"url":"https:\/\/www.adecom.com.mx\/wp-content\/uploads\/2021\/05\/banco-de-pruebas-de-transductores-estaticos-MSB-min.png","type":"image\/png"}],"twitter_card":"summary_large_image","twitter_misc":{"Est. reading time":"1 minute"},"schema":{"@context":"https:\/\/schema.org","@graph":[{"@type":"WebPage","@id":"https:\/\/www.adecom.com.mx\/producto\/banco-de-pruebas-de-transductores-estaticos-2\/","url":"https:\/\/www.adecom.com.mx\/producto\/banco-de-pruebas-de-transductores-estaticos-2\/","name":"Banco de pruebas de transductores est\u00e1ticos. - Adecom","isPartOf":{"@id":"https:\/\/www.adecom.com.mx\/#website"},"primaryImageOfPage":{"@id":"https:\/\/www.adecom.com.mx\/producto\/banco-de-pruebas-de-transductores-estaticos-2\/#primaryimage"},"image":{"@id":"https:\/\/www.adecom.com.mx\/producto\/banco-de-pruebas-de-transductores-estaticos-2\/#primaryimage"},"thumbnailUrl":"https:\/\/www.adecom.com.mx\/wp-content\/uploads\/2021\/05\/banco-de-pruebas-de-transductores-estaticos-MSB-min.png","datePublished":"2021-05-14T17:50:25+00:00","dateModified":"2021-10-15T17:42:47+00:00","breadcrumb":{"@id":"https:\/\/www.adecom.com.mx\/producto\/banco-de-pruebas-de-transductores-estaticos-2\/#breadcrumb"},"inLanguage":"en-US","potentialAction":[{"@type":"ReadAction","target":["https:\/\/www.adecom.com.mx\/producto\/banco-de-pruebas-de-transductores-estaticos-2\/"]}]},{"@type":"ImageObject","inLanguage":"en-US","@id":"https:\/\/www.adecom.com.mx\/producto\/banco-de-pruebas-de-transductores-estaticos-2\/#primaryimage","url":"https:\/\/www.adecom.com.mx\/wp-content\/uploads\/2021\/05\/banco-de-pruebas-de-transductores-estaticos-MSB-min.png","contentUrl":"https:\/\/www.adecom.com.mx\/wp-content\/uploads\/2021\/05\/banco-de-pruebas-de-transductores-estaticos-MSB-min.png","width":1000,"height":897},{"@type":"BreadcrumbList","@id":"https:\/\/www.adecom.com.mx\/producto\/banco-de-pruebas-de-transductores-estaticos-2\/#breadcrumb","itemListElement":[{"@type":"ListItem","position":1,"name":"Portada","item":"https:\/\/www.adecom.com.mx\/"},{"@type":"ListItem","position":2,"name":"Productos","item":"https:\/\/www.adecom.com.mx\/tienda\/"},{"@type":"ListItem","position":3,"name":"Banco de pruebas de transductores est\u00e1ticos."}]},{"@type":"WebSite","@id":"https:\/\/www.adecom.com.mx\/#website","url":"https:\/\/www.adecom.com.mx\/","name":"Adecom","description":"The Best Torque and Tensi\u00f3n Experience","publisher":{"@id":"https:\/\/www.adecom.com.mx\/#organization"},"potentialAction":[{"@type":"SearchAction","target":{"@type":"EntryPoint","urlTemplate":"https:\/\/www.adecom.com.mx\/?s={search_term_string}"},"query-input":{"@type":"PropertyValueSpecification","valueRequired":true,"valueName":"search_term_string"}}],"inLanguage":"en-US"},{"@type":"Organization","@id":"https:\/\/www.adecom.com.mx\/#organization","name":"Adecom","url":"https:\/\/www.adecom.com.mx\/","logo":{"@type":"ImageObject","inLanguage":"en-US","@id":"https:\/\/www.adecom.com.mx\/#\/schema\/logo\/image\/","url":"http:\/\/www.adecom.com.mx\/wp-content\/uploads\/2022\/02\/greca_adecom.png","contentUrl":"http:\/\/www.adecom.com.mx\/wp-content\/uploads\/2022\/02\/greca_adecom.png","width":650,"height":551,"caption":"Adecom"},"image":{"@id":"https:\/\/www.adecom.com.mx\/#\/schema\/logo\/image\/"}}]}},"_links":{"self":[{"href":"https:\/\/www.adecom.com.mx\/en\/wp-json\/wp\/v2\/product\/838","targetHints":{"allow":["GET"]}}],"collection":[{"href":"https:\/\/www.adecom.com.mx\/en\/wp-json\/wp\/v2\/product"}],"about":[{"href":"https:\/\/www.adecom.com.mx\/en\/wp-json\/wp\/v2\/types\/product"}],"wp:featuredmedia":[{"embeddable":true,"href":"https:\/\/www.adecom.com.mx\/en\/wp-json\/wp\/v2\/media\/819"}],"wp:attachment":[{"href":"https:\/\/www.adecom.com.mx\/en\/wp-json\/wp\/v2\/media?parent=838"}],"wp:term":[{"taxonomy":"product_brand","embeddable":true,"href":"https:\/\/www.adecom.com.mx\/en\/wp-json\/wp\/v2\/product_brand?post=838"},{"taxonomy":"product_cat","embeddable":true,"href":"https:\/\/www.adecom.com.mx\/en\/wp-json\/wp\/v2\/product_cat?post=838"},{"taxonomy":"product_tag","embeddable":true,"href":"https:\/\/www.adecom.com.mx\/en\/wp-json\/wp\/v2\/product_tag?post=838"}],"curies":[{"name":"wp","href":"https:\/\/api.w.org\/{rel}","templated":true}]}}