{"id":833,"date":"2021-05-14T11:48:16","date_gmt":"2021-05-14T17:48:16","guid":{"rendered":"https:\/\/www.adecom.com.mx\/?post_type=product&#038;p=833"},"modified":"2021-07-22T14:18:22","modified_gmt":"2021-07-22T20:18:22","slug":"tuercas-hidraulicas","status":"publish","type":"product","link":"https:\/\/www.adecom.com.mx\/en\/product\/tuercas-hidraulicas\/","title":{"rendered":"Hydraulic Nuts"},"content":{"rendered":"<p>Una bomba hidr\u00e1ulica activa el sistema de acoplamiento interno, de modo que el esfuerzo requerido para apretar un perno de gran tama\u00f1o se reduce al esfuerzo necesario para accionar la bomba.<\/p>\n<p>Al no existir el giro de tuerca durante el apriete, la operaci\u00f3n se puede realizar en un espacio limitado y se elimina el da\u00f1o ocasionado en la rosca debido a las fuerzas de torsi\u00f3n. Es posible conectar varias tuercas hidr\u00e1ulicas a la vez para un funcionamiento simult\u00e1neo, garantizando que todos los pernos de la junta se carguen de igual modo con una misma precarga elevada y precisa.<\/p>\n<p><strong>Features<\/strong><\/p>\n<ul>\n<li>Available in lower ring, upper ring, and wedge types.<\/li>\n<li>Standard designs: 1500 and 2500 bar.<\/li>\n<li>A20\/A15 range.<\/li>\n<li>It replaces the original nut; it combines the tensioner and permanent nut.<\/li>\n<li>All-in-one solution; the nut remains in place after tensioning.<\/li>\n<li>Custom designs available.<\/li>\n<li>Sizes up to M400 available (currently), with larger sizes under evaluation.<\/li>\n<li>High-temperature solutions available.<\/li>\n<\/ul>\n<p><strong>Advantages:<\/strong><\/p>\n<ul>\n<li>Quick and easy installation.<\/li>\n<li>Even and precise load distribution due to its hydraulic design.<\/li>\n<li>Low initial load loss (wedge type).<\/li>\n<li>No torque tightening or tensioning.<\/li>\n<li>No heavy hammers or spanner wrenches required.<\/li>\n<li>Self-alignment (wedge type).<\/li>\n<li>Enhancement of  fatigue coefficient performance.<\/li>\n<li>100% simultaneous tensioning.<\/li>\n<li>Acoplamiento interior duradero &#8211; muy compacto y econ\u00f3micamente rentable.<\/li>\n<li>Requires a shorter stud length than conventional tensioners.<\/li>\n<\/ul>","protected":false},"excerpt":{"rendered":"<p>Hydraulic nuts allow large-diameter bolts to be easily tensioned with high and precise preload.<\/p>","protected":false},"featured_media":835,"template":"","meta":{"_acf_changed":false,"content-type":"","_monsterinsights_skip_tracking":false,"_monsterinsights_sitenote_active":false,"_monsterinsights_sitenote_note":"","_monsterinsights_sitenote_category":0,"episode_type":"","audio_file":"","podmotor_file_id":"","podmotor_episode_id":"","cover_image":"","cover_image_id":"","duration":"","filesize":"","filesize_raw":"","date_recorded":"","explicit":"","block":"","_joinchat":[]},"product_brand":[],"product_cat":[25],"product_tag":[],"class_list":{"0":"post-833","1":"product","2":"type-product","3":"status-publish","4":"has-post-thumbnail","6":"product_cat-tensionadores-hidraulicos-boltight","8":"first","9":"instock","10":"taxable","11":"shipping-taxable","12":"product-type-simple"},"acf":[],"yoast_head":"<!-- This site is optimized with the Yoast SEO plugin v27.5 - https:\/\/yoast.com\/product\/yoast-seo-wordpress\/ -->\n<title>Tuercas Hidr\u00e1ulicas. - Adecom<\/title>\n<meta name=\"robots\" content=\"index, follow, max-snippet:-1, max-image-preview:large, max-video-preview:-1\" \/>\n<link rel=\"canonical\" href=\"https:\/\/www.adecom.com.mx\/en\/product\/tuercas-hidraulicas\/\" \/>\n<meta property=\"og:locale\" content=\"en_US\" \/>\n<meta property=\"og:type\" content=\"article\" \/>\n<meta property=\"og:title\" content=\"Tuercas Hidr\u00e1ulicas. - Adecom\" \/>\n<meta property=\"og:description\" content=\"Las tuercas hidr\u00e1ulicas permiten que pernos de mayor di\u00e1metro se sometan a tensi\u00f3n f\u00e1cilmente con precargas elevadas y precisas.\" \/>\n<meta property=\"og:url\" content=\"https:\/\/www.adecom.com.mx\/en\/product\/tuercas-hidraulicas\/\" \/>\n<meta property=\"og:site_name\" content=\"Adecom\" \/>\n<meta property=\"article:modified_time\" content=\"2021-07-22T20:18:22+00:00\" \/>\n<meta property=\"og:image\" content=\"https:\/\/www.adecom.com.mx\/wp-content\/uploads\/2021\/05\/tuercas-hidra\u0301ulicas-boltight.jpg\" \/>\n\t<meta property=\"og:image:width\" content=\"630\" \/>\n\t<meta property=\"og:image:height\" content=\"630\" \/>\n\t<meta property=\"og:image:type\" content=\"image\/jpeg\" \/>\n<meta name=\"twitter:card\" content=\"summary_large_image\" \/>\n<meta name=\"twitter:label1\" content=\"Est. reading time\" \/>\n\t<meta name=\"twitter:data1\" content=\"1 minute\" \/>\n<script type=\"application\/ld+json\" class=\"yoast-schema-graph\">{\"@context\":\"https:\\\/\\\/schema.org\",\"@graph\":[{\"@type\":\"WebPage\",\"@id\":\"https:\\\/\\\/www.adecom.com.mx\\\/producto\\\/tuercas-hidraulicas\\\/\",\"url\":\"https:\\\/\\\/www.adecom.com.mx\\\/producto\\\/tuercas-hidraulicas\\\/\",\"name\":\"Tuercas Hidr\u00e1ulicas. - Adecom\",\"isPartOf\":{\"@id\":\"https:\\\/\\\/www.adecom.com.mx\\\/#website\"},\"primaryImageOfPage\":{\"@id\":\"https:\\\/\\\/www.adecom.com.mx\\\/producto\\\/tuercas-hidraulicas\\\/#primaryimage\"},\"image\":{\"@id\":\"https:\\\/\\\/www.adecom.com.mx\\\/producto\\\/tuercas-hidraulicas\\\/#primaryimage\"},\"thumbnailUrl\":\"https:\\\/\\\/www.adecom.com.mx\\\/wp-content\\\/uploads\\\/2021\\\/05\\\/tuercas-hidra\u0301ulicas-boltight.jpg\",\"datePublished\":\"2021-05-14T17:48:16+00:00\",\"dateModified\":\"2021-07-22T20:18:22+00:00\",\"breadcrumb\":{\"@id\":\"https:\\\/\\\/www.adecom.com.mx\\\/producto\\\/tuercas-hidraulicas\\\/#breadcrumb\"},\"inLanguage\":\"en-US\",\"potentialAction\":[{\"@type\":\"ReadAction\",\"target\":[\"https:\\\/\\\/www.adecom.com.mx\\\/producto\\\/tuercas-hidraulicas\\\/\"]}]},{\"@type\":\"ImageObject\",\"inLanguage\":\"en-US\",\"@id\":\"https:\\\/\\\/www.adecom.com.mx\\\/producto\\\/tuercas-hidraulicas\\\/#primaryimage\",\"url\":\"https:\\\/\\\/www.adecom.com.mx\\\/wp-content\\\/uploads\\\/2021\\\/05\\\/tuercas-hidra\u0301ulicas-boltight.jpg\",\"contentUrl\":\"https:\\\/\\\/www.adecom.com.mx\\\/wp-content\\\/uploads\\\/2021\\\/05\\\/tuercas-hidra\u0301ulicas-boltight.jpg\",\"width\":630,\"height\":630,\"caption\":\"AD-TH\"},{\"@type\":\"BreadcrumbList\",\"@id\":\"https:\\\/\\\/www.adecom.com.mx\\\/producto\\\/tuercas-hidraulicas\\\/#breadcrumb\",\"itemListElement\":[{\"@type\":\"ListItem\",\"position\":1,\"name\":\"Portada\",\"item\":\"https:\\\/\\\/www.adecom.com.mx\\\/\"},{\"@type\":\"ListItem\",\"position\":2,\"name\":\"Productos\",\"item\":\"https:\\\/\\\/www.adecom.com.mx\\\/tienda\\\/\"},{\"@type\":\"ListItem\",\"position\":3,\"name\":\"Tuercas Hidr\u00e1ulicas.\"}]},{\"@type\":\"WebSite\",\"@id\":\"https:\\\/\\\/www.adecom.com.mx\\\/#website\",\"url\":\"https:\\\/\\\/www.adecom.com.mx\\\/\",\"name\":\"Adecom\",\"description\":\"The Best Torque and Tensi\u00f3n Experience\",\"publisher\":{\"@id\":\"https:\\\/\\\/www.adecom.com.mx\\\/#organization\"},\"potentialAction\":[{\"@type\":\"SearchAction\",\"target\":{\"@type\":\"EntryPoint\",\"urlTemplate\":\"https:\\\/\\\/www.adecom.com.mx\\\/?s={search_term_string}\"},\"query-input\":{\"@type\":\"PropertyValueSpecification\",\"valueRequired\":true,\"valueName\":\"search_term_string\"}}],\"inLanguage\":\"en-US\"},{\"@type\":\"Organization\",\"@id\":\"https:\\\/\\\/www.adecom.com.mx\\\/#organization\",\"name\":\"Adecom\",\"url\":\"https:\\\/\\\/www.adecom.com.mx\\\/\",\"logo\":{\"@type\":\"ImageObject\",\"inLanguage\":\"en-US\",\"@id\":\"https:\\\/\\\/www.adecom.com.mx\\\/#\\\/schema\\\/logo\\\/image\\\/\",\"url\":\"http:\\\/\\\/www.adecom.com.mx\\\/wp-content\\\/uploads\\\/2022\\\/02\\\/greca_adecom.png\",\"contentUrl\":\"http:\\\/\\\/www.adecom.com.mx\\\/wp-content\\\/uploads\\\/2022\\\/02\\\/greca_adecom.png\",\"width\":650,\"height\":551,\"caption\":\"Adecom\"},\"image\":{\"@id\":\"https:\\\/\\\/www.adecom.com.mx\\\/#\\\/schema\\\/logo\\\/image\\\/\"}}]}<\/script>\n<!-- \/ Yoast SEO plugin. -->","yoast_head_json":{"title":"Tuercas Hidr\u00e1ulicas. - Adecom","robots":{"index":"index","follow":"follow","max-snippet":"max-snippet:-1","max-image-preview":"max-image-preview:large","max-video-preview":"max-video-preview:-1"},"canonical":"https:\/\/www.adecom.com.mx\/en\/product\/tuercas-hidraulicas\/","og_locale":"en_US","og_type":"article","og_title":"Tuercas Hidr\u00e1ulicas. - Adecom","og_description":"Las tuercas hidr\u00e1ulicas permiten que pernos de mayor di\u00e1metro se sometan a tensi\u00f3n f\u00e1cilmente con precargas elevadas y precisas.","og_url":"https:\/\/www.adecom.com.mx\/en\/product\/tuercas-hidraulicas\/","og_site_name":"Adecom","article_modified_time":"2021-07-22T20:18:22+00:00","og_image":[{"width":630,"height":630,"url":"https:\/\/www.adecom.com.mx\/wp-content\/uploads\/2021\/05\/tuercas-hidra\u0301ulicas-boltight.jpg","type":"image\/jpeg"}],"twitter_card":"summary_large_image","twitter_misc":{"Est. reading time":"1 minute"},"schema":{"@context":"https:\/\/schema.org","@graph":[{"@type":"WebPage","@id":"https:\/\/www.adecom.com.mx\/producto\/tuercas-hidraulicas\/","url":"https:\/\/www.adecom.com.mx\/producto\/tuercas-hidraulicas\/","name":"Tuercas Hidr\u00e1ulicas. - Adecom","isPartOf":{"@id":"https:\/\/www.adecom.com.mx\/#website"},"primaryImageOfPage":{"@id":"https:\/\/www.adecom.com.mx\/producto\/tuercas-hidraulicas\/#primaryimage"},"image":{"@id":"https:\/\/www.adecom.com.mx\/producto\/tuercas-hidraulicas\/#primaryimage"},"thumbnailUrl":"https:\/\/www.adecom.com.mx\/wp-content\/uploads\/2021\/05\/tuercas-hidra\u0301ulicas-boltight.jpg","datePublished":"2021-05-14T17:48:16+00:00","dateModified":"2021-07-22T20:18:22+00:00","breadcrumb":{"@id":"https:\/\/www.adecom.com.mx\/producto\/tuercas-hidraulicas\/#breadcrumb"},"inLanguage":"en-US","potentialAction":[{"@type":"ReadAction","target":["https:\/\/www.adecom.com.mx\/producto\/tuercas-hidraulicas\/"]}]},{"@type":"ImageObject","inLanguage":"en-US","@id":"https:\/\/www.adecom.com.mx\/producto\/tuercas-hidraulicas\/#primaryimage","url":"https:\/\/www.adecom.com.mx\/wp-content\/uploads\/2021\/05\/tuercas-hidra\u0301ulicas-boltight.jpg","contentUrl":"https:\/\/www.adecom.com.mx\/wp-content\/uploads\/2021\/05\/tuercas-hidra\u0301ulicas-boltight.jpg","width":630,"height":630,"caption":"AD-TH"},{"@type":"BreadcrumbList","@id":"https:\/\/www.adecom.com.mx\/producto\/tuercas-hidraulicas\/#breadcrumb","itemListElement":[{"@type":"ListItem","position":1,"name":"Portada","item":"https:\/\/www.adecom.com.mx\/"},{"@type":"ListItem","position":2,"name":"Productos","item":"https:\/\/www.adecom.com.mx\/tienda\/"},{"@type":"ListItem","position":3,"name":"Tuercas Hidr\u00e1ulicas."}]},{"@type":"WebSite","@id":"https:\/\/www.adecom.com.mx\/#website","url":"https:\/\/www.adecom.com.mx\/","name":"Adecom","description":"The Best Torque and Tensi\u00f3n Experience","publisher":{"@id":"https:\/\/www.adecom.com.mx\/#organization"},"potentialAction":[{"@type":"SearchAction","target":{"@type":"EntryPoint","urlTemplate":"https:\/\/www.adecom.com.mx\/?s={search_term_string}"},"query-input":{"@type":"PropertyValueSpecification","valueRequired":true,"valueName":"search_term_string"}}],"inLanguage":"en-US"},{"@type":"Organization","@id":"https:\/\/www.adecom.com.mx\/#organization","name":"Adecom","url":"https:\/\/www.adecom.com.mx\/","logo":{"@type":"ImageObject","inLanguage":"en-US","@id":"https:\/\/www.adecom.com.mx\/#\/schema\/logo\/image\/","url":"http:\/\/www.adecom.com.mx\/wp-content\/uploads\/2022\/02\/greca_adecom.png","contentUrl":"http:\/\/www.adecom.com.mx\/wp-content\/uploads\/2022\/02\/greca_adecom.png","width":650,"height":551,"caption":"Adecom"},"image":{"@id":"https:\/\/www.adecom.com.mx\/#\/schema\/logo\/image\/"}}]}},"_links":{"self":[{"href":"https:\/\/www.adecom.com.mx\/en\/wp-json\/wp\/v2\/product\/833","targetHints":{"allow":["GET"]}}],"collection":[{"href":"https:\/\/www.adecom.com.mx\/en\/wp-json\/wp\/v2\/product"}],"about":[{"href":"https:\/\/www.adecom.com.mx\/en\/wp-json\/wp\/v2\/types\/product"}],"wp:featuredmedia":[{"embeddable":true,"href":"https:\/\/www.adecom.com.mx\/en\/wp-json\/wp\/v2\/media\/835"}],"wp:attachment":[{"href":"https:\/\/www.adecom.com.mx\/en\/wp-json\/wp\/v2\/media?parent=833"}],"wp:term":[{"taxonomy":"product_brand","embeddable":true,"href":"https:\/\/www.adecom.com.mx\/en\/wp-json\/wp\/v2\/product_brand?post=833"},{"taxonomy":"product_cat","embeddable":true,"href":"https:\/\/www.adecom.com.mx\/en\/wp-json\/wp\/v2\/product_cat?post=833"},{"taxonomy":"product_tag","embeddable":true,"href":"https:\/\/www.adecom.com.mx\/en\/wp-json\/wp\/v2\/product_tag?post=833"}],"curies":[{"name":"wp","href":"https:\/\/api.w.org\/{rel}","templated":true}]}}