{"id":826,"date":"2021-05-14T11:39:24","date_gmt":"2021-05-14T17:39:24","guid":{"rendered":"https:\/\/www.adecom.com.mx\/?post_type=product&#038;p=826"},"modified":"2021-07-22T14:22:39","modified_gmt":"2021-07-22T20:22:39","slug":"tensionador-submarino","status":"publish","type":"product","link":"https:\/\/www.adecom.com.mx\/en\/product\/tensionador-submarino\/","title":{"rendered":"Subsea Tensioner for Underwater Applications"},"content":{"rendered":"<p>Los tensionadores submarinos se han configurado espec\u00edficamente para aplicaciones submarinas. Constan de una parte exterior niquelada que les permite soportar una tensi\u00f3n de perno inicial alta.\u00a0Las herramientas est\u00e1n provistas de juntas de alta presi\u00f3n de material compuesto Boltight, que se colocan r\u00e1pidamente en su posici\u00f3n y no requieren ajustes.<\/p>\n<p>Features<\/p>\n<ul>\n<li>Art\u00edculos en existencias de 3\/4 a 3-1\/2&#8243;.<\/li>\n<li>5 load cells to cover the above range.<\/li>\n<li>1500 bar.<\/li>\n<li>30 mm stroke length.<\/li>\n<li>Some metric sizes are also available in stock.<\/li>\n<li>Solid or split reaction nuts.<\/li>\n<li>Custom designs available.<\/li>\n<li>Long-lasting seals with quick placement.<\/li>\n<li>Nickel-plated for durability.<\/li>\n<li>Fits standard flange applications.<\/li>\n<li>Non-slip surface for easier handling.<\/li>\n<li>Comes with detailed safety and operational maintenance manuals.<\/li>\n<\/ul>","protected":false},"excerpt":{"rendered":"<p>Deep waters often require customized solutions, designed to integrate with ROV equipment and emergency pipeline repair systems (EPRS).<\/p>","protected":false},"featured_media":1401,"template":"","meta":{"_acf_changed":false,"content-type":"","_monsterinsights_skip_tracking":false,"_monsterinsights_sitenote_active":false,"_monsterinsights_sitenote_note":"","_monsterinsights_sitenote_category":0,"episode_type":"","audio_file":"","podmotor_file_id":"","podmotor_episode_id":"","cover_image":"","cover_image_id":"","duration":"","filesize":"","filesize_raw":"","date_recorded":"","explicit":"","block":"","_joinchat":[]},"product_brand":[],"product_cat":[25,82],"product_tag":[],"class_list":{"0":"post-826","1":"product","2":"type-product","3":"status-publish","4":"has-post-thumbnail","6":"product_cat-tensionadores-hidraulicos-boltight","7":"product_cat-tensionadores-submarinos","9":"first","10":"instock","11":"taxable","12":"shipping-taxable","13":"product-type-simple"},"acf":[],"yoast_head":"<!-- This site is optimized with the Yoast SEO plugin v27.5 - https:\/\/yoast.com\/product\/yoast-seo-wordpress\/ -->\n<title>Tensionador para aplicaciones submarino. - Adecom<\/title>\n<meta name=\"robots\" content=\"index, follow, max-snippet:-1, max-image-preview:large, max-video-preview:-1\" \/>\n<link rel=\"canonical\" href=\"https:\/\/www.adecom.com.mx\/en\/product\/tensionador-submarino\/\" \/>\n<meta property=\"og:locale\" content=\"en_US\" \/>\n<meta property=\"og:type\" content=\"article\" \/>\n<meta property=\"og:title\" content=\"Tensionador para aplicaciones submarino. - Adecom\" \/>\n<meta property=\"og:description\" content=\"Las aguas m\u00e1s profundas a menudo requieren soluciones dise\u00f1adas a medida, que pueden integrarse en equipos ROV y sistemas de reparaci\u00f3n de tuber\u00edas de emergencia (EPRS).\" \/>\n<meta property=\"og:url\" content=\"https:\/\/www.adecom.com.mx\/en\/product\/tensionador-submarino\/\" \/>\n<meta property=\"og:site_name\" content=\"Adecom\" \/>\n<meta property=\"article:modified_time\" content=\"2021-07-22T20:22:39+00:00\" \/>\n<meta property=\"og:image\" content=\"https:\/\/www.adecom.com.mx\/wp-content\/uploads\/2021\/05\/tensionadores-01.jpg\" \/>\n\t<meta property=\"og:image:width\" content=\"1700\" \/>\n\t<meta property=\"og:image:height\" content=\"1800\" \/>\n\t<meta property=\"og:image:type\" content=\"image\/jpeg\" \/>\n<meta name=\"twitter:card\" content=\"summary_large_image\" \/>\n<meta name=\"twitter:label1\" content=\"Est. reading time\" \/>\n\t<meta name=\"twitter:data1\" content=\"1 minute\" \/>\n<script type=\"application\/ld+json\" class=\"yoast-schema-graph\">{\"@context\":\"https:\\\/\\\/schema.org\",\"@graph\":[{\"@type\":\"WebPage\",\"@id\":\"https:\\\/\\\/www.adecom.com.mx\\\/en\\\/product\\\/tensionador-submarino\\\/\",\"url\":\"https:\\\/\\\/www.adecom.com.mx\\\/en\\\/product\\\/tensionador-submarino\\\/\",\"name\":\"Tensionador para aplicaciones submarino. - Adecom\",\"isPartOf\":{\"@id\":\"https:\\\/\\\/www.adecom.com.mx\\\/#website\"},\"primaryImageOfPage\":{\"@id\":\"https:\\\/\\\/www.adecom.com.mx\\\/en\\\/product\\\/tensionador-submarino\\\/#primaryimage\"},\"image\":{\"@id\":\"https:\\\/\\\/www.adecom.com.mx\\\/en\\\/product\\\/tensionador-submarino\\\/#primaryimage\"},\"thumbnailUrl\":\"https:\\\/\\\/www.adecom.com.mx\\\/wp-content\\\/uploads\\\/2021\\\/05\\\/tensionadores-01.jpg\",\"datePublished\":\"2021-05-14T17:39:24+00:00\",\"dateModified\":\"2021-07-22T20:22:39+00:00\",\"breadcrumb\":{\"@id\":\"https:\\\/\\\/www.adecom.com.mx\\\/en\\\/product\\\/tensionador-submarino\\\/#breadcrumb\"},\"inLanguage\":\"en-US\",\"potentialAction\":[{\"@type\":\"ReadAction\",\"target\":[\"https:\\\/\\\/www.adecom.com.mx\\\/en\\\/product\\\/tensionador-submarino\\\/\"]}]},{\"@type\":\"ImageObject\",\"inLanguage\":\"en-US\",\"@id\":\"https:\\\/\\\/www.adecom.com.mx\\\/en\\\/product\\\/tensionador-submarino\\\/#primaryimage\",\"url\":\"https:\\\/\\\/www.adecom.com.mx\\\/wp-content\\\/uploads\\\/2021\\\/05\\\/tensionadores-01.jpg\",\"contentUrl\":\"https:\\\/\\\/www.adecom.com.mx\\\/wp-content\\\/uploads\\\/2021\\\/05\\\/tensionadores-01.jpg\",\"width\":1700,\"height\":1800},{\"@type\":\"BreadcrumbList\",\"@id\":\"https:\\\/\\\/www.adecom.com.mx\\\/en\\\/product\\\/tensionador-submarino\\\/#breadcrumb\",\"itemListElement\":[{\"@type\":\"ListItem\",\"position\":1,\"name\":\"Portada\",\"item\":\"https:\\\/\\\/www.adecom.com.mx\\\/\"},{\"@type\":\"ListItem\",\"position\":2,\"name\":\"Productos\",\"item\":\"https:\\\/\\\/www.adecom.com.mx\\\/tienda\\\/\"},{\"@type\":\"ListItem\",\"position\":3,\"name\":\"Tensionador para aplicaciones submarino.\"}]},{\"@type\":\"WebSite\",\"@id\":\"https:\\\/\\\/www.adecom.com.mx\\\/#website\",\"url\":\"https:\\\/\\\/www.adecom.com.mx\\\/\",\"name\":\"Adecom\",\"description\":\"The Best Torque and Tensi\u00f3n Experience\",\"publisher\":{\"@id\":\"https:\\\/\\\/www.adecom.com.mx\\\/#organization\"},\"potentialAction\":[{\"@type\":\"SearchAction\",\"target\":{\"@type\":\"EntryPoint\",\"urlTemplate\":\"https:\\\/\\\/www.adecom.com.mx\\\/?s={search_term_string}\"},\"query-input\":{\"@type\":\"PropertyValueSpecification\",\"valueRequired\":true,\"valueName\":\"search_term_string\"}}],\"inLanguage\":\"en-US\"},{\"@type\":\"Organization\",\"@id\":\"https:\\\/\\\/www.adecom.com.mx\\\/#organization\",\"name\":\"Adecom\",\"url\":\"https:\\\/\\\/www.adecom.com.mx\\\/\",\"logo\":{\"@type\":\"ImageObject\",\"inLanguage\":\"en-US\",\"@id\":\"https:\\\/\\\/www.adecom.com.mx\\\/#\\\/schema\\\/logo\\\/image\\\/\",\"url\":\"http:\\\/\\\/www.adecom.com.mx\\\/wp-content\\\/uploads\\\/2022\\\/02\\\/greca_adecom.png\",\"contentUrl\":\"http:\\\/\\\/www.adecom.com.mx\\\/wp-content\\\/uploads\\\/2022\\\/02\\\/greca_adecom.png\",\"width\":650,\"height\":551,\"caption\":\"Adecom\"},\"image\":{\"@id\":\"https:\\\/\\\/www.adecom.com.mx\\\/#\\\/schema\\\/logo\\\/image\\\/\"}}]}<\/script>\n<!-- \/ Yoast SEO plugin. -->","yoast_head_json":{"title":"Tensionador para aplicaciones submarino. - Adecom","robots":{"index":"index","follow":"follow","max-snippet":"max-snippet:-1","max-image-preview":"max-image-preview:large","max-video-preview":"max-video-preview:-1"},"canonical":"https:\/\/www.adecom.com.mx\/en\/product\/tensionador-submarino\/","og_locale":"en_US","og_type":"article","og_title":"Tensionador para aplicaciones submarino. - Adecom","og_description":"Las aguas m\u00e1s profundas a menudo requieren soluciones dise\u00f1adas a medida, que pueden integrarse en equipos ROV y sistemas de reparaci\u00f3n de tuber\u00edas de emergencia (EPRS).","og_url":"https:\/\/www.adecom.com.mx\/en\/product\/tensionador-submarino\/","og_site_name":"Adecom","article_modified_time":"2021-07-22T20:22:39+00:00","og_image":[{"width":1700,"height":1800,"url":"https:\/\/www.adecom.com.mx\/wp-content\/uploads\/2021\/05\/tensionadores-01.jpg","type":"image\/jpeg"}],"twitter_card":"summary_large_image","twitter_misc":{"Est. reading time":"1 minute"},"schema":{"@context":"https:\/\/schema.org","@graph":[{"@type":"WebPage","@id":"https:\/\/www.adecom.com.mx\/en\/product\/tensionador-submarino\/","url":"https:\/\/www.adecom.com.mx\/en\/product\/tensionador-submarino\/","name":"Tensionador para aplicaciones submarino. - Adecom","isPartOf":{"@id":"https:\/\/www.adecom.com.mx\/#website"},"primaryImageOfPage":{"@id":"https:\/\/www.adecom.com.mx\/en\/product\/tensionador-submarino\/#primaryimage"},"image":{"@id":"https:\/\/www.adecom.com.mx\/en\/product\/tensionador-submarino\/#primaryimage"},"thumbnailUrl":"https:\/\/www.adecom.com.mx\/wp-content\/uploads\/2021\/05\/tensionadores-01.jpg","datePublished":"2021-05-14T17:39:24+00:00","dateModified":"2021-07-22T20:22:39+00:00","breadcrumb":{"@id":"https:\/\/www.adecom.com.mx\/en\/product\/tensionador-submarino\/#breadcrumb"},"inLanguage":"en-US","potentialAction":[{"@type":"ReadAction","target":["https:\/\/www.adecom.com.mx\/en\/product\/tensionador-submarino\/"]}]},{"@type":"ImageObject","inLanguage":"en-US","@id":"https:\/\/www.adecom.com.mx\/en\/product\/tensionador-submarino\/#primaryimage","url":"https:\/\/www.adecom.com.mx\/wp-content\/uploads\/2021\/05\/tensionadores-01.jpg","contentUrl":"https:\/\/www.adecom.com.mx\/wp-content\/uploads\/2021\/05\/tensionadores-01.jpg","width":1700,"height":1800},{"@type":"BreadcrumbList","@id":"https:\/\/www.adecom.com.mx\/en\/product\/tensionador-submarino\/#breadcrumb","itemListElement":[{"@type":"ListItem","position":1,"name":"Portada","item":"https:\/\/www.adecom.com.mx\/"},{"@type":"ListItem","position":2,"name":"Productos","item":"https:\/\/www.adecom.com.mx\/tienda\/"},{"@type":"ListItem","position":3,"name":"Tensionador para aplicaciones submarino."}]},{"@type":"WebSite","@id":"https:\/\/www.adecom.com.mx\/#website","url":"https:\/\/www.adecom.com.mx\/","name":"Adecom","description":"The Best Torque and Tensi\u00f3n Experience","publisher":{"@id":"https:\/\/www.adecom.com.mx\/#organization"},"potentialAction":[{"@type":"SearchAction","target":{"@type":"EntryPoint","urlTemplate":"https:\/\/www.adecom.com.mx\/?s={search_term_string}"},"query-input":{"@type":"PropertyValueSpecification","valueRequired":true,"valueName":"search_term_string"}}],"inLanguage":"en-US"},{"@type":"Organization","@id":"https:\/\/www.adecom.com.mx\/#organization","name":"Adecom","url":"https:\/\/www.adecom.com.mx\/","logo":{"@type":"ImageObject","inLanguage":"en-US","@id":"https:\/\/www.adecom.com.mx\/#\/schema\/logo\/image\/","url":"http:\/\/www.adecom.com.mx\/wp-content\/uploads\/2022\/02\/greca_adecom.png","contentUrl":"http:\/\/www.adecom.com.mx\/wp-content\/uploads\/2022\/02\/greca_adecom.png","width":650,"height":551,"caption":"Adecom"},"image":{"@id":"https:\/\/www.adecom.com.mx\/#\/schema\/logo\/image\/"}}]}},"_links":{"self":[{"href":"https:\/\/www.adecom.com.mx\/en\/wp-json\/wp\/v2\/product\/826","targetHints":{"allow":["GET"]}}],"collection":[{"href":"https:\/\/www.adecom.com.mx\/en\/wp-json\/wp\/v2\/product"}],"about":[{"href":"https:\/\/www.adecom.com.mx\/en\/wp-json\/wp\/v2\/types\/product"}],"wp:featuredmedia":[{"embeddable":true,"href":"https:\/\/www.adecom.com.mx\/en\/wp-json\/wp\/v2\/media\/1401"}],"wp:attachment":[{"href":"https:\/\/www.adecom.com.mx\/en\/wp-json\/wp\/v2\/media?parent=826"}],"wp:term":[{"taxonomy":"product_brand","embeddable":true,"href":"https:\/\/www.adecom.com.mx\/en\/wp-json\/wp\/v2\/product_brand?post=826"},{"taxonomy":"product_cat","embeddable":true,"href":"https:\/\/www.adecom.com.mx\/en\/wp-json\/wp\/v2\/product_cat?post=826"},{"taxonomy":"product_tag","embeddable":true,"href":"https:\/\/www.adecom.com.mx\/en\/wp-json\/wp\/v2\/product_tag?post=826"}],"curies":[{"name":"wp","href":"https:\/\/api.w.org\/{rel}","templated":true}]}}