{"id":805,"date":"2021-05-14T10:33:13","date_gmt":"2021-05-14T16:33:13","guid":{"rendered":"https:\/\/www.adecom.com.mx\/?post_type=product&#038;p=805"},"modified":"2021-10-15T11:45:05","modified_gmt":"2021-10-15T17:45:05","slug":"fuente-de-poder-para-equipo-de-tensionado","status":"publish","type":"product","link":"https:\/\/www.adecom.com.mx\/en\/product\/fuente-de-poder-para-equipo-de-tensionado\/","title":{"rendered":"Pumps for Tensioning Equipment"},"content":{"rendered":"<p>Suministramos una gama de bombas adecuada a diferentes aplicaciones de tensionadores de pernos.<\/p>\n<p>Las bombas disponibles son:<\/p>\n<ul>\n<li>Manual Pumps<\/li>\n<li>Air-Operated Pumps<\/li>\n<li>Electric Pumps<\/li>\n<li>Quick-Return Piston Pumps<\/li>\n<li>Stainless Steel Pumps<\/li>\n<\/ul>\n<p>These pumps are available with output pressures of 1000, 1500, and 2500 bar (pumps with higher pressures available upon request).<\/p>","protected":false},"excerpt":{"rendered":"<p>Suministramos una gama de bombas adecuada a diferentes aplicaciones de tensionadores de pernos. Las bombas disponibles son: Bombas manuales. Bombas de aire. Bombas el\u00e9ctricas. Bombas de retracci\u00f3n r\u00e1pida de pist\u00f3n. [&hellip;]<\/p>\n","protected":false},"featured_media":806,"template":"","meta":{"_acf_changed":false,"content-type":"","_monsterinsights_skip_tracking":false,"_monsterinsights_sitenote_active":false,"_monsterinsights_sitenote_note":"","_monsterinsights_sitenote_category":0,"episode_type":"","audio_file":"","podmotor_file_id":"","podmotor_episode_id":"","cover_image":"","cover_image_id":"","duration":"","filesize":"","filesize_raw":"","date_recorded":"","explicit":"","block":"","_joinchat":[]},"product_brand":[],"product_cat":[56,24],"product_tag":[],"class_list":{"0":"post-805","1":"product","2":"type-product","3":"status-publish","4":"has-post-thumbnail","6":"product_cat-fuentes-de-poder","7":"product_cat-llaves-hidraulicas-de-torque","9":"first","10":"instock","11":"taxable","12":"shipping-taxable","13":"product-type-simple"},"acf":[],"yoast_head":"<!-- This site is optimized with the Yoast SEO plugin v27.5 - https:\/\/yoast.com\/product\/yoast-seo-wordpress\/ -->\n<title>Fuente de Poder Para Equipo de Tensionado. - Adecom<\/title>\n<meta name=\"robots\" content=\"index, follow, max-snippet:-1, max-image-preview:large, max-video-preview:-1\" \/>\n<link rel=\"canonical\" href=\"https:\/\/www.adecom.com.mx\/en\/product\/fuente-de-poder-para-equipo-de-tensionado\/\" \/>\n<meta property=\"og:locale\" content=\"en_US\" \/>\n<meta property=\"og:type\" content=\"article\" \/>\n<meta property=\"og:title\" content=\"Fuente de Poder Para Equipo de Tensionado. - Adecom\" \/>\n<meta property=\"og:description\" content=\"Suministramos una gama de bombas adecuada a diferentes aplicaciones de tensionadores de pernos. Las bombas disponibles son: Bombas manuales. Bombas de aire. Bombas el\u00e9ctricas. Bombas de retracci\u00f3n r\u00e1pida de pist\u00f3n. [&hellip;]\" \/>\n<meta property=\"og:url\" content=\"https:\/\/www.adecom.com.mx\/en\/product\/fuente-de-poder-para-equipo-de-tensionado\/\" \/>\n<meta property=\"og:site_name\" content=\"Adecom\" \/>\n<meta property=\"article:modified_time\" content=\"2021-10-15T17:45:05+00:00\" \/>\n<meta property=\"og:image\" content=\"https:\/\/www.adecom.com.mx\/wp-content\/uploads\/2021\/05\/boltight_product_intelligent_electric_pump_tiles.jpg\" \/>\n\t<meta property=\"og:image:width\" content=\"630\" \/>\n\t<meta property=\"og:image:height\" content=\"630\" \/>\n\t<meta property=\"og:image:type\" content=\"image\/jpeg\" \/>\n<meta name=\"twitter:card\" content=\"summary_large_image\" \/>\n<script type=\"application\/ld+json\" class=\"yoast-schema-graph\">{\"@context\":\"https:\\\/\\\/schema.org\",\"@graph\":[{\"@type\":\"WebPage\",\"@id\":\"https:\\\/\\\/www.adecom.com.mx\\\/producto\\\/fuente-de-poder-para-equipo-de-tensionado\\\/\",\"url\":\"https:\\\/\\\/www.adecom.com.mx\\\/producto\\\/fuente-de-poder-para-equipo-de-tensionado\\\/\",\"name\":\"Fuente de Poder Para Equipo de Tensionado. - Adecom\",\"isPartOf\":{\"@id\":\"https:\\\/\\\/www.adecom.com.mx\\\/#website\"},\"primaryImageOfPage\":{\"@id\":\"https:\\\/\\\/www.adecom.com.mx\\\/producto\\\/fuente-de-poder-para-equipo-de-tensionado\\\/#primaryimage\"},\"image\":{\"@id\":\"https:\\\/\\\/www.adecom.com.mx\\\/producto\\\/fuente-de-poder-para-equipo-de-tensionado\\\/#primaryimage\"},\"thumbnailUrl\":\"https:\\\/\\\/www.adecom.com.mx\\\/wp-content\\\/uploads\\\/2021\\\/05\\\/boltight_product_intelligent_electric_pump_tiles.jpg\",\"datePublished\":\"2021-05-14T16:33:13+00:00\",\"dateModified\":\"2021-10-15T17:45:05+00:00\",\"breadcrumb\":{\"@id\":\"https:\\\/\\\/www.adecom.com.mx\\\/producto\\\/fuente-de-poder-para-equipo-de-tensionado\\\/#breadcrumb\"},\"inLanguage\":\"en-US\",\"potentialAction\":[{\"@type\":\"ReadAction\",\"target\":[\"https:\\\/\\\/www.adecom.com.mx\\\/producto\\\/fuente-de-poder-para-equipo-de-tensionado\\\/\"]}]},{\"@type\":\"ImageObject\",\"inLanguage\":\"en-US\",\"@id\":\"https:\\\/\\\/www.adecom.com.mx\\\/producto\\\/fuente-de-poder-para-equipo-de-tensionado\\\/#primaryimage\",\"url\":\"https:\\\/\\\/www.adecom.com.mx\\\/wp-content\\\/uploads\\\/2021\\\/05\\\/boltight_product_intelligent_electric_pump_tiles.jpg\",\"contentUrl\":\"https:\\\/\\\/www.adecom.com.mx\\\/wp-content\\\/uploads\\\/2021\\\/05\\\/boltight_product_intelligent_electric_pump_tiles.jpg\",\"width\":630,\"height\":630,\"caption\":\"AD-Fuentes de poder para equipo de tensionado\"},{\"@type\":\"BreadcrumbList\",\"@id\":\"https:\\\/\\\/www.adecom.com.mx\\\/producto\\\/fuente-de-poder-para-equipo-de-tensionado\\\/#breadcrumb\",\"itemListElement\":[{\"@type\":\"ListItem\",\"position\":1,\"name\":\"Portada\",\"item\":\"https:\\\/\\\/www.adecom.com.mx\\\/\"},{\"@type\":\"ListItem\",\"position\":2,\"name\":\"Productos\",\"item\":\"https:\\\/\\\/www.adecom.com.mx\\\/tienda\\\/\"},{\"@type\":\"ListItem\",\"position\":3,\"name\":\"Fuente de Poder Para Equipo de Tensionado.\"}]},{\"@type\":\"WebSite\",\"@id\":\"https:\\\/\\\/www.adecom.com.mx\\\/#website\",\"url\":\"https:\\\/\\\/www.adecom.com.mx\\\/\",\"name\":\"Adecom\",\"description\":\"The Best Torque and Tensi\u00f3n Experience\",\"publisher\":{\"@id\":\"https:\\\/\\\/www.adecom.com.mx\\\/#organization\"},\"potentialAction\":[{\"@type\":\"SearchAction\",\"target\":{\"@type\":\"EntryPoint\",\"urlTemplate\":\"https:\\\/\\\/www.adecom.com.mx\\\/?s={search_term_string}\"},\"query-input\":{\"@type\":\"PropertyValueSpecification\",\"valueRequired\":true,\"valueName\":\"search_term_string\"}}],\"inLanguage\":\"en-US\"},{\"@type\":\"Organization\",\"@id\":\"https:\\\/\\\/www.adecom.com.mx\\\/#organization\",\"name\":\"Adecom\",\"url\":\"https:\\\/\\\/www.adecom.com.mx\\\/\",\"logo\":{\"@type\":\"ImageObject\",\"inLanguage\":\"en-US\",\"@id\":\"https:\\\/\\\/www.adecom.com.mx\\\/#\\\/schema\\\/logo\\\/image\\\/\",\"url\":\"http:\\\/\\\/www.adecom.com.mx\\\/wp-content\\\/uploads\\\/2022\\\/02\\\/greca_adecom.png\",\"contentUrl\":\"http:\\\/\\\/www.adecom.com.mx\\\/wp-content\\\/uploads\\\/2022\\\/02\\\/greca_adecom.png\",\"width\":650,\"height\":551,\"caption\":\"Adecom\"},\"image\":{\"@id\":\"https:\\\/\\\/www.adecom.com.mx\\\/#\\\/schema\\\/logo\\\/image\\\/\"}}]}<\/script>\n<!-- \/ Yoast SEO plugin. -->","yoast_head_json":{"title":"Fuente de Poder Para Equipo de Tensionado. - Adecom","robots":{"index":"index","follow":"follow","max-snippet":"max-snippet:-1","max-image-preview":"max-image-preview:large","max-video-preview":"max-video-preview:-1"},"canonical":"https:\/\/www.adecom.com.mx\/en\/product\/fuente-de-poder-para-equipo-de-tensionado\/","og_locale":"en_US","og_type":"article","og_title":"Fuente de Poder Para Equipo de Tensionado. - Adecom","og_description":"Suministramos una gama de bombas adecuada a diferentes aplicaciones de tensionadores de pernos. Las bombas disponibles son: Bombas manuales. Bombas de aire. Bombas el\u00e9ctricas. Bombas de retracci\u00f3n r\u00e1pida de pist\u00f3n. [&hellip;]","og_url":"https:\/\/www.adecom.com.mx\/en\/product\/fuente-de-poder-para-equipo-de-tensionado\/","og_site_name":"Adecom","article_modified_time":"2021-10-15T17:45:05+00:00","og_image":[{"width":630,"height":630,"url":"https:\/\/www.adecom.com.mx\/wp-content\/uploads\/2021\/05\/boltight_product_intelligent_electric_pump_tiles.jpg","type":"image\/jpeg"}],"twitter_card":"summary_large_image","schema":{"@context":"https:\/\/schema.org","@graph":[{"@type":"WebPage","@id":"https:\/\/www.adecom.com.mx\/producto\/fuente-de-poder-para-equipo-de-tensionado\/","url":"https:\/\/www.adecom.com.mx\/producto\/fuente-de-poder-para-equipo-de-tensionado\/","name":"Fuente de Poder Para Equipo de Tensionado. - Adecom","isPartOf":{"@id":"https:\/\/www.adecom.com.mx\/#website"},"primaryImageOfPage":{"@id":"https:\/\/www.adecom.com.mx\/producto\/fuente-de-poder-para-equipo-de-tensionado\/#primaryimage"},"image":{"@id":"https:\/\/www.adecom.com.mx\/producto\/fuente-de-poder-para-equipo-de-tensionado\/#primaryimage"},"thumbnailUrl":"https:\/\/www.adecom.com.mx\/wp-content\/uploads\/2021\/05\/boltight_product_intelligent_electric_pump_tiles.jpg","datePublished":"2021-05-14T16:33:13+00:00","dateModified":"2021-10-15T17:45:05+00:00","breadcrumb":{"@id":"https:\/\/www.adecom.com.mx\/producto\/fuente-de-poder-para-equipo-de-tensionado\/#breadcrumb"},"inLanguage":"en-US","potentialAction":[{"@type":"ReadAction","target":["https:\/\/www.adecom.com.mx\/producto\/fuente-de-poder-para-equipo-de-tensionado\/"]}]},{"@type":"ImageObject","inLanguage":"en-US","@id":"https:\/\/www.adecom.com.mx\/producto\/fuente-de-poder-para-equipo-de-tensionado\/#primaryimage","url":"https:\/\/www.adecom.com.mx\/wp-content\/uploads\/2021\/05\/boltight_product_intelligent_electric_pump_tiles.jpg","contentUrl":"https:\/\/www.adecom.com.mx\/wp-content\/uploads\/2021\/05\/boltight_product_intelligent_electric_pump_tiles.jpg","width":630,"height":630,"caption":"AD-Fuentes de poder para equipo de tensionado"},{"@type":"BreadcrumbList","@id":"https:\/\/www.adecom.com.mx\/producto\/fuente-de-poder-para-equipo-de-tensionado\/#breadcrumb","itemListElement":[{"@type":"ListItem","position":1,"name":"Portada","item":"https:\/\/www.adecom.com.mx\/"},{"@type":"ListItem","position":2,"name":"Productos","item":"https:\/\/www.adecom.com.mx\/tienda\/"},{"@type":"ListItem","position":3,"name":"Fuente de Poder Para Equipo de Tensionado."}]},{"@type":"WebSite","@id":"https:\/\/www.adecom.com.mx\/#website","url":"https:\/\/www.adecom.com.mx\/","name":"Adecom","description":"The Best Torque and Tensi\u00f3n Experience","publisher":{"@id":"https:\/\/www.adecom.com.mx\/#organization"},"potentialAction":[{"@type":"SearchAction","target":{"@type":"EntryPoint","urlTemplate":"https:\/\/www.adecom.com.mx\/?s={search_term_string}"},"query-input":{"@type":"PropertyValueSpecification","valueRequired":true,"valueName":"search_term_string"}}],"inLanguage":"en-US"},{"@type":"Organization","@id":"https:\/\/www.adecom.com.mx\/#organization","name":"Adecom","url":"https:\/\/www.adecom.com.mx\/","logo":{"@type":"ImageObject","inLanguage":"en-US","@id":"https:\/\/www.adecom.com.mx\/#\/schema\/logo\/image\/","url":"http:\/\/www.adecom.com.mx\/wp-content\/uploads\/2022\/02\/greca_adecom.png","contentUrl":"http:\/\/www.adecom.com.mx\/wp-content\/uploads\/2022\/02\/greca_adecom.png","width":650,"height":551,"caption":"Adecom"},"image":{"@id":"https:\/\/www.adecom.com.mx\/#\/schema\/logo\/image\/"}}]}},"_links":{"self":[{"href":"https:\/\/www.adecom.com.mx\/en\/wp-json\/wp\/v2\/product\/805","targetHints":{"allow":["GET"]}}],"collection":[{"href":"https:\/\/www.adecom.com.mx\/en\/wp-json\/wp\/v2\/product"}],"about":[{"href":"https:\/\/www.adecom.com.mx\/en\/wp-json\/wp\/v2\/types\/product"}],"wp:featuredmedia":[{"embeddable":true,"href":"https:\/\/www.adecom.com.mx\/en\/wp-json\/wp\/v2\/media\/806"}],"wp:attachment":[{"href":"https:\/\/www.adecom.com.mx\/en\/wp-json\/wp\/v2\/media?parent=805"}],"wp:term":[{"taxonomy":"product_brand","embeddable":true,"href":"https:\/\/www.adecom.com.mx\/en\/wp-json\/wp\/v2\/product_brand?post=805"},{"taxonomy":"product_cat","embeddable":true,"href":"https:\/\/www.adecom.com.mx\/en\/wp-json\/wp\/v2\/product_cat?post=805"},{"taxonomy":"product_tag","embeddable":true,"href":"https:\/\/www.adecom.com.mx\/en\/wp-json\/wp\/v2\/product_tag?post=805"}],"curies":[{"name":"wp","href":"https:\/\/api.w.org\/{rel}","templated":true}]}}