{"id":725,"date":"2021-05-12T17:43:27","date_gmt":"2021-05-12T23:43:27","guid":{"rendered":"https:\/\/www.adecom.com.mx\/?post_type=product&#038;p=725"},"modified":"2021-10-15T11:54:59","modified_gmt":"2021-10-15T17:54:59","slug":"probador-digital-de-torquimetros-para-una-inspeccion-diaria","status":"publish","type":"product","link":"https:\/\/www.adecom.com.mx\/en\/product\/probador-digital-de-torquimetros-para-una-inspeccion-diaria\/","title":{"rendered":"Digital Torque Wrench Tester for Daily Inspection"},"content":{"rendered":"<div class=\"page\" title=\"Page 18\">\n<div class=\"section\">\n<div class=\"layoutArea\">\n<div class=\"column\">\n<p>La funci\u00f3n de &#8220;comprobaci\u00f3n r\u00e1pida&#8221; ahora es a\u00fan m\u00e1s avanzada. Viene con una pantalla a color de &#8220;Pass&#8221;\/&#8221;Fail&#8221;, para una f\u00e1cil verificaci\u00f3n de resultados.<\/p>\n<ul>\n<li>The color LCD screen visually indicates judgment results using different colors.<\/li>\n<li>Wide measurement range, reasonably priced, compact, and highly precise.<\/li>\n<li>It can read the actual operating torque (patented).<\/li>\n<li>Built-in statistical processing functions.<\/li>\n<li>The statistical processing functions automatically calculate the sample count, as well as the maximum, minimum, and average values.<\/li>\n<li>Battery power available as an option.<\/li>\n<li>disabled<\/li>\n<li>disabled<\/li>\n<\/ul>\n<\/div>\n<\/div>\n<\/div>\n<\/div>","protected":false},"excerpt":{"rendered":"<p>Routine torque wrench inspections at assembly line stations are now easier and more accurate.<\/p>","protected":false},"featured_media":1212,"template":"","meta":{"_acf_changed":false,"content-type":"","_monsterinsights_skip_tracking":false,"_monsterinsights_sitenote_active":false,"_monsterinsights_sitenote_note":"","_monsterinsights_sitenote_category":0,"episode_type":"","audio_file":"","podmotor_file_id":"","podmotor_episode_id":"","cover_image":"","cover_image_id":"","duration":"","filesize":"","filesize_raw":"","date_recorded":"","explicit":"","block":"","_joinchat":[]},"product_brand":[],"product_cat":[20,44],"product_tag":[],"class_list":{"0":"post-725","1":"product","2":"type-product","3":"status-publish","4":"has-post-thumbnail","6":"product_cat-equipos-para-analisis-verificacion-y-audotoria","7":"product_cat-probadores-y-verificadores","9":"first","10":"instock","11":"taxable","12":"shipping-taxable","13":"product-type-simple"},"acf":[],"yoast_head":"<!-- This site is optimized with the Yoast SEO plugin v27.4 - https:\/\/yoast.com\/product\/yoast-seo-wordpress\/ -->\n<title>Probador digital de torqu\u00edmetros para una inspecci\u00f3n diaria. - Adecom<\/title>\n<meta name=\"robots\" content=\"index, follow, max-snippet:-1, max-image-preview:large, max-video-preview:-1\" \/>\n<link rel=\"canonical\" href=\"https:\/\/www.adecom.com.mx\/en\/product\/probador-digital-de-torquimetros-para-una-inspeccion-diaria\/\" \/>\n<meta property=\"og:locale\" content=\"en_US\" \/>\n<meta property=\"og:type\" content=\"article\" \/>\n<meta property=\"og:title\" content=\"Probador digital de torqu\u00edmetros para una inspecci\u00f3n diaria. - Adecom\" \/>\n<meta property=\"og:description\" content=\"Las inspecciones de rutina de los torqu\u00edmetros en las estaciones de la l\u00ednea de ensamble son m\u00e1s f\u00e1ciles y m\u00e1s precisas.\" \/>\n<meta property=\"og:url\" content=\"https:\/\/www.adecom.com.mx\/en\/product\/probador-digital-de-torquimetros-para-una-inspeccion-diaria\/\" \/>\n<meta property=\"og:site_name\" content=\"Adecom\" \/>\n<meta property=\"article:modified_time\" content=\"2021-10-15T17:54:59+00:00\" \/>\n<meta property=\"og:image\" content=\"https:\/\/www.adecom.com.mx\/wp-content\/uploads\/2021\/05\/verificador-y-probador-de-torquimetros-de-tohnichi-LC\u00b7-G_Mesa-de-trabajo-1.jpg\" \/>\n\t<meta property=\"og:image:width\" content=\"1800\" \/>\n\t<meta property=\"og:image:height\" content=\"1800\" \/>\n\t<meta property=\"og:image:type\" content=\"image\/jpeg\" \/>\n<meta name=\"twitter:card\" content=\"summary_large_image\" \/>\n<meta name=\"twitter:label1\" content=\"Est. reading time\" \/>\n\t<meta name=\"twitter:data1\" content=\"1 minute\" \/>\n<script type=\"application\/ld+json\" class=\"yoast-schema-graph\">{\"@context\":\"https:\\\/\\\/schema.org\",\"@graph\":[{\"@type\":\"WebPage\",\"@id\":\"https:\\\/\\\/www.adecom.com.mx\\\/producto\\\/probador-digital-de-torquimetros-para-una-inspeccion-diaria\\\/\",\"url\":\"https:\\\/\\\/www.adecom.com.mx\\\/producto\\\/probador-digital-de-torquimetros-para-una-inspeccion-diaria\\\/\",\"name\":\"Probador digital de torqu\u00edmetros para una inspecci\u00f3n diaria. - Adecom\",\"isPartOf\":{\"@id\":\"https:\\\/\\\/www.adecom.com.mx\\\/#website\"},\"primaryImageOfPage\":{\"@id\":\"https:\\\/\\\/www.adecom.com.mx\\\/producto\\\/probador-digital-de-torquimetros-para-una-inspeccion-diaria\\\/#primaryimage\"},\"image\":{\"@id\":\"https:\\\/\\\/www.adecom.com.mx\\\/producto\\\/probador-digital-de-torquimetros-para-una-inspeccion-diaria\\\/#primaryimage\"},\"thumbnailUrl\":\"https:\\\/\\\/www.adecom.com.mx\\\/wp-content\\\/uploads\\\/2021\\\/05\\\/verificador-y-probador-de-torquimetros-de-tohnichi-LC\u00b7-G_Mesa-de-trabajo-1.jpg\",\"datePublished\":\"2021-05-12T23:43:27+00:00\",\"dateModified\":\"2021-10-15T17:54:59+00:00\",\"breadcrumb\":{\"@id\":\"https:\\\/\\\/www.adecom.com.mx\\\/producto\\\/probador-digital-de-torquimetros-para-una-inspeccion-diaria\\\/#breadcrumb\"},\"inLanguage\":\"en-US\",\"potentialAction\":[{\"@type\":\"ReadAction\",\"target\":[\"https:\\\/\\\/www.adecom.com.mx\\\/producto\\\/probador-digital-de-torquimetros-para-una-inspeccion-diaria\\\/\"]}]},{\"@type\":\"ImageObject\",\"inLanguage\":\"en-US\",\"@id\":\"https:\\\/\\\/www.adecom.com.mx\\\/producto\\\/probador-digital-de-torquimetros-para-una-inspeccion-diaria\\\/#primaryimage\",\"url\":\"https:\\\/\\\/www.adecom.com.mx\\\/wp-content\\\/uploads\\\/2021\\\/05\\\/verificador-y-probador-de-torquimetros-de-tohnichi-LC\u00b7-G_Mesa-de-trabajo-1.jpg\",\"contentUrl\":\"https:\\\/\\\/www.adecom.com.mx\\\/wp-content\\\/uploads\\\/2021\\\/05\\\/verificador-y-probador-de-torquimetros-de-tohnichi-LC\u00b7-G_Mesa-de-trabajo-1.jpg\",\"width\":1800,\"height\":1800},{\"@type\":\"BreadcrumbList\",\"@id\":\"https:\\\/\\\/www.adecom.com.mx\\\/producto\\\/probador-digital-de-torquimetros-para-una-inspeccion-diaria\\\/#breadcrumb\",\"itemListElement\":[{\"@type\":\"ListItem\",\"position\":1,\"name\":\"Portada\",\"item\":\"https:\\\/\\\/www.adecom.com.mx\\\/\"},{\"@type\":\"ListItem\",\"position\":2,\"name\":\"Productos\",\"item\":\"https:\\\/\\\/www.adecom.com.mx\\\/tienda\\\/\"},{\"@type\":\"ListItem\",\"position\":3,\"name\":\"Probador digital de torqu\u00edmetros para una inspecci\u00f3n diaria.\"}]},{\"@type\":\"WebSite\",\"@id\":\"https:\\\/\\\/www.adecom.com.mx\\\/#website\",\"url\":\"https:\\\/\\\/www.adecom.com.mx\\\/\",\"name\":\"Adecom\",\"description\":\"The Best Torque and Tensi\u00f3n Experience\",\"publisher\":{\"@id\":\"https:\\\/\\\/www.adecom.com.mx\\\/#organization\"},\"potentialAction\":[{\"@type\":\"SearchAction\",\"target\":{\"@type\":\"EntryPoint\",\"urlTemplate\":\"https:\\\/\\\/www.adecom.com.mx\\\/?s={search_term_string}\"},\"query-input\":{\"@type\":\"PropertyValueSpecification\",\"valueRequired\":true,\"valueName\":\"search_term_string\"}}],\"inLanguage\":\"en-US\"},{\"@type\":\"Organization\",\"@id\":\"https:\\\/\\\/www.adecom.com.mx\\\/#organization\",\"name\":\"Adecom\",\"url\":\"https:\\\/\\\/www.adecom.com.mx\\\/\",\"logo\":{\"@type\":\"ImageObject\",\"inLanguage\":\"en-US\",\"@id\":\"https:\\\/\\\/www.adecom.com.mx\\\/#\\\/schema\\\/logo\\\/image\\\/\",\"url\":\"http:\\\/\\\/www.adecom.com.mx\\\/wp-content\\\/uploads\\\/2022\\\/02\\\/greca_adecom.png\",\"contentUrl\":\"http:\\\/\\\/www.adecom.com.mx\\\/wp-content\\\/uploads\\\/2022\\\/02\\\/greca_adecom.png\",\"width\":650,\"height\":551,\"caption\":\"Adecom\"},\"image\":{\"@id\":\"https:\\\/\\\/www.adecom.com.mx\\\/#\\\/schema\\\/logo\\\/image\\\/\"}}]}<\/script>\n<!-- \/ Yoast SEO plugin. -->","yoast_head_json":{"title":"Probador digital de torqu\u00edmetros para una inspecci\u00f3n diaria. - Adecom","robots":{"index":"index","follow":"follow","max-snippet":"max-snippet:-1","max-image-preview":"max-image-preview:large","max-video-preview":"max-video-preview:-1"},"canonical":"https:\/\/www.adecom.com.mx\/en\/product\/probador-digital-de-torquimetros-para-una-inspeccion-diaria\/","og_locale":"en_US","og_type":"article","og_title":"Probador digital de torqu\u00edmetros para una inspecci\u00f3n diaria. - Adecom","og_description":"Las inspecciones de rutina de los torqu\u00edmetros en las estaciones de la l\u00ednea de ensamble son m\u00e1s f\u00e1ciles y m\u00e1s precisas.","og_url":"https:\/\/www.adecom.com.mx\/en\/product\/probador-digital-de-torquimetros-para-una-inspeccion-diaria\/","og_site_name":"Adecom","article_modified_time":"2021-10-15T17:54:59+00:00","og_image":[{"width":1800,"height":1800,"url":"https:\/\/www.adecom.com.mx\/wp-content\/uploads\/2021\/05\/verificador-y-probador-de-torquimetros-de-tohnichi-LC\u00b7-G_Mesa-de-trabajo-1.jpg","type":"image\/jpeg"}],"twitter_card":"summary_large_image","twitter_misc":{"Est. reading time":"1 minute"},"schema":{"@context":"https:\/\/schema.org","@graph":[{"@type":"WebPage","@id":"https:\/\/www.adecom.com.mx\/producto\/probador-digital-de-torquimetros-para-una-inspeccion-diaria\/","url":"https:\/\/www.adecom.com.mx\/producto\/probador-digital-de-torquimetros-para-una-inspeccion-diaria\/","name":"Probador digital de torqu\u00edmetros para una inspecci\u00f3n diaria. - Adecom","isPartOf":{"@id":"https:\/\/www.adecom.com.mx\/#website"},"primaryImageOfPage":{"@id":"https:\/\/www.adecom.com.mx\/producto\/probador-digital-de-torquimetros-para-una-inspeccion-diaria\/#primaryimage"},"image":{"@id":"https:\/\/www.adecom.com.mx\/producto\/probador-digital-de-torquimetros-para-una-inspeccion-diaria\/#primaryimage"},"thumbnailUrl":"https:\/\/www.adecom.com.mx\/wp-content\/uploads\/2021\/05\/verificador-y-probador-de-torquimetros-de-tohnichi-LC\u00b7-G_Mesa-de-trabajo-1.jpg","datePublished":"2021-05-12T23:43:27+00:00","dateModified":"2021-10-15T17:54:59+00:00","breadcrumb":{"@id":"https:\/\/www.adecom.com.mx\/producto\/probador-digital-de-torquimetros-para-una-inspeccion-diaria\/#breadcrumb"},"inLanguage":"en-US","potentialAction":[{"@type":"ReadAction","target":["https:\/\/www.adecom.com.mx\/producto\/probador-digital-de-torquimetros-para-una-inspeccion-diaria\/"]}]},{"@type":"ImageObject","inLanguage":"en-US","@id":"https:\/\/www.adecom.com.mx\/producto\/probador-digital-de-torquimetros-para-una-inspeccion-diaria\/#primaryimage","url":"https:\/\/www.adecom.com.mx\/wp-content\/uploads\/2021\/05\/verificador-y-probador-de-torquimetros-de-tohnichi-LC\u00b7-G_Mesa-de-trabajo-1.jpg","contentUrl":"https:\/\/www.adecom.com.mx\/wp-content\/uploads\/2021\/05\/verificador-y-probador-de-torquimetros-de-tohnichi-LC\u00b7-G_Mesa-de-trabajo-1.jpg","width":1800,"height":1800},{"@type":"BreadcrumbList","@id":"https:\/\/www.adecom.com.mx\/producto\/probador-digital-de-torquimetros-para-una-inspeccion-diaria\/#breadcrumb","itemListElement":[{"@type":"ListItem","position":1,"name":"Portada","item":"https:\/\/www.adecom.com.mx\/"},{"@type":"ListItem","position":2,"name":"Productos","item":"https:\/\/www.adecom.com.mx\/tienda\/"},{"@type":"ListItem","position":3,"name":"Probador digital de torqu\u00edmetros para una inspecci\u00f3n diaria."}]},{"@type":"WebSite","@id":"https:\/\/www.adecom.com.mx\/#website","url":"https:\/\/www.adecom.com.mx\/","name":"Adecom","description":"The Best Torque and Tensi\u00f3n Experience","publisher":{"@id":"https:\/\/www.adecom.com.mx\/#organization"},"potentialAction":[{"@type":"SearchAction","target":{"@type":"EntryPoint","urlTemplate":"https:\/\/www.adecom.com.mx\/?s={search_term_string}"},"query-input":{"@type":"PropertyValueSpecification","valueRequired":true,"valueName":"search_term_string"}}],"inLanguage":"en-US"},{"@type":"Organization","@id":"https:\/\/www.adecom.com.mx\/#organization","name":"Adecom","url":"https:\/\/www.adecom.com.mx\/","logo":{"@type":"ImageObject","inLanguage":"en-US","@id":"https:\/\/www.adecom.com.mx\/#\/schema\/logo\/image\/","url":"http:\/\/www.adecom.com.mx\/wp-content\/uploads\/2022\/02\/greca_adecom.png","contentUrl":"http:\/\/www.adecom.com.mx\/wp-content\/uploads\/2022\/02\/greca_adecom.png","width":650,"height":551,"caption":"Adecom"},"image":{"@id":"https:\/\/www.adecom.com.mx\/#\/schema\/logo\/image\/"}}]}},"_links":{"self":[{"href":"https:\/\/www.adecom.com.mx\/en\/wp-json\/wp\/v2\/product\/725","targetHints":{"allow":["GET"]}}],"collection":[{"href":"https:\/\/www.adecom.com.mx\/en\/wp-json\/wp\/v2\/product"}],"about":[{"href":"https:\/\/www.adecom.com.mx\/en\/wp-json\/wp\/v2\/types\/product"}],"wp:featuredmedia":[{"embeddable":true,"href":"https:\/\/www.adecom.com.mx\/en\/wp-json\/wp\/v2\/media\/1212"}],"wp:attachment":[{"href":"https:\/\/www.adecom.com.mx\/en\/wp-json\/wp\/v2\/media?parent=725"}],"wp:term":[{"taxonomy":"product_brand","embeddable":true,"href":"https:\/\/www.adecom.com.mx\/en\/wp-json\/wp\/v2\/product_brand?post=725"},{"taxonomy":"product_cat","embeddable":true,"href":"https:\/\/www.adecom.com.mx\/en\/wp-json\/wp\/v2\/product_cat?post=725"},{"taxonomy":"product_tag","embeddable":true,"href":"https:\/\/www.adecom.com.mx\/en\/wp-json\/wp\/v2\/product_tag?post=725"}],"curies":[{"name":"wp","href":"https:\/\/api.w.org\/{rel}","templated":true}]}}