{"id":678,"date":"2021-05-12T11:51:46","date_gmt":"2021-05-12T17:51:46","guid":{"rendered":"https:\/\/www.adecom.com.mx\/?post_type=product&#038;p=678"},"modified":"2021-10-15T12:01:41","modified_gmt":"2021-10-15T18:01:41","slug":"torquimetro-para-uso-pesado-con-sistema-mecanico-de-click-de-alto-impacto","status":"publish","type":"product","link":"https:\/\/www.adecom.com.mx\/en\/product\/torquimetro-para-uso-pesado-con-sistema-mecanico-de-click-de-alto-impacto\/","title":{"rendered":"Heavy-Duty Torque Wrench Ideal for Transportation."},"content":{"rendered":"<p>Heavy-duty torque wrench with high-impact mechanical click system.<\/p>\n<ul>\n<li>It meets ISO 6789-1 requirements: CURRENT.<\/li>\n<li>Robust construction that delivers precise results, even in arduous working conditions.<\/li>\n<li>Over-torquing prevention mechanism.<\/li>\n<li>Dual scale in N\u00b7m and lbf\u00b7ft.<\/li>\n<li>Exclusive reaction plate and cam profile: it provides a much clearer torque break point, reducing the possibility of over-torquing.<\/li>\n<li>Easy-to-read scale shielded from dust and dirt.<\/li>\n<li>Integrated pull-out adjustment bar; it does not require any additional torque adjustment tool.<\/li>\n<li>Anchor point allows the torque wrench to be attached to a harness.<\/li>\n<\/ul>","protected":false},"excerpt":{"rendered":"<p>The robust construction of industrial torque wrenches allows their usage in arduous work conditions.<\/p>","protected":false},"featured_media":694,"template":"","meta":{"_acf_changed":false,"content-type":"","_monsterinsights_skip_tracking":false,"_monsterinsights_sitenote_active":false,"_monsterinsights_sitenote_note":"","_monsterinsights_sitenote_category":0,"episode_type":"","audio_file":"","podmotor_file_id":"","podmotor_episode_id":"","cover_image":"","cover_image_id":"","duration":"","filesize":"","filesize_raw":"","date_recorded":"","explicit":"","block":"","_joinchat":[]},"product_brand":[],"product_cat":[30,17],"product_tag":[],"class_list":{"0":"post-678","1":"product","2":"type-product","3":"status-publish","4":"has-post-thumbnail","6":"product_cat-click-ajustable","7":"product_cat-torquimetros","9":"first","10":"instock","11":"taxable","12":"shipping-taxable","13":"product-type-simple"},"acf":[],"yoast_head":"<!-- This site is optimized with the Yoast SEO plugin v27.5 - https:\/\/yoast.com\/product\/yoast-seo-wordpress\/ -->\n<title>Torqu\u00edmetro para uso pesado ideal para el transporte. - Adecom<\/title>\n<meta name=\"robots\" content=\"index, follow, max-snippet:-1, max-image-preview:large, max-video-preview:-1\" \/>\n<link rel=\"canonical\" href=\"https:\/\/www.adecom.com.mx\/en\/product\/torquimetro-para-uso-pesado-con-sistema-mecanico-de-click-de-alto-impacto\/\" \/>\n<meta property=\"og:locale\" content=\"en_US\" \/>\n<meta property=\"og:type\" content=\"article\" \/>\n<meta property=\"og:title\" content=\"Torqu\u00edmetro para uso pesado ideal para el transporte. - Adecom\" \/>\n<meta property=\"og:description\" content=\"La construcci\u00f3n robusta de los torqu\u00edemetros \u00a0industriales permite su uso en condiciones de trabajo arduas.\" \/>\n<meta property=\"og:url\" content=\"https:\/\/www.adecom.com.mx\/en\/product\/torquimetro-para-uso-pesado-con-sistema-mecanico-de-click-de-alto-impacto\/\" \/>\n<meta property=\"og:site_name\" content=\"Adecom\" \/>\n<meta property=\"article:modified_time\" content=\"2021-10-15T18:01:41+00:00\" \/>\n<meta property=\"og:image\" content=\"https:\/\/www.adecom.com.mx\/wp-content\/uploads\/2021\/05\/adind.jpeg\" \/>\n\t<meta property=\"og:image:width\" content=\"1000\" \/>\n\t<meta property=\"og:image:height\" content=\"1000\" \/>\n\t<meta property=\"og:image:type\" content=\"image\/jpeg\" \/>\n<meta name=\"twitter:card\" content=\"summary_large_image\" \/>\n<meta name=\"twitter:label1\" content=\"Est. reading time\" \/>\n\t<meta name=\"twitter:data1\" content=\"1 minute\" \/>\n<script type=\"application\/ld+json\" class=\"yoast-schema-graph\">{\"@context\":\"https:\\\/\\\/schema.org\",\"@graph\":[{\"@type\":\"WebPage\",\"@id\":\"https:\\\/\\\/www.adecom.com.mx\\\/producto\\\/torquimetro-para-uso-pesado-con-sistema-mecanico-de-click-de-alto-impacto\\\/\",\"url\":\"https:\\\/\\\/www.adecom.com.mx\\\/producto\\\/torquimetro-para-uso-pesado-con-sistema-mecanico-de-click-de-alto-impacto\\\/\",\"name\":\"Torqu\u00edmetro para uso pesado ideal para el transporte. - Adecom\",\"isPartOf\":{\"@id\":\"https:\\\/\\\/www.adecom.com.mx\\\/#website\"},\"primaryImageOfPage\":{\"@id\":\"https:\\\/\\\/www.adecom.com.mx\\\/producto\\\/torquimetro-para-uso-pesado-con-sistema-mecanico-de-click-de-alto-impacto\\\/#primaryimage\"},\"image\":{\"@id\":\"https:\\\/\\\/www.adecom.com.mx\\\/producto\\\/torquimetro-para-uso-pesado-con-sistema-mecanico-de-click-de-alto-impacto\\\/#primaryimage\"},\"thumbnailUrl\":\"https:\\\/\\\/www.adecom.com.mx\\\/wp-content\\\/uploads\\\/2021\\\/05\\\/adind.jpeg\",\"datePublished\":\"2021-05-12T17:51:46+00:00\",\"dateModified\":\"2021-10-15T18:01:41+00:00\",\"breadcrumb\":{\"@id\":\"https:\\\/\\\/www.adecom.com.mx\\\/producto\\\/torquimetro-para-uso-pesado-con-sistema-mecanico-de-click-de-alto-impacto\\\/#breadcrumb\"},\"inLanguage\":\"en-US\",\"potentialAction\":[{\"@type\":\"ReadAction\",\"target\":[\"https:\\\/\\\/www.adecom.com.mx\\\/producto\\\/torquimetro-para-uso-pesado-con-sistema-mecanico-de-click-de-alto-impacto\\\/\"]}]},{\"@type\":\"ImageObject\",\"inLanguage\":\"en-US\",\"@id\":\"https:\\\/\\\/www.adecom.com.mx\\\/producto\\\/torquimetro-para-uso-pesado-con-sistema-mecanico-de-click-de-alto-impacto\\\/#primaryimage\",\"url\":\"https:\\\/\\\/www.adecom.com.mx\\\/wp-content\\\/uploads\\\/2021\\\/05\\\/adind.jpeg\",\"contentUrl\":\"https:\\\/\\\/www.adecom.com.mx\\\/wp-content\\\/uploads\\\/2021\\\/05\\\/adind.jpeg\",\"width\":1000,\"height\":1000,\"caption\":\"AD-IND\"},{\"@type\":\"BreadcrumbList\",\"@id\":\"https:\\\/\\\/www.adecom.com.mx\\\/producto\\\/torquimetro-para-uso-pesado-con-sistema-mecanico-de-click-de-alto-impacto\\\/#breadcrumb\",\"itemListElement\":[{\"@type\":\"ListItem\",\"position\":1,\"name\":\"Portada\",\"item\":\"https:\\\/\\\/www.adecom.com.mx\\\/\"},{\"@type\":\"ListItem\",\"position\":2,\"name\":\"Productos\",\"item\":\"https:\\\/\\\/www.adecom.com.mx\\\/tienda\\\/\"},{\"@type\":\"ListItem\",\"position\":3,\"name\":\"Torqu\u00edmetro para uso pesado ideal para el transporte.\"}]},{\"@type\":\"WebSite\",\"@id\":\"https:\\\/\\\/www.adecom.com.mx\\\/#website\",\"url\":\"https:\\\/\\\/www.adecom.com.mx\\\/\",\"name\":\"Adecom\",\"description\":\"The Best Torque and Tensi\u00f3n Experience\",\"publisher\":{\"@id\":\"https:\\\/\\\/www.adecom.com.mx\\\/#organization\"},\"potentialAction\":[{\"@type\":\"SearchAction\",\"target\":{\"@type\":\"EntryPoint\",\"urlTemplate\":\"https:\\\/\\\/www.adecom.com.mx\\\/?s={search_term_string}\"},\"query-input\":{\"@type\":\"PropertyValueSpecification\",\"valueRequired\":true,\"valueName\":\"search_term_string\"}}],\"inLanguage\":\"en-US\"},{\"@type\":\"Organization\",\"@id\":\"https:\\\/\\\/www.adecom.com.mx\\\/#organization\",\"name\":\"Adecom\",\"url\":\"https:\\\/\\\/www.adecom.com.mx\\\/\",\"logo\":{\"@type\":\"ImageObject\",\"inLanguage\":\"en-US\",\"@id\":\"https:\\\/\\\/www.adecom.com.mx\\\/#\\\/schema\\\/logo\\\/image\\\/\",\"url\":\"http:\\\/\\\/www.adecom.com.mx\\\/wp-content\\\/uploads\\\/2022\\\/02\\\/greca_adecom.png\",\"contentUrl\":\"http:\\\/\\\/www.adecom.com.mx\\\/wp-content\\\/uploads\\\/2022\\\/02\\\/greca_adecom.png\",\"width\":650,\"height\":551,\"caption\":\"Adecom\"},\"image\":{\"@id\":\"https:\\\/\\\/www.adecom.com.mx\\\/#\\\/schema\\\/logo\\\/image\\\/\"}}]}<\/script>\n<!-- \/ Yoast SEO plugin. -->","yoast_head_json":{"title":"Torqu\u00edmetro para uso pesado ideal para el transporte. - Adecom","robots":{"index":"index","follow":"follow","max-snippet":"max-snippet:-1","max-image-preview":"max-image-preview:large","max-video-preview":"max-video-preview:-1"},"canonical":"https:\/\/www.adecom.com.mx\/en\/product\/torquimetro-para-uso-pesado-con-sistema-mecanico-de-click-de-alto-impacto\/","og_locale":"en_US","og_type":"article","og_title":"Torqu\u00edmetro para uso pesado ideal para el transporte. - Adecom","og_description":"La construcci\u00f3n robusta de los torqu\u00edemetros \u00a0industriales permite su uso en condiciones de trabajo arduas.","og_url":"https:\/\/www.adecom.com.mx\/en\/product\/torquimetro-para-uso-pesado-con-sistema-mecanico-de-click-de-alto-impacto\/","og_site_name":"Adecom","article_modified_time":"2021-10-15T18:01:41+00:00","og_image":[{"width":1000,"height":1000,"url":"https:\/\/www.adecom.com.mx\/wp-content\/uploads\/2021\/05\/adind.jpeg","type":"image\/jpeg"}],"twitter_card":"summary_large_image","twitter_misc":{"Est. reading time":"1 minute"},"schema":{"@context":"https:\/\/schema.org","@graph":[{"@type":"WebPage","@id":"https:\/\/www.adecom.com.mx\/producto\/torquimetro-para-uso-pesado-con-sistema-mecanico-de-click-de-alto-impacto\/","url":"https:\/\/www.adecom.com.mx\/producto\/torquimetro-para-uso-pesado-con-sistema-mecanico-de-click-de-alto-impacto\/","name":"Torqu\u00edmetro para uso pesado ideal para el transporte. - Adecom","isPartOf":{"@id":"https:\/\/www.adecom.com.mx\/#website"},"primaryImageOfPage":{"@id":"https:\/\/www.adecom.com.mx\/producto\/torquimetro-para-uso-pesado-con-sistema-mecanico-de-click-de-alto-impacto\/#primaryimage"},"image":{"@id":"https:\/\/www.adecom.com.mx\/producto\/torquimetro-para-uso-pesado-con-sistema-mecanico-de-click-de-alto-impacto\/#primaryimage"},"thumbnailUrl":"https:\/\/www.adecom.com.mx\/wp-content\/uploads\/2021\/05\/adind.jpeg","datePublished":"2021-05-12T17:51:46+00:00","dateModified":"2021-10-15T18:01:41+00:00","breadcrumb":{"@id":"https:\/\/www.adecom.com.mx\/producto\/torquimetro-para-uso-pesado-con-sistema-mecanico-de-click-de-alto-impacto\/#breadcrumb"},"inLanguage":"en-US","potentialAction":[{"@type":"ReadAction","target":["https:\/\/www.adecom.com.mx\/producto\/torquimetro-para-uso-pesado-con-sistema-mecanico-de-click-de-alto-impacto\/"]}]},{"@type":"ImageObject","inLanguage":"en-US","@id":"https:\/\/www.adecom.com.mx\/producto\/torquimetro-para-uso-pesado-con-sistema-mecanico-de-click-de-alto-impacto\/#primaryimage","url":"https:\/\/www.adecom.com.mx\/wp-content\/uploads\/2021\/05\/adind.jpeg","contentUrl":"https:\/\/www.adecom.com.mx\/wp-content\/uploads\/2021\/05\/adind.jpeg","width":1000,"height":1000,"caption":"AD-IND"},{"@type":"BreadcrumbList","@id":"https:\/\/www.adecom.com.mx\/producto\/torquimetro-para-uso-pesado-con-sistema-mecanico-de-click-de-alto-impacto\/#breadcrumb","itemListElement":[{"@type":"ListItem","position":1,"name":"Portada","item":"https:\/\/www.adecom.com.mx\/"},{"@type":"ListItem","position":2,"name":"Productos","item":"https:\/\/www.adecom.com.mx\/tienda\/"},{"@type":"ListItem","position":3,"name":"Torqu\u00edmetro para uso pesado ideal para el transporte."}]},{"@type":"WebSite","@id":"https:\/\/www.adecom.com.mx\/#website","url":"https:\/\/www.adecom.com.mx\/","name":"Adecom","description":"The Best Torque and Tensi\u00f3n Experience","publisher":{"@id":"https:\/\/www.adecom.com.mx\/#organization"},"potentialAction":[{"@type":"SearchAction","target":{"@type":"EntryPoint","urlTemplate":"https:\/\/www.adecom.com.mx\/?s={search_term_string}"},"query-input":{"@type":"PropertyValueSpecification","valueRequired":true,"valueName":"search_term_string"}}],"inLanguage":"en-US"},{"@type":"Organization","@id":"https:\/\/www.adecom.com.mx\/#organization","name":"Adecom","url":"https:\/\/www.adecom.com.mx\/","logo":{"@type":"ImageObject","inLanguage":"en-US","@id":"https:\/\/www.adecom.com.mx\/#\/schema\/logo\/image\/","url":"http:\/\/www.adecom.com.mx\/wp-content\/uploads\/2022\/02\/greca_adecom.png","contentUrl":"http:\/\/www.adecom.com.mx\/wp-content\/uploads\/2022\/02\/greca_adecom.png","width":650,"height":551,"caption":"Adecom"},"image":{"@id":"https:\/\/www.adecom.com.mx\/#\/schema\/logo\/image\/"}}]}},"_links":{"self":[{"href":"https:\/\/www.adecom.com.mx\/en\/wp-json\/wp\/v2\/product\/678","targetHints":{"allow":["GET"]}}],"collection":[{"href":"https:\/\/www.adecom.com.mx\/en\/wp-json\/wp\/v2\/product"}],"about":[{"href":"https:\/\/www.adecom.com.mx\/en\/wp-json\/wp\/v2\/types\/product"}],"wp:featuredmedia":[{"embeddable":true,"href":"https:\/\/www.adecom.com.mx\/en\/wp-json\/wp\/v2\/media\/694"}],"wp:attachment":[{"href":"https:\/\/www.adecom.com.mx\/en\/wp-json\/wp\/v2\/media?parent=678"}],"wp:term":[{"taxonomy":"product_brand","embeddable":true,"href":"https:\/\/www.adecom.com.mx\/en\/wp-json\/wp\/v2\/product_brand?post=678"},{"taxonomy":"product_cat","embeddable":true,"href":"https:\/\/www.adecom.com.mx\/en\/wp-json\/wp\/v2\/product_cat?post=678"},{"taxonomy":"product_tag","embeddable":true,"href":"https:\/\/www.adecom.com.mx\/en\/wp-json\/wp\/v2\/product_tag?post=678"}],"curies":[{"name":"wp","href":"https:\/\/api.w.org\/{rel}","templated":true}]}}