{"id":674,"date":"2021-05-12T09:50:47","date_gmt":"2021-05-12T15:50:47","guid":{"rendered":"https:\/\/www.adecom.com.mx\/?post_type=product&#038;p=674"},"modified":"2021-10-07T08:59:15","modified_gmt":"2021-10-07T14:59:15","slug":"medidor-de-torque-estatico-y-dinamico-angulo-inalambrico","status":"publish","type":"product","link":"https:\/\/www.adecom.com.mx\/en\/product\/medidor-de-torque-estatico-y-dinamico-angulo-inalambrico\/","title":{"rendered":"Wireless Static and Dynamic Torque + Angle Meter"},"content":{"rendered":"<div class=\"page\" title=\"Page 14\">\n<div class=\"section\">\n<div class=\"layoutArea\">\n<div class=\"column\">\n<div class=\"page\" title=\"Page 14\">\n<div class=\"section\">\n<div class=\"layoutArea\">\n<div class=\"column\">\n<p>The world's smallest torque tester. Portable for verification and torque wrenches and screwdrivers testing.\n<br>\nHigh accuracy and reliable, easy operation for torque and angle measurement.<\/p>\n<div class=\"page\" title=\"Page 14\">\n<div class=\"section\">\n<div class=\"layoutArea\">\n<div class=\"column\">\n<ul>\n<li>It is used directly in the fastening process, allowing real torque values to be accurately recorded with high precision.<\/li>\n<li>Available in bidirectional measurement; data measurements can be stored, up to 999 readings and values; maximum, minimum, and average can be calculated and displayed.<\/li>\n<li>Data transfer to PC can be done via infrared or USB (Bluetooth models are also available).<\/li>\n<li>disabled<\/li>\n<\/ul>\n<\/div>\n<\/div>\n<\/div>\n<\/div>\n<\/div>\n<\/div>\n<\/div>\n<\/div>\n<\/div>\n<\/div>\n<\/div>\n<\/div>","protected":false},"excerpt":{"rendered":"<p>Unique Worldwide Patent<\/p>","protected":false},"featured_media":1396,"template":"","meta":{"_acf_changed":false,"content-type":"","_monsterinsights_skip_tracking":false,"_monsterinsights_sitenote_active":false,"_monsterinsights_sitenote_note":"","_monsterinsights_sitenote_category":0,"episode_type":"","audio_file":"","podmotor_file_id":"","podmotor_episode_id":"","cover_image":"","cover_image_id":"","duration":"","filesize":"","filesize_raw":"","date_recorded":"","explicit":"","block":"","_joinchat":[]},"product_brand":[],"product_cat":[45,20,44],"product_tag":[],"class_list":{"0":"post-674","1":"product","2":"type-product","3":"status-publish","4":"has-post-thumbnail","6":"product_cat-analizadores-de-torque-y-transductores","7":"product_cat-equipos-para-analisis-verificacion-y-audotoria","8":"product_cat-probadores-y-verificadores","10":"first","11":"instock","12":"taxable","13":"shipping-taxable","14":"product-type-simple"},"acf":[],"yoast_head":"<!-- This site is optimized with the Yoast SEO plugin v27.4 - https:\/\/yoast.com\/product\/yoast-seo-wordpress\/ -->\n<title>Medidor de torque est\u00e1tico y din\u00e1mico + \u00e1ngulo, inal\u00e1mbrico. - Adecom<\/title>\n<meta name=\"robots\" content=\"index, follow, max-snippet:-1, max-image-preview:large, max-video-preview:-1\" \/>\n<link rel=\"canonical\" href=\"https:\/\/www.adecom.com.mx\/en\/product\/medidor-de-torque-estatico-y-dinamico-angulo-inalambrico\/\" \/>\n<meta property=\"og:locale\" content=\"en_US\" \/>\n<meta property=\"og:type\" content=\"article\" \/>\n<meta property=\"og:title\" content=\"Medidor de torque est\u00e1tico y din\u00e1mico + \u00e1ngulo, inal\u00e1mbrico. - Adecom\" \/>\n<meta property=\"og:description\" content=\"Patente \u00fanica a nivel mundial.\" \/>\n<meta property=\"og:url\" content=\"https:\/\/www.adecom.com.mx\/en\/product\/medidor-de-torque-estatico-y-dinamico-angulo-inalambrico\/\" \/>\n<meta property=\"og:site_name\" content=\"Adecom\" \/>\n<meta property=\"article:modified_time\" content=\"2021-10-07T14:59:15+00:00\" \/>\n<meta property=\"og:image\" content=\"https:\/\/www.adecom.com.mx\/wp-content\/uploads\/2021\/05\/ST3-G-BT-tohnichi-03.jpg\" \/>\n\t<meta property=\"og:image:width\" content=\"1700\" \/>\n\t<meta property=\"og:image:height\" content=\"1800\" \/>\n\t<meta property=\"og:image:type\" content=\"image\/jpeg\" \/>\n<meta name=\"twitter:card\" content=\"summary_large_image\" \/>\n<meta name=\"twitter:label1\" content=\"Est. reading time\" \/>\n\t<meta name=\"twitter:data1\" content=\"1 minute\" \/>\n<script type=\"application\/ld+json\" class=\"yoast-schema-graph\">{\"@context\":\"https:\\\/\\\/schema.org\",\"@graph\":[{\"@type\":\"WebPage\",\"@id\":\"https:\\\/\\\/www.adecom.com.mx\\\/producto\\\/medidor-de-torque-estatico-y-dinamico-angulo-inalambrico\\\/\",\"url\":\"https:\\\/\\\/www.adecom.com.mx\\\/producto\\\/medidor-de-torque-estatico-y-dinamico-angulo-inalambrico\\\/\",\"name\":\"Medidor de torque est\u00e1tico y din\u00e1mico + \u00e1ngulo, inal\u00e1mbrico. - Adecom\",\"isPartOf\":{\"@id\":\"https:\\\/\\\/www.adecom.com.mx\\\/#website\"},\"primaryImageOfPage\":{\"@id\":\"https:\\\/\\\/www.adecom.com.mx\\\/producto\\\/medidor-de-torque-estatico-y-dinamico-angulo-inalambrico\\\/#primaryimage\"},\"image\":{\"@id\":\"https:\\\/\\\/www.adecom.com.mx\\\/producto\\\/medidor-de-torque-estatico-y-dinamico-angulo-inalambrico\\\/#primaryimage\"},\"thumbnailUrl\":\"https:\\\/\\\/www.adecom.com.mx\\\/wp-content\\\/uploads\\\/2021\\\/05\\\/ST3-G-BT-tohnichi-03.jpg\",\"datePublished\":\"2021-05-12T15:50:47+00:00\",\"dateModified\":\"2021-10-07T14:59:15+00:00\",\"breadcrumb\":{\"@id\":\"https:\\\/\\\/www.adecom.com.mx\\\/producto\\\/medidor-de-torque-estatico-y-dinamico-angulo-inalambrico\\\/#breadcrumb\"},\"inLanguage\":\"en-US\",\"potentialAction\":[{\"@type\":\"ReadAction\",\"target\":[\"https:\\\/\\\/www.adecom.com.mx\\\/producto\\\/medidor-de-torque-estatico-y-dinamico-angulo-inalambrico\\\/\"]}]},{\"@type\":\"ImageObject\",\"inLanguage\":\"en-US\",\"@id\":\"https:\\\/\\\/www.adecom.com.mx\\\/producto\\\/medidor-de-torque-estatico-y-dinamico-angulo-inalambrico\\\/#primaryimage\",\"url\":\"https:\\\/\\\/www.adecom.com.mx\\\/wp-content\\\/uploads\\\/2021\\\/05\\\/ST3-G-BT-tohnichi-03.jpg\",\"contentUrl\":\"https:\\\/\\\/www.adecom.com.mx\\\/wp-content\\\/uploads\\\/2021\\\/05\\\/ST3-G-BT-tohnichi-03.jpg\",\"width\":1700,\"height\":1800},{\"@type\":\"BreadcrumbList\",\"@id\":\"https:\\\/\\\/www.adecom.com.mx\\\/producto\\\/medidor-de-torque-estatico-y-dinamico-angulo-inalambrico\\\/#breadcrumb\",\"itemListElement\":[{\"@type\":\"ListItem\",\"position\":1,\"name\":\"Portada\",\"item\":\"https:\\\/\\\/www.adecom.com.mx\\\/\"},{\"@type\":\"ListItem\",\"position\":2,\"name\":\"Productos\",\"item\":\"https:\\\/\\\/www.adecom.com.mx\\\/tienda\\\/\"},{\"@type\":\"ListItem\",\"position\":3,\"name\":\"Medidor de torque est\u00e1tico y din\u00e1mico + \u00e1ngulo, inal\u00e1mbrico.\"}]},{\"@type\":\"WebSite\",\"@id\":\"https:\\\/\\\/www.adecom.com.mx\\\/#website\",\"url\":\"https:\\\/\\\/www.adecom.com.mx\\\/\",\"name\":\"Adecom\",\"description\":\"The Best Torque and Tensi\u00f3n Experience\",\"publisher\":{\"@id\":\"https:\\\/\\\/www.adecom.com.mx\\\/#organization\"},\"potentialAction\":[{\"@type\":\"SearchAction\",\"target\":{\"@type\":\"EntryPoint\",\"urlTemplate\":\"https:\\\/\\\/www.adecom.com.mx\\\/?s={search_term_string}\"},\"query-input\":{\"@type\":\"PropertyValueSpecification\",\"valueRequired\":true,\"valueName\":\"search_term_string\"}}],\"inLanguage\":\"en-US\"},{\"@type\":\"Organization\",\"@id\":\"https:\\\/\\\/www.adecom.com.mx\\\/#organization\",\"name\":\"Adecom\",\"url\":\"https:\\\/\\\/www.adecom.com.mx\\\/\",\"logo\":{\"@type\":\"ImageObject\",\"inLanguage\":\"en-US\",\"@id\":\"https:\\\/\\\/www.adecom.com.mx\\\/#\\\/schema\\\/logo\\\/image\\\/\",\"url\":\"http:\\\/\\\/www.adecom.com.mx\\\/wp-content\\\/uploads\\\/2022\\\/02\\\/greca_adecom.png\",\"contentUrl\":\"http:\\\/\\\/www.adecom.com.mx\\\/wp-content\\\/uploads\\\/2022\\\/02\\\/greca_adecom.png\",\"width\":650,\"height\":551,\"caption\":\"Adecom\"},\"image\":{\"@id\":\"https:\\\/\\\/www.adecom.com.mx\\\/#\\\/schema\\\/logo\\\/image\\\/\"}}]}<\/script>\n<!-- \/ Yoast SEO plugin. -->","yoast_head_json":{"title":"Medidor de torque est\u00e1tico y din\u00e1mico + \u00e1ngulo, inal\u00e1mbrico. - Adecom","robots":{"index":"index","follow":"follow","max-snippet":"max-snippet:-1","max-image-preview":"max-image-preview:large","max-video-preview":"max-video-preview:-1"},"canonical":"https:\/\/www.adecom.com.mx\/en\/product\/medidor-de-torque-estatico-y-dinamico-angulo-inalambrico\/","og_locale":"en_US","og_type":"article","og_title":"Medidor de torque est\u00e1tico y din\u00e1mico + \u00e1ngulo, inal\u00e1mbrico. - Adecom","og_description":"Patente \u00fanica a nivel mundial.","og_url":"https:\/\/www.adecom.com.mx\/en\/product\/medidor-de-torque-estatico-y-dinamico-angulo-inalambrico\/","og_site_name":"Adecom","article_modified_time":"2021-10-07T14:59:15+00:00","og_image":[{"width":1700,"height":1800,"url":"https:\/\/www.adecom.com.mx\/wp-content\/uploads\/2021\/05\/ST3-G-BT-tohnichi-03.jpg","type":"image\/jpeg"}],"twitter_card":"summary_large_image","twitter_misc":{"Est. reading time":"1 minute"},"schema":{"@context":"https:\/\/schema.org","@graph":[{"@type":"WebPage","@id":"https:\/\/www.adecom.com.mx\/producto\/medidor-de-torque-estatico-y-dinamico-angulo-inalambrico\/","url":"https:\/\/www.adecom.com.mx\/producto\/medidor-de-torque-estatico-y-dinamico-angulo-inalambrico\/","name":"Medidor de torque est\u00e1tico y din\u00e1mico + \u00e1ngulo, inal\u00e1mbrico. - Adecom","isPartOf":{"@id":"https:\/\/www.adecom.com.mx\/#website"},"primaryImageOfPage":{"@id":"https:\/\/www.adecom.com.mx\/producto\/medidor-de-torque-estatico-y-dinamico-angulo-inalambrico\/#primaryimage"},"image":{"@id":"https:\/\/www.adecom.com.mx\/producto\/medidor-de-torque-estatico-y-dinamico-angulo-inalambrico\/#primaryimage"},"thumbnailUrl":"https:\/\/www.adecom.com.mx\/wp-content\/uploads\/2021\/05\/ST3-G-BT-tohnichi-03.jpg","datePublished":"2021-05-12T15:50:47+00:00","dateModified":"2021-10-07T14:59:15+00:00","breadcrumb":{"@id":"https:\/\/www.adecom.com.mx\/producto\/medidor-de-torque-estatico-y-dinamico-angulo-inalambrico\/#breadcrumb"},"inLanguage":"en-US","potentialAction":[{"@type":"ReadAction","target":["https:\/\/www.adecom.com.mx\/producto\/medidor-de-torque-estatico-y-dinamico-angulo-inalambrico\/"]}]},{"@type":"ImageObject","inLanguage":"en-US","@id":"https:\/\/www.adecom.com.mx\/producto\/medidor-de-torque-estatico-y-dinamico-angulo-inalambrico\/#primaryimage","url":"https:\/\/www.adecom.com.mx\/wp-content\/uploads\/2021\/05\/ST3-G-BT-tohnichi-03.jpg","contentUrl":"https:\/\/www.adecom.com.mx\/wp-content\/uploads\/2021\/05\/ST3-G-BT-tohnichi-03.jpg","width":1700,"height":1800},{"@type":"BreadcrumbList","@id":"https:\/\/www.adecom.com.mx\/producto\/medidor-de-torque-estatico-y-dinamico-angulo-inalambrico\/#breadcrumb","itemListElement":[{"@type":"ListItem","position":1,"name":"Portada","item":"https:\/\/www.adecom.com.mx\/"},{"@type":"ListItem","position":2,"name":"Productos","item":"https:\/\/www.adecom.com.mx\/tienda\/"},{"@type":"ListItem","position":3,"name":"Medidor de torque est\u00e1tico y din\u00e1mico + \u00e1ngulo, inal\u00e1mbrico."}]},{"@type":"WebSite","@id":"https:\/\/www.adecom.com.mx\/#website","url":"https:\/\/www.adecom.com.mx\/","name":"Adecom","description":"The Best Torque and Tensi\u00f3n Experience","publisher":{"@id":"https:\/\/www.adecom.com.mx\/#organization"},"potentialAction":[{"@type":"SearchAction","target":{"@type":"EntryPoint","urlTemplate":"https:\/\/www.adecom.com.mx\/?s={search_term_string}"},"query-input":{"@type":"PropertyValueSpecification","valueRequired":true,"valueName":"search_term_string"}}],"inLanguage":"en-US"},{"@type":"Organization","@id":"https:\/\/www.adecom.com.mx\/#organization","name":"Adecom","url":"https:\/\/www.adecom.com.mx\/","logo":{"@type":"ImageObject","inLanguage":"en-US","@id":"https:\/\/www.adecom.com.mx\/#\/schema\/logo\/image\/","url":"http:\/\/www.adecom.com.mx\/wp-content\/uploads\/2022\/02\/greca_adecom.png","contentUrl":"http:\/\/www.adecom.com.mx\/wp-content\/uploads\/2022\/02\/greca_adecom.png","width":650,"height":551,"caption":"Adecom"},"image":{"@id":"https:\/\/www.adecom.com.mx\/#\/schema\/logo\/image\/"}}]}},"_links":{"self":[{"href":"https:\/\/www.adecom.com.mx\/en\/wp-json\/wp\/v2\/product\/674","targetHints":{"allow":["GET"]}}],"collection":[{"href":"https:\/\/www.adecom.com.mx\/en\/wp-json\/wp\/v2\/product"}],"about":[{"href":"https:\/\/www.adecom.com.mx\/en\/wp-json\/wp\/v2\/types\/product"}],"wp:featuredmedia":[{"embeddable":true,"href":"https:\/\/www.adecom.com.mx\/en\/wp-json\/wp\/v2\/media\/1396"}],"wp:attachment":[{"href":"https:\/\/www.adecom.com.mx\/en\/wp-json\/wp\/v2\/media?parent=674"}],"wp:term":[{"taxonomy":"product_brand","embeddable":true,"href":"https:\/\/www.adecom.com.mx\/en\/wp-json\/wp\/v2\/product_brand?post=674"},{"taxonomy":"product_cat","embeddable":true,"href":"https:\/\/www.adecom.com.mx\/en\/wp-json\/wp\/v2\/product_cat?post=674"},{"taxonomy":"product_tag","embeddable":true,"href":"https:\/\/www.adecom.com.mx\/en\/wp-json\/wp\/v2\/product_tag?post=674"}],"curies":[{"name":"wp","href":"https:\/\/api.w.org\/{rel}","templated":true}]}}