{"id":645,"date":"2021-05-10T10:47:33","date_gmt":"2021-05-10T16:47:33","guid":{"rendered":"https:\/\/www.adecom.com.mx\/?post_type=product&#038;p=645"},"modified":"2021-09-29T09:16:00","modified_gmt":"2021-09-29T15:16:00","slug":"atornillador-bosch","status":"publish","type":"product","link":"https:\/\/www.adecom.com.mx\/en\/product\/atornillador-bosch\/","title":{"rendered":"Cordless screwdriver: maximum repeatability."},"content":{"rendered":"<p>Atornilladores inal\u00e1mbricos tipo pistola y angular para ensambles conforme a ISO 5393. Ensambles de producci\u00f3n masivos con control para uniones tipo &#8220;B&#8221; y \u201cC\u201d sin resguardo de valor de torque. Extremadamente resistentes con una m\u00ednima p\u00e9rdida de energ\u00eda, por lo que adem\u00e1s reducen sus costos con su vida \u00fatil superior. Su reducido peso de tan solo 1,3 kg.<\/p>\n<ul>\n<li>Disconnect Clutch: Exceeds ISO 10% tolerance for reliable performance.<\/li>\n<li>Wide Torque Range: Flexible for various tightening applications.<\/li>\n<li>Process Control: Adjustable multi-stage tightening via USB interface for precise control.<\/li>\n<li>Battery Charge Indicator: Visual and audible alerts for battery status.<\/li>\n<li>OK\/NOK Torque Indicator: Ensures accurate and quality-controlled assembly.<\/li>\n<li>LED Worklight: Programmable lighting enhances workspace visibility.<\/li>\n<li>Forward\/Reverse Switch: Manual trigger for easy operation.<\/li>\n<li>Internal Electronics: Prevents low torque when the battery charge is low.<\/li>\n<li>Anti-Repetition Protection: Prevents accidental repeated tightening.<\/li>\n<li>Efficiency with greater speed and a motor with Bosch EC technology.<\/li>\n<li>Battery Management: Prevents low torque at the end of the battery\u2019s charge with internal electronics.<\/li>\n<li>Anti-Repetition Safety: Prevents accidental repeated tightening for secure assembly.<\/li>\n<\/ul>\n<div id=\"simple-translate\"><\/div>","protected":false},"excerpt":{"rendered":"<p>Precision, Power and Performance\nLightweight, Durable, Efficient<\/p>","protected":false},"featured_media":1133,"template":"","meta":{"_acf_changed":false,"content-type":"","_monsterinsights_skip_tracking":false,"_monsterinsights_sitenote_active":false,"_monsterinsights_sitenote_note":"","_monsterinsights_sitenote_category":0,"episode_type":"","audio_file":"","podmotor_file_id":"","podmotor_episode_id":"","cover_image":"","cover_image_id":"","duration":"","filesize":"","filesize_raw":"","date_recorded":"","explicit":"","block":"","_joinchat":[]},"product_brand":[],"product_cat":[18,37],"product_tag":[],"class_list":{"0":"post-645","1":"product","2":"type-product","3":"status-publish","4":"has-post-thumbnail","6":"product_cat-atornilladores-y-sistemas-de-ensamble","7":"product_cat-inalambricos","9":"first","10":"instock","11":"taxable","12":"shipping-taxable","13":"product-type-simple"},"acf":[],"yoast_head":"<!-- This site is optimized with the Yoast SEO plugin v27.3 - https:\/\/yoast.com\/product\/yoast-seo-wordpress\/ -->\n<title>Atornillador inal\u00e1mbrico: m\u00e1xima repetibilidad. - Adecom<\/title>\n<meta name=\"robots\" content=\"index, follow, max-snippet:-1, max-image-preview:large, max-video-preview:-1\" \/>\n<link rel=\"canonical\" href=\"https:\/\/www.adecom.com.mx\/en\/product\/atornillador-bosch\/\" \/>\n<meta property=\"og:locale\" content=\"en_US\" \/>\n<meta property=\"og:type\" content=\"article\" \/>\n<meta property=\"og:title\" content=\"Atornillador inal\u00e1mbrico: m\u00e1xima repetibilidad. - Adecom\" \/>\n<meta property=\"og:description\" content=\"Poderoso, ligero, preciso\" \/>\n<meta property=\"og:url\" content=\"https:\/\/www.adecom.com.mx\/en\/product\/atornillador-bosch\/\" \/>\n<meta property=\"og:site_name\" content=\"Adecom\" \/>\n<meta property=\"article:modified_time\" content=\"2021-09-29T15:16:00+00:00\" \/>\n<meta property=\"og:image\" content=\"https:\/\/www.adecom.com.mx\/wp-content\/uploads\/2021\/05\/EXACT_ION_12-700_18V_GBA_2_Mesa-de-trabajo-1.jpg\" \/>\n\t<meta property=\"og:image:width\" content=\"1800\" \/>\n\t<meta property=\"og:image:height\" content=\"1800\" \/>\n\t<meta property=\"og:image:type\" content=\"image\/jpeg\" \/>\n<meta name=\"twitter:card\" content=\"summary_large_image\" \/>\n<meta name=\"twitter:label1\" content=\"Est. reading time\" \/>\n\t<meta name=\"twitter:data1\" content=\"1 minute\" \/>\n<script type=\"application\/ld+json\" class=\"yoast-schema-graph\">{\"@context\":\"https:\\\/\\\/schema.org\",\"@graph\":[{\"@type\":\"WebPage\",\"@id\":\"https:\\\/\\\/www.adecom.com.mx\\\/producto\\\/atornillador-bosch\\\/\",\"url\":\"https:\\\/\\\/www.adecom.com.mx\\\/producto\\\/atornillador-bosch\\\/\",\"name\":\"Atornillador inal\u00e1mbrico: m\u00e1xima repetibilidad. - Adecom\",\"isPartOf\":{\"@id\":\"https:\\\/\\\/www.adecom.com.mx\\\/#website\"},\"primaryImageOfPage\":{\"@id\":\"https:\\\/\\\/www.adecom.com.mx\\\/producto\\\/atornillador-bosch\\\/#primaryimage\"},\"image\":{\"@id\":\"https:\\\/\\\/www.adecom.com.mx\\\/producto\\\/atornillador-bosch\\\/#primaryimage\"},\"thumbnailUrl\":\"https:\\\/\\\/www.adecom.com.mx\\\/wp-content\\\/uploads\\\/2021\\\/05\\\/EXACT_ION_12-700_18V_GBA_2_Mesa-de-trabajo-1.jpg\",\"datePublished\":\"2021-05-10T16:47:33+00:00\",\"dateModified\":\"2021-09-29T15:16:00+00:00\",\"breadcrumb\":{\"@id\":\"https:\\\/\\\/www.adecom.com.mx\\\/producto\\\/atornillador-bosch\\\/#breadcrumb\"},\"inLanguage\":\"en-US\",\"potentialAction\":[{\"@type\":\"ReadAction\",\"target\":[\"https:\\\/\\\/www.adecom.com.mx\\\/producto\\\/atornillador-bosch\\\/\"]}]},{\"@type\":\"ImageObject\",\"inLanguage\":\"en-US\",\"@id\":\"https:\\\/\\\/www.adecom.com.mx\\\/producto\\\/atornillador-bosch\\\/#primaryimage\",\"url\":\"https:\\\/\\\/www.adecom.com.mx\\\/wp-content\\\/uploads\\\/2021\\\/05\\\/EXACT_ION_12-700_18V_GBA_2_Mesa-de-trabajo-1.jpg\",\"contentUrl\":\"https:\\\/\\\/www.adecom.com.mx\\\/wp-content\\\/uploads\\\/2021\\\/05\\\/EXACT_ION_12-700_18V_GBA_2_Mesa-de-trabajo-1.jpg\",\"width\":1800,\"height\":1800},{\"@type\":\"BreadcrumbList\",\"@id\":\"https:\\\/\\\/www.adecom.com.mx\\\/producto\\\/atornillador-bosch\\\/#breadcrumb\",\"itemListElement\":[{\"@type\":\"ListItem\",\"position\":1,\"name\":\"Portada\",\"item\":\"https:\\\/\\\/www.adecom.com.mx\\\/\"},{\"@type\":\"ListItem\",\"position\":2,\"name\":\"Productos\",\"item\":\"https:\\\/\\\/www.adecom.com.mx\\\/en\\\/tienda\\\/\"},{\"@type\":\"ListItem\",\"position\":3,\"name\":\"Atornillador inal\u00e1mbrico: m\u00e1xima repetibilidad.\"}]},{\"@type\":\"WebSite\",\"@id\":\"https:\\\/\\\/www.adecom.com.mx\\\/#website\",\"url\":\"https:\\\/\\\/www.adecom.com.mx\\\/\",\"name\":\"Adecom\",\"description\":\"The Best Torque and Tensi\u00f3n Experience\",\"publisher\":{\"@id\":\"https:\\\/\\\/www.adecom.com.mx\\\/#organization\"},\"potentialAction\":[{\"@type\":\"SearchAction\",\"target\":{\"@type\":\"EntryPoint\",\"urlTemplate\":\"https:\\\/\\\/www.adecom.com.mx\\\/?s={search_term_string}\"},\"query-input\":{\"@type\":\"PropertyValueSpecification\",\"valueRequired\":true,\"valueName\":\"search_term_string\"}}],\"inLanguage\":\"en-US\"},{\"@type\":\"Organization\",\"@id\":\"https:\\\/\\\/www.adecom.com.mx\\\/#organization\",\"name\":\"Adecom\",\"url\":\"https:\\\/\\\/www.adecom.com.mx\\\/\",\"logo\":{\"@type\":\"ImageObject\",\"inLanguage\":\"en-US\",\"@id\":\"https:\\\/\\\/www.adecom.com.mx\\\/#\\\/schema\\\/logo\\\/image\\\/\",\"url\":\"http:\\\/\\\/www.adecom.com.mx\\\/wp-content\\\/uploads\\\/2022\\\/02\\\/greca_adecom.png\",\"contentUrl\":\"http:\\\/\\\/www.adecom.com.mx\\\/wp-content\\\/uploads\\\/2022\\\/02\\\/greca_adecom.png\",\"width\":650,\"height\":551,\"caption\":\"Adecom\"},\"image\":{\"@id\":\"https:\\\/\\\/www.adecom.com.mx\\\/#\\\/schema\\\/logo\\\/image\\\/\"}}]}<\/script>\n<!-- \/ Yoast SEO plugin. -->","yoast_head_json":{"title":"Atornillador inal\u00e1mbrico: m\u00e1xima repetibilidad. - Adecom","robots":{"index":"index","follow":"follow","max-snippet":"max-snippet:-1","max-image-preview":"max-image-preview:large","max-video-preview":"max-video-preview:-1"},"canonical":"https:\/\/www.adecom.com.mx\/en\/product\/atornillador-bosch\/","og_locale":"en_US","og_type":"article","og_title":"Atornillador inal\u00e1mbrico: m\u00e1xima repetibilidad. - Adecom","og_description":"Poderoso, ligero, preciso","og_url":"https:\/\/www.adecom.com.mx\/en\/product\/atornillador-bosch\/","og_site_name":"Adecom","article_modified_time":"2021-09-29T15:16:00+00:00","og_image":[{"width":1800,"height":1800,"url":"https:\/\/www.adecom.com.mx\/wp-content\/uploads\/2021\/05\/EXACT_ION_12-700_18V_GBA_2_Mesa-de-trabajo-1.jpg","type":"image\/jpeg"}],"twitter_card":"summary_large_image","twitter_misc":{"Est. reading time":"1 minute"},"schema":{"@context":"https:\/\/schema.org","@graph":[{"@type":"WebPage","@id":"https:\/\/www.adecom.com.mx\/producto\/atornillador-bosch\/","url":"https:\/\/www.adecom.com.mx\/producto\/atornillador-bosch\/","name":"Atornillador inal\u00e1mbrico: m\u00e1xima repetibilidad. - Adecom","isPartOf":{"@id":"https:\/\/www.adecom.com.mx\/#website"},"primaryImageOfPage":{"@id":"https:\/\/www.adecom.com.mx\/producto\/atornillador-bosch\/#primaryimage"},"image":{"@id":"https:\/\/www.adecom.com.mx\/producto\/atornillador-bosch\/#primaryimage"},"thumbnailUrl":"https:\/\/www.adecom.com.mx\/wp-content\/uploads\/2021\/05\/EXACT_ION_12-700_18V_GBA_2_Mesa-de-trabajo-1.jpg","datePublished":"2021-05-10T16:47:33+00:00","dateModified":"2021-09-29T15:16:00+00:00","breadcrumb":{"@id":"https:\/\/www.adecom.com.mx\/producto\/atornillador-bosch\/#breadcrumb"},"inLanguage":"en-US","potentialAction":[{"@type":"ReadAction","target":["https:\/\/www.adecom.com.mx\/producto\/atornillador-bosch\/"]}]},{"@type":"ImageObject","inLanguage":"en-US","@id":"https:\/\/www.adecom.com.mx\/producto\/atornillador-bosch\/#primaryimage","url":"https:\/\/www.adecom.com.mx\/wp-content\/uploads\/2021\/05\/EXACT_ION_12-700_18V_GBA_2_Mesa-de-trabajo-1.jpg","contentUrl":"https:\/\/www.adecom.com.mx\/wp-content\/uploads\/2021\/05\/EXACT_ION_12-700_18V_GBA_2_Mesa-de-trabajo-1.jpg","width":1800,"height":1800},{"@type":"BreadcrumbList","@id":"https:\/\/www.adecom.com.mx\/producto\/atornillador-bosch\/#breadcrumb","itemListElement":[{"@type":"ListItem","position":1,"name":"Portada","item":"https:\/\/www.adecom.com.mx\/"},{"@type":"ListItem","position":2,"name":"Productos","item":"https:\/\/www.adecom.com.mx\/en\/tienda\/"},{"@type":"ListItem","position":3,"name":"Atornillador inal\u00e1mbrico: m\u00e1xima repetibilidad."}]},{"@type":"WebSite","@id":"https:\/\/www.adecom.com.mx\/#website","url":"https:\/\/www.adecom.com.mx\/","name":"Adecom","description":"The Best Torque and Tensi\u00f3n Experience","publisher":{"@id":"https:\/\/www.adecom.com.mx\/#organization"},"potentialAction":[{"@type":"SearchAction","target":{"@type":"EntryPoint","urlTemplate":"https:\/\/www.adecom.com.mx\/?s={search_term_string}"},"query-input":{"@type":"PropertyValueSpecification","valueRequired":true,"valueName":"search_term_string"}}],"inLanguage":"en-US"},{"@type":"Organization","@id":"https:\/\/www.adecom.com.mx\/#organization","name":"Adecom","url":"https:\/\/www.adecom.com.mx\/","logo":{"@type":"ImageObject","inLanguage":"en-US","@id":"https:\/\/www.adecom.com.mx\/#\/schema\/logo\/image\/","url":"http:\/\/www.adecom.com.mx\/wp-content\/uploads\/2022\/02\/greca_adecom.png","contentUrl":"http:\/\/www.adecom.com.mx\/wp-content\/uploads\/2022\/02\/greca_adecom.png","width":650,"height":551,"caption":"Adecom"},"image":{"@id":"https:\/\/www.adecom.com.mx\/#\/schema\/logo\/image\/"}}]}},"_links":{"self":[{"href":"https:\/\/www.adecom.com.mx\/en\/wp-json\/wp\/v2\/product\/645","targetHints":{"allow":["GET"]}}],"collection":[{"href":"https:\/\/www.adecom.com.mx\/en\/wp-json\/wp\/v2\/product"}],"about":[{"href":"https:\/\/www.adecom.com.mx\/en\/wp-json\/wp\/v2\/types\/product"}],"wp:featuredmedia":[{"embeddable":true,"href":"https:\/\/www.adecom.com.mx\/en\/wp-json\/wp\/v2\/media\/1133"}],"wp:attachment":[{"href":"https:\/\/www.adecom.com.mx\/en\/wp-json\/wp\/v2\/media?parent=645"}],"wp:term":[{"taxonomy":"product_brand","embeddable":true,"href":"https:\/\/www.adecom.com.mx\/en\/wp-json\/wp\/v2\/product_brand?post=645"},{"taxonomy":"product_cat","embeddable":true,"href":"https:\/\/www.adecom.com.mx\/en\/wp-json\/wp\/v2\/product_cat?post=645"},{"taxonomy":"product_tag","embeddable":true,"href":"https:\/\/www.adecom.com.mx\/en\/wp-json\/wp\/v2\/product_tag?post=645"}],"curies":[{"name":"wp","href":"https:\/\/api.w.org\/{rel}","templated":true}]}}