{"id":623,"date":"2021-05-10T09:24:42","date_gmt":"2021-05-10T15:24:42","guid":{"rendered":"https:\/\/www.adecom.com.mx\/?post_type=product&#038;p=623"},"modified":"2022-08-22T13:02:35","modified_gmt":"2022-08-22T19:02:35","slug":"llave-hidraulica-torcup-4","status":"publish","type":"product","link":"https:\/\/www.adecom.com.mx\/en\/product\/llave-hidraulica-torcup-4\/","title":{"rendered":"Low-Profile Hydraulic Wrench, Uni-Rotary"},"content":{"rendered":"<p>Cada componente est\u00e1 dise\u00f1ado para un alto rendimiento de torque y durabilidad para ofrecer resultados de trabajo con precisi\u00f3n.<\/p>\n<p>Con el conjunto giratorio de manguera colocado sobre la carcasa de la herramienta\u00a0se puede aplicar un par de torsi\u00f3n en cada aplicaci\u00f3n con una precisi\u00f3n de +\/- 3%.<span class=\"Apple-converted-space\">\u00a0<\/span><\/p>\n<ul>\n<li>Uni-Swivel Design: 360 degree by 180 degree uni-swivel allows for shorter tool length, accommodating applications with obstructions.<\/li>\n<li>Drip-Free Quick Connect Couplers - These 3:1 rated safety couplers are designed for easy coupling. The coupler collar ensures secure operation.<\/li>\n<\/ul>\n<p>&nbsp;<\/p>","protected":false},"excerpt":{"rendered":"<p>The TX U is the only work tool that will give you freedom when faced with limitations.<\/p>","protected":false},"featured_media":633,"template":"","meta":{"_acf_changed":false,"content-type":"","_monsterinsights_skip_tracking":false,"_monsterinsights_sitenote_active":false,"_monsterinsights_sitenote_note":"","_monsterinsights_sitenote_category":0,"episode_type":"","audio_file":"","podmotor_file_id":"","podmotor_episode_id":"","cover_image":"","cover_image_id":"","duration":"","filesize":"","filesize_raw":"","date_recorded":"","explicit":"","block":"","_joinchat":[]},"product_brand":[],"product_cat":[57],"product_tag":[],"class_list":{"0":"post-623","1":"product","2":"type-product","3":"status-publish","4":"has-post-thumbnail","6":"product_cat-llaves-hidraulicas","8":"first","9":"instock","10":"taxable","11":"shipping-taxable","12":"product-type-simple"},"acf":[],"yoast_head":"<!-- This site is optimized with the Yoast SEO plugin v27.3 - https:\/\/yoast.com\/product\/yoast-seo-wordpress\/ -->\n<title>Llave hidr\u00e1ulica de bajo perfil uni-giratorio. - Adecom<\/title>\n<meta name=\"description\" content=\"Llave hidr\u00e1ulica de bajo perfil. TX es la \u00fanica herramienta de trabajo que te dar\u00e1 libertad cuando te enfrentes a limitaciones.\" \/>\n<meta name=\"robots\" content=\"index, follow, max-snippet:-1, max-image-preview:large, max-video-preview:-1\" \/>\n<link rel=\"canonical\" href=\"https:\/\/www.adecom.com.mx\/en\/product\/llave-hidraulica-torcup-4\/\" \/>\n<meta property=\"og:locale\" content=\"en_US\" \/>\n<meta property=\"og:type\" content=\"article\" \/>\n<meta property=\"og:title\" content=\"Llave hidr\u00e1ulica de bajo perfil uni-giratorio. - Adecom\" \/>\n<meta property=\"og:description\" content=\"Llave hidr\u00e1ulica de bajo perfil. TX es la \u00fanica herramienta de trabajo que te dar\u00e1 libertad cuando te enfrentes a limitaciones.\" \/>\n<meta property=\"og:url\" content=\"https:\/\/www.adecom.com.mx\/en\/product\/llave-hidraulica-torcup-4\/\" \/>\n<meta property=\"og:site_name\" content=\"Adecom\" \/>\n<meta property=\"article:modified_time\" content=\"2022-08-22T19:02:35+00:00\" \/>\n<meta property=\"og:image\" content=\"https:\/\/www.adecom.com.mx\/wp-content\/uploads\/2021\/05\/llave-hidraulica-TXU-torcup-1.jpg\" \/>\n\t<meta property=\"og:image:width\" content=\"1200\" \/>\n\t<meta property=\"og:image:height\" content=\"1200\" \/>\n\t<meta property=\"og:image:type\" content=\"image\/jpeg\" \/>\n<meta name=\"twitter:card\" content=\"summary_large_image\" \/>\n<meta name=\"twitter:label1\" content=\"Est. reading time\" \/>\n\t<meta name=\"twitter:data1\" content=\"1 minute\" \/>\n<script type=\"application\/ld+json\" class=\"yoast-schema-graph\">{\"@context\":\"https:\\\/\\\/schema.org\",\"@graph\":[{\"@type\":\"WebPage\",\"@id\":\"https:\\\/\\\/www.adecom.com.mx\\\/producto\\\/llave-hidraulica-torcup-4\\\/\",\"url\":\"https:\\\/\\\/www.adecom.com.mx\\\/producto\\\/llave-hidraulica-torcup-4\\\/\",\"name\":\"Llave hidr\u00e1ulica de bajo perfil uni-giratorio. - Adecom\",\"isPartOf\":{\"@id\":\"https:\\\/\\\/www.adecom.com.mx\\\/#website\"},\"primaryImageOfPage\":{\"@id\":\"https:\\\/\\\/www.adecom.com.mx\\\/producto\\\/llave-hidraulica-torcup-4\\\/#primaryimage\"},\"image\":{\"@id\":\"https:\\\/\\\/www.adecom.com.mx\\\/producto\\\/llave-hidraulica-torcup-4\\\/#primaryimage\"},\"thumbnailUrl\":\"https:\\\/\\\/www.adecom.com.mx\\\/wp-content\\\/uploads\\\/2021\\\/05\\\/llave-hidraulica-TXU-torcup-1.jpg\",\"datePublished\":\"2021-05-10T15:24:42+00:00\",\"dateModified\":\"2022-08-22T19:02:35+00:00\",\"description\":\"Llave hidr\u00e1ulica de bajo perfil. TX es la \u00fanica herramienta de trabajo que te dar\u00e1 libertad cuando te enfrentes a limitaciones.\",\"breadcrumb\":{\"@id\":\"https:\\\/\\\/www.adecom.com.mx\\\/producto\\\/llave-hidraulica-torcup-4\\\/#breadcrumb\"},\"inLanguage\":\"en-US\",\"potentialAction\":[{\"@type\":\"ReadAction\",\"target\":[\"https:\\\/\\\/www.adecom.com.mx\\\/producto\\\/llave-hidraulica-torcup-4\\\/\"]}]},{\"@type\":\"ImageObject\",\"inLanguage\":\"en-US\",\"@id\":\"https:\\\/\\\/www.adecom.com.mx\\\/producto\\\/llave-hidraulica-torcup-4\\\/#primaryimage\",\"url\":\"https:\\\/\\\/www.adecom.com.mx\\\/wp-content\\\/uploads\\\/2021\\\/05\\\/llave-hidraulica-TXU-torcup-1.jpg\",\"contentUrl\":\"https:\\\/\\\/www.adecom.com.mx\\\/wp-content\\\/uploads\\\/2021\\\/05\\\/llave-hidraulica-TXU-torcup-1.jpg\",\"width\":1200,\"height\":1200,\"caption\":\"Llave hidraulica bajo perfil TX\"},{\"@type\":\"BreadcrumbList\",\"@id\":\"https:\\\/\\\/www.adecom.com.mx\\\/producto\\\/llave-hidraulica-torcup-4\\\/#breadcrumb\",\"itemListElement\":[{\"@type\":\"ListItem\",\"position\":1,\"name\":\"Portada\",\"item\":\"https:\\\/\\\/www.adecom.com.mx\\\/\"},{\"@type\":\"ListItem\",\"position\":2,\"name\":\"Productos\",\"item\":\"https:\\\/\\\/www.adecom.com.mx\\\/en\\\/tienda\\\/\"},{\"@type\":\"ListItem\",\"position\":3,\"name\":\"Llave hidr\u00e1ulica de bajo perfil uni-giratorio.\"}]},{\"@type\":\"WebSite\",\"@id\":\"https:\\\/\\\/www.adecom.com.mx\\\/#website\",\"url\":\"https:\\\/\\\/www.adecom.com.mx\\\/\",\"name\":\"Adecom\",\"description\":\"The Best Torque and Tensi\u00f3n Experience\",\"publisher\":{\"@id\":\"https:\\\/\\\/www.adecom.com.mx\\\/#organization\"},\"potentialAction\":[{\"@type\":\"SearchAction\",\"target\":{\"@type\":\"EntryPoint\",\"urlTemplate\":\"https:\\\/\\\/www.adecom.com.mx\\\/?s={search_term_string}\"},\"query-input\":{\"@type\":\"PropertyValueSpecification\",\"valueRequired\":true,\"valueName\":\"search_term_string\"}}],\"inLanguage\":\"en-US\"},{\"@type\":\"Organization\",\"@id\":\"https:\\\/\\\/www.adecom.com.mx\\\/#organization\",\"name\":\"Adecom\",\"url\":\"https:\\\/\\\/www.adecom.com.mx\\\/\",\"logo\":{\"@type\":\"ImageObject\",\"inLanguage\":\"en-US\",\"@id\":\"https:\\\/\\\/www.adecom.com.mx\\\/#\\\/schema\\\/logo\\\/image\\\/\",\"url\":\"http:\\\/\\\/www.adecom.com.mx\\\/wp-content\\\/uploads\\\/2022\\\/02\\\/greca_adecom.png\",\"contentUrl\":\"http:\\\/\\\/www.adecom.com.mx\\\/wp-content\\\/uploads\\\/2022\\\/02\\\/greca_adecom.png\",\"width\":650,\"height\":551,\"caption\":\"Adecom\"},\"image\":{\"@id\":\"https:\\\/\\\/www.adecom.com.mx\\\/#\\\/schema\\\/logo\\\/image\\\/\"}}]}<\/script>\n<!-- \/ Yoast SEO plugin. -->","yoast_head_json":{"title":"Llave hidr\u00e1ulica de bajo perfil uni-giratorio. - Adecom","description":"Llave hidr\u00e1ulica de bajo perfil. TX es la \u00fanica herramienta de trabajo que te dar\u00e1 libertad cuando te enfrentes a limitaciones.","robots":{"index":"index","follow":"follow","max-snippet":"max-snippet:-1","max-image-preview":"max-image-preview:large","max-video-preview":"max-video-preview:-1"},"canonical":"https:\/\/www.adecom.com.mx\/en\/product\/llave-hidraulica-torcup-4\/","og_locale":"en_US","og_type":"article","og_title":"Llave hidr\u00e1ulica de bajo perfil uni-giratorio. - Adecom","og_description":"Llave hidr\u00e1ulica de bajo perfil. TX es la \u00fanica herramienta de trabajo que te dar\u00e1 libertad cuando te enfrentes a limitaciones.","og_url":"https:\/\/www.adecom.com.mx\/en\/product\/llave-hidraulica-torcup-4\/","og_site_name":"Adecom","article_modified_time":"2022-08-22T19:02:35+00:00","og_image":[{"width":1200,"height":1200,"url":"https:\/\/www.adecom.com.mx\/wp-content\/uploads\/2021\/05\/llave-hidraulica-TXU-torcup-1.jpg","type":"image\/jpeg"}],"twitter_card":"summary_large_image","twitter_misc":{"Est. reading time":"1 minute"},"schema":{"@context":"https:\/\/schema.org","@graph":[{"@type":"WebPage","@id":"https:\/\/www.adecom.com.mx\/producto\/llave-hidraulica-torcup-4\/","url":"https:\/\/www.adecom.com.mx\/producto\/llave-hidraulica-torcup-4\/","name":"Llave hidr\u00e1ulica de bajo perfil uni-giratorio. - Adecom","isPartOf":{"@id":"https:\/\/www.adecom.com.mx\/#website"},"primaryImageOfPage":{"@id":"https:\/\/www.adecom.com.mx\/producto\/llave-hidraulica-torcup-4\/#primaryimage"},"image":{"@id":"https:\/\/www.adecom.com.mx\/producto\/llave-hidraulica-torcup-4\/#primaryimage"},"thumbnailUrl":"https:\/\/www.adecom.com.mx\/wp-content\/uploads\/2021\/05\/llave-hidraulica-TXU-torcup-1.jpg","datePublished":"2021-05-10T15:24:42+00:00","dateModified":"2022-08-22T19:02:35+00:00","description":"Llave hidr\u00e1ulica de bajo perfil. TX es la \u00fanica herramienta de trabajo que te dar\u00e1 libertad cuando te enfrentes a limitaciones.","breadcrumb":{"@id":"https:\/\/www.adecom.com.mx\/producto\/llave-hidraulica-torcup-4\/#breadcrumb"},"inLanguage":"en-US","potentialAction":[{"@type":"ReadAction","target":["https:\/\/www.adecom.com.mx\/producto\/llave-hidraulica-torcup-4\/"]}]},{"@type":"ImageObject","inLanguage":"en-US","@id":"https:\/\/www.adecom.com.mx\/producto\/llave-hidraulica-torcup-4\/#primaryimage","url":"https:\/\/www.adecom.com.mx\/wp-content\/uploads\/2021\/05\/llave-hidraulica-TXU-torcup-1.jpg","contentUrl":"https:\/\/www.adecom.com.mx\/wp-content\/uploads\/2021\/05\/llave-hidraulica-TXU-torcup-1.jpg","width":1200,"height":1200,"caption":"Llave hidraulica bajo perfil TX"},{"@type":"BreadcrumbList","@id":"https:\/\/www.adecom.com.mx\/producto\/llave-hidraulica-torcup-4\/#breadcrumb","itemListElement":[{"@type":"ListItem","position":1,"name":"Portada","item":"https:\/\/www.adecom.com.mx\/"},{"@type":"ListItem","position":2,"name":"Productos","item":"https:\/\/www.adecom.com.mx\/en\/tienda\/"},{"@type":"ListItem","position":3,"name":"Llave hidr\u00e1ulica de bajo perfil uni-giratorio."}]},{"@type":"WebSite","@id":"https:\/\/www.adecom.com.mx\/#website","url":"https:\/\/www.adecom.com.mx\/","name":"Adecom","description":"The Best Torque and Tensi\u00f3n Experience","publisher":{"@id":"https:\/\/www.adecom.com.mx\/#organization"},"potentialAction":[{"@type":"SearchAction","target":{"@type":"EntryPoint","urlTemplate":"https:\/\/www.adecom.com.mx\/?s={search_term_string}"},"query-input":{"@type":"PropertyValueSpecification","valueRequired":true,"valueName":"search_term_string"}}],"inLanguage":"en-US"},{"@type":"Organization","@id":"https:\/\/www.adecom.com.mx\/#organization","name":"Adecom","url":"https:\/\/www.adecom.com.mx\/","logo":{"@type":"ImageObject","inLanguage":"en-US","@id":"https:\/\/www.adecom.com.mx\/#\/schema\/logo\/image\/","url":"http:\/\/www.adecom.com.mx\/wp-content\/uploads\/2022\/02\/greca_adecom.png","contentUrl":"http:\/\/www.adecom.com.mx\/wp-content\/uploads\/2022\/02\/greca_adecom.png","width":650,"height":551,"caption":"Adecom"},"image":{"@id":"https:\/\/www.adecom.com.mx\/#\/schema\/logo\/image\/"}}]}},"_links":{"self":[{"href":"https:\/\/www.adecom.com.mx\/en\/wp-json\/wp\/v2\/product\/623","targetHints":{"allow":["GET"]}}],"collection":[{"href":"https:\/\/www.adecom.com.mx\/en\/wp-json\/wp\/v2\/product"}],"about":[{"href":"https:\/\/www.adecom.com.mx\/en\/wp-json\/wp\/v2\/types\/product"}],"wp:featuredmedia":[{"embeddable":true,"href":"https:\/\/www.adecom.com.mx\/en\/wp-json\/wp\/v2\/media\/633"}],"wp:attachment":[{"href":"https:\/\/www.adecom.com.mx\/en\/wp-json\/wp\/v2\/media?parent=623"}],"wp:term":[{"taxonomy":"product_brand","embeddable":true,"href":"https:\/\/www.adecom.com.mx\/en\/wp-json\/wp\/v2\/product_brand?post=623"},{"taxonomy":"product_cat","embeddable":true,"href":"https:\/\/www.adecom.com.mx\/en\/wp-json\/wp\/v2\/product_cat?post=623"},{"taxonomy":"product_tag","embeddable":true,"href":"https:\/\/www.adecom.com.mx\/en\/wp-json\/wp\/v2\/product_tag?post=623"}],"curies":[{"name":"wp","href":"https:\/\/api.w.org\/{rel}","templated":true}]}}