{"id":614,"date":"2021-05-10T09:04:00","date_gmt":"2021-05-10T15:04:00","guid":{"rendered":"https:\/\/www.adecom.com.mx\/?post_type=product&#038;p=614"},"modified":"2026-03-05T09:58:27","modified_gmt":"2026-03-05T15:58:27","slug":"llave-hidraulica-torcup-2","status":"publish","type":"product","link":"https:\/\/www.adecom.com.mx\/en\/product\/llave-hidraulica-torcup-2\/","title":{"rendered":"The Most Durable and Efficient Hydraulic Wrench in the Industry"},"content":{"rendered":"<p>Designed to conquer demanding applications with a precision of \u00b13%.<\/p>\n<ul>\n<li>Reproducibility: 100%.<\/li>\n<li>Monoblock patented composite wrench with female input for reaction arm placement.<\/li>\n<li>It operates in both clockwise and counterclockwise directions.<\/li>\n<li>Capable of operating with or without a reaction arm and in simultaneous operations.<\/li>\n<li>Independent steel quick-change connections (not aluminum), non-threaded, with 360-degree x 360-degree rotation.<\/li>\n<li>It can work without nut runners and does not cause torsion to the stud or bolt.<\/li>\n<li>It facilitates hands-free operation in inverted applications.<\/li>\n<li>Change of direction or rotation is done simply by pushing the control box.<\/li>\n<li>Balanced thrust piston.<\/li>\n<li>Anti-lock mechanism for operator safety.<\/li>\n<li>Constructed with T-7075 A.Q. aluminum material.<\/li>\n<li>Laser-engraved torque-to-pressure conversion chart on the wrench body, eliminating the need to consult the operation manual for this purpose.<\/li>\n<li>Adjustable multi-position reaction arm, rotating 360 degrees.\n<br>\nOnly three main internal components, increasing durability and reducing maintenance frequency.\n<br>\nSafety factor: 5:1.<\/li>\n<\/ul>","protected":false},"excerpt":{"rendered":"<p>The hydraulic torque wrench you can rely on when critical work needs to be done correctly... on the first try!<\/p>","protected":false},"featured_media":1415,"template":"","meta":{"_acf_changed":false,"content-type":"","_monsterinsights_skip_tracking":false,"_monsterinsights_sitenote_active":false,"_monsterinsights_sitenote_note":"","_monsterinsights_sitenote_category":0,"episode_type":"","audio_file":"","podmotor_file_id":"","podmotor_episode_id":"","cover_image":"","cover_image_id":"","duration":"","filesize":"","filesize_raw":"","date_recorded":"","explicit":"","block":"","_joinchat":[]},"product_brand":[],"product_cat":[57],"product_tag":[],"class_list":{"0":"post-614","1":"product","2":"type-product","3":"status-publish","4":"has-post-thumbnail","6":"product_cat-llaves-hidraulicas","8":"first","9":"instock","10":"taxable","11":"shipping-taxable","12":"product-type-simple"},"acf":[],"yoast_head":"<!-- This site is optimized with the Yoast SEO plugin v27.3 - https:\/\/yoast.com\/product\/yoast-seo-wordpress\/ -->\n<title>La llave hidr\u00e1ulica m\u00e1s duradera y sin complicaciones en la industria. - Adecom<\/title>\n<meta name=\"robots\" content=\"index, follow, max-snippet:-1, max-image-preview:large, max-video-preview:-1\" \/>\n<link rel=\"canonical\" href=\"https:\/\/www.adecom.com.mx\/en\/product\/llave-hidraulica-torcup-2\/\" \/>\n<meta property=\"og:locale\" content=\"en_US\" \/>\n<meta property=\"og:type\" content=\"article\" \/>\n<meta property=\"og:title\" content=\"La llave hidr\u00e1ulica m\u00e1s duradera y sin complicaciones en la industria. - Adecom\" \/>\n<meta property=\"og:description\" content=\"La llave de torque hidr\u00e1ulica en el que puede confiar cuando el trabajo cr\u00edtico debe realizarse correctamente ... \u00a1al primer intento!\" \/>\n<meta property=\"og:url\" content=\"https:\/\/www.adecom.com.mx\/en\/product\/llave-hidraulica-torcup-2\/\" \/>\n<meta property=\"og:site_name\" content=\"Adecom\" \/>\n<meta property=\"article:modified_time\" content=\"2026-03-05T15:58:27+00:00\" \/>\n<meta property=\"og:image\" content=\"https:\/\/www.adecom.com.mx\/wp-content\/uploads\/2021\/05\/Llave-hidraulica-TU-de-torcup-2-01.jpg\" \/>\n\t<meta property=\"og:image:width\" content=\"1700\" \/>\n\t<meta property=\"og:image:height\" content=\"1800\" \/>\n\t<meta property=\"og:image:type\" content=\"image\/jpeg\" \/>\n<meta name=\"twitter:card\" content=\"summary_large_image\" \/>\n<meta name=\"twitter:label1\" content=\"Est. reading time\" \/>\n\t<meta name=\"twitter:data1\" content=\"1 minute\" \/>\n<script type=\"application\/ld+json\" class=\"yoast-schema-graph\">{\"@context\":\"https:\\\/\\\/schema.org\",\"@graph\":[{\"@type\":\"WebPage\",\"@id\":\"https:\\\/\\\/www.adecom.com.mx\\\/producto\\\/llave-hidraulica-torcup-2\\\/\",\"url\":\"https:\\\/\\\/www.adecom.com.mx\\\/producto\\\/llave-hidraulica-torcup-2\\\/\",\"name\":\"La llave hidr\u00e1ulica m\u00e1s duradera y sin complicaciones en la industria. - Adecom\",\"isPartOf\":{\"@id\":\"https:\\\/\\\/www.adecom.com.mx\\\/#website\"},\"primaryImageOfPage\":{\"@id\":\"https:\\\/\\\/www.adecom.com.mx\\\/producto\\\/llave-hidraulica-torcup-2\\\/#primaryimage\"},\"image\":{\"@id\":\"https:\\\/\\\/www.adecom.com.mx\\\/producto\\\/llave-hidraulica-torcup-2\\\/#primaryimage\"},\"thumbnailUrl\":\"https:\\\/\\\/www.adecom.com.mx\\\/wp-content\\\/uploads\\\/2021\\\/05\\\/Llave-hidraulica-TU-de-torcup-2-01.jpg\",\"datePublished\":\"2021-05-10T15:04:00+00:00\",\"dateModified\":\"2026-03-05T15:58:27+00:00\",\"breadcrumb\":{\"@id\":\"https:\\\/\\\/www.adecom.com.mx\\\/producto\\\/llave-hidraulica-torcup-2\\\/#breadcrumb\"},\"inLanguage\":\"en-US\",\"potentialAction\":[{\"@type\":\"ReadAction\",\"target\":[\"https:\\\/\\\/www.adecom.com.mx\\\/producto\\\/llave-hidraulica-torcup-2\\\/\"]}]},{\"@type\":\"ImageObject\",\"inLanguage\":\"en-US\",\"@id\":\"https:\\\/\\\/www.adecom.com.mx\\\/producto\\\/llave-hidraulica-torcup-2\\\/#primaryimage\",\"url\":\"https:\\\/\\\/www.adecom.com.mx\\\/wp-content\\\/uploads\\\/2021\\\/05\\\/Llave-hidraulica-TU-de-torcup-2-01.jpg\",\"contentUrl\":\"https:\\\/\\\/www.adecom.com.mx\\\/wp-content\\\/uploads\\\/2021\\\/05\\\/Llave-hidraulica-TU-de-torcup-2-01.jpg\",\"width\":1700,\"height\":1800},{\"@type\":\"BreadcrumbList\",\"@id\":\"https:\\\/\\\/www.adecom.com.mx\\\/producto\\\/llave-hidraulica-torcup-2\\\/#breadcrumb\",\"itemListElement\":[{\"@type\":\"ListItem\",\"position\":1,\"name\":\"Portada\",\"item\":\"https:\\\/\\\/www.adecom.com.mx\\\/\"},{\"@type\":\"ListItem\",\"position\":2,\"name\":\"Productos\",\"item\":\"https:\\\/\\\/www.adecom.com.mx\\\/en\\\/tienda\\\/\"},{\"@type\":\"ListItem\",\"position\":3,\"name\":\"La llave hidr\u00e1ulica m\u00e1s duradera y sin complicaciones en la industria.\"}]},{\"@type\":\"WebSite\",\"@id\":\"https:\\\/\\\/www.adecom.com.mx\\\/#website\",\"url\":\"https:\\\/\\\/www.adecom.com.mx\\\/\",\"name\":\"Adecom\",\"description\":\"The Best Torque and Tensi\u00f3n Experience\",\"publisher\":{\"@id\":\"https:\\\/\\\/www.adecom.com.mx\\\/#organization\"},\"potentialAction\":[{\"@type\":\"SearchAction\",\"target\":{\"@type\":\"EntryPoint\",\"urlTemplate\":\"https:\\\/\\\/www.adecom.com.mx\\\/?s={search_term_string}\"},\"query-input\":{\"@type\":\"PropertyValueSpecification\",\"valueRequired\":true,\"valueName\":\"search_term_string\"}}],\"inLanguage\":\"en-US\"},{\"@type\":\"Organization\",\"@id\":\"https:\\\/\\\/www.adecom.com.mx\\\/#organization\",\"name\":\"Adecom\",\"url\":\"https:\\\/\\\/www.adecom.com.mx\\\/\",\"logo\":{\"@type\":\"ImageObject\",\"inLanguage\":\"en-US\",\"@id\":\"https:\\\/\\\/www.adecom.com.mx\\\/#\\\/schema\\\/logo\\\/image\\\/\",\"url\":\"http:\\\/\\\/www.adecom.com.mx\\\/wp-content\\\/uploads\\\/2022\\\/02\\\/greca_adecom.png\",\"contentUrl\":\"http:\\\/\\\/www.adecom.com.mx\\\/wp-content\\\/uploads\\\/2022\\\/02\\\/greca_adecom.png\",\"width\":650,\"height\":551,\"caption\":\"Adecom\"},\"image\":{\"@id\":\"https:\\\/\\\/www.adecom.com.mx\\\/#\\\/schema\\\/logo\\\/image\\\/\"}}]}<\/script>\n<!-- \/ Yoast SEO plugin. -->","yoast_head_json":{"title":"La llave hidr\u00e1ulica m\u00e1s duradera y sin complicaciones en la industria. - Adecom","robots":{"index":"index","follow":"follow","max-snippet":"max-snippet:-1","max-image-preview":"max-image-preview:large","max-video-preview":"max-video-preview:-1"},"canonical":"https:\/\/www.adecom.com.mx\/en\/product\/llave-hidraulica-torcup-2\/","og_locale":"en_US","og_type":"article","og_title":"La llave hidr\u00e1ulica m\u00e1s duradera y sin complicaciones en la industria. - Adecom","og_description":"La llave de torque hidr\u00e1ulica en el que puede confiar cuando el trabajo cr\u00edtico debe realizarse correctamente ... \u00a1al primer intento!","og_url":"https:\/\/www.adecom.com.mx\/en\/product\/llave-hidraulica-torcup-2\/","og_site_name":"Adecom","article_modified_time":"2026-03-05T15:58:27+00:00","og_image":[{"width":1700,"height":1800,"url":"https:\/\/www.adecom.com.mx\/wp-content\/uploads\/2021\/05\/Llave-hidraulica-TU-de-torcup-2-01.jpg","type":"image\/jpeg"}],"twitter_card":"summary_large_image","twitter_misc":{"Est. reading time":"1 minute"},"schema":{"@context":"https:\/\/schema.org","@graph":[{"@type":"WebPage","@id":"https:\/\/www.adecom.com.mx\/producto\/llave-hidraulica-torcup-2\/","url":"https:\/\/www.adecom.com.mx\/producto\/llave-hidraulica-torcup-2\/","name":"La llave hidr\u00e1ulica m\u00e1s duradera y sin complicaciones en la industria. - Adecom","isPartOf":{"@id":"https:\/\/www.adecom.com.mx\/#website"},"primaryImageOfPage":{"@id":"https:\/\/www.adecom.com.mx\/producto\/llave-hidraulica-torcup-2\/#primaryimage"},"image":{"@id":"https:\/\/www.adecom.com.mx\/producto\/llave-hidraulica-torcup-2\/#primaryimage"},"thumbnailUrl":"https:\/\/www.adecom.com.mx\/wp-content\/uploads\/2021\/05\/Llave-hidraulica-TU-de-torcup-2-01.jpg","datePublished":"2021-05-10T15:04:00+00:00","dateModified":"2026-03-05T15:58:27+00:00","breadcrumb":{"@id":"https:\/\/www.adecom.com.mx\/producto\/llave-hidraulica-torcup-2\/#breadcrumb"},"inLanguage":"en-US","potentialAction":[{"@type":"ReadAction","target":["https:\/\/www.adecom.com.mx\/producto\/llave-hidraulica-torcup-2\/"]}]},{"@type":"ImageObject","inLanguage":"en-US","@id":"https:\/\/www.adecom.com.mx\/producto\/llave-hidraulica-torcup-2\/#primaryimage","url":"https:\/\/www.adecom.com.mx\/wp-content\/uploads\/2021\/05\/Llave-hidraulica-TU-de-torcup-2-01.jpg","contentUrl":"https:\/\/www.adecom.com.mx\/wp-content\/uploads\/2021\/05\/Llave-hidraulica-TU-de-torcup-2-01.jpg","width":1700,"height":1800},{"@type":"BreadcrumbList","@id":"https:\/\/www.adecom.com.mx\/producto\/llave-hidraulica-torcup-2\/#breadcrumb","itemListElement":[{"@type":"ListItem","position":1,"name":"Portada","item":"https:\/\/www.adecom.com.mx\/"},{"@type":"ListItem","position":2,"name":"Productos","item":"https:\/\/www.adecom.com.mx\/en\/tienda\/"},{"@type":"ListItem","position":3,"name":"La llave hidr\u00e1ulica m\u00e1s duradera y sin complicaciones en la industria."}]},{"@type":"WebSite","@id":"https:\/\/www.adecom.com.mx\/#website","url":"https:\/\/www.adecom.com.mx\/","name":"Adecom","description":"The Best Torque and Tensi\u00f3n Experience","publisher":{"@id":"https:\/\/www.adecom.com.mx\/#organization"},"potentialAction":[{"@type":"SearchAction","target":{"@type":"EntryPoint","urlTemplate":"https:\/\/www.adecom.com.mx\/?s={search_term_string}"},"query-input":{"@type":"PropertyValueSpecification","valueRequired":true,"valueName":"search_term_string"}}],"inLanguage":"en-US"},{"@type":"Organization","@id":"https:\/\/www.adecom.com.mx\/#organization","name":"Adecom","url":"https:\/\/www.adecom.com.mx\/","logo":{"@type":"ImageObject","inLanguage":"en-US","@id":"https:\/\/www.adecom.com.mx\/#\/schema\/logo\/image\/","url":"http:\/\/www.adecom.com.mx\/wp-content\/uploads\/2022\/02\/greca_adecom.png","contentUrl":"http:\/\/www.adecom.com.mx\/wp-content\/uploads\/2022\/02\/greca_adecom.png","width":650,"height":551,"caption":"Adecom"},"image":{"@id":"https:\/\/www.adecom.com.mx\/#\/schema\/logo\/image\/"}}]}},"_links":{"self":[{"href":"https:\/\/www.adecom.com.mx\/en\/wp-json\/wp\/v2\/product\/614","targetHints":{"allow":["GET"]}}],"collection":[{"href":"https:\/\/www.adecom.com.mx\/en\/wp-json\/wp\/v2\/product"}],"about":[{"href":"https:\/\/www.adecom.com.mx\/en\/wp-json\/wp\/v2\/types\/product"}],"wp:featuredmedia":[{"embeddable":true,"href":"https:\/\/www.adecom.com.mx\/en\/wp-json\/wp\/v2\/media\/1415"}],"wp:attachment":[{"href":"https:\/\/www.adecom.com.mx\/en\/wp-json\/wp\/v2\/media?parent=614"}],"wp:term":[{"taxonomy":"product_brand","embeddable":true,"href":"https:\/\/www.adecom.com.mx\/en\/wp-json\/wp\/v2\/product_brand?post=614"},{"taxonomy":"product_cat","embeddable":true,"href":"https:\/\/www.adecom.com.mx\/en\/wp-json\/wp\/v2\/product_cat?post=614"},{"taxonomy":"product_tag","embeddable":true,"href":"https:\/\/www.adecom.com.mx\/en\/wp-json\/wp\/v2\/product_tag?post=614"}],"curies":[{"name":"wp","href":"https:\/\/api.w.org\/{rel}","templated":true}]}}