{"id":595,"date":"2021-05-10T01:26:27","date_gmt":"2021-05-10T07:26:27","guid":{"rendered":"https:\/\/www.adecom.com.mx\/?post_type=product&#038;p=595"},"modified":"2021-10-15T12:07:46","modified_gmt":"2021-10-15T18:07:46","slug":"multiplicador-de-torque-norbar-2","status":"publish","type":"product","link":"https:\/\/www.adecom.com.mx\/en\/product\/multiplicador-de-torque-norbar-2\/","title":{"rendered":"Torque Multiplier 'HandTorque HT4'"},"content":{"rendered":"<p>Minimal maintenance and long service life due to robust construction.<\/p>\n<ul>\n<li>Available in 15.5:1 (3 000 N m) and 26:1 (4 500 N m).<\/li>\n<li>Robust construction means: minimal maintenance and long life.<\/li>\n<li>Angle protractor for easy tightening of torque and angle.<\/li>\n<li>Its high torque ratio allows the use of a small torque wrench.<\/li>\n<li>Equipped with \u201canti-reaction ratchet\u201d that allows for easier operation.<\/li>\n<li>Angle protractor for easy tightening with torque and angle.<\/li>\n<\/ul>\n<div id=\"simple-translate\">\n<div>\n<div class=\"simple-translate-button isShow\" style=\"background-image: url('moz-extension:\/\/04e6dee3-0f4e-4daf-a72a-5c7c6498ce29\/icons\/512.png'); height: 22px; width: 22px; top: 47px; left: 571px;\"><\/div>\n<\/div>\n<\/div>","protected":false},"excerpt":{"rendered":"<p>Minimal maintenance and long service life due to robust construction.<\/p>","protected":false},"featured_media":1338,"template":"","meta":{"_acf_changed":false,"content-type":"","_monsterinsights_skip_tracking":false,"_monsterinsights_sitenote_active":false,"_monsterinsights_sitenote_note":"","_monsterinsights_sitenote_category":0,"episode_type":"","audio_file":"","podmotor_file_id":"","podmotor_episode_id":"","cover_image":"","cover_image_id":"","duration":"","filesize":"","filesize_raw":"","date_recorded":"","explicit":"","block":"","_joinchat":[]},"product_brand":[],"product_cat":[23],"product_tag":[],"class_list":{"0":"post-595","1":"product","2":"type-product","3":"status-publish","4":"has-post-thumbnail","6":"product_cat-multiplicadores-manuales-de-torque","8":"first","9":"instock","10":"taxable","11":"shipping-taxable","12":"product-type-simple"},"acf":[],"yoast_head":"<!-- This site is optimized with the Yoast SEO plugin v27.3 - https:\/\/yoast.com\/product\/yoast-seo-wordpress\/ -->\n<title>Multiplicador de torque &quot;HandTorque HT4&quot;. - Adecom<\/title>\n<meta name=\"robots\" content=\"index, follow, max-snippet:-1, max-image-preview:large, max-video-preview:-1\" \/>\n<link rel=\"canonical\" href=\"https:\/\/www.adecom.com.mx\/en\/product\/multiplicador-de-torque-norbar-2\/\" \/>\n<meta property=\"og:locale\" content=\"en_US\" \/>\n<meta property=\"og:type\" content=\"article\" \/>\n<meta property=\"og:title\" content=\"Multiplicador de torque &quot;HandTorque HT4&quot;. - Adecom\" \/>\n<meta property=\"og:description\" content=\"M\u00ednimo mantenimiento y larga vida \u00fatil debido a la construcci\u00f3n robusta.\" \/>\n<meta property=\"og:url\" content=\"https:\/\/www.adecom.com.mx\/en\/product\/multiplicador-de-torque-norbar-2\/\" \/>\n<meta property=\"og:site_name\" content=\"Adecom\" \/>\n<meta property=\"article:modified_time\" content=\"2021-10-15T18:07:46+00:00\" \/>\n<meta property=\"og:image\" content=\"https:\/\/www.adecom.com.mx\/wp-content\/uploads\/2021\/05\/multiplicador-de-torque-de-norbar_Mesa-de-trabajo-1.jpg\" \/>\n\t<meta property=\"og:image:width\" content=\"1800\" \/>\n\t<meta property=\"og:image:height\" content=\"1800\" \/>\n\t<meta property=\"og:image:type\" content=\"image\/jpeg\" \/>\n<meta name=\"twitter:card\" content=\"summary_large_image\" \/>\n<script type=\"application\/ld+json\" class=\"yoast-schema-graph\">{\"@context\":\"https:\\\/\\\/schema.org\",\"@graph\":[{\"@type\":\"WebPage\",\"@id\":\"https:\\\/\\\/www.adecom.com.mx\\\/producto\\\/multiplicador-de-torque-norbar-2\\\/\",\"url\":\"https:\\\/\\\/www.adecom.com.mx\\\/producto\\\/multiplicador-de-torque-norbar-2\\\/\",\"name\":\"Multiplicador de torque \\\"HandTorque HT4\\\". - Adecom\",\"isPartOf\":{\"@id\":\"https:\\\/\\\/www.adecom.com.mx\\\/#website\"},\"primaryImageOfPage\":{\"@id\":\"https:\\\/\\\/www.adecom.com.mx\\\/producto\\\/multiplicador-de-torque-norbar-2\\\/#primaryimage\"},\"image\":{\"@id\":\"https:\\\/\\\/www.adecom.com.mx\\\/producto\\\/multiplicador-de-torque-norbar-2\\\/#primaryimage\"},\"thumbnailUrl\":\"https:\\\/\\\/www.adecom.com.mx\\\/wp-content\\\/uploads\\\/2021\\\/05\\\/multiplicador-de-torque-de-norbar_Mesa-de-trabajo-1.jpg\",\"datePublished\":\"2021-05-10T07:26:27+00:00\",\"dateModified\":\"2021-10-15T18:07:46+00:00\",\"breadcrumb\":{\"@id\":\"https:\\\/\\\/www.adecom.com.mx\\\/producto\\\/multiplicador-de-torque-norbar-2\\\/#breadcrumb\"},\"inLanguage\":\"en-US\",\"potentialAction\":[{\"@type\":\"ReadAction\",\"target\":[\"https:\\\/\\\/www.adecom.com.mx\\\/producto\\\/multiplicador-de-torque-norbar-2\\\/\"]}]},{\"@type\":\"ImageObject\",\"inLanguage\":\"en-US\",\"@id\":\"https:\\\/\\\/www.adecom.com.mx\\\/producto\\\/multiplicador-de-torque-norbar-2\\\/#primaryimage\",\"url\":\"https:\\\/\\\/www.adecom.com.mx\\\/wp-content\\\/uploads\\\/2021\\\/05\\\/multiplicador-de-torque-de-norbar_Mesa-de-trabajo-1.jpg\",\"contentUrl\":\"https:\\\/\\\/www.adecom.com.mx\\\/wp-content\\\/uploads\\\/2021\\\/05\\\/multiplicador-de-torque-de-norbar_Mesa-de-trabajo-1.jpg\",\"width\":1800,\"height\":1800},{\"@type\":\"BreadcrumbList\",\"@id\":\"https:\\\/\\\/www.adecom.com.mx\\\/producto\\\/multiplicador-de-torque-norbar-2\\\/#breadcrumb\",\"itemListElement\":[{\"@type\":\"ListItem\",\"position\":1,\"name\":\"Portada\",\"item\":\"https:\\\/\\\/www.adecom.com.mx\\\/\"},{\"@type\":\"ListItem\",\"position\":2,\"name\":\"Productos\",\"item\":\"https:\\\/\\\/www.adecom.com.mx\\\/en\\\/tienda\\\/\"},{\"@type\":\"ListItem\",\"position\":3,\"name\":\"Multiplicador de torque &#8220;HandTorque HT4&#8221;.\"}]},{\"@type\":\"WebSite\",\"@id\":\"https:\\\/\\\/www.adecom.com.mx\\\/#website\",\"url\":\"https:\\\/\\\/www.adecom.com.mx\\\/\",\"name\":\"Adecom\",\"description\":\"The Best Torque and Tensi\u00f3n Experience\",\"publisher\":{\"@id\":\"https:\\\/\\\/www.adecom.com.mx\\\/#organization\"},\"potentialAction\":[{\"@type\":\"SearchAction\",\"target\":{\"@type\":\"EntryPoint\",\"urlTemplate\":\"https:\\\/\\\/www.adecom.com.mx\\\/?s={search_term_string}\"},\"query-input\":{\"@type\":\"PropertyValueSpecification\",\"valueRequired\":true,\"valueName\":\"search_term_string\"}}],\"inLanguage\":\"en-US\"},{\"@type\":\"Organization\",\"@id\":\"https:\\\/\\\/www.adecom.com.mx\\\/#organization\",\"name\":\"Adecom\",\"url\":\"https:\\\/\\\/www.adecom.com.mx\\\/\",\"logo\":{\"@type\":\"ImageObject\",\"inLanguage\":\"en-US\",\"@id\":\"https:\\\/\\\/www.adecom.com.mx\\\/#\\\/schema\\\/logo\\\/image\\\/\",\"url\":\"http:\\\/\\\/www.adecom.com.mx\\\/wp-content\\\/uploads\\\/2022\\\/02\\\/greca_adecom.png\",\"contentUrl\":\"http:\\\/\\\/www.adecom.com.mx\\\/wp-content\\\/uploads\\\/2022\\\/02\\\/greca_adecom.png\",\"width\":650,\"height\":551,\"caption\":\"Adecom\"},\"image\":{\"@id\":\"https:\\\/\\\/www.adecom.com.mx\\\/#\\\/schema\\\/logo\\\/image\\\/\"}}]}<\/script>\n<!-- \/ Yoast SEO plugin. -->","yoast_head_json":{"title":"Multiplicador de torque \"HandTorque HT4\". - Adecom","robots":{"index":"index","follow":"follow","max-snippet":"max-snippet:-1","max-image-preview":"max-image-preview:large","max-video-preview":"max-video-preview:-1"},"canonical":"https:\/\/www.adecom.com.mx\/en\/product\/multiplicador-de-torque-norbar-2\/","og_locale":"en_US","og_type":"article","og_title":"Multiplicador de torque \"HandTorque HT4\". - Adecom","og_description":"M\u00ednimo mantenimiento y larga vida \u00fatil debido a la construcci\u00f3n robusta.","og_url":"https:\/\/www.adecom.com.mx\/en\/product\/multiplicador-de-torque-norbar-2\/","og_site_name":"Adecom","article_modified_time":"2021-10-15T18:07:46+00:00","og_image":[{"width":1800,"height":1800,"url":"https:\/\/www.adecom.com.mx\/wp-content\/uploads\/2021\/05\/multiplicador-de-torque-de-norbar_Mesa-de-trabajo-1.jpg","type":"image\/jpeg"}],"twitter_card":"summary_large_image","schema":{"@context":"https:\/\/schema.org","@graph":[{"@type":"WebPage","@id":"https:\/\/www.adecom.com.mx\/producto\/multiplicador-de-torque-norbar-2\/","url":"https:\/\/www.adecom.com.mx\/producto\/multiplicador-de-torque-norbar-2\/","name":"Multiplicador de torque \"HandTorque HT4\". - Adecom","isPartOf":{"@id":"https:\/\/www.adecom.com.mx\/#website"},"primaryImageOfPage":{"@id":"https:\/\/www.adecom.com.mx\/producto\/multiplicador-de-torque-norbar-2\/#primaryimage"},"image":{"@id":"https:\/\/www.adecom.com.mx\/producto\/multiplicador-de-torque-norbar-2\/#primaryimage"},"thumbnailUrl":"https:\/\/www.adecom.com.mx\/wp-content\/uploads\/2021\/05\/multiplicador-de-torque-de-norbar_Mesa-de-trabajo-1.jpg","datePublished":"2021-05-10T07:26:27+00:00","dateModified":"2021-10-15T18:07:46+00:00","breadcrumb":{"@id":"https:\/\/www.adecom.com.mx\/producto\/multiplicador-de-torque-norbar-2\/#breadcrumb"},"inLanguage":"en-US","potentialAction":[{"@type":"ReadAction","target":["https:\/\/www.adecom.com.mx\/producto\/multiplicador-de-torque-norbar-2\/"]}]},{"@type":"ImageObject","inLanguage":"en-US","@id":"https:\/\/www.adecom.com.mx\/producto\/multiplicador-de-torque-norbar-2\/#primaryimage","url":"https:\/\/www.adecom.com.mx\/wp-content\/uploads\/2021\/05\/multiplicador-de-torque-de-norbar_Mesa-de-trabajo-1.jpg","contentUrl":"https:\/\/www.adecom.com.mx\/wp-content\/uploads\/2021\/05\/multiplicador-de-torque-de-norbar_Mesa-de-trabajo-1.jpg","width":1800,"height":1800},{"@type":"BreadcrumbList","@id":"https:\/\/www.adecom.com.mx\/producto\/multiplicador-de-torque-norbar-2\/#breadcrumb","itemListElement":[{"@type":"ListItem","position":1,"name":"Portada","item":"https:\/\/www.adecom.com.mx\/"},{"@type":"ListItem","position":2,"name":"Productos","item":"https:\/\/www.adecom.com.mx\/en\/tienda\/"},{"@type":"ListItem","position":3,"name":"Multiplicador de torque &#8220;HandTorque HT4&#8221;."}]},{"@type":"WebSite","@id":"https:\/\/www.adecom.com.mx\/#website","url":"https:\/\/www.adecom.com.mx\/","name":"Adecom","description":"The Best Torque and Tensi\u00f3n Experience","publisher":{"@id":"https:\/\/www.adecom.com.mx\/#organization"},"potentialAction":[{"@type":"SearchAction","target":{"@type":"EntryPoint","urlTemplate":"https:\/\/www.adecom.com.mx\/?s={search_term_string}"},"query-input":{"@type":"PropertyValueSpecification","valueRequired":true,"valueName":"search_term_string"}}],"inLanguage":"en-US"},{"@type":"Organization","@id":"https:\/\/www.adecom.com.mx\/#organization","name":"Adecom","url":"https:\/\/www.adecom.com.mx\/","logo":{"@type":"ImageObject","inLanguage":"en-US","@id":"https:\/\/www.adecom.com.mx\/#\/schema\/logo\/image\/","url":"http:\/\/www.adecom.com.mx\/wp-content\/uploads\/2022\/02\/greca_adecom.png","contentUrl":"http:\/\/www.adecom.com.mx\/wp-content\/uploads\/2022\/02\/greca_adecom.png","width":650,"height":551,"caption":"Adecom"},"image":{"@id":"https:\/\/www.adecom.com.mx\/#\/schema\/logo\/image\/"}}]}},"_links":{"self":[{"href":"https:\/\/www.adecom.com.mx\/en\/wp-json\/wp\/v2\/product\/595","targetHints":{"allow":["GET"]}}],"collection":[{"href":"https:\/\/www.adecom.com.mx\/en\/wp-json\/wp\/v2\/product"}],"about":[{"href":"https:\/\/www.adecom.com.mx\/en\/wp-json\/wp\/v2\/types\/product"}],"wp:featuredmedia":[{"embeddable":true,"href":"https:\/\/www.adecom.com.mx\/en\/wp-json\/wp\/v2\/media\/1338"}],"wp:attachment":[{"href":"https:\/\/www.adecom.com.mx\/en\/wp-json\/wp\/v2\/media?parent=595"}],"wp:term":[{"taxonomy":"product_brand","embeddable":true,"href":"https:\/\/www.adecom.com.mx\/en\/wp-json\/wp\/v2\/product_brand?post=595"},{"taxonomy":"product_cat","embeddable":true,"href":"https:\/\/www.adecom.com.mx\/en\/wp-json\/wp\/v2\/product_cat?post=595"},{"taxonomy":"product_tag","embeddable":true,"href":"https:\/\/www.adecom.com.mx\/en\/wp-json\/wp\/v2\/product_tag?post=595"}],"curies":[{"name":"wp","href":"https:\/\/api.w.org\/{rel}","templated":true}]}}