{"id":57,"date":"2021-05-04T23:01:33","date_gmt":"2021-05-05T05:01:33","guid":{"rendered":"https:\/\/www.adecom.com.mx\/?post_type=product&#038;p=57"},"modified":"2021-10-14T12:27:08","modified_gmt":"2021-10-14T18:27:08","slug":"torquimetro-de-click-tipo-desarmador-ajustable","status":"publish","type":"product","link":"https:\/\/www.adecom.com.mx\/en\/product\/torquimetro-de-click-tipo-desarmador-ajustable\/","title":{"rendered":"Adjustable Click-Type Screwdriver Torque Wrench."},"content":{"rendered":"<p>Adjustable screwdriver-type torque wrench with an anti-over-torque mechanism.<\/p>\n<ul>\n<li>Complies with ISO 6789 Type II Class D calibration procedures.<\/li>\n<li>Sliding clutch mechanism.<\/li>\n<li>Designed with an external scale adjustable by simply rotating the body to align with the desired torque setting and then securing it with the lock ring.<\/li>\n<li>Designed so that the internal system rotates freely after reaching the target torque, thus, preventing over-torque.<\/li>\n<li>Suitable for international use.<\/li>\n<li>El usuario detectar\u00e1 y escuchar\u00e1 un &#8220;click&#8221; al torque establecido y luego deber\u00e1 dejar de girar. Si el usuario contin\u00faa, el mecanismo de deslizamiento giratorio activar\u00e1 el conductor sin aplicar un torque adicional.<\/li>\n<li>Acepta puntas hexagonales de 1\/4&#8243; est\u00e1ndar.<\/li>\n<li>Counterclockwise tightening model (available upon request).<\/li>\n<\/ul>","protected":false},"excerpt":{"rendered":"<p>For assembly and maintenance work.<\/p>","protected":false},"featured_media":1110,"template":"","meta":{"_acf_changed":false,"content-type":"","_monsterinsights_skip_tracking":false,"_monsterinsights_sitenote_active":false,"_monsterinsights_sitenote_note":"","_monsterinsights_sitenote_category":0,"episode_type":"","audio_file":"","podmotor_file_id":"","podmotor_episode_id":"","cover_image":"","cover_image_id":"","duration":"","filesize":"","filesize_raw":"","date_recorded":"","explicit":"","block":"","_joinchat":[]},"product_brand":[],"product_cat":[31],"product_tag":[],"class_list":{"0":"post-57","1":"product","2":"type-product","3":"status-publish","4":"has-post-thumbnail","6":"product_cat-tipo-desarmador","8":"first","9":"instock","10":"taxable","11":"shipping-taxable","12":"product-type-simple"},"acf":[],"yoast_head":"<!-- This site is optimized with the Yoast SEO plugin v27.3 - https:\/\/yoast.com\/product\/yoast-seo-wordpress\/ -->\n<title>Torqu\u00edmetro de click tipo desarmador ajustable. - Adecom<\/title>\n<meta name=\"robots\" content=\"index, follow, max-snippet:-1, max-image-preview:large, max-video-preview:-1\" \/>\n<link rel=\"canonical\" href=\"https:\/\/www.adecom.com.mx\/en\/product\/torquimetro-de-click-tipo-desarmador-ajustable\/\" \/>\n<meta property=\"og:locale\" content=\"en_US\" \/>\n<meta property=\"og:type\" content=\"article\" \/>\n<meta property=\"og:title\" content=\"Torqu\u00edmetro de click tipo desarmador ajustable. - Adecom\" \/>\n<meta property=\"og:description\" content=\"Para ensambles y trabajos de mantenimiento.\" \/>\n<meta property=\"og:url\" content=\"https:\/\/www.adecom.com.mx\/en\/product\/torquimetro-de-click-tipo-desarmador-ajustable\/\" \/>\n<meta property=\"og:site_name\" content=\"Adecom\" \/>\n<meta property=\"article:modified_time\" content=\"2021-10-14T18:27:08+00:00\" \/>\n<meta property=\"og:image\" content=\"https:\/\/www.adecom.com.mx\/wp-content\/uploads\/2021\/05\/torquimetro-RTD-tohnichi-3.jpg\" \/>\n\t<meta property=\"og:image:width\" content=\"1800\" \/>\n\t<meta property=\"og:image:height\" content=\"1800\" \/>\n\t<meta property=\"og:image:type\" content=\"image\/jpeg\" \/>\n<meta name=\"twitter:card\" content=\"summary_large_image\" \/>\n<meta name=\"twitter:label1\" content=\"Est. reading time\" \/>\n\t<meta name=\"twitter:data1\" content=\"1 minute\" \/>\n<script type=\"application\/ld+json\" class=\"yoast-schema-graph\">{\"@context\":\"https:\\\/\\\/schema.org\",\"@graph\":[{\"@type\":\"WebPage\",\"@id\":\"https:\\\/\\\/www.adecom.com.mx\\\/en\\\/product\\\/torquimetro-de-click-tipo-desarmador-ajustable\\\/\",\"url\":\"https:\\\/\\\/www.adecom.com.mx\\\/en\\\/product\\\/torquimetro-de-click-tipo-desarmador-ajustable\\\/\",\"name\":\"Torqu\u00edmetro de click tipo desarmador ajustable. - Adecom\",\"isPartOf\":{\"@id\":\"https:\\\/\\\/www.adecom.com.mx\\\/#website\"},\"primaryImageOfPage\":{\"@id\":\"https:\\\/\\\/www.adecom.com.mx\\\/en\\\/product\\\/torquimetro-de-click-tipo-desarmador-ajustable\\\/#primaryimage\"},\"image\":{\"@id\":\"https:\\\/\\\/www.adecom.com.mx\\\/en\\\/product\\\/torquimetro-de-click-tipo-desarmador-ajustable\\\/#primaryimage\"},\"thumbnailUrl\":\"https:\\\/\\\/www.adecom.com.mx\\\/wp-content\\\/uploads\\\/2021\\\/05\\\/torquimetro-RTD-tohnichi-3.jpg\",\"datePublished\":\"2021-05-05T05:01:33+00:00\",\"dateModified\":\"2021-10-14T18:27:08+00:00\",\"breadcrumb\":{\"@id\":\"https:\\\/\\\/www.adecom.com.mx\\\/en\\\/product\\\/torquimetro-de-click-tipo-desarmador-ajustable\\\/#breadcrumb\"},\"inLanguage\":\"en-US\",\"potentialAction\":[{\"@type\":\"ReadAction\",\"target\":[\"https:\\\/\\\/www.adecom.com.mx\\\/en\\\/product\\\/torquimetro-de-click-tipo-desarmador-ajustable\\\/\"]}]},{\"@type\":\"ImageObject\",\"inLanguage\":\"en-US\",\"@id\":\"https:\\\/\\\/www.adecom.com.mx\\\/en\\\/product\\\/torquimetro-de-click-tipo-desarmador-ajustable\\\/#primaryimage\",\"url\":\"https:\\\/\\\/www.adecom.com.mx\\\/wp-content\\\/uploads\\\/2021\\\/05\\\/torquimetro-RTD-tohnichi-3.jpg\",\"contentUrl\":\"https:\\\/\\\/www.adecom.com.mx\\\/wp-content\\\/uploads\\\/2021\\\/05\\\/torquimetro-RTD-tohnichi-3.jpg\",\"width\":1800,\"height\":1800},{\"@type\":\"BreadcrumbList\",\"@id\":\"https:\\\/\\\/www.adecom.com.mx\\\/en\\\/product\\\/torquimetro-de-click-tipo-desarmador-ajustable\\\/#breadcrumb\",\"itemListElement\":[{\"@type\":\"ListItem\",\"position\":1,\"name\":\"Portada\",\"item\":\"https:\\\/\\\/www.adecom.com.mx\\\/\"},{\"@type\":\"ListItem\",\"position\":2,\"name\":\"Productos\",\"item\":\"https:\\\/\\\/www.adecom.com.mx\\\/en\\\/tienda\\\/\"},{\"@type\":\"ListItem\",\"position\":3,\"name\":\"Torqu\u00edmetro de click tipo desarmador ajustable.\"}]},{\"@type\":\"WebSite\",\"@id\":\"https:\\\/\\\/www.adecom.com.mx\\\/#website\",\"url\":\"https:\\\/\\\/www.adecom.com.mx\\\/\",\"name\":\"Adecom\",\"description\":\"The Best Torque and Tensi\u00f3n Experience\",\"publisher\":{\"@id\":\"https:\\\/\\\/www.adecom.com.mx\\\/#organization\"},\"potentialAction\":[{\"@type\":\"SearchAction\",\"target\":{\"@type\":\"EntryPoint\",\"urlTemplate\":\"https:\\\/\\\/www.adecom.com.mx\\\/?s={search_term_string}\"},\"query-input\":{\"@type\":\"PropertyValueSpecification\",\"valueRequired\":true,\"valueName\":\"search_term_string\"}}],\"inLanguage\":\"en-US\"},{\"@type\":\"Organization\",\"@id\":\"https:\\\/\\\/www.adecom.com.mx\\\/#organization\",\"name\":\"Adecom\",\"url\":\"https:\\\/\\\/www.adecom.com.mx\\\/\",\"logo\":{\"@type\":\"ImageObject\",\"inLanguage\":\"en-US\",\"@id\":\"https:\\\/\\\/www.adecom.com.mx\\\/#\\\/schema\\\/logo\\\/image\\\/\",\"url\":\"http:\\\/\\\/www.adecom.com.mx\\\/wp-content\\\/uploads\\\/2022\\\/02\\\/greca_adecom.png\",\"contentUrl\":\"http:\\\/\\\/www.adecom.com.mx\\\/wp-content\\\/uploads\\\/2022\\\/02\\\/greca_adecom.png\",\"width\":650,\"height\":551,\"caption\":\"Adecom\"},\"image\":{\"@id\":\"https:\\\/\\\/www.adecom.com.mx\\\/#\\\/schema\\\/logo\\\/image\\\/\"}}]}<\/script>\n<!-- \/ Yoast SEO plugin. -->","yoast_head_json":{"title":"Torqu\u00edmetro de click tipo desarmador ajustable. - Adecom","robots":{"index":"index","follow":"follow","max-snippet":"max-snippet:-1","max-image-preview":"max-image-preview:large","max-video-preview":"max-video-preview:-1"},"canonical":"https:\/\/www.adecom.com.mx\/en\/product\/torquimetro-de-click-tipo-desarmador-ajustable\/","og_locale":"en_US","og_type":"article","og_title":"Torqu\u00edmetro de click tipo desarmador ajustable. - Adecom","og_description":"Para ensambles y trabajos de mantenimiento.","og_url":"https:\/\/www.adecom.com.mx\/en\/product\/torquimetro-de-click-tipo-desarmador-ajustable\/","og_site_name":"Adecom","article_modified_time":"2021-10-14T18:27:08+00:00","og_image":[{"width":1800,"height":1800,"url":"https:\/\/www.adecom.com.mx\/wp-content\/uploads\/2021\/05\/torquimetro-RTD-tohnichi-3.jpg","type":"image\/jpeg"}],"twitter_card":"summary_large_image","twitter_misc":{"Est. reading time":"1 minute"},"schema":{"@context":"https:\/\/schema.org","@graph":[{"@type":"WebPage","@id":"https:\/\/www.adecom.com.mx\/en\/product\/torquimetro-de-click-tipo-desarmador-ajustable\/","url":"https:\/\/www.adecom.com.mx\/en\/product\/torquimetro-de-click-tipo-desarmador-ajustable\/","name":"Torqu\u00edmetro de click tipo desarmador ajustable. - Adecom","isPartOf":{"@id":"https:\/\/www.adecom.com.mx\/#website"},"primaryImageOfPage":{"@id":"https:\/\/www.adecom.com.mx\/en\/product\/torquimetro-de-click-tipo-desarmador-ajustable\/#primaryimage"},"image":{"@id":"https:\/\/www.adecom.com.mx\/en\/product\/torquimetro-de-click-tipo-desarmador-ajustable\/#primaryimage"},"thumbnailUrl":"https:\/\/www.adecom.com.mx\/wp-content\/uploads\/2021\/05\/torquimetro-RTD-tohnichi-3.jpg","datePublished":"2021-05-05T05:01:33+00:00","dateModified":"2021-10-14T18:27:08+00:00","breadcrumb":{"@id":"https:\/\/www.adecom.com.mx\/en\/product\/torquimetro-de-click-tipo-desarmador-ajustable\/#breadcrumb"},"inLanguage":"en-US","potentialAction":[{"@type":"ReadAction","target":["https:\/\/www.adecom.com.mx\/en\/product\/torquimetro-de-click-tipo-desarmador-ajustable\/"]}]},{"@type":"ImageObject","inLanguage":"en-US","@id":"https:\/\/www.adecom.com.mx\/en\/product\/torquimetro-de-click-tipo-desarmador-ajustable\/#primaryimage","url":"https:\/\/www.adecom.com.mx\/wp-content\/uploads\/2021\/05\/torquimetro-RTD-tohnichi-3.jpg","contentUrl":"https:\/\/www.adecom.com.mx\/wp-content\/uploads\/2021\/05\/torquimetro-RTD-tohnichi-3.jpg","width":1800,"height":1800},{"@type":"BreadcrumbList","@id":"https:\/\/www.adecom.com.mx\/en\/product\/torquimetro-de-click-tipo-desarmador-ajustable\/#breadcrumb","itemListElement":[{"@type":"ListItem","position":1,"name":"Portada","item":"https:\/\/www.adecom.com.mx\/"},{"@type":"ListItem","position":2,"name":"Productos","item":"https:\/\/www.adecom.com.mx\/en\/tienda\/"},{"@type":"ListItem","position":3,"name":"Torqu\u00edmetro de click tipo desarmador ajustable."}]},{"@type":"WebSite","@id":"https:\/\/www.adecom.com.mx\/#website","url":"https:\/\/www.adecom.com.mx\/","name":"Adecom","description":"The Best Torque and Tensi\u00f3n Experience","publisher":{"@id":"https:\/\/www.adecom.com.mx\/#organization"},"potentialAction":[{"@type":"SearchAction","target":{"@type":"EntryPoint","urlTemplate":"https:\/\/www.adecom.com.mx\/?s={search_term_string}"},"query-input":{"@type":"PropertyValueSpecification","valueRequired":true,"valueName":"search_term_string"}}],"inLanguage":"en-US"},{"@type":"Organization","@id":"https:\/\/www.adecom.com.mx\/#organization","name":"Adecom","url":"https:\/\/www.adecom.com.mx\/","logo":{"@type":"ImageObject","inLanguage":"en-US","@id":"https:\/\/www.adecom.com.mx\/#\/schema\/logo\/image\/","url":"http:\/\/www.adecom.com.mx\/wp-content\/uploads\/2022\/02\/greca_adecom.png","contentUrl":"http:\/\/www.adecom.com.mx\/wp-content\/uploads\/2022\/02\/greca_adecom.png","width":650,"height":551,"caption":"Adecom"},"image":{"@id":"https:\/\/www.adecom.com.mx\/#\/schema\/logo\/image\/"}}]}},"_links":{"self":[{"href":"https:\/\/www.adecom.com.mx\/en\/wp-json\/wp\/v2\/product\/57","targetHints":{"allow":["GET"]}}],"collection":[{"href":"https:\/\/www.adecom.com.mx\/en\/wp-json\/wp\/v2\/product"}],"about":[{"href":"https:\/\/www.adecom.com.mx\/en\/wp-json\/wp\/v2\/types\/product"}],"wp:featuredmedia":[{"embeddable":true,"href":"https:\/\/www.adecom.com.mx\/en\/wp-json\/wp\/v2\/media\/1110"}],"wp:attachment":[{"href":"https:\/\/www.adecom.com.mx\/en\/wp-json\/wp\/v2\/media?parent=57"}],"wp:term":[{"taxonomy":"product_brand","embeddable":true,"href":"https:\/\/www.adecom.com.mx\/en\/wp-json\/wp\/v2\/product_brand?post=57"},{"taxonomy":"product_cat","embeddable":true,"href":"https:\/\/www.adecom.com.mx\/en\/wp-json\/wp\/v2\/product_cat?post=57"},{"taxonomy":"product_tag","embeddable":true,"href":"https:\/\/www.adecom.com.mx\/en\/wp-json\/wp\/v2\/product_tag?post=57"}],"curies":[{"name":"wp","href":"https:\/\/api.w.org\/{rel}","templated":true}]}}