{"id":551,"date":"2021-05-09T23:46:39","date_gmt":"2021-05-10T05:46:39","guid":{"rendered":"https:\/\/www.adecom.com.mx\/?post_type=product&#038;p=551"},"modified":"2021-09-29T09:18:05","modified_gmt":"2021-09-29T15:18:05","slug":"durabilidad-confiabilidad-y-seguridad","status":"publish","type":"product","link":"https:\/\/www.adecom.com.mx\/en\/product\/durabilidad-confiabilidad-y-seguridad\/","title":{"rendered":"Durability, reliability and safety."},"content":{"rendered":"<p>Fully charged in less than 60 minutes, VOLTA&#039;s lithium power will give you the ability to tighten hundreds of fasteners without hoses or cords to limit your reach.<\/p>\n<ul>\n<li>It exemplifies durability, reliability and safety.<\/li>\n<li>6.2Ah rechargeable lithium-ion battery provides long run time and the freedom of cordless operation.<\/li>\n<li>Digital engine vectoring system provides precise, repeatable torque across the full range capabilities of each model.<\/li>\n<li>The hardened alloy steel square drive is designed for durability and direct engagement.<\/li>\n<li>The VT Series pistol grip is designed to allow for firm, comfortable positioning.<\/li>\n<li>The glass-filled nylon handle has a durable, non-slip over-mold.<\/li>\n<li>The VT Series has a planetary gear design that provides constant torque without impact.<\/li>\n<li>The soft start trigger provides added safety for the operator, and the ergonomic selector allows forward and reverse operation without having to reposition it.\n<div class=\"layoutArea\"><\/div>\n<\/li>\n<\/ul>","protected":false},"excerpt":{"rendered":"<p>Designed to master any application effortlessly, its ability to tighten industrial fasteners is a simple and quick load.<\/p>","protected":false},"featured_media":1381,"template":"","meta":{"_acf_changed":false,"content-type":"","_monsterinsights_skip_tracking":false,"_monsterinsights_sitenote_active":false,"_monsterinsights_sitenote_note":"","_monsterinsights_sitenote_category":0,"episode_type":"","audio_file":"","podmotor_file_id":"","podmotor_episode_id":"","cover_image":"","cover_image_id":"","duration":"","filesize":"","filesize_raw":"","date_recorded":"","explicit":"","block":"","_joinchat":[]},"product_brand":[],"product_cat":[43],"product_tag":[],"class_list":{"0":"post-551","1":"product","2":"type-product","3":"status-publish","4":"has-post-thumbnail","6":"product_cat-atornilladores-de-bateria","8":"first","9":"instock","10":"taxable","11":"shipping-taxable","12":"product-type-simple"},"acf":[],"yoast_head":"<!-- This site is optimized with the Yoast SEO plugin v27.4 - https:\/\/yoast.com\/product\/yoast-seo-wordpress\/ -->\n<title>Durabilidad, confiabilidad y seguridad. - Adecom<\/title>\n<meta name=\"robots\" content=\"index, follow, max-snippet:-1, max-image-preview:large, max-video-preview:-1\" \/>\n<link rel=\"canonical\" href=\"https:\/\/www.adecom.com.mx\/en\/product\/durabilidad-confiabilidad-y-seguridad\/\" \/>\n<meta property=\"og:locale\" content=\"en_US\" \/>\n<meta property=\"og:type\" content=\"article\" \/>\n<meta property=\"og:title\" content=\"Durabilidad, confiabilidad y seguridad. - Adecom\" \/>\n<meta property=\"og:description\" content=\"Dise\u00f1ado para dominar cualquier aplicaci\u00f3n sin esfuerzo, su capacidad para apretar sujetadores industriales es una carga simple y r\u00e1pida.\" \/>\n<meta property=\"og:url\" content=\"https:\/\/www.adecom.com.mx\/en\/product\/durabilidad-confiabilidad-y-seguridad\/\" \/>\n<meta property=\"og:site_name\" content=\"Adecom\" \/>\n<meta property=\"article:modified_time\" content=\"2021-09-29T15:18:05+00:00\" \/>\n<meta property=\"og:image\" content=\"https:\/\/www.adecom.com.mx\/wp-content\/uploads\/2021\/05\/VT-Series-Battery-Powered-Torque-Wrench-de-torcup-02-scaled.jpg\" \/>\n\t<meta property=\"og:image:width\" content=\"2418\" \/>\n\t<meta property=\"og:image:height\" content=\"2560\" \/>\n\t<meta property=\"og:image:type\" content=\"image\/jpeg\" \/>\n<meta name=\"twitter:card\" content=\"summary_large_image\" \/>\n<meta name=\"twitter:label1\" content=\"Est. reading time\" \/>\n\t<meta name=\"twitter:data1\" content=\"1 minute\" \/>\n<script type=\"application\/ld+json\" class=\"yoast-schema-graph\">{\"@context\":\"https:\\\/\\\/schema.org\",\"@graph\":[{\"@type\":\"WebPage\",\"@id\":\"https:\\\/\\\/www.adecom.com.mx\\\/producto\\\/durabilidad-confiabilidad-y-seguridad\\\/\",\"url\":\"https:\\\/\\\/www.adecom.com.mx\\\/producto\\\/durabilidad-confiabilidad-y-seguridad\\\/\",\"name\":\"Durabilidad, confiabilidad y seguridad. - Adecom\",\"isPartOf\":{\"@id\":\"https:\\\/\\\/www.adecom.com.mx\\\/#website\"},\"primaryImageOfPage\":{\"@id\":\"https:\\\/\\\/www.adecom.com.mx\\\/producto\\\/durabilidad-confiabilidad-y-seguridad\\\/#primaryimage\"},\"image\":{\"@id\":\"https:\\\/\\\/www.adecom.com.mx\\\/producto\\\/durabilidad-confiabilidad-y-seguridad\\\/#primaryimage\"},\"thumbnailUrl\":\"https:\\\/\\\/www.adecom.com.mx\\\/wp-content\\\/uploads\\\/2021\\\/05\\\/VT-Series-Battery-Powered-Torque-Wrench-de-torcup-02-scaled.jpg\",\"datePublished\":\"2021-05-10T05:46:39+00:00\",\"dateModified\":\"2021-09-29T15:18:05+00:00\",\"breadcrumb\":{\"@id\":\"https:\\\/\\\/www.adecom.com.mx\\\/producto\\\/durabilidad-confiabilidad-y-seguridad\\\/#breadcrumb\"},\"inLanguage\":\"en-US\",\"potentialAction\":[{\"@type\":\"ReadAction\",\"target\":[\"https:\\\/\\\/www.adecom.com.mx\\\/producto\\\/durabilidad-confiabilidad-y-seguridad\\\/\"]}]},{\"@type\":\"ImageObject\",\"inLanguage\":\"en-US\",\"@id\":\"https:\\\/\\\/www.adecom.com.mx\\\/producto\\\/durabilidad-confiabilidad-y-seguridad\\\/#primaryimage\",\"url\":\"https:\\\/\\\/www.adecom.com.mx\\\/wp-content\\\/uploads\\\/2021\\\/05\\\/VT-Series-Battery-Powered-Torque-Wrench-de-torcup-02-scaled.jpg\",\"contentUrl\":\"https:\\\/\\\/www.adecom.com.mx\\\/wp-content\\\/uploads\\\/2021\\\/05\\\/VT-Series-Battery-Powered-Torque-Wrench-de-torcup-02-scaled.jpg\",\"width\":2418,\"height\":2560},{\"@type\":\"BreadcrumbList\",\"@id\":\"https:\\\/\\\/www.adecom.com.mx\\\/producto\\\/durabilidad-confiabilidad-y-seguridad\\\/#breadcrumb\",\"itemListElement\":[{\"@type\":\"ListItem\",\"position\":1,\"name\":\"Portada\",\"item\":\"https:\\\/\\\/www.adecom.com.mx\\\/\"},{\"@type\":\"ListItem\",\"position\":2,\"name\":\"Productos\",\"item\":\"https:\\\/\\\/www.adecom.com.mx\\\/tienda\\\/\"},{\"@type\":\"ListItem\",\"position\":3,\"name\":\"Durabilidad, confiabilidad y seguridad.\"}]},{\"@type\":\"WebSite\",\"@id\":\"https:\\\/\\\/www.adecom.com.mx\\\/#website\",\"url\":\"https:\\\/\\\/www.adecom.com.mx\\\/\",\"name\":\"Adecom\",\"description\":\"The Best Torque and Tensi\u00f3n Experience\",\"publisher\":{\"@id\":\"https:\\\/\\\/www.adecom.com.mx\\\/#organization\"},\"potentialAction\":[{\"@type\":\"SearchAction\",\"target\":{\"@type\":\"EntryPoint\",\"urlTemplate\":\"https:\\\/\\\/www.adecom.com.mx\\\/?s={search_term_string}\"},\"query-input\":{\"@type\":\"PropertyValueSpecification\",\"valueRequired\":true,\"valueName\":\"search_term_string\"}}],\"inLanguage\":\"en-US\"},{\"@type\":\"Organization\",\"@id\":\"https:\\\/\\\/www.adecom.com.mx\\\/#organization\",\"name\":\"Adecom\",\"url\":\"https:\\\/\\\/www.adecom.com.mx\\\/\",\"logo\":{\"@type\":\"ImageObject\",\"inLanguage\":\"en-US\",\"@id\":\"https:\\\/\\\/www.adecom.com.mx\\\/#\\\/schema\\\/logo\\\/image\\\/\",\"url\":\"http:\\\/\\\/www.adecom.com.mx\\\/wp-content\\\/uploads\\\/2022\\\/02\\\/greca_adecom.png\",\"contentUrl\":\"http:\\\/\\\/www.adecom.com.mx\\\/wp-content\\\/uploads\\\/2022\\\/02\\\/greca_adecom.png\",\"width\":650,\"height\":551,\"caption\":\"Adecom\"},\"image\":{\"@id\":\"https:\\\/\\\/www.adecom.com.mx\\\/#\\\/schema\\\/logo\\\/image\\\/\"}}]}<\/script>\n<!-- \/ Yoast SEO plugin. -->","yoast_head_json":{"title":"Durabilidad, confiabilidad y seguridad. - Adecom","robots":{"index":"index","follow":"follow","max-snippet":"max-snippet:-1","max-image-preview":"max-image-preview:large","max-video-preview":"max-video-preview:-1"},"canonical":"https:\/\/www.adecom.com.mx\/en\/product\/durabilidad-confiabilidad-y-seguridad\/","og_locale":"en_US","og_type":"article","og_title":"Durabilidad, confiabilidad y seguridad. - Adecom","og_description":"Dise\u00f1ado para dominar cualquier aplicaci\u00f3n sin esfuerzo, su capacidad para apretar sujetadores industriales es una carga simple y r\u00e1pida.","og_url":"https:\/\/www.adecom.com.mx\/en\/product\/durabilidad-confiabilidad-y-seguridad\/","og_site_name":"Adecom","article_modified_time":"2021-09-29T15:18:05+00:00","og_image":[{"width":2418,"height":2560,"url":"https:\/\/www.adecom.com.mx\/wp-content\/uploads\/2021\/05\/VT-Series-Battery-Powered-Torque-Wrench-de-torcup-02-scaled.jpg","type":"image\/jpeg"}],"twitter_card":"summary_large_image","twitter_misc":{"Est. reading time":"1 minute"},"schema":{"@context":"https:\/\/schema.org","@graph":[{"@type":"WebPage","@id":"https:\/\/www.adecom.com.mx\/producto\/durabilidad-confiabilidad-y-seguridad\/","url":"https:\/\/www.adecom.com.mx\/producto\/durabilidad-confiabilidad-y-seguridad\/","name":"Durabilidad, confiabilidad y seguridad. - Adecom","isPartOf":{"@id":"https:\/\/www.adecom.com.mx\/#website"},"primaryImageOfPage":{"@id":"https:\/\/www.adecom.com.mx\/producto\/durabilidad-confiabilidad-y-seguridad\/#primaryimage"},"image":{"@id":"https:\/\/www.adecom.com.mx\/producto\/durabilidad-confiabilidad-y-seguridad\/#primaryimage"},"thumbnailUrl":"https:\/\/www.adecom.com.mx\/wp-content\/uploads\/2021\/05\/VT-Series-Battery-Powered-Torque-Wrench-de-torcup-02-scaled.jpg","datePublished":"2021-05-10T05:46:39+00:00","dateModified":"2021-09-29T15:18:05+00:00","breadcrumb":{"@id":"https:\/\/www.adecom.com.mx\/producto\/durabilidad-confiabilidad-y-seguridad\/#breadcrumb"},"inLanguage":"en-US","potentialAction":[{"@type":"ReadAction","target":["https:\/\/www.adecom.com.mx\/producto\/durabilidad-confiabilidad-y-seguridad\/"]}]},{"@type":"ImageObject","inLanguage":"en-US","@id":"https:\/\/www.adecom.com.mx\/producto\/durabilidad-confiabilidad-y-seguridad\/#primaryimage","url":"https:\/\/www.adecom.com.mx\/wp-content\/uploads\/2021\/05\/VT-Series-Battery-Powered-Torque-Wrench-de-torcup-02-scaled.jpg","contentUrl":"https:\/\/www.adecom.com.mx\/wp-content\/uploads\/2021\/05\/VT-Series-Battery-Powered-Torque-Wrench-de-torcup-02-scaled.jpg","width":2418,"height":2560},{"@type":"BreadcrumbList","@id":"https:\/\/www.adecom.com.mx\/producto\/durabilidad-confiabilidad-y-seguridad\/#breadcrumb","itemListElement":[{"@type":"ListItem","position":1,"name":"Portada","item":"https:\/\/www.adecom.com.mx\/"},{"@type":"ListItem","position":2,"name":"Productos","item":"https:\/\/www.adecom.com.mx\/tienda\/"},{"@type":"ListItem","position":3,"name":"Durabilidad, confiabilidad y seguridad."}]},{"@type":"WebSite","@id":"https:\/\/www.adecom.com.mx\/#website","url":"https:\/\/www.adecom.com.mx\/","name":"Adecom","description":"The Best Torque and Tensi\u00f3n Experience","publisher":{"@id":"https:\/\/www.adecom.com.mx\/#organization"},"potentialAction":[{"@type":"SearchAction","target":{"@type":"EntryPoint","urlTemplate":"https:\/\/www.adecom.com.mx\/?s={search_term_string}"},"query-input":{"@type":"PropertyValueSpecification","valueRequired":true,"valueName":"search_term_string"}}],"inLanguage":"en-US"},{"@type":"Organization","@id":"https:\/\/www.adecom.com.mx\/#organization","name":"Adecom","url":"https:\/\/www.adecom.com.mx\/","logo":{"@type":"ImageObject","inLanguage":"en-US","@id":"https:\/\/www.adecom.com.mx\/#\/schema\/logo\/image\/","url":"http:\/\/www.adecom.com.mx\/wp-content\/uploads\/2022\/02\/greca_adecom.png","contentUrl":"http:\/\/www.adecom.com.mx\/wp-content\/uploads\/2022\/02\/greca_adecom.png","width":650,"height":551,"caption":"Adecom"},"image":{"@id":"https:\/\/www.adecom.com.mx\/#\/schema\/logo\/image\/"}}]}},"_links":{"self":[{"href":"https:\/\/www.adecom.com.mx\/en\/wp-json\/wp\/v2\/product\/551","targetHints":{"allow":["GET"]}}],"collection":[{"href":"https:\/\/www.adecom.com.mx\/en\/wp-json\/wp\/v2\/product"}],"about":[{"href":"https:\/\/www.adecom.com.mx\/en\/wp-json\/wp\/v2\/types\/product"}],"wp:featuredmedia":[{"embeddable":true,"href":"https:\/\/www.adecom.com.mx\/en\/wp-json\/wp\/v2\/media\/1381"}],"wp:attachment":[{"href":"https:\/\/www.adecom.com.mx\/en\/wp-json\/wp\/v2\/media?parent=551"}],"wp:term":[{"taxonomy":"product_brand","embeddable":true,"href":"https:\/\/www.adecom.com.mx\/en\/wp-json\/wp\/v2\/product_brand?post=551"},{"taxonomy":"product_cat","embeddable":true,"href":"https:\/\/www.adecom.com.mx\/en\/wp-json\/wp\/v2\/product_cat?post=551"},{"taxonomy":"product_tag","embeddable":true,"href":"https:\/\/www.adecom.com.mx\/en\/wp-json\/wp\/v2\/product_tag?post=551"}],"curies":[{"name":"wp","href":"https:\/\/api.w.org\/{rel}","templated":true}]}}