{"id":518,"date":"2021-05-09T21:50:51","date_gmt":"2021-05-10T03:50:51","guid":{"rendered":"https:\/\/www.adecom.com.mx\/?post_type=product&#038;p=518"},"modified":"2021-07-22T09:16:50","modified_gmt":"2021-07-22T15:16:50","slug":"herramienta-de-remache-inteligente","status":"publish","type":"product","link":"https:\/\/www.adecom.com.mx\/en\/product\/herramienta-de-remache-inteligente\/","title":{"rendered":"Smart Riveting Tool."},"content":{"rendered":"<ul>\n<li>High-performance smart riveting tools help manufacturers reduce waste, optimize assembly areas, and provide real-time process data to the existing plant MES by registering the stem break load and rivet pull distance.<\/li>\n<li>It maximizes productivity: it installs 1,100 open-end steel fasteners (4.8 mm \/ 3\/16\u201d) on a single charge using a 2.0Ah battery.<\/li>\n<li>Onboard process monitoring ensures improperly fastened joints to be immediately detected, preventing entire batches from being affected.<\/li>\n<li>User-friendly design: quick-release nose housing and jaw guide, fast sliding battery installation, LED light for a clear application view, and soft-grip ergonomic handle to ensure operator comfort. The built-in touchscreen allows easy setup and use of the process monitoring system.<\/li>\n<li>It enhances operator mobility, allowing easy movement across applications without the limitations and hazards of an airline hose. It maximizes production and reduces operator fatigue with its ergonomic and balanced design.<\/li>\n<li>An onboard process monitoring system includes an OK\/Not OK notification for each rivet installation, along with placement of related curve review. Data storage capacity of 500,000 setup results.<\/li>\n<li>It prevents unplanned downtime, combining the benefits of long-lasting DEWALT lithium-ion batteries with industry-leading charging time. Tool-free quick-change jaw guide and housing systems further enhance productivity.<\/li>\n<li>This tool provides permanent, vibration-resistant assembly when used with Stanley Engineering Fastening break-stem rivets.<\/li>\n<\/ul>","protected":false},"excerpt":{"rendered":"<p>High-performance smart riveting tools allow manufacturers to reduce waste, optimize assembly areas, and provide real-time process data to the existing manufacturing execution system (MES) through stem registration.<\/p>","protected":false},"featured_media":519,"template":"","meta":{"_acf_changed":false,"content-type":"","_monsterinsights_skip_tracking":false,"_monsterinsights_sitenote_active":false,"_monsterinsights_sitenote_note":"","_monsterinsights_sitenote_category":0,"episode_type":"","audio_file":"","podmotor_file_id":"","podmotor_episode_id":"","cover_image":"","cover_image_id":"","duration":"","filesize":"","filesize_raw":"","date_recorded":"","explicit":"","block":"","_joinchat":[]},"product_brand":[],"product_cat":[18],"product_tag":[],"class_list":{"0":"post-518","1":"product","2":"type-product","3":"status-publish","4":"has-post-thumbnail","6":"product_cat-atornilladores-y-sistemas-de-ensamble","8":"first","9":"instock","10":"taxable","11":"shipping-taxable","12":"product-type-simple"},"acf":[],"yoast_head":"<!-- This site is optimized with the Yoast SEO plugin v27.5 - https:\/\/yoast.com\/product\/yoast-seo-wordpress\/ -->\n<title>Herramienta de remache inteligente. - Adecom<\/title>\n<meta name=\"robots\" content=\"index, follow, max-snippet:-1, max-image-preview:large, max-video-preview:-1\" \/>\n<link rel=\"canonical\" href=\"https:\/\/www.adecom.com.mx\/en\/product\/herramienta-de-remache-inteligente\/\" \/>\n<meta property=\"og:locale\" content=\"en_US\" \/>\n<meta property=\"og:type\" content=\"article\" \/>\n<meta property=\"og:title\" content=\"Herramienta de remache inteligente. - Adecom\" \/>\n<meta property=\"og:description\" content=\"Herramientas de remache inteligente de alto rendimiento, permiten a los fabricantes reducir los desechos, optimizar el \u00e1rea de ensamblaje y proporcionar datos de proceso en tiempo real al sistema de ejecuci\u00f3n de fabricaci\u00f3n de la planta existente mediante el registro del v\u00e1stago.\" \/>\n<meta property=\"og:url\" content=\"https:\/\/www.adecom.com.mx\/en\/product\/herramienta-de-remache-inteligente\/\" \/>\n<meta property=\"og:site_name\" content=\"Adecom\" \/>\n<meta property=\"article:modified_time\" content=\"2021-07-22T15:16:50+00:00\" \/>\n<meta property=\"og:image\" content=\"https:\/\/www.adecom.com.mx\/wp-content\/uploads\/2021\/05\/PB2500.jpg\" \/>\n\t<meta property=\"og:image:width\" content=\"1010\" \/>\n\t<meta property=\"og:image:height\" content=\"1010\" \/>\n\t<meta property=\"og:image:type\" content=\"image\/jpeg\" \/>\n<meta name=\"twitter:card\" content=\"summary_large_image\" \/>\n<meta name=\"twitter:label1\" content=\"Est. reading time\" \/>\n\t<meta name=\"twitter:data1\" content=\"2 minutes\" \/>\n<script type=\"application\/ld+json\" class=\"yoast-schema-graph\">{\"@context\":\"https:\\\/\\\/schema.org\",\"@graph\":[{\"@type\":\"WebPage\",\"@id\":\"https:\\\/\\\/www.adecom.com.mx\\\/en\\\/product\\\/herramienta-de-remache-inteligente\\\/\",\"url\":\"https:\\\/\\\/www.adecom.com.mx\\\/en\\\/product\\\/herramienta-de-remache-inteligente\\\/\",\"name\":\"Herramienta de remache inteligente. - Adecom\",\"isPartOf\":{\"@id\":\"https:\\\/\\\/www.adecom.com.mx\\\/#website\"},\"primaryImageOfPage\":{\"@id\":\"https:\\\/\\\/www.adecom.com.mx\\\/en\\\/product\\\/herramienta-de-remache-inteligente\\\/#primaryimage\"},\"image\":{\"@id\":\"https:\\\/\\\/www.adecom.com.mx\\\/en\\\/product\\\/herramienta-de-remache-inteligente\\\/#primaryimage\"},\"thumbnailUrl\":\"https:\\\/\\\/www.adecom.com.mx\\\/wp-content\\\/uploads\\\/2021\\\/05\\\/PB2500.jpg\",\"datePublished\":\"2021-05-10T03:50:51+00:00\",\"dateModified\":\"2021-07-22T15:16:50+00:00\",\"breadcrumb\":{\"@id\":\"https:\\\/\\\/www.adecom.com.mx\\\/en\\\/product\\\/herramienta-de-remache-inteligente\\\/#breadcrumb\"},\"inLanguage\":\"en-US\",\"potentialAction\":[{\"@type\":\"ReadAction\",\"target\":[\"https:\\\/\\\/www.adecom.com.mx\\\/en\\\/product\\\/herramienta-de-remache-inteligente\\\/\"]}]},{\"@type\":\"ImageObject\",\"inLanguage\":\"en-US\",\"@id\":\"https:\\\/\\\/www.adecom.com.mx\\\/en\\\/product\\\/herramienta-de-remache-inteligente\\\/#primaryimage\",\"url\":\"https:\\\/\\\/www.adecom.com.mx\\\/wp-content\\\/uploads\\\/2021\\\/05\\\/PB2500.jpg\",\"contentUrl\":\"https:\\\/\\\/www.adecom.com.mx\\\/wp-content\\\/uploads\\\/2021\\\/05\\\/PB2500.jpg\",\"width\":1010,\"height\":1010},{\"@type\":\"BreadcrumbList\",\"@id\":\"https:\\\/\\\/www.adecom.com.mx\\\/en\\\/product\\\/herramienta-de-remache-inteligente\\\/#breadcrumb\",\"itemListElement\":[{\"@type\":\"ListItem\",\"position\":1,\"name\":\"Portada\",\"item\":\"https:\\\/\\\/www.adecom.com.mx\\\/\"},{\"@type\":\"ListItem\",\"position\":2,\"name\":\"Productos\",\"item\":\"https:\\\/\\\/www.adecom.com.mx\\\/tienda\\\/\"},{\"@type\":\"ListItem\",\"position\":3,\"name\":\"Herramienta de remache inteligente.\"}]},{\"@type\":\"WebSite\",\"@id\":\"https:\\\/\\\/www.adecom.com.mx\\\/#website\",\"url\":\"https:\\\/\\\/www.adecom.com.mx\\\/\",\"name\":\"Adecom\",\"description\":\"The Best Torque and Tensi\u00f3n Experience\",\"publisher\":{\"@id\":\"https:\\\/\\\/www.adecom.com.mx\\\/#organization\"},\"potentialAction\":[{\"@type\":\"SearchAction\",\"target\":{\"@type\":\"EntryPoint\",\"urlTemplate\":\"https:\\\/\\\/www.adecom.com.mx\\\/?s={search_term_string}\"},\"query-input\":{\"@type\":\"PropertyValueSpecification\",\"valueRequired\":true,\"valueName\":\"search_term_string\"}}],\"inLanguage\":\"en-US\"},{\"@type\":\"Organization\",\"@id\":\"https:\\\/\\\/www.adecom.com.mx\\\/#organization\",\"name\":\"Adecom\",\"url\":\"https:\\\/\\\/www.adecom.com.mx\\\/\",\"logo\":{\"@type\":\"ImageObject\",\"inLanguage\":\"en-US\",\"@id\":\"https:\\\/\\\/www.adecom.com.mx\\\/#\\\/schema\\\/logo\\\/image\\\/\",\"url\":\"http:\\\/\\\/www.adecom.com.mx\\\/wp-content\\\/uploads\\\/2022\\\/02\\\/greca_adecom.png\",\"contentUrl\":\"http:\\\/\\\/www.adecom.com.mx\\\/wp-content\\\/uploads\\\/2022\\\/02\\\/greca_adecom.png\",\"width\":650,\"height\":551,\"caption\":\"Adecom\"},\"image\":{\"@id\":\"https:\\\/\\\/www.adecom.com.mx\\\/#\\\/schema\\\/logo\\\/image\\\/\"}}]}<\/script>\n<!-- \/ Yoast SEO plugin. -->","yoast_head_json":{"title":"Herramienta de remache inteligente. - Adecom","robots":{"index":"index","follow":"follow","max-snippet":"max-snippet:-1","max-image-preview":"max-image-preview:large","max-video-preview":"max-video-preview:-1"},"canonical":"https:\/\/www.adecom.com.mx\/en\/product\/herramienta-de-remache-inteligente\/","og_locale":"en_US","og_type":"article","og_title":"Herramienta de remache inteligente. - Adecom","og_description":"Herramientas de remache inteligente de alto rendimiento, permiten a los fabricantes reducir los desechos, optimizar el \u00e1rea de ensamblaje y proporcionar datos de proceso en tiempo real al sistema de ejecuci\u00f3n de fabricaci\u00f3n de la planta existente mediante el registro del v\u00e1stago.","og_url":"https:\/\/www.adecom.com.mx\/en\/product\/herramienta-de-remache-inteligente\/","og_site_name":"Adecom","article_modified_time":"2021-07-22T15:16:50+00:00","og_image":[{"width":1010,"height":1010,"url":"https:\/\/www.adecom.com.mx\/wp-content\/uploads\/2021\/05\/PB2500.jpg","type":"image\/jpeg"}],"twitter_card":"summary_large_image","twitter_misc":{"Est. reading time":"2 minutes"},"schema":{"@context":"https:\/\/schema.org","@graph":[{"@type":"WebPage","@id":"https:\/\/www.adecom.com.mx\/en\/product\/herramienta-de-remache-inteligente\/","url":"https:\/\/www.adecom.com.mx\/en\/product\/herramienta-de-remache-inteligente\/","name":"Herramienta de remache inteligente. - Adecom","isPartOf":{"@id":"https:\/\/www.adecom.com.mx\/#website"},"primaryImageOfPage":{"@id":"https:\/\/www.adecom.com.mx\/en\/product\/herramienta-de-remache-inteligente\/#primaryimage"},"image":{"@id":"https:\/\/www.adecom.com.mx\/en\/product\/herramienta-de-remache-inteligente\/#primaryimage"},"thumbnailUrl":"https:\/\/www.adecom.com.mx\/wp-content\/uploads\/2021\/05\/PB2500.jpg","datePublished":"2021-05-10T03:50:51+00:00","dateModified":"2021-07-22T15:16:50+00:00","breadcrumb":{"@id":"https:\/\/www.adecom.com.mx\/en\/product\/herramienta-de-remache-inteligente\/#breadcrumb"},"inLanguage":"en-US","potentialAction":[{"@type":"ReadAction","target":["https:\/\/www.adecom.com.mx\/en\/product\/herramienta-de-remache-inteligente\/"]}]},{"@type":"ImageObject","inLanguage":"en-US","@id":"https:\/\/www.adecom.com.mx\/en\/product\/herramienta-de-remache-inteligente\/#primaryimage","url":"https:\/\/www.adecom.com.mx\/wp-content\/uploads\/2021\/05\/PB2500.jpg","contentUrl":"https:\/\/www.adecom.com.mx\/wp-content\/uploads\/2021\/05\/PB2500.jpg","width":1010,"height":1010},{"@type":"BreadcrumbList","@id":"https:\/\/www.adecom.com.mx\/en\/product\/herramienta-de-remache-inteligente\/#breadcrumb","itemListElement":[{"@type":"ListItem","position":1,"name":"Portada","item":"https:\/\/www.adecom.com.mx\/"},{"@type":"ListItem","position":2,"name":"Productos","item":"https:\/\/www.adecom.com.mx\/tienda\/"},{"@type":"ListItem","position":3,"name":"Herramienta de remache inteligente."}]},{"@type":"WebSite","@id":"https:\/\/www.adecom.com.mx\/#website","url":"https:\/\/www.adecom.com.mx\/","name":"Adecom","description":"The Best Torque and Tensi\u00f3n Experience","publisher":{"@id":"https:\/\/www.adecom.com.mx\/#organization"},"potentialAction":[{"@type":"SearchAction","target":{"@type":"EntryPoint","urlTemplate":"https:\/\/www.adecom.com.mx\/?s={search_term_string}"},"query-input":{"@type":"PropertyValueSpecification","valueRequired":true,"valueName":"search_term_string"}}],"inLanguage":"en-US"},{"@type":"Organization","@id":"https:\/\/www.adecom.com.mx\/#organization","name":"Adecom","url":"https:\/\/www.adecom.com.mx\/","logo":{"@type":"ImageObject","inLanguage":"en-US","@id":"https:\/\/www.adecom.com.mx\/#\/schema\/logo\/image\/","url":"http:\/\/www.adecom.com.mx\/wp-content\/uploads\/2022\/02\/greca_adecom.png","contentUrl":"http:\/\/www.adecom.com.mx\/wp-content\/uploads\/2022\/02\/greca_adecom.png","width":650,"height":551,"caption":"Adecom"},"image":{"@id":"https:\/\/www.adecom.com.mx\/#\/schema\/logo\/image\/"}}]}},"_links":{"self":[{"href":"https:\/\/www.adecom.com.mx\/en\/wp-json\/wp\/v2\/product\/518","targetHints":{"allow":["GET"]}}],"collection":[{"href":"https:\/\/www.adecom.com.mx\/en\/wp-json\/wp\/v2\/product"}],"about":[{"href":"https:\/\/www.adecom.com.mx\/en\/wp-json\/wp\/v2\/types\/product"}],"wp:featuredmedia":[{"embeddable":true,"href":"https:\/\/www.adecom.com.mx\/en\/wp-json\/wp\/v2\/media\/519"}],"wp:attachment":[{"href":"https:\/\/www.adecom.com.mx\/en\/wp-json\/wp\/v2\/media?parent=518"}],"wp:term":[{"taxonomy":"product_brand","embeddable":true,"href":"https:\/\/www.adecom.com.mx\/en\/wp-json\/wp\/v2\/product_brand?post=518"},{"taxonomy":"product_cat","embeddable":true,"href":"https:\/\/www.adecom.com.mx\/en\/wp-json\/wp\/v2\/product_cat?post=518"},{"taxonomy":"product_tag","embeddable":true,"href":"https:\/\/www.adecom.com.mx\/en\/wp-json\/wp\/v2\/product_tag?post=518"}],"curies":[{"name":"wp","href":"https:\/\/api.w.org\/{rel}","templated":true}]}}