{"id":504,"date":"2021-05-09T21:03:52","date_gmt":"2021-05-10T03:03:52","guid":{"rendered":"https:\/\/www.adecom.com.mx\/?post_type=product&#038;p=504"},"modified":"2023-10-24T15:43:07","modified_gmt":"2023-10-24T21:43:07","slug":"control-total-del-proceso-sin-cables-ni-controladores","status":"publish","type":"product","link":"https:\/\/www.adecom.com.mx\/en\/product\/control-total-del-proceso-sin-cables-ni-controladores\/","title":{"rendered":"Cordless Screwdriver Smart, Flexible, and Safe"},"content":{"rendered":"<p>The Nexo cordless screwdriver guarantees maximum freedom in application while maintaining the highest process safety at all times. It is the first WiFi-enabled cordless screwdriver with integrated control and power electronics, allowing for secure fastening even in dead zones. In this case, the results of the fastening are temporarily stored in the control and later wirelessly transmitted to the receiving station.\n\nIndustry 4.0 Screwdrivers\nNexo is the solution for critical safety applications in threaded assemblies.\nThe integrated controller monitors the fastening and transmits results via wireless connection to the receiver station.<\/p>\n<ul>\n<li>Rotation speeds up to 1,500 rpm<\/li>\n<li>Graphical display: direct and clear indication of fastening quality<\/li>\n<li>Torque and rotation angle acquisition possible<\/li>\n<li>Wi-Fi 2.4 and 5 GHz<\/li>\n<li>Integrated screw tip illumination<\/li>\n<li>Ergonomic design and maximum freedom of movement<\/li>\n<li>Suitable for \"A\" class fastening connections according to VDI\/VDE 2862<\/li>\n<li>No need for external controllers<\/li>\n<li>disabled<\/li>\n<li>Adecuado para conexiones de apriete de clase &#8220;A&#8221; de acuerdo con VDI\/VDE2862.<\/li>\n<li>disabled\n<div class=\"simple-translate-button isShow\" style=\"background-image: url('moz-extension:\/\/04e6dee3-0f4e-4daf-a72a-5c7c6498ce29\/icons\/512.png'); height: 22px; width: 22px; top: 93px; left: 524px;\"><\/div>\n<\/li>\n<\/ul>","protected":false},"excerpt":{"rendered":"<p>Graphical display: direct and clear indication of fastening quality<\/p>","protected":false},"featured_media":3149,"template":"","meta":{"_acf_changed":false,"content-type":"","_monsterinsights_skip_tracking":false,"_monsterinsights_sitenote_active":false,"_monsterinsights_sitenote_note":"","_monsterinsights_sitenote_category":0,"episode_type":"","audio_file":"","podmotor_file_id":"","podmotor_episode_id":"","cover_image":"","cover_image_id":"","duration":"","filesize":"","filesize_raw":"","date_recorded":"","explicit":"","block":"","_joinchat":[]},"product_brand":[],"product_cat":[18,37,38],"product_tag":[],"class_list":{"0":"post-504","1":"product","2":"type-product","3":"status-publish","4":"has-post-thumbnail","6":"product_cat-atornilladores-y-sistemas-de-ensamble","7":"product_cat-inalambricos","8":"product_cat-programables","10":"first","11":"instock","12":"taxable","13":"shipping-taxable","14":"product-type-simple"},"acf":[],"yoast_head":"<!-- This site is optimized with the Yoast SEO plugin v27.5 - https:\/\/yoast.com\/product\/yoast-seo-wordpress\/ -->\n<title>Atornillador inal\u00e1mbrico inteligente, flexible y seguro. - Adecom<\/title>\n<meta name=\"robots\" content=\"index, follow, max-snippet:-1, max-image-preview:large, max-video-preview:-1\" \/>\n<link rel=\"canonical\" href=\"https:\/\/www.adecom.com.mx\/en\/product\/control-total-del-proceso-sin-cables-ni-controladores\/\" \/>\n<meta property=\"og:locale\" content=\"en_US\" \/>\n<meta property=\"og:type\" content=\"article\" \/>\n<meta property=\"og:title\" content=\"Atornillador inal\u00e1mbrico inteligente, flexible y seguro. - Adecom\" \/>\n<meta property=\"og:description\" content=\"Nexo, es la soluci\u00f3n para aplicaciones cr\u00edticas de seguridad en ensambles roscados.\" \/>\n<meta property=\"og:url\" content=\"https:\/\/www.adecom.com.mx\/en\/product\/control-total-del-proceso-sin-cables-ni-controladores\/\" \/>\n<meta property=\"og:site_name\" content=\"Adecom\" \/>\n<meta property=\"article:modified_time\" content=\"2023-10-24T21:43:07+00:00\" \/>\n<meta property=\"og:image\" content=\"https:\/\/www.adecom.com.mx\/wp-content\/uploads\/2021\/05\/CE_bosch-rexroth-atornillador-aplicacion-industria.jpg\" \/>\n\t<meta property=\"og:image:width\" content=\"1800\" \/>\n\t<meta property=\"og:image:height\" content=\"1800\" \/>\n\t<meta property=\"og:image:type\" content=\"image\/jpeg\" \/>\n<meta name=\"twitter:card\" content=\"summary_large_image\" \/>\n<meta name=\"twitter:label1\" content=\"Est. reading time\" \/>\n\t<meta name=\"twitter:data1\" content=\"1 minute\" \/>\n<script type=\"application\/ld+json\" class=\"yoast-schema-graph\">{\"@context\":\"https:\\\/\\\/schema.org\",\"@graph\":[{\"@type\":\"WebPage\",\"@id\":\"https:\\\/\\\/www.adecom.com.mx\\\/producto\\\/control-total-del-proceso-sin-cables-ni-controladores\\\/\",\"url\":\"https:\\\/\\\/www.adecom.com.mx\\\/producto\\\/control-total-del-proceso-sin-cables-ni-controladores\\\/\",\"name\":\"Atornillador inal\u00e1mbrico inteligente, flexible y seguro. - Adecom\",\"isPartOf\":{\"@id\":\"https:\\\/\\\/www.adecom.com.mx\\\/#website\"},\"primaryImageOfPage\":{\"@id\":\"https:\\\/\\\/www.adecom.com.mx\\\/producto\\\/control-total-del-proceso-sin-cables-ni-controladores\\\/#primaryimage\"},\"image\":{\"@id\":\"https:\\\/\\\/www.adecom.com.mx\\\/producto\\\/control-total-del-proceso-sin-cables-ni-controladores\\\/#primaryimage\"},\"thumbnailUrl\":\"https:\\\/\\\/www.adecom.com.mx\\\/wp-content\\\/uploads\\\/2021\\\/05\\\/CE_bosch-rexroth-atornillador-aplicacion-industria.jpg\",\"datePublished\":\"2021-05-10T03:03:52+00:00\",\"dateModified\":\"2023-10-24T21:43:07+00:00\",\"breadcrumb\":{\"@id\":\"https:\\\/\\\/www.adecom.com.mx\\\/producto\\\/control-total-del-proceso-sin-cables-ni-controladores\\\/#breadcrumb\"},\"inLanguage\":\"en-US\",\"potentialAction\":[{\"@type\":\"ReadAction\",\"target\":[\"https:\\\/\\\/www.adecom.com.mx\\\/producto\\\/control-total-del-proceso-sin-cables-ni-controladores\\\/\"]}]},{\"@type\":\"ImageObject\",\"inLanguage\":\"en-US\",\"@id\":\"https:\\\/\\\/www.adecom.com.mx\\\/producto\\\/control-total-del-proceso-sin-cables-ni-controladores\\\/#primaryimage\",\"url\":\"https:\\\/\\\/www.adecom.com.mx\\\/wp-content\\\/uploads\\\/2021\\\/05\\\/CE_bosch-rexroth-atornillador-aplicacion-industria.jpg\",\"contentUrl\":\"https:\\\/\\\/www.adecom.com.mx\\\/wp-content\\\/uploads\\\/2021\\\/05\\\/CE_bosch-rexroth-atornillador-aplicacion-industria.jpg\",\"width\":1800,\"height\":1800},{\"@type\":\"BreadcrumbList\",\"@id\":\"https:\\\/\\\/www.adecom.com.mx\\\/producto\\\/control-total-del-proceso-sin-cables-ni-controladores\\\/#breadcrumb\",\"itemListElement\":[{\"@type\":\"ListItem\",\"position\":1,\"name\":\"Portada\",\"item\":\"https:\\\/\\\/www.adecom.com.mx\\\/\"},{\"@type\":\"ListItem\",\"position\":2,\"name\":\"Productos\",\"item\":\"https:\\\/\\\/www.adecom.com.mx\\\/tienda\\\/\"},{\"@type\":\"ListItem\",\"position\":3,\"name\":\"Atornillador inal\u00e1mbrico inteligente, flexible y seguro.\"}]},{\"@type\":\"WebSite\",\"@id\":\"https:\\\/\\\/www.adecom.com.mx\\\/#website\",\"url\":\"https:\\\/\\\/www.adecom.com.mx\\\/\",\"name\":\"Adecom\",\"description\":\"The Best Torque and Tensi\u00f3n Experience\",\"publisher\":{\"@id\":\"https:\\\/\\\/www.adecom.com.mx\\\/#organization\"},\"potentialAction\":[{\"@type\":\"SearchAction\",\"target\":{\"@type\":\"EntryPoint\",\"urlTemplate\":\"https:\\\/\\\/www.adecom.com.mx\\\/?s={search_term_string}\"},\"query-input\":{\"@type\":\"PropertyValueSpecification\",\"valueRequired\":true,\"valueName\":\"search_term_string\"}}],\"inLanguage\":\"en-US\"},{\"@type\":\"Organization\",\"@id\":\"https:\\\/\\\/www.adecom.com.mx\\\/#organization\",\"name\":\"Adecom\",\"url\":\"https:\\\/\\\/www.adecom.com.mx\\\/\",\"logo\":{\"@type\":\"ImageObject\",\"inLanguage\":\"en-US\",\"@id\":\"https:\\\/\\\/www.adecom.com.mx\\\/#\\\/schema\\\/logo\\\/image\\\/\",\"url\":\"http:\\\/\\\/www.adecom.com.mx\\\/wp-content\\\/uploads\\\/2022\\\/02\\\/greca_adecom.png\",\"contentUrl\":\"http:\\\/\\\/www.adecom.com.mx\\\/wp-content\\\/uploads\\\/2022\\\/02\\\/greca_adecom.png\",\"width\":650,\"height\":551,\"caption\":\"Adecom\"},\"image\":{\"@id\":\"https:\\\/\\\/www.adecom.com.mx\\\/#\\\/schema\\\/logo\\\/image\\\/\"}}]}<\/script>\n<!-- \/ Yoast SEO plugin. -->","yoast_head_json":{"title":"Atornillador inal\u00e1mbrico inteligente, flexible y seguro. - Adecom","robots":{"index":"index","follow":"follow","max-snippet":"max-snippet:-1","max-image-preview":"max-image-preview:large","max-video-preview":"max-video-preview:-1"},"canonical":"https:\/\/www.adecom.com.mx\/en\/product\/control-total-del-proceso-sin-cables-ni-controladores\/","og_locale":"en_US","og_type":"article","og_title":"Atornillador inal\u00e1mbrico inteligente, flexible y seguro. - Adecom","og_description":"Nexo, es la soluci\u00f3n para aplicaciones cr\u00edticas de seguridad en ensambles roscados.","og_url":"https:\/\/www.adecom.com.mx\/en\/product\/control-total-del-proceso-sin-cables-ni-controladores\/","og_site_name":"Adecom","article_modified_time":"2023-10-24T21:43:07+00:00","og_image":[{"width":1800,"height":1800,"url":"https:\/\/www.adecom.com.mx\/wp-content\/uploads\/2021\/05\/CE_bosch-rexroth-atornillador-aplicacion-industria.jpg","type":"image\/jpeg"}],"twitter_card":"summary_large_image","twitter_misc":{"Est. reading time":"1 minute"},"schema":{"@context":"https:\/\/schema.org","@graph":[{"@type":"WebPage","@id":"https:\/\/www.adecom.com.mx\/producto\/control-total-del-proceso-sin-cables-ni-controladores\/","url":"https:\/\/www.adecom.com.mx\/producto\/control-total-del-proceso-sin-cables-ni-controladores\/","name":"Atornillador inal\u00e1mbrico inteligente, flexible y seguro. - Adecom","isPartOf":{"@id":"https:\/\/www.adecom.com.mx\/#website"},"primaryImageOfPage":{"@id":"https:\/\/www.adecom.com.mx\/producto\/control-total-del-proceso-sin-cables-ni-controladores\/#primaryimage"},"image":{"@id":"https:\/\/www.adecom.com.mx\/producto\/control-total-del-proceso-sin-cables-ni-controladores\/#primaryimage"},"thumbnailUrl":"https:\/\/www.adecom.com.mx\/wp-content\/uploads\/2021\/05\/CE_bosch-rexroth-atornillador-aplicacion-industria.jpg","datePublished":"2021-05-10T03:03:52+00:00","dateModified":"2023-10-24T21:43:07+00:00","breadcrumb":{"@id":"https:\/\/www.adecom.com.mx\/producto\/control-total-del-proceso-sin-cables-ni-controladores\/#breadcrumb"},"inLanguage":"en-US","potentialAction":[{"@type":"ReadAction","target":["https:\/\/www.adecom.com.mx\/producto\/control-total-del-proceso-sin-cables-ni-controladores\/"]}]},{"@type":"ImageObject","inLanguage":"en-US","@id":"https:\/\/www.adecom.com.mx\/producto\/control-total-del-proceso-sin-cables-ni-controladores\/#primaryimage","url":"https:\/\/www.adecom.com.mx\/wp-content\/uploads\/2021\/05\/CE_bosch-rexroth-atornillador-aplicacion-industria.jpg","contentUrl":"https:\/\/www.adecom.com.mx\/wp-content\/uploads\/2021\/05\/CE_bosch-rexroth-atornillador-aplicacion-industria.jpg","width":1800,"height":1800},{"@type":"BreadcrumbList","@id":"https:\/\/www.adecom.com.mx\/producto\/control-total-del-proceso-sin-cables-ni-controladores\/#breadcrumb","itemListElement":[{"@type":"ListItem","position":1,"name":"Portada","item":"https:\/\/www.adecom.com.mx\/"},{"@type":"ListItem","position":2,"name":"Productos","item":"https:\/\/www.adecom.com.mx\/tienda\/"},{"@type":"ListItem","position":3,"name":"Atornillador inal\u00e1mbrico inteligente, flexible y seguro."}]},{"@type":"WebSite","@id":"https:\/\/www.adecom.com.mx\/#website","url":"https:\/\/www.adecom.com.mx\/","name":"Adecom","description":"The Best Torque and Tensi\u00f3n Experience","publisher":{"@id":"https:\/\/www.adecom.com.mx\/#organization"},"potentialAction":[{"@type":"SearchAction","target":{"@type":"EntryPoint","urlTemplate":"https:\/\/www.adecom.com.mx\/?s={search_term_string}"},"query-input":{"@type":"PropertyValueSpecification","valueRequired":true,"valueName":"search_term_string"}}],"inLanguage":"en-US"},{"@type":"Organization","@id":"https:\/\/www.adecom.com.mx\/#organization","name":"Adecom","url":"https:\/\/www.adecom.com.mx\/","logo":{"@type":"ImageObject","inLanguage":"en-US","@id":"https:\/\/www.adecom.com.mx\/#\/schema\/logo\/image\/","url":"http:\/\/www.adecom.com.mx\/wp-content\/uploads\/2022\/02\/greca_adecom.png","contentUrl":"http:\/\/www.adecom.com.mx\/wp-content\/uploads\/2022\/02\/greca_adecom.png","width":650,"height":551,"caption":"Adecom"},"image":{"@id":"https:\/\/www.adecom.com.mx\/#\/schema\/logo\/image\/"}}]}},"_links":{"self":[{"href":"https:\/\/www.adecom.com.mx\/en\/wp-json\/wp\/v2\/product\/504","targetHints":{"allow":["GET"]}}],"collection":[{"href":"https:\/\/www.adecom.com.mx\/en\/wp-json\/wp\/v2\/product"}],"about":[{"href":"https:\/\/www.adecom.com.mx\/en\/wp-json\/wp\/v2\/types\/product"}],"wp:featuredmedia":[{"embeddable":true,"href":"https:\/\/www.adecom.com.mx\/en\/wp-json\/wp\/v2\/media\/3149"}],"wp:attachment":[{"href":"https:\/\/www.adecom.com.mx\/en\/wp-json\/wp\/v2\/media?parent=504"}],"wp:term":[{"taxonomy":"product_brand","embeddable":true,"href":"https:\/\/www.adecom.com.mx\/en\/wp-json\/wp\/v2\/product_brand?post=504"},{"taxonomy":"product_cat","embeddable":true,"href":"https:\/\/www.adecom.com.mx\/en\/wp-json\/wp\/v2\/product_cat?post=504"},{"taxonomy":"product_tag","embeddable":true,"href":"https:\/\/www.adecom.com.mx\/en\/wp-json\/wp\/v2\/product_tag?post=504"}],"curies":[{"name":"wp","href":"https:\/\/api.w.org\/{rel}","templated":true}]}}