{"id":494,"date":"2021-05-09T19:27:22","date_gmt":"2021-05-10T01:27:22","guid":{"rendered":"https:\/\/www.adecom.com.mx\/?post_type=product&#038;p=494"},"modified":"2021-07-22T08:56:10","modified_gmt":"2021-07-22T14:56:10","slug":"la-simbiosis-perfecta-entre-la-electrronica-y-la-mecanica","status":"publish","type":"product","link":"https:\/\/www.adecom.com.mx\/en\/product\/la-simbiosis-perfecta-entre-la-electrronica-y-la-mecanica\/","title":{"rendered":"Electromechanical Torque Wrench: Precise, Safe, and Intuitive to Use."},"content":{"rendered":"<div class=\"page\" title=\"Page 2\">\n<div class=\"section\">\n<div class=\"layoutArea\">\n<div class=\"column\">\n<p>The patented ball mechanism triggers audibly and perceptibly upon reaching the nominal tightening torque.<\/p>\n<\/div>\n<\/div>\n<\/div>\n<\/div>\n<ul>\n<li>Ideal for applications requiring work process documentation, low torque applications or complex tightening sequences.<\/li>\n<li>Direct reading or triggering\u2014both modes are possible for left and right tightening.<\/li>\n<li>Long battery life with standby mode to reduce power consumption. Always ready for use thanks to an easily replaceable battery, which charges externally.<\/li>\n<li>Porta\u00fatiles con carraca integrado con 80 dientes y un \u00e1ngulo de trabajo de tan solo 4,5\u00b0 para poder trabajar con especial precisi\u00f3n, algo perfecto para uniones atornilladas de dif\u00edcil acceso. El cuadrado exterior de 1\/4&#8243; permite insertar directamente las bocas de llaves de vaso, y el acoplamiento para puntas incluido permite utilizar puntas de atornillar.<\/li>\n<li>Bright, low-power OLED color display, readable from almost any angle, clearly showing all relevant information.<\/li>\n<li>Short learning curve thanks to intuitive controls and a user-friendly menu structure.<\/li>\n<li>Three operating modes: Click, Track, Peak Hold.<\/li>\n<li>Con cuadrado exterior de 1\/4&#8243; (6,3 DIN 3120\/ ISO 1174-1) para el alojamiento de bocas de llaves de vaso de 1\/4&#8243;.<\/li>\n<li>Stores up to 2500 tightening processes, which can be reviewed and documented later on a computer via the integrated micro-USB interface.<\/li>\n<li>Certified according to DIN EN ISO 6789-2:2017.<\/li>\n<\/ul>\n<div id=\"simple-translate\">\n<div>\n<div class=\"simple-translate-button isShow\" style=\"background-image: url('moz-extension:\/\/04e6dee3-0f4e-4daf-a72a-5c7c6498ce29\/icons\/512.png'); height: 22px; width: 22px; top: 74px; left: 73px;\"><\/div>\n<\/div>\n<\/div>","protected":false},"excerpt":{"rendered":"<p>The perfect symbiosis between electronics and mechanics.<\/p>","protected":false},"featured_media":1124,"template":"","meta":{"_acf_changed":false,"content-type":"","_monsterinsights_skip_tracking":false,"_monsterinsights_sitenote_active":false,"_monsterinsights_sitenote_note":"","_monsterinsights_sitenote_category":0,"episode_type":"","audio_file":"","podmotor_file_id":"","podmotor_episode_id":"","cover_image":"","cover_image_id":"","duration":"","filesize":"","filesize_raw":"","date_recorded":"","explicit":"","block":"","_joinchat":[]},"product_brand":[],"product_cat":[30],"product_tag":[],"class_list":{"0":"post-494","1":"product","2":"type-product","3":"status-publish","4":"has-post-thumbnail","6":"product_cat-click-ajustable","8":"first","9":"instock","10":"taxable","11":"shipping-taxable","12":"product-type-simple"},"acf":[],"yoast_head":"<!-- This site is optimized with the Yoast SEO plugin v27.5 - https:\/\/yoast.com\/product\/yoast-seo-wordpress\/ -->\n<title>Torqu\u00edmetro electromec\u00e1nico: preciso, seguro, de manejo intuitivo. - Adecom<\/title>\n<meta name=\"robots\" content=\"index, follow, max-snippet:-1, max-image-preview:large, max-video-preview:-1\" \/>\n<link rel=\"canonical\" href=\"https:\/\/www.adecom.com.mx\/en\/product\/la-simbiosis-perfecta-entre-la-electrronica-y-la-mecanica\/\" \/>\n<meta property=\"og:locale\" content=\"en_US\" \/>\n<meta property=\"og:type\" content=\"article\" \/>\n<meta property=\"og:title\" content=\"Torqu\u00edmetro electromec\u00e1nico: preciso, seguro, de manejo intuitivo. - Adecom\" \/>\n<meta property=\"og:description\" content=\"La simbiosis perfecta entre la electr\u00f3nica y la mec\u00e1nica.\" \/>\n<meta property=\"og:url\" content=\"https:\/\/www.adecom.com.mx\/en\/product\/la-simbiosis-perfecta-entre-la-electrronica-y-la-mecanica\/\" \/>\n<meta property=\"og:site_name\" content=\"Adecom\" \/>\n<meta property=\"article:modified_time\" content=\"2021-07-22T14:56:10+00:00\" \/>\n<meta property=\"og:image\" content=\"https:\/\/www.adecom.com.mx\/wp-content\/uploads\/2021\/05\/torsiotronic-de-stahlwille-llave-dinamometrica_Mesa-de-trabajo-1.jpg\" \/>\n\t<meta property=\"og:image:width\" content=\"1800\" \/>\n\t<meta property=\"og:image:height\" content=\"1800\" \/>\n\t<meta property=\"og:image:type\" content=\"image\/jpeg\" \/>\n<meta name=\"twitter:card\" content=\"summary_large_image\" \/>\n<meta name=\"twitter:label1\" content=\"Est. reading time\" \/>\n\t<meta name=\"twitter:data1\" content=\"1 minute\" \/>\n<script type=\"application\/ld+json\" class=\"yoast-schema-graph\">{\"@context\":\"https:\\\/\\\/schema.org\",\"@graph\":[{\"@type\":\"WebPage\",\"@id\":\"https:\\\/\\\/www.adecom.com.mx\\\/producto\\\/la-simbiosis-perfecta-entre-la-electrronica-y-la-mecanica\\\/\",\"url\":\"https:\\\/\\\/www.adecom.com.mx\\\/producto\\\/la-simbiosis-perfecta-entre-la-electrronica-y-la-mecanica\\\/\",\"name\":\"Torqu\u00edmetro electromec\u00e1nico: preciso, seguro, de manejo intuitivo. - Adecom\",\"isPartOf\":{\"@id\":\"https:\\\/\\\/www.adecom.com.mx\\\/#website\"},\"primaryImageOfPage\":{\"@id\":\"https:\\\/\\\/www.adecom.com.mx\\\/producto\\\/la-simbiosis-perfecta-entre-la-electrronica-y-la-mecanica\\\/#primaryimage\"},\"image\":{\"@id\":\"https:\\\/\\\/www.adecom.com.mx\\\/producto\\\/la-simbiosis-perfecta-entre-la-electrronica-y-la-mecanica\\\/#primaryimage\"},\"thumbnailUrl\":\"https:\\\/\\\/www.adecom.com.mx\\\/wp-content\\\/uploads\\\/2021\\\/05\\\/torsiotronic-de-stahlwille-llave-dinamometrica_Mesa-de-trabajo-1.jpg\",\"datePublished\":\"2021-05-10T01:27:22+00:00\",\"dateModified\":\"2021-07-22T14:56:10+00:00\",\"breadcrumb\":{\"@id\":\"https:\\\/\\\/www.adecom.com.mx\\\/producto\\\/la-simbiosis-perfecta-entre-la-electrronica-y-la-mecanica\\\/#breadcrumb\"},\"inLanguage\":\"en-US\",\"potentialAction\":[{\"@type\":\"ReadAction\",\"target\":[\"https:\\\/\\\/www.adecom.com.mx\\\/producto\\\/la-simbiosis-perfecta-entre-la-electrronica-y-la-mecanica\\\/\"]}]},{\"@type\":\"ImageObject\",\"inLanguage\":\"en-US\",\"@id\":\"https:\\\/\\\/www.adecom.com.mx\\\/producto\\\/la-simbiosis-perfecta-entre-la-electrronica-y-la-mecanica\\\/#primaryimage\",\"url\":\"https:\\\/\\\/www.adecom.com.mx\\\/wp-content\\\/uploads\\\/2021\\\/05\\\/torsiotronic-de-stahlwille-llave-dinamometrica_Mesa-de-trabajo-1.jpg\",\"contentUrl\":\"https:\\\/\\\/www.adecom.com.mx\\\/wp-content\\\/uploads\\\/2021\\\/05\\\/torsiotronic-de-stahlwille-llave-dinamometrica_Mesa-de-trabajo-1.jpg\",\"width\":1800,\"height\":1800},{\"@type\":\"BreadcrumbList\",\"@id\":\"https:\\\/\\\/www.adecom.com.mx\\\/producto\\\/la-simbiosis-perfecta-entre-la-electrronica-y-la-mecanica\\\/#breadcrumb\",\"itemListElement\":[{\"@type\":\"ListItem\",\"position\":1,\"name\":\"Portada\",\"item\":\"https:\\\/\\\/www.adecom.com.mx\\\/\"},{\"@type\":\"ListItem\",\"position\":2,\"name\":\"Productos\",\"item\":\"https:\\\/\\\/www.adecom.com.mx\\\/tienda\\\/\"},{\"@type\":\"ListItem\",\"position\":3,\"name\":\"Torqu\u00edmetro electromec\u00e1nico: preciso, seguro, de manejo intuitivo.\"}]},{\"@type\":\"WebSite\",\"@id\":\"https:\\\/\\\/www.adecom.com.mx\\\/#website\",\"url\":\"https:\\\/\\\/www.adecom.com.mx\\\/\",\"name\":\"Adecom\",\"description\":\"The Best Torque and Tensi\u00f3n Experience\",\"publisher\":{\"@id\":\"https:\\\/\\\/www.adecom.com.mx\\\/#organization\"},\"potentialAction\":[{\"@type\":\"SearchAction\",\"target\":{\"@type\":\"EntryPoint\",\"urlTemplate\":\"https:\\\/\\\/www.adecom.com.mx\\\/?s={search_term_string}\"},\"query-input\":{\"@type\":\"PropertyValueSpecification\",\"valueRequired\":true,\"valueName\":\"search_term_string\"}}],\"inLanguage\":\"en-US\"},{\"@type\":\"Organization\",\"@id\":\"https:\\\/\\\/www.adecom.com.mx\\\/#organization\",\"name\":\"Adecom\",\"url\":\"https:\\\/\\\/www.adecom.com.mx\\\/\",\"logo\":{\"@type\":\"ImageObject\",\"inLanguage\":\"en-US\",\"@id\":\"https:\\\/\\\/www.adecom.com.mx\\\/#\\\/schema\\\/logo\\\/image\\\/\",\"url\":\"http:\\\/\\\/www.adecom.com.mx\\\/wp-content\\\/uploads\\\/2022\\\/02\\\/greca_adecom.png\",\"contentUrl\":\"http:\\\/\\\/www.adecom.com.mx\\\/wp-content\\\/uploads\\\/2022\\\/02\\\/greca_adecom.png\",\"width\":650,\"height\":551,\"caption\":\"Adecom\"},\"image\":{\"@id\":\"https:\\\/\\\/www.adecom.com.mx\\\/#\\\/schema\\\/logo\\\/image\\\/\"}}]}<\/script>\n<!-- \/ Yoast SEO plugin. -->","yoast_head_json":{"title":"Torqu\u00edmetro electromec\u00e1nico: preciso, seguro, de manejo intuitivo. - Adecom","robots":{"index":"index","follow":"follow","max-snippet":"max-snippet:-1","max-image-preview":"max-image-preview:large","max-video-preview":"max-video-preview:-1"},"canonical":"https:\/\/www.adecom.com.mx\/en\/product\/la-simbiosis-perfecta-entre-la-electrronica-y-la-mecanica\/","og_locale":"en_US","og_type":"article","og_title":"Torqu\u00edmetro electromec\u00e1nico: preciso, seguro, de manejo intuitivo. - Adecom","og_description":"La simbiosis perfecta entre la electr\u00f3nica y la mec\u00e1nica.","og_url":"https:\/\/www.adecom.com.mx\/en\/product\/la-simbiosis-perfecta-entre-la-electrronica-y-la-mecanica\/","og_site_name":"Adecom","article_modified_time":"2021-07-22T14:56:10+00:00","og_image":[{"width":1800,"height":1800,"url":"https:\/\/www.adecom.com.mx\/wp-content\/uploads\/2021\/05\/torsiotronic-de-stahlwille-llave-dinamometrica_Mesa-de-trabajo-1.jpg","type":"image\/jpeg"}],"twitter_card":"summary_large_image","twitter_misc":{"Est. reading time":"1 minute"},"schema":{"@context":"https:\/\/schema.org","@graph":[{"@type":"WebPage","@id":"https:\/\/www.adecom.com.mx\/producto\/la-simbiosis-perfecta-entre-la-electrronica-y-la-mecanica\/","url":"https:\/\/www.adecom.com.mx\/producto\/la-simbiosis-perfecta-entre-la-electrronica-y-la-mecanica\/","name":"Torqu\u00edmetro electromec\u00e1nico: preciso, seguro, de manejo intuitivo. - Adecom","isPartOf":{"@id":"https:\/\/www.adecom.com.mx\/#website"},"primaryImageOfPage":{"@id":"https:\/\/www.adecom.com.mx\/producto\/la-simbiosis-perfecta-entre-la-electrronica-y-la-mecanica\/#primaryimage"},"image":{"@id":"https:\/\/www.adecom.com.mx\/producto\/la-simbiosis-perfecta-entre-la-electrronica-y-la-mecanica\/#primaryimage"},"thumbnailUrl":"https:\/\/www.adecom.com.mx\/wp-content\/uploads\/2021\/05\/torsiotronic-de-stahlwille-llave-dinamometrica_Mesa-de-trabajo-1.jpg","datePublished":"2021-05-10T01:27:22+00:00","dateModified":"2021-07-22T14:56:10+00:00","breadcrumb":{"@id":"https:\/\/www.adecom.com.mx\/producto\/la-simbiosis-perfecta-entre-la-electrronica-y-la-mecanica\/#breadcrumb"},"inLanguage":"en-US","potentialAction":[{"@type":"ReadAction","target":["https:\/\/www.adecom.com.mx\/producto\/la-simbiosis-perfecta-entre-la-electrronica-y-la-mecanica\/"]}]},{"@type":"ImageObject","inLanguage":"en-US","@id":"https:\/\/www.adecom.com.mx\/producto\/la-simbiosis-perfecta-entre-la-electrronica-y-la-mecanica\/#primaryimage","url":"https:\/\/www.adecom.com.mx\/wp-content\/uploads\/2021\/05\/torsiotronic-de-stahlwille-llave-dinamometrica_Mesa-de-trabajo-1.jpg","contentUrl":"https:\/\/www.adecom.com.mx\/wp-content\/uploads\/2021\/05\/torsiotronic-de-stahlwille-llave-dinamometrica_Mesa-de-trabajo-1.jpg","width":1800,"height":1800},{"@type":"BreadcrumbList","@id":"https:\/\/www.adecom.com.mx\/producto\/la-simbiosis-perfecta-entre-la-electrronica-y-la-mecanica\/#breadcrumb","itemListElement":[{"@type":"ListItem","position":1,"name":"Portada","item":"https:\/\/www.adecom.com.mx\/"},{"@type":"ListItem","position":2,"name":"Productos","item":"https:\/\/www.adecom.com.mx\/tienda\/"},{"@type":"ListItem","position":3,"name":"Torqu\u00edmetro electromec\u00e1nico: preciso, seguro, de manejo intuitivo."}]},{"@type":"WebSite","@id":"https:\/\/www.adecom.com.mx\/#website","url":"https:\/\/www.adecom.com.mx\/","name":"Adecom","description":"The Best Torque and Tensi\u00f3n Experience","publisher":{"@id":"https:\/\/www.adecom.com.mx\/#organization"},"potentialAction":[{"@type":"SearchAction","target":{"@type":"EntryPoint","urlTemplate":"https:\/\/www.adecom.com.mx\/?s={search_term_string}"},"query-input":{"@type":"PropertyValueSpecification","valueRequired":true,"valueName":"search_term_string"}}],"inLanguage":"en-US"},{"@type":"Organization","@id":"https:\/\/www.adecom.com.mx\/#organization","name":"Adecom","url":"https:\/\/www.adecom.com.mx\/","logo":{"@type":"ImageObject","inLanguage":"en-US","@id":"https:\/\/www.adecom.com.mx\/#\/schema\/logo\/image\/","url":"http:\/\/www.adecom.com.mx\/wp-content\/uploads\/2022\/02\/greca_adecom.png","contentUrl":"http:\/\/www.adecom.com.mx\/wp-content\/uploads\/2022\/02\/greca_adecom.png","width":650,"height":551,"caption":"Adecom"},"image":{"@id":"https:\/\/www.adecom.com.mx\/#\/schema\/logo\/image\/"}}]}},"_links":{"self":[{"href":"https:\/\/www.adecom.com.mx\/en\/wp-json\/wp\/v2\/product\/494","targetHints":{"allow":["GET"]}}],"collection":[{"href":"https:\/\/www.adecom.com.mx\/en\/wp-json\/wp\/v2\/product"}],"about":[{"href":"https:\/\/www.adecom.com.mx\/en\/wp-json\/wp\/v2\/types\/product"}],"wp:featuredmedia":[{"embeddable":true,"href":"https:\/\/www.adecom.com.mx\/en\/wp-json\/wp\/v2\/media\/1124"}],"wp:attachment":[{"href":"https:\/\/www.adecom.com.mx\/en\/wp-json\/wp\/v2\/media?parent=494"}],"wp:term":[{"taxonomy":"product_brand","embeddable":true,"href":"https:\/\/www.adecom.com.mx\/en\/wp-json\/wp\/v2\/product_brand?post=494"},{"taxonomy":"product_cat","embeddable":true,"href":"https:\/\/www.adecom.com.mx\/en\/wp-json\/wp\/v2\/product_cat?post=494"},{"taxonomy":"product_tag","embeddable":true,"href":"https:\/\/www.adecom.com.mx\/en\/wp-json\/wp\/v2\/product_tag?post=494"}],"curies":[{"name":"wp","href":"https:\/\/api.w.org\/{rel}","templated":true}]}}