{"id":4415,"date":"2026-03-05T10:07:09","date_gmt":"2026-03-05T16:07:09","guid":{"rendered":"https:\/\/www.adecom.com.mx\/?post_type=product&#038;p=4415"},"modified":"2026-03-05T10:28:34","modified_gmt":"2026-03-05T16:28:34","slug":"fx-la-nueva-referencia-para-ambientes-de-produccion","status":"publish","type":"product","link":"https:\/\/www.adecom.com.mx\/en\/product\/fx-la-nueva-referencia-para-ambientes-de-produccion\/","title":{"rendered":"Torqu\u00edmetro Digital par\/\u00e1ngulo: La nueva referencia para ambientes de producci\u00f3n"},"content":{"rendered":"<p>Torqu\u00edmetro de producci\u00f3n creado para redefinir los est\u00e1ndares en montaje industrial, ofreciendo robustez, conectividad y eficiencia. Combina medici\u00f3n de torque + \u00e1ngulo y conectividad de datos para uso industrial. El Freedom X se enfoca en seguridad avanzada, ergonom\u00eda y sostenibilidad. Cumple con los requerimientos de la Norma ISO 6789:2017.<\/p>\n<ul>\n<li>Dise\u00f1ado para uso en producci\u00f3n heavy duty<\/li>\n<li>Prueba de ca\u00edda de 2 metros<\/li>\n<li>Detecci\u00f3n de mano err\u00f3nea y detecci\u00f3n de obst\u00e1culos<\/li>\n<li>Bater\u00eda de litio de larga duraci\u00f3n<\/li>\n<li>Carga inal\u00e1mbrica m\u00e1s r\u00e1pida<\/li>\n<li>Tecnolog\u00eda de aplicaciones web<\/li>\n<li>Wi-Fi 802.11 a\/b\/g\/n IPv4-IPv6<\/li>\n<li>Cabezal intercambiable<\/li>\n<li>M\u00faltiples perfiles de llave<\/li>\n<li>Compatible con m\u00faltiples protocolos: Open protocol, VW-XML, Toolsnet, IPM, PSQ, SYNER, Protocolo SCS<\/li>\n<li>Capacidad de detecci\u00f3n de errores directamente desde la llave<\/li>\n<li>Nuevas estrategias de fijaci\u00f3n<\/li>\n<li>Acceso y descarga de datos desde: el torqu\u00edmetro, celular, Note Pad \/ Tablet, PC<\/li>\n<\/ul>\n<p><strong>Estrategias<\/strong><\/p>\n<ul>\n<li>Control de Par + Monitoreo de \u00c1ngulo<\/li>\n<li>Control de \u00c1ngulo + Monitoreo de Par<\/li>\n<li>Yield Point<\/li>\n<li>Par predominante sin detecci\u00f3n de ajuste<\/li>\n<li>Par predominante con detecci\u00f3n de ajuste<\/li>\n<li>Compensaci\u00f3n PVT (PreVailing Torque o Par Predominante )<\/li>\n<li>PVT se suma al par final<\/li>\n<\/ul>\n<div id=\"simple-translate\"><\/div>","protected":false},"excerpt":{"rendered":"<p>Conoce la \u00faltima aplicaci\u00f3n del FreedomX en la Industria.<\/p>","protected":false},"featured_media":4416,"template":"","meta":{"_acf_changed":false,"content-type":"","_monsterinsights_skip_tracking":false,"_monsterinsights_sitenote_active":false,"_monsterinsights_sitenote_note":"","_monsterinsights_sitenote_category":0,"episode_type":"","audio_file":"","podmotor_file_id":"","podmotor_episode_id":"","cover_image":"","cover_image_id":"","duration":"","filesize":"","filesize_raw":"","date_recorded":"","explicit":"","block":"","_joinchat":[]},"product_brand":[],"product_cat":[35,185],"product_tag":[],"class_list":{"0":"post-4415","1":"product","2":"type-product","3":"status-publish","4":"has-post-thumbnail","6":"product_cat-digitales","7":"product_cat-verificacion-auditoria","9":"first","10":"instock","11":"taxable","12":"shipping-taxable","13":"product-type-simple"},"acf":[],"yoast_head":"<!-- This site is optimized with the Yoast SEO plugin v27.4 - https:\/\/yoast.com\/product\/yoast-seo-wordpress\/ -->\n<title>Torqu\u00edmetro Digital par\/\u00e1ngulo: La nueva referencia para ambientes de producci\u00f3n - Adecom<\/title>\n<meta name=\"robots\" content=\"index, follow, max-snippet:-1, max-image-preview:large, max-video-preview:-1\" \/>\n<link rel=\"canonical\" href=\"https:\/\/www.adecom.com.mx\/en\/product\/fx-la-nueva-referencia-para-ambientes-de-produccion\/\" \/>\n<meta property=\"og:locale\" content=\"en_US\" \/>\n<meta property=\"og:type\" content=\"article\" \/>\n<meta property=\"og:title\" content=\"Torqu\u00edmetro Digital par\/\u00e1ngulo: La nueva referencia para ambientes de producci\u00f3n - Adecom\" \/>\n<meta property=\"og:description\" content=\"Conoce la \u00faltima aplicaci\u00f3n del FreedomX en la Industria.\" \/>\n<meta property=\"og:url\" content=\"https:\/\/www.adecom.com.mx\/en\/product\/fx-la-nueva-referencia-para-ambientes-de-produccion\/\" \/>\n<meta property=\"og:site_name\" content=\"Adecom\" \/>\n<meta property=\"article:modified_time\" content=\"2026-03-05T16:28:34+00:00\" \/>\n<meta property=\"og:image\" content=\"https:\/\/www.adecom.com.mx\/wp-content\/uploads\/2026\/03\/FX_W.png\" \/>\n\t<meta property=\"og:image:width\" content=\"1500\" \/>\n\t<meta property=\"og:image:height\" content=\"1500\" \/>\n\t<meta property=\"og:image:type\" content=\"image\/png\" \/>\n<meta name=\"twitter:card\" content=\"summary_large_image\" \/>\n<meta name=\"twitter:label1\" content=\"Est. reading time\" \/>\n\t<meta name=\"twitter:data1\" content=\"1 minute\" \/>\n<script type=\"application\/ld+json\" class=\"yoast-schema-graph\">{\"@context\":\"https:\\\/\\\/schema.org\",\"@graph\":[{\"@type\":\"WebPage\",\"@id\":\"https:\\\/\\\/www.adecom.com.mx\\\/producto\\\/fx-la-nueva-referencia-para-ambientes-de-produccion\\\/\",\"url\":\"https:\\\/\\\/www.adecom.com.mx\\\/producto\\\/fx-la-nueva-referencia-para-ambientes-de-produccion\\\/\",\"name\":\"Torqu\u00edmetro Digital par\\\/\u00e1ngulo: La nueva referencia para ambientes de producci\u00f3n - Adecom\",\"isPartOf\":{\"@id\":\"https:\\\/\\\/www.adecom.com.mx\\\/en\\\/#website\"},\"primaryImageOfPage\":{\"@id\":\"https:\\\/\\\/www.adecom.com.mx\\\/producto\\\/fx-la-nueva-referencia-para-ambientes-de-produccion\\\/#primaryimage\"},\"image\":{\"@id\":\"https:\\\/\\\/www.adecom.com.mx\\\/producto\\\/fx-la-nueva-referencia-para-ambientes-de-produccion\\\/#primaryimage\"},\"thumbnailUrl\":\"https:\\\/\\\/www.adecom.com.mx\\\/wp-content\\\/uploads\\\/2026\\\/03\\\/FX_W.png\",\"datePublished\":\"2026-03-05T16:07:09+00:00\",\"dateModified\":\"2026-03-05T16:28:34+00:00\",\"breadcrumb\":{\"@id\":\"https:\\\/\\\/www.adecom.com.mx\\\/producto\\\/fx-la-nueva-referencia-para-ambientes-de-produccion\\\/#breadcrumb\"},\"inLanguage\":\"en-US\",\"potentialAction\":[{\"@type\":\"ReadAction\",\"target\":[\"https:\\\/\\\/www.adecom.com.mx\\\/producto\\\/fx-la-nueva-referencia-para-ambientes-de-produccion\\\/\"]}]},{\"@type\":\"ImageObject\",\"inLanguage\":\"en-US\",\"@id\":\"https:\\\/\\\/www.adecom.com.mx\\\/producto\\\/fx-la-nueva-referencia-para-ambientes-de-produccion\\\/#primaryimage\",\"url\":\"https:\\\/\\\/www.adecom.com.mx\\\/wp-content\\\/uploads\\\/2026\\\/03\\\/FX_W.png\",\"contentUrl\":\"https:\\\/\\\/www.adecom.com.mx\\\/wp-content\\\/uploads\\\/2026\\\/03\\\/FX_W.png\",\"width\":1500,\"height\":1500},{\"@type\":\"BreadcrumbList\",\"@id\":\"https:\\\/\\\/www.adecom.com.mx\\\/producto\\\/fx-la-nueva-referencia-para-ambientes-de-produccion\\\/#breadcrumb\",\"itemListElement\":[{\"@type\":\"ListItem\",\"position\":1,\"name\":\"Portada\",\"item\":\"https:\\\/\\\/www.adecom.com.mx\\\/en\\\/\"},{\"@type\":\"ListItem\",\"position\":2,\"name\":\"Productos\",\"item\":\"https:\\\/\\\/www.adecom.com.mx\\\/en\\\/tienda\\\/\"},{\"@type\":\"ListItem\",\"position\":3,\"name\":\"Torqu\u00edmetro Digital par\\\/\u00e1ngulo: La nueva referencia para ambientes de producci\u00f3n\"}]},{\"@type\":\"WebSite\",\"@id\":\"https:\\\/\\\/www.adecom.com.mx\\\/en\\\/#website\",\"url\":\"https:\\\/\\\/www.adecom.com.mx\\\/en\\\/\",\"name\":\"Adecom\",\"description\":\"The Best Torque and Tensi\u00f3n Experience\",\"publisher\":{\"@id\":\"https:\\\/\\\/www.adecom.com.mx\\\/en\\\/#organization\"},\"potentialAction\":[{\"@type\":\"SearchAction\",\"target\":{\"@type\":\"EntryPoint\",\"urlTemplate\":\"https:\\\/\\\/www.adecom.com.mx\\\/en\\\/?s={search_term_string}\"},\"query-input\":{\"@type\":\"PropertyValueSpecification\",\"valueRequired\":true,\"valueName\":\"search_term_string\"}}],\"inLanguage\":\"en-US\"},{\"@type\":\"Organization\",\"@id\":\"https:\\\/\\\/www.adecom.com.mx\\\/en\\\/#organization\",\"name\":\"Adecom\",\"url\":\"https:\\\/\\\/www.adecom.com.mx\\\/en\\\/\",\"logo\":{\"@type\":\"ImageObject\",\"inLanguage\":\"en-US\",\"@id\":\"https:\\\/\\\/www.adecom.com.mx\\\/en\\\/#\\\/schema\\\/logo\\\/image\\\/\",\"url\":\"http:\\\/\\\/www.adecom.com.mx\\\/wp-content\\\/uploads\\\/2022\\\/02\\\/greca_adecom.png\",\"contentUrl\":\"http:\\\/\\\/www.adecom.com.mx\\\/wp-content\\\/uploads\\\/2022\\\/02\\\/greca_adecom.png\",\"width\":650,\"height\":551,\"caption\":\"Adecom\"},\"image\":{\"@id\":\"https:\\\/\\\/www.adecom.com.mx\\\/en\\\/#\\\/schema\\\/logo\\\/image\\\/\"}}]}<\/script>\n<!-- \/ Yoast SEO plugin. -->","yoast_head_json":{"title":"Torqu\u00edmetro Digital par\/\u00e1ngulo: La nueva referencia para ambientes de producci\u00f3n - Adecom","robots":{"index":"index","follow":"follow","max-snippet":"max-snippet:-1","max-image-preview":"max-image-preview:large","max-video-preview":"max-video-preview:-1"},"canonical":"https:\/\/www.adecom.com.mx\/en\/product\/fx-la-nueva-referencia-para-ambientes-de-produccion\/","og_locale":"en_US","og_type":"article","og_title":"Torqu\u00edmetro Digital par\/\u00e1ngulo: La nueva referencia para ambientes de producci\u00f3n - Adecom","og_description":"Conoce la \u00faltima aplicaci\u00f3n del FreedomX en la Industria.","og_url":"https:\/\/www.adecom.com.mx\/en\/product\/fx-la-nueva-referencia-para-ambientes-de-produccion\/","og_site_name":"Adecom","article_modified_time":"2026-03-05T16:28:34+00:00","og_image":[{"width":1500,"height":1500,"url":"https:\/\/www.adecom.com.mx\/wp-content\/uploads\/2026\/03\/FX_W.png","type":"image\/png"}],"twitter_card":"summary_large_image","twitter_misc":{"Est. reading time":"1 minute"},"schema":{"@context":"https:\/\/schema.org","@graph":[{"@type":"WebPage","@id":"https:\/\/www.adecom.com.mx\/producto\/fx-la-nueva-referencia-para-ambientes-de-produccion\/","url":"https:\/\/www.adecom.com.mx\/producto\/fx-la-nueva-referencia-para-ambientes-de-produccion\/","name":"Torqu\u00edmetro Digital par\/\u00e1ngulo: La nueva referencia para ambientes de producci\u00f3n - Adecom","isPartOf":{"@id":"https:\/\/www.adecom.com.mx\/en\/#website"},"primaryImageOfPage":{"@id":"https:\/\/www.adecom.com.mx\/producto\/fx-la-nueva-referencia-para-ambientes-de-produccion\/#primaryimage"},"image":{"@id":"https:\/\/www.adecom.com.mx\/producto\/fx-la-nueva-referencia-para-ambientes-de-produccion\/#primaryimage"},"thumbnailUrl":"https:\/\/www.adecom.com.mx\/wp-content\/uploads\/2026\/03\/FX_W.png","datePublished":"2026-03-05T16:07:09+00:00","dateModified":"2026-03-05T16:28:34+00:00","breadcrumb":{"@id":"https:\/\/www.adecom.com.mx\/producto\/fx-la-nueva-referencia-para-ambientes-de-produccion\/#breadcrumb"},"inLanguage":"en-US","potentialAction":[{"@type":"ReadAction","target":["https:\/\/www.adecom.com.mx\/producto\/fx-la-nueva-referencia-para-ambientes-de-produccion\/"]}]},{"@type":"ImageObject","inLanguage":"en-US","@id":"https:\/\/www.adecom.com.mx\/producto\/fx-la-nueva-referencia-para-ambientes-de-produccion\/#primaryimage","url":"https:\/\/www.adecom.com.mx\/wp-content\/uploads\/2026\/03\/FX_W.png","contentUrl":"https:\/\/www.adecom.com.mx\/wp-content\/uploads\/2026\/03\/FX_W.png","width":1500,"height":1500},{"@type":"BreadcrumbList","@id":"https:\/\/www.adecom.com.mx\/producto\/fx-la-nueva-referencia-para-ambientes-de-produccion\/#breadcrumb","itemListElement":[{"@type":"ListItem","position":1,"name":"Portada","item":"https:\/\/www.adecom.com.mx\/en\/"},{"@type":"ListItem","position":2,"name":"Productos","item":"https:\/\/www.adecom.com.mx\/en\/tienda\/"},{"@type":"ListItem","position":3,"name":"Torqu\u00edmetro Digital par\/\u00e1ngulo: La nueva referencia para ambientes de producci\u00f3n"}]},{"@type":"WebSite","@id":"https:\/\/www.adecom.com.mx\/en\/#website","url":"https:\/\/www.adecom.com.mx\/en\/","name":"Adecom","description":"The Best Torque and Tensi\u00f3n Experience","publisher":{"@id":"https:\/\/www.adecom.com.mx\/en\/#organization"},"potentialAction":[{"@type":"SearchAction","target":{"@type":"EntryPoint","urlTemplate":"https:\/\/www.adecom.com.mx\/en\/?s={search_term_string}"},"query-input":{"@type":"PropertyValueSpecification","valueRequired":true,"valueName":"search_term_string"}}],"inLanguage":"en-US"},{"@type":"Organization","@id":"https:\/\/www.adecom.com.mx\/en\/#organization","name":"Adecom","url":"https:\/\/www.adecom.com.mx\/en\/","logo":{"@type":"ImageObject","inLanguage":"en-US","@id":"https:\/\/www.adecom.com.mx\/en\/#\/schema\/logo\/image\/","url":"http:\/\/www.adecom.com.mx\/wp-content\/uploads\/2022\/02\/greca_adecom.png","contentUrl":"http:\/\/www.adecom.com.mx\/wp-content\/uploads\/2022\/02\/greca_adecom.png","width":650,"height":551,"caption":"Adecom"},"image":{"@id":"https:\/\/www.adecom.com.mx\/en\/#\/schema\/logo\/image\/"}}]}},"_links":{"self":[{"href":"https:\/\/www.adecom.com.mx\/en\/wp-json\/wp\/v2\/product\/4415","targetHints":{"allow":["GET"]}}],"collection":[{"href":"https:\/\/www.adecom.com.mx\/en\/wp-json\/wp\/v2\/product"}],"about":[{"href":"https:\/\/www.adecom.com.mx\/en\/wp-json\/wp\/v2\/types\/product"}],"wp:featuredmedia":[{"embeddable":true,"href":"https:\/\/www.adecom.com.mx\/en\/wp-json\/wp\/v2\/media\/4416"}],"wp:attachment":[{"href":"https:\/\/www.adecom.com.mx\/en\/wp-json\/wp\/v2\/media?parent=4415"}],"wp:term":[{"taxonomy":"product_brand","embeddable":true,"href":"https:\/\/www.adecom.com.mx\/en\/wp-json\/wp\/v2\/product_brand?post=4415"},{"taxonomy":"product_cat","embeddable":true,"href":"https:\/\/www.adecom.com.mx\/en\/wp-json\/wp\/v2\/product_cat?post=4415"},{"taxonomy":"product_tag","embeddable":true,"href":"https:\/\/www.adecom.com.mx\/en\/wp-json\/wp\/v2\/product_tag?post=4415"}],"curies":[{"name":"wp","href":"https:\/\/api.w.org\/{rel}","templated":true}]}}