{"id":4355,"date":"2025-12-19T16:01:33","date_gmt":"2025-12-19T22:01:33","guid":{"rendered":"https:\/\/www.adecom.com.mx\/?post_type=product&#038;p=4355"},"modified":"2025-12-19T16:27:59","modified_gmt":"2025-12-19T22:27:59","slug":"transductores-estaticos-alambricos-enb","status":"publish","type":"product","link":"https:\/\/www.adecom.com.mx\/en\/product\/transductores-estaticos-alambricos-enb\/","title":{"rendered":"TRANSDUCTORES EST\u00c1TICOS AL\u00c1MBRICOS &#8211; ENB"},"content":{"rendered":"<p>Transductores est\u00e1ticos <strong>al\u00e1mbricos <\/strong>dise\u00f1ados para la medici\u00f3n est\u00e1tica del torque. Se utilizan principalmente como elementos de referencia en sistemas de calibraci\u00f3n, verificaci\u00f3n y medici\u00f3n de torque, ofreciendo exactitud, estabilidad y repetibilidad en aplicaciones cr\u00edticas de calidad y metrolog\u00eda.<\/p>\n<ul>\n<li>Dise\u00f1o robusto de eje de torsi\u00f3n de acero aleado con tratamiento t\u00e9rmico<\/li>\n<li>Dise\u00f1ado para ignorar fuerzas no torsionales<\/li>\n<li>Funciona en sentido horario y antihorario<\/li>\n<li>Calibrado en sentido horario de serie. En sentido antihorario disponible bajo petici\u00f3n<\/li>\n<li>Dise\u00f1o para medici\u00f3n est\u00e1tica de torque, ideal para calibraci\u00f3n y verificaci\u00f3n<\/li>\n<li>Alta exactitud y excelente repetibilidad, adecuados para aplicaciones metrol\u00f3gicas<\/li>\n<li>Amplia variedad de rangos de torque<\/li>\n<li>Compatibilidad directa con equipos Norbar, sin necesidad de adaptaciones complejas<\/li>\n<li>Conexiones estandarizadas, que facilitan la integraci\u00f3n en bancos y sistemas existentes<\/li>\n<li>Versiones .LOG reconocidos autom\u00e1ticamente por colectores de datos Norbar<\/li>\n<li>Versiones . IND compatibles con otras marcas de colectores<\/li>\n<\/ul>","protected":false},"excerpt":{"rendered":"<p>Transductores est\u00e1ticos al\u00e1mbricos dise\u00f1ados para la medici\u00f3n est\u00e1tica del torque. Se utilizan principalmente como elementos de referencia en sistemas de calibraci\u00f3n, verificaci\u00f3n y medici\u00f3n de torque, ofreciendo exactitud, estabilidad y [&hellip;]<\/p>\n","protected":false},"featured_media":4356,"template":"","meta":{"_acf_changed":false,"content-type":"","_monsterinsights_skip_tracking":false,"_monsterinsights_sitenote_active":false,"_monsterinsights_sitenote_note":"","_monsterinsights_sitenote_category":0,"episode_type":"","audio_file":"","podmotor_file_id":"","podmotor_episode_id":"","cover_image":"","cover_image_id":"","duration":"","filesize":"","filesize_raw":"","date_recorded":"","explicit":"","block":"","_joinchat":[]},"product_brand":[],"product_cat":[45,20],"product_tag":[],"class_list":{"0":"post-4355","1":"product","2":"type-product","3":"status-publish","4":"has-post-thumbnail","6":"product_cat-analizadores-de-torque-y-transductores","7":"product_cat-equipos-para-analisis-verificacion-y-audotoria","9":"first","10":"instock","11":"taxable","12":"shipping-taxable","13":"product-type-simple"},"acf":[],"yoast_head":"<!-- This site is optimized with the Yoast SEO plugin v27.5 - https:\/\/yoast.com\/product\/yoast-seo-wordpress\/ -->\n<title>TRANSDUCTORES EST\u00c1TICOS AL\u00c1MBRICOS - ENB - Adecom<\/title>\n<meta name=\"robots\" content=\"index, follow, max-snippet:-1, max-image-preview:large, max-video-preview:-1\" \/>\n<link rel=\"canonical\" href=\"https:\/\/www.adecom.com.mx\/en\/product\/transductores-estaticos-alambricos-enb\/\" \/>\n<meta property=\"og:locale\" content=\"en_US\" \/>\n<meta property=\"og:type\" content=\"article\" \/>\n<meta property=\"og:title\" content=\"TRANSDUCTORES EST\u00c1TICOS AL\u00c1MBRICOS - ENB - Adecom\" \/>\n<meta property=\"og:description\" content=\"Transductores est\u00e1ticos al\u00e1mbricos dise\u00f1ados para la medici\u00f3n est\u00e1tica del torque. Se utilizan principalmente como elementos de referencia en sistemas de calibraci\u00f3n, verificaci\u00f3n y medici\u00f3n de torque, ofreciendo exactitud, estabilidad y [&hellip;]\" \/>\n<meta property=\"og:url\" content=\"https:\/\/www.adecom.com.mx\/en\/product\/transductores-estaticos-alambricos-enb\/\" \/>\n<meta property=\"og:site_name\" content=\"Adecom\" \/>\n<meta property=\"article:modified_time\" content=\"2025-12-19T22:27:59+00:00\" \/>\n<meta property=\"og:image\" content=\"https:\/\/www.adecom.com.mx\/wp-content\/uploads\/2025\/12\/Transd-7.png\" \/>\n\t<meta property=\"og:image:width\" content=\"1500\" \/>\n\t<meta property=\"og:image:height\" content=\"1500\" \/>\n\t<meta property=\"og:image:type\" content=\"image\/png\" \/>\n<meta name=\"twitter:card\" content=\"summary_large_image\" \/>\n<meta name=\"twitter:label1\" content=\"Est. reading time\" \/>\n\t<meta name=\"twitter:data1\" content=\"1 minute\" \/>\n<script type=\"application\/ld+json\" class=\"yoast-schema-graph\">{\"@context\":\"https:\\\/\\\/schema.org\",\"@graph\":[{\"@type\":\"WebPage\",\"@id\":\"https:\\\/\\\/www.adecom.com.mx\\\/producto\\\/transductores-estaticos-alambricos-enb\\\/\",\"url\":\"https:\\\/\\\/www.adecom.com.mx\\\/producto\\\/transductores-estaticos-alambricos-enb\\\/\",\"name\":\"TRANSDUCTORES EST\u00c1TICOS AL\u00c1MBRICOS - ENB - Adecom\",\"isPartOf\":{\"@id\":\"https:\\\/\\\/www.adecom.com.mx\\\/#website\"},\"primaryImageOfPage\":{\"@id\":\"https:\\\/\\\/www.adecom.com.mx\\\/producto\\\/transductores-estaticos-alambricos-enb\\\/#primaryimage\"},\"image\":{\"@id\":\"https:\\\/\\\/www.adecom.com.mx\\\/producto\\\/transductores-estaticos-alambricos-enb\\\/#primaryimage\"},\"thumbnailUrl\":\"https:\\\/\\\/www.adecom.com.mx\\\/wp-content\\\/uploads\\\/2025\\\/12\\\/Transd-7.png\",\"datePublished\":\"2025-12-19T22:01:33+00:00\",\"dateModified\":\"2025-12-19T22:27:59+00:00\",\"breadcrumb\":{\"@id\":\"https:\\\/\\\/www.adecom.com.mx\\\/producto\\\/transductores-estaticos-alambricos-enb\\\/#breadcrumb\"},\"inLanguage\":\"en-US\",\"potentialAction\":[{\"@type\":\"ReadAction\",\"target\":[\"https:\\\/\\\/www.adecom.com.mx\\\/producto\\\/transductores-estaticos-alambricos-enb\\\/\"]}]},{\"@type\":\"ImageObject\",\"inLanguage\":\"en-US\",\"@id\":\"https:\\\/\\\/www.adecom.com.mx\\\/producto\\\/transductores-estaticos-alambricos-enb\\\/#primaryimage\",\"url\":\"https:\\\/\\\/www.adecom.com.mx\\\/wp-content\\\/uploads\\\/2025\\\/12\\\/Transd-7.png\",\"contentUrl\":\"https:\\\/\\\/www.adecom.com.mx\\\/wp-content\\\/uploads\\\/2025\\\/12\\\/Transd-7.png\",\"width\":1500,\"height\":1500},{\"@type\":\"BreadcrumbList\",\"@id\":\"https:\\\/\\\/www.adecom.com.mx\\\/producto\\\/transductores-estaticos-alambricos-enb\\\/#breadcrumb\",\"itemListElement\":[{\"@type\":\"ListItem\",\"position\":1,\"name\":\"Portada\",\"item\":\"https:\\\/\\\/www.adecom.com.mx\\\/\"},{\"@type\":\"ListItem\",\"position\":2,\"name\":\"Productos\",\"item\":\"https:\\\/\\\/www.adecom.com.mx\\\/tienda\\\/\"},{\"@type\":\"ListItem\",\"position\":3,\"name\":\"TRANSDUCTORES EST\u00c1TICOS AL\u00c1MBRICOS &#8211; ENB\"}]},{\"@type\":\"WebSite\",\"@id\":\"https:\\\/\\\/www.adecom.com.mx\\\/#website\",\"url\":\"https:\\\/\\\/www.adecom.com.mx\\\/\",\"name\":\"Adecom\",\"description\":\"The Best Torque and Tensi\u00f3n Experience\",\"publisher\":{\"@id\":\"https:\\\/\\\/www.adecom.com.mx\\\/#organization\"},\"potentialAction\":[{\"@type\":\"SearchAction\",\"target\":{\"@type\":\"EntryPoint\",\"urlTemplate\":\"https:\\\/\\\/www.adecom.com.mx\\\/?s={search_term_string}\"},\"query-input\":{\"@type\":\"PropertyValueSpecification\",\"valueRequired\":true,\"valueName\":\"search_term_string\"}}],\"inLanguage\":\"en-US\"},{\"@type\":\"Organization\",\"@id\":\"https:\\\/\\\/www.adecom.com.mx\\\/#organization\",\"name\":\"Adecom\",\"url\":\"https:\\\/\\\/www.adecom.com.mx\\\/\",\"logo\":{\"@type\":\"ImageObject\",\"inLanguage\":\"en-US\",\"@id\":\"https:\\\/\\\/www.adecom.com.mx\\\/#\\\/schema\\\/logo\\\/image\\\/\",\"url\":\"http:\\\/\\\/www.adecom.com.mx\\\/wp-content\\\/uploads\\\/2022\\\/02\\\/greca_adecom.png\",\"contentUrl\":\"http:\\\/\\\/www.adecom.com.mx\\\/wp-content\\\/uploads\\\/2022\\\/02\\\/greca_adecom.png\",\"width\":650,\"height\":551,\"caption\":\"Adecom\"},\"image\":{\"@id\":\"https:\\\/\\\/www.adecom.com.mx\\\/#\\\/schema\\\/logo\\\/image\\\/\"}}]}<\/script>\n<!-- \/ Yoast SEO plugin. -->","yoast_head_json":{"title":"TRANSDUCTORES EST\u00c1TICOS AL\u00c1MBRICOS - ENB - Adecom","robots":{"index":"index","follow":"follow","max-snippet":"max-snippet:-1","max-image-preview":"max-image-preview:large","max-video-preview":"max-video-preview:-1"},"canonical":"https:\/\/www.adecom.com.mx\/en\/product\/transductores-estaticos-alambricos-enb\/","og_locale":"en_US","og_type":"article","og_title":"TRANSDUCTORES EST\u00c1TICOS AL\u00c1MBRICOS - ENB - Adecom","og_description":"Transductores est\u00e1ticos al\u00e1mbricos dise\u00f1ados para la medici\u00f3n est\u00e1tica del torque. Se utilizan principalmente como elementos de referencia en sistemas de calibraci\u00f3n, verificaci\u00f3n y medici\u00f3n de torque, ofreciendo exactitud, estabilidad y [&hellip;]","og_url":"https:\/\/www.adecom.com.mx\/en\/product\/transductores-estaticos-alambricos-enb\/","og_site_name":"Adecom","article_modified_time":"2025-12-19T22:27:59+00:00","og_image":[{"width":1500,"height":1500,"url":"https:\/\/www.adecom.com.mx\/wp-content\/uploads\/2025\/12\/Transd-7.png","type":"image\/png"}],"twitter_card":"summary_large_image","twitter_misc":{"Est. reading time":"1 minute"},"schema":{"@context":"https:\/\/schema.org","@graph":[{"@type":"WebPage","@id":"https:\/\/www.adecom.com.mx\/producto\/transductores-estaticos-alambricos-enb\/","url":"https:\/\/www.adecom.com.mx\/producto\/transductores-estaticos-alambricos-enb\/","name":"TRANSDUCTORES EST\u00c1TICOS AL\u00c1MBRICOS - ENB - Adecom","isPartOf":{"@id":"https:\/\/www.adecom.com.mx\/#website"},"primaryImageOfPage":{"@id":"https:\/\/www.adecom.com.mx\/producto\/transductores-estaticos-alambricos-enb\/#primaryimage"},"image":{"@id":"https:\/\/www.adecom.com.mx\/producto\/transductores-estaticos-alambricos-enb\/#primaryimage"},"thumbnailUrl":"https:\/\/www.adecom.com.mx\/wp-content\/uploads\/2025\/12\/Transd-7.png","datePublished":"2025-12-19T22:01:33+00:00","dateModified":"2025-12-19T22:27:59+00:00","breadcrumb":{"@id":"https:\/\/www.adecom.com.mx\/producto\/transductores-estaticos-alambricos-enb\/#breadcrumb"},"inLanguage":"en-US","potentialAction":[{"@type":"ReadAction","target":["https:\/\/www.adecom.com.mx\/producto\/transductores-estaticos-alambricos-enb\/"]}]},{"@type":"ImageObject","inLanguage":"en-US","@id":"https:\/\/www.adecom.com.mx\/producto\/transductores-estaticos-alambricos-enb\/#primaryimage","url":"https:\/\/www.adecom.com.mx\/wp-content\/uploads\/2025\/12\/Transd-7.png","contentUrl":"https:\/\/www.adecom.com.mx\/wp-content\/uploads\/2025\/12\/Transd-7.png","width":1500,"height":1500},{"@type":"BreadcrumbList","@id":"https:\/\/www.adecom.com.mx\/producto\/transductores-estaticos-alambricos-enb\/#breadcrumb","itemListElement":[{"@type":"ListItem","position":1,"name":"Portada","item":"https:\/\/www.adecom.com.mx\/"},{"@type":"ListItem","position":2,"name":"Productos","item":"https:\/\/www.adecom.com.mx\/tienda\/"},{"@type":"ListItem","position":3,"name":"TRANSDUCTORES EST\u00c1TICOS AL\u00c1MBRICOS &#8211; ENB"}]},{"@type":"WebSite","@id":"https:\/\/www.adecom.com.mx\/#website","url":"https:\/\/www.adecom.com.mx\/","name":"Adecom","description":"The Best Torque and Tensi\u00f3n Experience","publisher":{"@id":"https:\/\/www.adecom.com.mx\/#organization"},"potentialAction":[{"@type":"SearchAction","target":{"@type":"EntryPoint","urlTemplate":"https:\/\/www.adecom.com.mx\/?s={search_term_string}"},"query-input":{"@type":"PropertyValueSpecification","valueRequired":true,"valueName":"search_term_string"}}],"inLanguage":"en-US"},{"@type":"Organization","@id":"https:\/\/www.adecom.com.mx\/#organization","name":"Adecom","url":"https:\/\/www.adecom.com.mx\/","logo":{"@type":"ImageObject","inLanguage":"en-US","@id":"https:\/\/www.adecom.com.mx\/#\/schema\/logo\/image\/","url":"http:\/\/www.adecom.com.mx\/wp-content\/uploads\/2022\/02\/greca_adecom.png","contentUrl":"http:\/\/www.adecom.com.mx\/wp-content\/uploads\/2022\/02\/greca_adecom.png","width":650,"height":551,"caption":"Adecom"},"image":{"@id":"https:\/\/www.adecom.com.mx\/#\/schema\/logo\/image\/"}}]}},"_links":{"self":[{"href":"https:\/\/www.adecom.com.mx\/en\/wp-json\/wp\/v2\/product\/4355","targetHints":{"allow":["GET"]}}],"collection":[{"href":"https:\/\/www.adecom.com.mx\/en\/wp-json\/wp\/v2\/product"}],"about":[{"href":"https:\/\/www.adecom.com.mx\/en\/wp-json\/wp\/v2\/types\/product"}],"wp:featuredmedia":[{"embeddable":true,"href":"https:\/\/www.adecom.com.mx\/en\/wp-json\/wp\/v2\/media\/4356"}],"wp:attachment":[{"href":"https:\/\/www.adecom.com.mx\/en\/wp-json\/wp\/v2\/media?parent=4355"}],"wp:term":[{"taxonomy":"product_brand","embeddable":true,"href":"https:\/\/www.adecom.com.mx\/en\/wp-json\/wp\/v2\/product_brand?post=4355"},{"taxonomy":"product_cat","embeddable":true,"href":"https:\/\/www.adecom.com.mx\/en\/wp-json\/wp\/v2\/product_cat?post=4355"},{"taxonomy":"product_tag","embeddable":true,"href":"https:\/\/www.adecom.com.mx\/en\/wp-json\/wp\/v2\/product_tag?post=4355"}],"curies":[{"name":"wp","href":"https:\/\/api.w.org\/{rel}","templated":true}]}}