{"id":4353,"date":"2025-12-19T15:44:01","date_gmt":"2025-12-19T21:44:01","guid":{"rendered":"https:\/\/www.adecom.com.mx\/?post_type=product&#038;p=4353"},"modified":"2025-12-19T15:59:05","modified_gmt":"2025-12-19T21:59:05","slug":"transductores-rotatorios-alambricos-rc","status":"publish","type":"product","link":"https:\/\/www.adecom.com.mx\/en\/product\/transductores-rotatorios-alambricos-rc\/","title":{"rendered":"TRANSDUCTORES ROTATORIOS AL\u00c1MBRICOS &#8211; RC"},"content":{"rendered":"<p>Transductores <strong>al\u00e1mbricos<\/strong> rotatorios, dise\u00f1ados para medir torque din\u00e1mico y, opcionalmente, \u00e1ngulo de giro directamente durante el proceso de apriete. Estos transductores se colocan entre la herramienta de apriete y el sujetador, capturando con precisi\u00f3n el torque aplicado real y la rotaci\u00f3n del componente bajo condiciones de producci\u00f3n reales.<\/p>\n<ul>\n<li>Transductores de par rotatorios en l\u00ednea con medici\u00f3n de \u00e1ngulo opcional<\/li>\n<li>Adecuado para usar con todas las herramientas de accionamiento continuo, herramientas de impulso y llaves dinamom\u00e9tricas.<\/li>\n<li>Anillo de luz de 360\u00b0 para conocer el estado instant\u00e1neo del par de apriete del sujetador<\/li>\n<li>Compatible con la mayor\u00eda de los recolectores de datos y lectores de torque est\u00e1ndar de la industria<\/li>\n<li>La baja inercia ayuda a obtener una medici\u00f3n din\u00e1mica precisa<\/li>\n<li>La baja fricci\u00f3n elimina el desgaste y favorece la precisi\u00f3n<\/li>\n<li>Se puede suministrar con un cable o nuestro dispositivo de comunicaci\u00f3n inal\u00e1mbrica RFm<\/li>\n<li>Control de torque din\u00e1mico en estaciones de producci\u00f3n y ensamble<\/li>\n<li>Verificaci\u00f3n de desempe\u00f1o de herramientas de apriete continuas y de impulso<\/li>\n<li>Auditor\u00edas de torque y evaluaci\u00f3n de procesos con mediciones trazables<\/li>\n<\/ul>","protected":false},"excerpt":{"rendered":"<p>Transductores al\u00e1mbricos rotatorios, dise\u00f1ados para medir torque din\u00e1mico y, opcionalmente, \u00e1ngulo de giro directamente durante el proceso de apriete. Estos transductores se colocan entre la herramienta de apriete y el [&hellip;]<\/p>\n","protected":false},"featured_media":4354,"template":"","meta":{"_acf_changed":false,"content-type":"","_monsterinsights_skip_tracking":false,"_monsterinsights_sitenote_active":false,"_monsterinsights_sitenote_note":"","_monsterinsights_sitenote_category":0,"episode_type":"","audio_file":"","podmotor_file_id":"","podmotor_episode_id":"","cover_image":"","cover_image_id":"","duration":"","filesize":"","filesize_raw":"","date_recorded":"","explicit":"","block":"","_joinchat":[]},"product_brand":[],"product_cat":[45,20],"product_tag":[],"class_list":{"0":"post-4353","1":"product","2":"type-product","3":"status-publish","4":"has-post-thumbnail","6":"product_cat-analizadores-de-torque-y-transductores","7":"product_cat-equipos-para-analisis-verificacion-y-audotoria","9":"first","10":"instock","11":"taxable","12":"shipping-taxable","13":"product-type-simple"},"acf":[],"yoast_head":"<!-- This site is optimized with the Yoast SEO plugin v27.5 - https:\/\/yoast.com\/product\/yoast-seo-wordpress\/ -->\n<title>TRANSDUCTORES ROTATORIOS AL\u00c1MBRICOS - RC - Adecom<\/title>\n<meta name=\"robots\" content=\"index, follow, max-snippet:-1, max-image-preview:large, max-video-preview:-1\" \/>\n<link rel=\"canonical\" href=\"https:\/\/www.adecom.com.mx\/en\/product\/transductores-rotatorios-alambricos-rc\/\" \/>\n<meta property=\"og:locale\" content=\"en_US\" \/>\n<meta property=\"og:type\" content=\"article\" \/>\n<meta property=\"og:title\" content=\"TRANSDUCTORES ROTATORIOS AL\u00c1MBRICOS - RC - Adecom\" \/>\n<meta property=\"og:description\" content=\"Transductores al\u00e1mbricos rotatorios, dise\u00f1ados para medir torque din\u00e1mico y, opcionalmente, \u00e1ngulo de giro directamente durante el proceso de apriete. Estos transductores se colocan entre la herramienta de apriete y el [&hellip;]\" \/>\n<meta property=\"og:url\" content=\"https:\/\/www.adecom.com.mx\/en\/product\/transductores-rotatorios-alambricos-rc\/\" \/>\n<meta property=\"og:site_name\" content=\"Adecom\" \/>\n<meta property=\"article:modified_time\" content=\"2025-12-19T21:59:05+00:00\" \/>\n<meta property=\"og:image\" content=\"https:\/\/www.adecom.com.mx\/wp-content\/uploads\/2025\/12\/Transd-6.png\" \/>\n\t<meta property=\"og:image:width\" content=\"1500\" \/>\n\t<meta property=\"og:image:height\" content=\"1500\" \/>\n\t<meta property=\"og:image:type\" content=\"image\/png\" \/>\n<meta name=\"twitter:card\" content=\"summary_large_image\" \/>\n<meta name=\"twitter:label1\" content=\"Est. reading time\" \/>\n\t<meta name=\"twitter:data1\" content=\"1 minute\" \/>\n<script type=\"application\/ld+json\" class=\"yoast-schema-graph\">{\"@context\":\"https:\\\/\\\/schema.org\",\"@graph\":[{\"@type\":\"WebPage\",\"@id\":\"https:\\\/\\\/www.adecom.com.mx\\\/en\\\/product\\\/transductores-rotatorios-alambricos-rc\\\/\",\"url\":\"https:\\\/\\\/www.adecom.com.mx\\\/en\\\/product\\\/transductores-rotatorios-alambricos-rc\\\/\",\"name\":\"TRANSDUCTORES ROTATORIOS AL\u00c1MBRICOS - RC - Adecom\",\"isPartOf\":{\"@id\":\"https:\\\/\\\/www.adecom.com.mx\\\/#website\"},\"primaryImageOfPage\":{\"@id\":\"https:\\\/\\\/www.adecom.com.mx\\\/en\\\/product\\\/transductores-rotatorios-alambricos-rc\\\/#primaryimage\"},\"image\":{\"@id\":\"https:\\\/\\\/www.adecom.com.mx\\\/en\\\/product\\\/transductores-rotatorios-alambricos-rc\\\/#primaryimage\"},\"thumbnailUrl\":\"https:\\\/\\\/www.adecom.com.mx\\\/wp-content\\\/uploads\\\/2025\\\/12\\\/Transd-6.png\",\"datePublished\":\"2025-12-19T21:44:01+00:00\",\"dateModified\":\"2025-12-19T21:59:05+00:00\",\"breadcrumb\":{\"@id\":\"https:\\\/\\\/www.adecom.com.mx\\\/en\\\/product\\\/transductores-rotatorios-alambricos-rc\\\/#breadcrumb\"},\"inLanguage\":\"en-US\",\"potentialAction\":[{\"@type\":\"ReadAction\",\"target\":[\"https:\\\/\\\/www.adecom.com.mx\\\/en\\\/product\\\/transductores-rotatorios-alambricos-rc\\\/\"]}]},{\"@type\":\"ImageObject\",\"inLanguage\":\"en-US\",\"@id\":\"https:\\\/\\\/www.adecom.com.mx\\\/en\\\/product\\\/transductores-rotatorios-alambricos-rc\\\/#primaryimage\",\"url\":\"https:\\\/\\\/www.adecom.com.mx\\\/wp-content\\\/uploads\\\/2025\\\/12\\\/Transd-6.png\",\"contentUrl\":\"https:\\\/\\\/www.adecom.com.mx\\\/wp-content\\\/uploads\\\/2025\\\/12\\\/Transd-6.png\",\"width\":1500,\"height\":1500},{\"@type\":\"BreadcrumbList\",\"@id\":\"https:\\\/\\\/www.adecom.com.mx\\\/en\\\/product\\\/transductores-rotatorios-alambricos-rc\\\/#breadcrumb\",\"itemListElement\":[{\"@type\":\"ListItem\",\"position\":1,\"name\":\"Portada\",\"item\":\"https:\\\/\\\/www.adecom.com.mx\\\/\"},{\"@type\":\"ListItem\",\"position\":2,\"name\":\"Productos\",\"item\":\"https:\\\/\\\/www.adecom.com.mx\\\/tienda\\\/\"},{\"@type\":\"ListItem\",\"position\":3,\"name\":\"TRANSDUCTORES ROTATORIOS AL\u00c1MBRICOS &#8211; RC\"}]},{\"@type\":\"WebSite\",\"@id\":\"https:\\\/\\\/www.adecom.com.mx\\\/#website\",\"url\":\"https:\\\/\\\/www.adecom.com.mx\\\/\",\"name\":\"Adecom\",\"description\":\"The Best Torque and Tensi\u00f3n Experience\",\"publisher\":{\"@id\":\"https:\\\/\\\/www.adecom.com.mx\\\/#organization\"},\"potentialAction\":[{\"@type\":\"SearchAction\",\"target\":{\"@type\":\"EntryPoint\",\"urlTemplate\":\"https:\\\/\\\/www.adecom.com.mx\\\/?s={search_term_string}\"},\"query-input\":{\"@type\":\"PropertyValueSpecification\",\"valueRequired\":true,\"valueName\":\"search_term_string\"}}],\"inLanguage\":\"en-US\"},{\"@type\":\"Organization\",\"@id\":\"https:\\\/\\\/www.adecom.com.mx\\\/#organization\",\"name\":\"Adecom\",\"url\":\"https:\\\/\\\/www.adecom.com.mx\\\/\",\"logo\":{\"@type\":\"ImageObject\",\"inLanguage\":\"en-US\",\"@id\":\"https:\\\/\\\/www.adecom.com.mx\\\/#\\\/schema\\\/logo\\\/image\\\/\",\"url\":\"http:\\\/\\\/www.adecom.com.mx\\\/wp-content\\\/uploads\\\/2022\\\/02\\\/greca_adecom.png\",\"contentUrl\":\"http:\\\/\\\/www.adecom.com.mx\\\/wp-content\\\/uploads\\\/2022\\\/02\\\/greca_adecom.png\",\"width\":650,\"height\":551,\"caption\":\"Adecom\"},\"image\":{\"@id\":\"https:\\\/\\\/www.adecom.com.mx\\\/#\\\/schema\\\/logo\\\/image\\\/\"}}]}<\/script>\n<!-- \/ Yoast SEO plugin. -->","yoast_head_json":{"title":"TRANSDUCTORES ROTATORIOS AL\u00c1MBRICOS - RC - Adecom","robots":{"index":"index","follow":"follow","max-snippet":"max-snippet:-1","max-image-preview":"max-image-preview:large","max-video-preview":"max-video-preview:-1"},"canonical":"https:\/\/www.adecom.com.mx\/en\/product\/transductores-rotatorios-alambricos-rc\/","og_locale":"en_US","og_type":"article","og_title":"TRANSDUCTORES ROTATORIOS AL\u00c1MBRICOS - RC - Adecom","og_description":"Transductores al\u00e1mbricos rotatorios, dise\u00f1ados para medir torque din\u00e1mico y, opcionalmente, \u00e1ngulo de giro directamente durante el proceso de apriete. Estos transductores se colocan entre la herramienta de apriete y el [&hellip;]","og_url":"https:\/\/www.adecom.com.mx\/en\/product\/transductores-rotatorios-alambricos-rc\/","og_site_name":"Adecom","article_modified_time":"2025-12-19T21:59:05+00:00","og_image":[{"width":1500,"height":1500,"url":"https:\/\/www.adecom.com.mx\/wp-content\/uploads\/2025\/12\/Transd-6.png","type":"image\/png"}],"twitter_card":"summary_large_image","twitter_misc":{"Est. reading time":"1 minute"},"schema":{"@context":"https:\/\/schema.org","@graph":[{"@type":"WebPage","@id":"https:\/\/www.adecom.com.mx\/en\/product\/transductores-rotatorios-alambricos-rc\/","url":"https:\/\/www.adecom.com.mx\/en\/product\/transductores-rotatorios-alambricos-rc\/","name":"TRANSDUCTORES ROTATORIOS AL\u00c1MBRICOS - RC - Adecom","isPartOf":{"@id":"https:\/\/www.adecom.com.mx\/#website"},"primaryImageOfPage":{"@id":"https:\/\/www.adecom.com.mx\/en\/product\/transductores-rotatorios-alambricos-rc\/#primaryimage"},"image":{"@id":"https:\/\/www.adecom.com.mx\/en\/product\/transductores-rotatorios-alambricos-rc\/#primaryimage"},"thumbnailUrl":"https:\/\/www.adecom.com.mx\/wp-content\/uploads\/2025\/12\/Transd-6.png","datePublished":"2025-12-19T21:44:01+00:00","dateModified":"2025-12-19T21:59:05+00:00","breadcrumb":{"@id":"https:\/\/www.adecom.com.mx\/en\/product\/transductores-rotatorios-alambricos-rc\/#breadcrumb"},"inLanguage":"en-US","potentialAction":[{"@type":"ReadAction","target":["https:\/\/www.adecom.com.mx\/en\/product\/transductores-rotatorios-alambricos-rc\/"]}]},{"@type":"ImageObject","inLanguage":"en-US","@id":"https:\/\/www.adecom.com.mx\/en\/product\/transductores-rotatorios-alambricos-rc\/#primaryimage","url":"https:\/\/www.adecom.com.mx\/wp-content\/uploads\/2025\/12\/Transd-6.png","contentUrl":"https:\/\/www.adecom.com.mx\/wp-content\/uploads\/2025\/12\/Transd-6.png","width":1500,"height":1500},{"@type":"BreadcrumbList","@id":"https:\/\/www.adecom.com.mx\/en\/product\/transductores-rotatorios-alambricos-rc\/#breadcrumb","itemListElement":[{"@type":"ListItem","position":1,"name":"Portada","item":"https:\/\/www.adecom.com.mx\/"},{"@type":"ListItem","position":2,"name":"Productos","item":"https:\/\/www.adecom.com.mx\/tienda\/"},{"@type":"ListItem","position":3,"name":"TRANSDUCTORES ROTATORIOS AL\u00c1MBRICOS &#8211; RC"}]},{"@type":"WebSite","@id":"https:\/\/www.adecom.com.mx\/#website","url":"https:\/\/www.adecom.com.mx\/","name":"Adecom","description":"The Best Torque and Tensi\u00f3n Experience","publisher":{"@id":"https:\/\/www.adecom.com.mx\/#organization"},"potentialAction":[{"@type":"SearchAction","target":{"@type":"EntryPoint","urlTemplate":"https:\/\/www.adecom.com.mx\/?s={search_term_string}"},"query-input":{"@type":"PropertyValueSpecification","valueRequired":true,"valueName":"search_term_string"}}],"inLanguage":"en-US"},{"@type":"Organization","@id":"https:\/\/www.adecom.com.mx\/#organization","name":"Adecom","url":"https:\/\/www.adecom.com.mx\/","logo":{"@type":"ImageObject","inLanguage":"en-US","@id":"https:\/\/www.adecom.com.mx\/#\/schema\/logo\/image\/","url":"http:\/\/www.adecom.com.mx\/wp-content\/uploads\/2022\/02\/greca_adecom.png","contentUrl":"http:\/\/www.adecom.com.mx\/wp-content\/uploads\/2022\/02\/greca_adecom.png","width":650,"height":551,"caption":"Adecom"},"image":{"@id":"https:\/\/www.adecom.com.mx\/#\/schema\/logo\/image\/"}}]}},"_links":{"self":[{"href":"https:\/\/www.adecom.com.mx\/en\/wp-json\/wp\/v2\/product\/4353","targetHints":{"allow":["GET"]}}],"collection":[{"href":"https:\/\/www.adecom.com.mx\/en\/wp-json\/wp\/v2\/product"}],"about":[{"href":"https:\/\/www.adecom.com.mx\/en\/wp-json\/wp\/v2\/types\/product"}],"wp:featuredmedia":[{"embeddable":true,"href":"https:\/\/www.adecom.com.mx\/en\/wp-json\/wp\/v2\/media\/4354"}],"wp:attachment":[{"href":"https:\/\/www.adecom.com.mx\/en\/wp-json\/wp\/v2\/media?parent=4353"}],"wp:term":[{"taxonomy":"product_brand","embeddable":true,"href":"https:\/\/www.adecom.com.mx\/en\/wp-json\/wp\/v2\/product_brand?post=4353"},{"taxonomy":"product_cat","embeddable":true,"href":"https:\/\/www.adecom.com.mx\/en\/wp-json\/wp\/v2\/product_cat?post=4353"},{"taxonomy":"product_tag","embeddable":true,"href":"https:\/\/www.adecom.com.mx\/en\/wp-json\/wp\/v2\/product_tag?post=4353"}],"curies":[{"name":"wp","href":"https:\/\/api.w.org\/{rel}","templated":true}]}}