{"id":4011,"date":"2025-04-08T13:49:31","date_gmt":"2025-04-08T19:49:31","guid":{"rendered":"https:\/\/www.adecom.com.mx\/?post_type=product&#038;p=4011"},"modified":"2025-04-08T13:49:31","modified_gmt":"2025-04-08T19:49:31","slug":"soporte-articulado-sa-80","status":"publish","type":"product","link":"https:\/\/www.adecom.com.mx\/en\/product\/soporte-articulado-sa-80\/","title":{"rendered":"Soporte Articulado SA-80"},"content":{"rendered":"<p>El soporte articulado de fibra de carbono SA-80 permite la instalaci\u00f3n de un brazo de reacci\u00f3n de torsi\u00f3n cuando no se dispone de estructuras suspendidas sobre el lugar de trabajo.<\/p>\n<p>Se puede conectar con los brazos de reacci\u00f3n de torsi\u00f3n anti-rotaci\u00f3n BRV-SA y tambi\u00e9n con brazos especiales bajo demanda.<\/p>\n<h5><strong>Features<\/strong><\/h5>\n<ul>\n<li>Radio: m\u00e1x. 1000 mm<\/li>\n<li>Carga \u00fatil: m\u00e1x. 10 kg<\/li>\n<li>Par motor: 80 Nm<\/li>\n<\/ul>","protected":false},"excerpt":{"rendered":"<p>Soporte Articulado<\/p>","protected":false},"featured_media":4012,"template":"","meta":{"_acf_changed":false,"content-type":"","_monsterinsights_skip_tracking":false,"_monsterinsights_sitenote_active":false,"_monsterinsights_sitenote_note":"","_monsterinsights_sitenote_category":0,"episode_type":"","audio_file":"","podmotor_file_id":"","podmotor_episode_id":"","cover_image":"","cover_image_id":"","duration":"","filesize":"","filesize_raw":"","date_recorded":"","explicit":"","block":"","_joinchat":[]},"product_brand":[],"product_cat":[92,181],"product_tag":[],"class_list":{"0":"post-4011","1":"product","2":"type-product","3":"status-publish","4":"has-post-thumbnail","6":"product_cat-brazos-de-reaccion-gravedad-zero","7":"product_cat-soporte-brazo-articulado-sa-80","9":"first","10":"instock","11":"taxable","12":"shipping-taxable","13":"product-type-simple"},"acf":[],"yoast_head":"<!-- This site is optimized with the Yoast SEO plugin v27.5 - https:\/\/yoast.com\/product\/yoast-seo-wordpress\/ -->\n<title>Soporte Articulado SA-80 - Adecom<\/title>\n<meta name=\"robots\" content=\"index, follow, max-snippet:-1, max-image-preview:large, max-video-preview:-1\" \/>\n<link rel=\"canonical\" href=\"https:\/\/www.adecom.com.mx\/en\/product\/soporte-articulado-sa-80\/\" \/>\n<meta property=\"og:locale\" content=\"en_US\" \/>\n<meta property=\"og:type\" content=\"article\" \/>\n<meta property=\"og:title\" content=\"Soporte Articulado SA-80 - Adecom\" \/>\n<meta property=\"og:description\" content=\"Soporte Articulado\" \/>\n<meta property=\"og:url\" content=\"https:\/\/www.adecom.com.mx\/en\/product\/soporte-articulado-sa-80\/\" \/>\n<meta property=\"og:site_name\" content=\"Adecom\" \/>\n<meta property=\"og:image\" content=\"https:\/\/www.adecom.com.mx\/wp-content\/uploads\/2025\/04\/SA80.jpg\" \/>\n\t<meta property=\"og:image:width\" content=\"1500\" \/>\n\t<meta property=\"og:image:height\" content=\"1500\" \/>\n\t<meta property=\"og:image:type\" content=\"image\/jpeg\" \/>\n<meta name=\"twitter:card\" content=\"summary_large_image\" \/>\n<script type=\"application\/ld+json\" class=\"yoast-schema-graph\">{\"@context\":\"https:\\\/\\\/schema.org\",\"@graph\":[{\"@type\":\"WebPage\",\"@id\":\"https:\\\/\\\/www.adecom.com.mx\\\/en\\\/product\\\/soporte-articulado-sa-80\\\/\",\"url\":\"https:\\\/\\\/www.adecom.com.mx\\\/en\\\/product\\\/soporte-articulado-sa-80\\\/\",\"name\":\"Soporte Articulado SA-80 - Adecom\",\"isPartOf\":{\"@id\":\"https:\\\/\\\/www.adecom.com.mx\\\/#website\"},\"primaryImageOfPage\":{\"@id\":\"https:\\\/\\\/www.adecom.com.mx\\\/en\\\/product\\\/soporte-articulado-sa-80\\\/#primaryimage\"},\"image\":{\"@id\":\"https:\\\/\\\/www.adecom.com.mx\\\/en\\\/product\\\/soporte-articulado-sa-80\\\/#primaryimage\"},\"thumbnailUrl\":\"https:\\\/\\\/www.adecom.com.mx\\\/wp-content\\\/uploads\\\/2025\\\/04\\\/SA80.jpg\",\"datePublished\":\"2025-04-08T19:49:31+00:00\",\"breadcrumb\":{\"@id\":\"https:\\\/\\\/www.adecom.com.mx\\\/en\\\/product\\\/soporte-articulado-sa-80\\\/#breadcrumb\"},\"inLanguage\":\"en-US\",\"potentialAction\":[{\"@type\":\"ReadAction\",\"target\":[\"https:\\\/\\\/www.adecom.com.mx\\\/en\\\/product\\\/soporte-articulado-sa-80\\\/\"]}]},{\"@type\":\"ImageObject\",\"inLanguage\":\"en-US\",\"@id\":\"https:\\\/\\\/www.adecom.com.mx\\\/en\\\/product\\\/soporte-articulado-sa-80\\\/#primaryimage\",\"url\":\"https:\\\/\\\/www.adecom.com.mx\\\/wp-content\\\/uploads\\\/2025\\\/04\\\/SA80.jpg\",\"contentUrl\":\"https:\\\/\\\/www.adecom.com.mx\\\/wp-content\\\/uploads\\\/2025\\\/04\\\/SA80.jpg\",\"width\":1500,\"height\":1500},{\"@type\":\"BreadcrumbList\",\"@id\":\"https:\\\/\\\/www.adecom.com.mx\\\/en\\\/product\\\/soporte-articulado-sa-80\\\/#breadcrumb\",\"itemListElement\":[{\"@type\":\"ListItem\",\"position\":1,\"name\":\"Portada\",\"item\":\"https:\\\/\\\/www.adecom.com.mx\\\/\"},{\"@type\":\"ListItem\",\"position\":2,\"name\":\"Productos\",\"item\":\"https:\\\/\\\/www.adecom.com.mx\\\/tienda\\\/\"},{\"@type\":\"ListItem\",\"position\":3,\"name\":\"Soporte Articulado SA-80\"}]},{\"@type\":\"WebSite\",\"@id\":\"https:\\\/\\\/www.adecom.com.mx\\\/#website\",\"url\":\"https:\\\/\\\/www.adecom.com.mx\\\/\",\"name\":\"Adecom\",\"description\":\"The Best Torque and Tensi\u00f3n Experience\",\"publisher\":{\"@id\":\"https:\\\/\\\/www.adecom.com.mx\\\/#organization\"},\"potentialAction\":[{\"@type\":\"SearchAction\",\"target\":{\"@type\":\"EntryPoint\",\"urlTemplate\":\"https:\\\/\\\/www.adecom.com.mx\\\/?s={search_term_string}\"},\"query-input\":{\"@type\":\"PropertyValueSpecification\",\"valueRequired\":true,\"valueName\":\"search_term_string\"}}],\"inLanguage\":\"en-US\"},{\"@type\":\"Organization\",\"@id\":\"https:\\\/\\\/www.adecom.com.mx\\\/#organization\",\"name\":\"Adecom\",\"url\":\"https:\\\/\\\/www.adecom.com.mx\\\/\",\"logo\":{\"@type\":\"ImageObject\",\"inLanguage\":\"en-US\",\"@id\":\"https:\\\/\\\/www.adecom.com.mx\\\/#\\\/schema\\\/logo\\\/image\\\/\",\"url\":\"http:\\\/\\\/www.adecom.com.mx\\\/wp-content\\\/uploads\\\/2022\\\/02\\\/greca_adecom.png\",\"contentUrl\":\"http:\\\/\\\/www.adecom.com.mx\\\/wp-content\\\/uploads\\\/2022\\\/02\\\/greca_adecom.png\",\"width\":650,\"height\":551,\"caption\":\"Adecom\"},\"image\":{\"@id\":\"https:\\\/\\\/www.adecom.com.mx\\\/#\\\/schema\\\/logo\\\/image\\\/\"}}]}<\/script>\n<!-- \/ Yoast SEO plugin. -->","yoast_head_json":{"title":"Soporte Articulado SA-80 - Adecom","robots":{"index":"index","follow":"follow","max-snippet":"max-snippet:-1","max-image-preview":"max-image-preview:large","max-video-preview":"max-video-preview:-1"},"canonical":"https:\/\/www.adecom.com.mx\/en\/product\/soporte-articulado-sa-80\/","og_locale":"en_US","og_type":"article","og_title":"Soporte Articulado SA-80 - Adecom","og_description":"Soporte Articulado","og_url":"https:\/\/www.adecom.com.mx\/en\/product\/soporte-articulado-sa-80\/","og_site_name":"Adecom","og_image":[{"width":1500,"height":1500,"url":"https:\/\/www.adecom.com.mx\/wp-content\/uploads\/2025\/04\/SA80.jpg","type":"image\/jpeg"}],"twitter_card":"summary_large_image","schema":{"@context":"https:\/\/schema.org","@graph":[{"@type":"WebPage","@id":"https:\/\/www.adecom.com.mx\/en\/product\/soporte-articulado-sa-80\/","url":"https:\/\/www.adecom.com.mx\/en\/product\/soporte-articulado-sa-80\/","name":"Soporte Articulado SA-80 - Adecom","isPartOf":{"@id":"https:\/\/www.adecom.com.mx\/#website"},"primaryImageOfPage":{"@id":"https:\/\/www.adecom.com.mx\/en\/product\/soporte-articulado-sa-80\/#primaryimage"},"image":{"@id":"https:\/\/www.adecom.com.mx\/en\/product\/soporte-articulado-sa-80\/#primaryimage"},"thumbnailUrl":"https:\/\/www.adecom.com.mx\/wp-content\/uploads\/2025\/04\/SA80.jpg","datePublished":"2025-04-08T19:49:31+00:00","breadcrumb":{"@id":"https:\/\/www.adecom.com.mx\/en\/product\/soporte-articulado-sa-80\/#breadcrumb"},"inLanguage":"en-US","potentialAction":[{"@type":"ReadAction","target":["https:\/\/www.adecom.com.mx\/en\/product\/soporte-articulado-sa-80\/"]}]},{"@type":"ImageObject","inLanguage":"en-US","@id":"https:\/\/www.adecom.com.mx\/en\/product\/soporte-articulado-sa-80\/#primaryimage","url":"https:\/\/www.adecom.com.mx\/wp-content\/uploads\/2025\/04\/SA80.jpg","contentUrl":"https:\/\/www.adecom.com.mx\/wp-content\/uploads\/2025\/04\/SA80.jpg","width":1500,"height":1500},{"@type":"BreadcrumbList","@id":"https:\/\/www.adecom.com.mx\/en\/product\/soporte-articulado-sa-80\/#breadcrumb","itemListElement":[{"@type":"ListItem","position":1,"name":"Portada","item":"https:\/\/www.adecom.com.mx\/"},{"@type":"ListItem","position":2,"name":"Productos","item":"https:\/\/www.adecom.com.mx\/tienda\/"},{"@type":"ListItem","position":3,"name":"Soporte Articulado SA-80"}]},{"@type":"WebSite","@id":"https:\/\/www.adecom.com.mx\/#website","url":"https:\/\/www.adecom.com.mx\/","name":"Adecom","description":"The Best Torque and Tensi\u00f3n Experience","publisher":{"@id":"https:\/\/www.adecom.com.mx\/#organization"},"potentialAction":[{"@type":"SearchAction","target":{"@type":"EntryPoint","urlTemplate":"https:\/\/www.adecom.com.mx\/?s={search_term_string}"},"query-input":{"@type":"PropertyValueSpecification","valueRequired":true,"valueName":"search_term_string"}}],"inLanguage":"en-US"},{"@type":"Organization","@id":"https:\/\/www.adecom.com.mx\/#organization","name":"Adecom","url":"https:\/\/www.adecom.com.mx\/","logo":{"@type":"ImageObject","inLanguage":"en-US","@id":"https:\/\/www.adecom.com.mx\/#\/schema\/logo\/image\/","url":"http:\/\/www.adecom.com.mx\/wp-content\/uploads\/2022\/02\/greca_adecom.png","contentUrl":"http:\/\/www.adecom.com.mx\/wp-content\/uploads\/2022\/02\/greca_adecom.png","width":650,"height":551,"caption":"Adecom"},"image":{"@id":"https:\/\/www.adecom.com.mx\/#\/schema\/logo\/image\/"}}]}},"_links":{"self":[{"href":"https:\/\/www.adecom.com.mx\/en\/wp-json\/wp\/v2\/product\/4011","targetHints":{"allow":["GET"]}}],"collection":[{"href":"https:\/\/www.adecom.com.mx\/en\/wp-json\/wp\/v2\/product"}],"about":[{"href":"https:\/\/www.adecom.com.mx\/en\/wp-json\/wp\/v2\/types\/product"}],"wp:featuredmedia":[{"embeddable":true,"href":"https:\/\/www.adecom.com.mx\/en\/wp-json\/wp\/v2\/media\/4012"}],"wp:attachment":[{"href":"https:\/\/www.adecom.com.mx\/en\/wp-json\/wp\/v2\/media?parent=4011"}],"wp:term":[{"taxonomy":"product_brand","embeddable":true,"href":"https:\/\/www.adecom.com.mx\/en\/wp-json\/wp\/v2\/product_brand?post=4011"},{"taxonomy":"product_cat","embeddable":true,"href":"https:\/\/www.adecom.com.mx\/en\/wp-json\/wp\/v2\/product_cat?post=4011"},{"taxonomy":"product_tag","embeddable":true,"href":"https:\/\/www.adecom.com.mx\/en\/wp-json\/wp\/v2\/product_tag?post=4011"}],"curies":[{"name":"wp","href":"https:\/\/api.w.org\/{rel}","templated":true}]}}