{"id":3023,"date":"2023-03-09T18:05:25","date_gmt":"2023-03-10T00:05:25","guid":{"rendered":"https:\/\/www.adecom.com.mx\/?post_type=product&#038;p=3023"},"modified":"2023-03-15T08:32:25","modified_gmt":"2023-03-15T14:32:25","slug":"japanese-mro","status":"publish","type":"product","link":"https:\/\/www.adecom.com.mx\/en\/product\/japanese-mro\/","title":{"rendered":"Japanese MRO"},"content":{"rendered":"<p>Dado el crecimiento sostenido de las industrias de origen japon\u00e9s en M\u00e9xico, ADECOM pone a tu disposici\u00f3n nuestra Divisi\u00f3n MRO (Maintenance Repair Operation).<br \/>\nLos productos de las marcas presentadas a continuaci\u00f3n pueden ser entregadas en tus instalaciones localmente o en puntos de embarque internacional como Yokohama, Jap\u00f3n.<\/p>\n<p>Para poder recibir una propuesta comercial de los productos por favor llena nuestro formulario de cotizaci\u00f3n indicando la marca y modelo de tu inter\u00e9s.<\/p>\n<p>Contamos con especialistas en MRO , en caso de tener un requerimiento especial puedes contactarnos por WhatsApp haciendo clic aqu\u00ed. <a href=\"https:\/\/api.whatsapp.com\/send?phone=5212226518964\"><img decoding=\"async\" class=\"alignnone wp-image-2848\" src=\"http:\/\/www.adecom.com.mx\/wp-content\/uploads\/2022\/09\/boton-whatsapp-300x106.png\" alt=\"\" width=\"68\" height=\"24\" srcset=\"https:\/\/www.adecom.com.mx\/wp-content\/uploads\/2022\/09\/boton-whatsapp-300x106.png 300w, https:\/\/www.adecom.com.mx\/wp-content\/uploads\/2022\/09\/boton-whatsapp-64x23.png 64w, https:\/\/www.adecom.com.mx\/wp-content\/uploads\/2022\/09\/boton-whatsapp.png 512w\" sizes=\"(max-width: 68px) 100vw, 68px\" \/><\/a><\/p>\n<p style=\"margin-bottom: 100px;\">\n<p style=\"margin-bottom: 100px;\">\n<p>Due the sustainable growth of Japanese industries in Mexico, ADECOM offers you it&#8217;s MRO Divison (Maintenance Repair Operation). Products from the brands featured below can be delivered to your facility or\u00a0 international shipping points such as Yokohama, Japan.<\/p>\n<p>In order to receive a commercial proposal for the products of interest, please fill our quotation form below with the brand and product of your inquiry.<\/p>\n<p>We have specialists in these products, if you have a special requirement you can contact us by WhatsApp by clicking here <a href=\"https:\/\/api.whatsapp.com\/send?phone=5212226518964\"><img decoding=\"async\" class=\"alignnone wp-image-2848\" src=\"http:\/\/www.adecom.com.mx\/wp-content\/uploads\/2022\/09\/boton-whatsapp-300x106.png\" alt=\"\" width=\"68\" height=\"24\" srcset=\"https:\/\/www.adecom.com.mx\/wp-content\/uploads\/2022\/09\/boton-whatsapp-300x106.png 300w, https:\/\/www.adecom.com.mx\/wp-content\/uploads\/2022\/09\/boton-whatsapp-64x23.png 64w, https:\/\/www.adecom.com.mx\/wp-content\/uploads\/2022\/09\/boton-whatsapp.png 512w\" sizes=\"(max-width: 68px) 100vw, 68px\" \/><\/a><\/p>\n<p>&nbsp;<\/p>","protected":false},"excerpt":{"rendered":"<p>Dado el crecimiento sostenido de las industrias de origen japon\u00e9s en M\u00e9xico, ADECOM pone a tu disposici\u00f3n nuestra Divisi\u00f3n MRO (Maintenance Repair Operation). Los productos de las marcas presentadas a [&hellip;]<\/p>\n","protected":false},"featured_media":3026,"template":"","meta":{"_acf_changed":false,"content-type":"","_monsterinsights_skip_tracking":false,"_monsterinsights_sitenote_active":false,"_monsterinsights_sitenote_note":"","_monsterinsights_sitenote_category":0,"episode_type":"","audio_file":"","podmotor_file_id":"","podmotor_episode_id":"","cover_image":"","cover_image_id":"","duration":"","filesize":"","filesize_raw":"","date_recorded":"","explicit":"","block":"","_joinchat":[]},"product_brand":[],"product_cat":[16],"product_tag":[],"class_list":{"0":"post-3023","1":"product","2":"type-product","3":"status-publish","4":"has-post-thumbnail","6":"product_cat-sin-categorizar","8":"first","9":"instock","10":"taxable","11":"shipping-taxable","12":"product-type-simple"},"acf":[],"yoast_head":"<!-- This site is optimized with the Yoast SEO plugin v27.3 - https:\/\/yoast.com\/product\/yoast-seo-wordpress\/ -->\n<title>Japanese MRO - Adecom<\/title>\n<meta name=\"robots\" content=\"index, follow, max-snippet:-1, max-image-preview:large, max-video-preview:-1\" \/>\n<link rel=\"canonical\" href=\"https:\/\/www.adecom.com.mx\/en\/product\/japanese-mro\/\" \/>\n<meta property=\"og:locale\" content=\"en_US\" \/>\n<meta property=\"og:type\" content=\"article\" \/>\n<meta property=\"og:title\" content=\"Japanese MRO - Adecom\" \/>\n<meta property=\"og:description\" content=\"Dado el crecimiento sostenido de las industrias de origen japon\u00e9s en M\u00e9xico, ADECOM pone a tu disposici\u00f3n nuestra Divisi\u00f3n MRO (Maintenance Repair Operation). Los productos de las marcas presentadas a [&hellip;]\" \/>\n<meta property=\"og:url\" content=\"https:\/\/www.adecom.com.mx\/en\/product\/japanese-mro\/\" \/>\n<meta property=\"og:site_name\" content=\"Adecom\" \/>\n<meta property=\"article:modified_time\" content=\"2023-03-15T14:32:25+00:00\" \/>\n<meta property=\"og:image\" content=\"https:\/\/www.adecom.com.mx\/wp-content\/uploads\/2023\/03\/J-MRO.png\" \/>\n\t<meta property=\"og:image:width\" content=\"1800\" \/>\n\t<meta property=\"og:image:height\" content=\"1800\" \/>\n\t<meta property=\"og:image:type\" content=\"image\/png\" \/>\n<meta name=\"twitter:card\" content=\"summary_large_image\" \/>\n<meta name=\"twitter:label1\" content=\"Est. reading time\" \/>\n\t<meta name=\"twitter:data1\" content=\"1 minute\" \/>\n<script type=\"application\/ld+json\" class=\"yoast-schema-graph\">{\"@context\":\"https:\\\/\\\/schema.org\",\"@graph\":[{\"@type\":\"WebPage\",\"@id\":\"https:\\\/\\\/www.adecom.com.mx\\\/en\\\/product\\\/japanese-mro\\\/\",\"url\":\"https:\\\/\\\/www.adecom.com.mx\\\/en\\\/product\\\/japanese-mro\\\/\",\"name\":\"Japanese MRO - Adecom\",\"isPartOf\":{\"@id\":\"https:\\\/\\\/www.adecom.com.mx\\\/#website\"},\"primaryImageOfPage\":{\"@id\":\"https:\\\/\\\/www.adecom.com.mx\\\/en\\\/product\\\/japanese-mro\\\/#primaryimage\"},\"image\":{\"@id\":\"https:\\\/\\\/www.adecom.com.mx\\\/en\\\/product\\\/japanese-mro\\\/#primaryimage\"},\"thumbnailUrl\":\"https:\\\/\\\/www.adecom.com.mx\\\/wp-content\\\/uploads\\\/2023\\\/03\\\/J-MRO.png\",\"datePublished\":\"2023-03-10T00:05:25+00:00\",\"dateModified\":\"2023-03-15T14:32:25+00:00\",\"breadcrumb\":{\"@id\":\"https:\\\/\\\/www.adecom.com.mx\\\/en\\\/product\\\/japanese-mro\\\/#breadcrumb\"},\"inLanguage\":\"en-US\",\"potentialAction\":[{\"@type\":\"ReadAction\",\"target\":[\"https:\\\/\\\/www.adecom.com.mx\\\/en\\\/product\\\/japanese-mro\\\/\"]}]},{\"@type\":\"ImageObject\",\"inLanguage\":\"en-US\",\"@id\":\"https:\\\/\\\/www.adecom.com.mx\\\/en\\\/product\\\/japanese-mro\\\/#primaryimage\",\"url\":\"https:\\\/\\\/www.adecom.com.mx\\\/wp-content\\\/uploads\\\/2023\\\/03\\\/J-MRO.png\",\"contentUrl\":\"https:\\\/\\\/www.adecom.com.mx\\\/wp-content\\\/uploads\\\/2023\\\/03\\\/J-MRO.png\",\"width\":1800,\"height\":1800,\"caption\":\"Japanese MRO Maintenance repair operation\"},{\"@type\":\"BreadcrumbList\",\"@id\":\"https:\\\/\\\/www.adecom.com.mx\\\/en\\\/product\\\/japanese-mro\\\/#breadcrumb\",\"itemListElement\":[{\"@type\":\"ListItem\",\"position\":1,\"name\":\"Portada\",\"item\":\"https:\\\/\\\/www.adecom.com.mx\\\/\"},{\"@type\":\"ListItem\",\"position\":2,\"name\":\"Productos\",\"item\":\"https:\\\/\\\/www.adecom.com.mx\\\/en\\\/tienda\\\/\"},{\"@type\":\"ListItem\",\"position\":3,\"name\":\"Japanese MRO\"}]},{\"@type\":\"WebSite\",\"@id\":\"https:\\\/\\\/www.adecom.com.mx\\\/#website\",\"url\":\"https:\\\/\\\/www.adecom.com.mx\\\/\",\"name\":\"Adecom\",\"description\":\"The Best Torque and Tensi\u00f3n Experience\",\"publisher\":{\"@id\":\"https:\\\/\\\/www.adecom.com.mx\\\/#organization\"},\"potentialAction\":[{\"@type\":\"SearchAction\",\"target\":{\"@type\":\"EntryPoint\",\"urlTemplate\":\"https:\\\/\\\/www.adecom.com.mx\\\/?s={search_term_string}\"},\"query-input\":{\"@type\":\"PropertyValueSpecification\",\"valueRequired\":true,\"valueName\":\"search_term_string\"}}],\"inLanguage\":\"en-US\"},{\"@type\":\"Organization\",\"@id\":\"https:\\\/\\\/www.adecom.com.mx\\\/#organization\",\"name\":\"Adecom\",\"url\":\"https:\\\/\\\/www.adecom.com.mx\\\/\",\"logo\":{\"@type\":\"ImageObject\",\"inLanguage\":\"en-US\",\"@id\":\"https:\\\/\\\/www.adecom.com.mx\\\/#\\\/schema\\\/logo\\\/image\\\/\",\"url\":\"http:\\\/\\\/www.adecom.com.mx\\\/wp-content\\\/uploads\\\/2022\\\/02\\\/greca_adecom.png\",\"contentUrl\":\"http:\\\/\\\/www.adecom.com.mx\\\/wp-content\\\/uploads\\\/2022\\\/02\\\/greca_adecom.png\",\"width\":650,\"height\":551,\"caption\":\"Adecom\"},\"image\":{\"@id\":\"https:\\\/\\\/www.adecom.com.mx\\\/#\\\/schema\\\/logo\\\/image\\\/\"}}]}<\/script>\n<!-- \/ Yoast SEO plugin. -->","yoast_head_json":{"title":"Japanese MRO - Adecom","robots":{"index":"index","follow":"follow","max-snippet":"max-snippet:-1","max-image-preview":"max-image-preview:large","max-video-preview":"max-video-preview:-1"},"canonical":"https:\/\/www.adecom.com.mx\/en\/product\/japanese-mro\/","og_locale":"en_US","og_type":"article","og_title":"Japanese MRO - Adecom","og_description":"Dado el crecimiento sostenido de las industrias de origen japon\u00e9s en M\u00e9xico, ADECOM pone a tu disposici\u00f3n nuestra Divisi\u00f3n MRO (Maintenance Repair Operation). Los productos de las marcas presentadas a [&hellip;]","og_url":"https:\/\/www.adecom.com.mx\/en\/product\/japanese-mro\/","og_site_name":"Adecom","article_modified_time":"2023-03-15T14:32:25+00:00","og_image":[{"width":1800,"height":1800,"url":"https:\/\/www.adecom.com.mx\/wp-content\/uploads\/2023\/03\/J-MRO.png","type":"image\/png"}],"twitter_card":"summary_large_image","twitter_misc":{"Est. reading time":"1 minute"},"schema":{"@context":"https:\/\/schema.org","@graph":[{"@type":"WebPage","@id":"https:\/\/www.adecom.com.mx\/en\/product\/japanese-mro\/","url":"https:\/\/www.adecom.com.mx\/en\/product\/japanese-mro\/","name":"Japanese MRO - Adecom","isPartOf":{"@id":"https:\/\/www.adecom.com.mx\/#website"},"primaryImageOfPage":{"@id":"https:\/\/www.adecom.com.mx\/en\/product\/japanese-mro\/#primaryimage"},"image":{"@id":"https:\/\/www.adecom.com.mx\/en\/product\/japanese-mro\/#primaryimage"},"thumbnailUrl":"https:\/\/www.adecom.com.mx\/wp-content\/uploads\/2023\/03\/J-MRO.png","datePublished":"2023-03-10T00:05:25+00:00","dateModified":"2023-03-15T14:32:25+00:00","breadcrumb":{"@id":"https:\/\/www.adecom.com.mx\/en\/product\/japanese-mro\/#breadcrumb"},"inLanguage":"en-US","potentialAction":[{"@type":"ReadAction","target":["https:\/\/www.adecom.com.mx\/en\/product\/japanese-mro\/"]}]},{"@type":"ImageObject","inLanguage":"en-US","@id":"https:\/\/www.adecom.com.mx\/en\/product\/japanese-mro\/#primaryimage","url":"https:\/\/www.adecom.com.mx\/wp-content\/uploads\/2023\/03\/J-MRO.png","contentUrl":"https:\/\/www.adecom.com.mx\/wp-content\/uploads\/2023\/03\/J-MRO.png","width":1800,"height":1800,"caption":"Japanese MRO Maintenance repair operation"},{"@type":"BreadcrumbList","@id":"https:\/\/www.adecom.com.mx\/en\/product\/japanese-mro\/#breadcrumb","itemListElement":[{"@type":"ListItem","position":1,"name":"Portada","item":"https:\/\/www.adecom.com.mx\/"},{"@type":"ListItem","position":2,"name":"Productos","item":"https:\/\/www.adecom.com.mx\/en\/tienda\/"},{"@type":"ListItem","position":3,"name":"Japanese MRO"}]},{"@type":"WebSite","@id":"https:\/\/www.adecom.com.mx\/#website","url":"https:\/\/www.adecom.com.mx\/","name":"Adecom","description":"The Best Torque and Tensi\u00f3n Experience","publisher":{"@id":"https:\/\/www.adecom.com.mx\/#organization"},"potentialAction":[{"@type":"SearchAction","target":{"@type":"EntryPoint","urlTemplate":"https:\/\/www.adecom.com.mx\/?s={search_term_string}"},"query-input":{"@type":"PropertyValueSpecification","valueRequired":true,"valueName":"search_term_string"}}],"inLanguage":"en-US"},{"@type":"Organization","@id":"https:\/\/www.adecom.com.mx\/#organization","name":"Adecom","url":"https:\/\/www.adecom.com.mx\/","logo":{"@type":"ImageObject","inLanguage":"en-US","@id":"https:\/\/www.adecom.com.mx\/#\/schema\/logo\/image\/","url":"http:\/\/www.adecom.com.mx\/wp-content\/uploads\/2022\/02\/greca_adecom.png","contentUrl":"http:\/\/www.adecom.com.mx\/wp-content\/uploads\/2022\/02\/greca_adecom.png","width":650,"height":551,"caption":"Adecom"},"image":{"@id":"https:\/\/www.adecom.com.mx\/#\/schema\/logo\/image\/"}}]}},"_links":{"self":[{"href":"https:\/\/www.adecom.com.mx\/en\/wp-json\/wp\/v2\/product\/3023","targetHints":{"allow":["GET"]}}],"collection":[{"href":"https:\/\/www.adecom.com.mx\/en\/wp-json\/wp\/v2\/product"}],"about":[{"href":"https:\/\/www.adecom.com.mx\/en\/wp-json\/wp\/v2\/types\/product"}],"wp:featuredmedia":[{"embeddable":true,"href":"https:\/\/www.adecom.com.mx\/en\/wp-json\/wp\/v2\/media\/3026"}],"wp:attachment":[{"href":"https:\/\/www.adecom.com.mx\/en\/wp-json\/wp\/v2\/media?parent=3023"}],"wp:term":[{"taxonomy":"product_brand","embeddable":true,"href":"https:\/\/www.adecom.com.mx\/en\/wp-json\/wp\/v2\/product_brand?post=3023"},{"taxonomy":"product_cat","embeddable":true,"href":"https:\/\/www.adecom.com.mx\/en\/wp-json\/wp\/v2\/product_cat?post=3023"},{"taxonomy":"product_tag","embeddable":true,"href":"https:\/\/www.adecom.com.mx\/en\/wp-json\/wp\/v2\/product_tag?post=3023"}],"curies":[{"name":"wp","href":"https:\/\/api.w.org\/{rel}","templated":true}]}}