{"id":1296,"date":"2021-06-11T16:28:57","date_gmt":"2021-06-11T22:28:57","guid":{"rendered":"https:\/\/www.adecom.com.mx\/?post_type=product&#038;p=1296"},"modified":"2021-10-14T15:10:48","modified_gmt":"2021-10-14T21:10:48","slug":"torquimetro-digital-multi-con-registro-de-datos-de-torque-y-angulo","status":"publish","type":"product","link":"https:\/\/www.adecom.com.mx\/en\/product\/torquimetro-digital-multi-con-registro-de-datos-de-torque-y-angulo\/","title":{"rendered":"Digital Multi Torque Wrench with Torque and Angle Data Logging"},"content":{"rendered":"<p>Clear OLED Display to view current task information, combined with a 360\u00b0 light ring that is fully visible from any angle and a vibration alert to indicate results.<\/p>\n<ul>\n<li>360\u00b0 Light Ring displays color-coded readings and vibration alert.<\/li>\n<li>Wireless (RF) or Wired Operation option available.<\/li>\n<li>Quick-Change Battery Pack for extended shift usage: can be charged internally or externally.<\/li>\n<li>Interchangeable Heads with ID for automatic length compensation.<\/li>\n<li>Small, Clear, and Bright OLED Screen.<\/li>\n<li>Records up to 200 Offline Readings before needing to return to the data collector.<\/li>\n<li>Compatible with the Advanced Data Collector IQVu.<\/li>\n<\/ul>","protected":false},"excerpt":{"rendered":"<p>Reliable, Versatile, and Robust Torque Wrench<\/p>","protected":false},"featured_media":1377,"template":"","meta":{"_acf_changed":false,"content-type":"","_monsterinsights_skip_tracking":false,"_monsterinsights_sitenote_active":false,"_monsterinsights_sitenote_note":"","_monsterinsights_sitenote_category":0,"episode_type":"","audio_file":"","podmotor_file_id":"","podmotor_episode_id":"","cover_image":"","cover_image_id":"","duration":"","filesize":"","filesize_raw":"","date_recorded":"","explicit":"","block":"","_joinchat":[]},"product_brand":[],"product_cat":[35,17],"product_tag":[],"class_list":{"0":"post-1296","1":"product","2":"type-product","3":"status-publish","4":"has-post-thumbnail","6":"product_cat-digitales","7":"product_cat-torquimetros","9":"first","10":"instock","11":"taxable","12":"shipping-taxable","13":"product-type-simple"},"acf":[],"yoast_head":"<!-- This site is optimized with the Yoast SEO plugin v27.3 - https:\/\/yoast.com\/product\/yoast-seo-wordpress\/ -->\n<title>Torqu\u00edmetro digital multi con registro de datos de torque y \u00e1ngulo. - Adecom<\/title>\n<meta name=\"robots\" content=\"index, follow, max-snippet:-1, max-image-preview:large, max-video-preview:-1\" \/>\n<link rel=\"canonical\" href=\"https:\/\/www.adecom.com.mx\/en\/product\/torquimetro-digital-multi-con-registro-de-datos-de-torque-y-angulo\/\" \/>\n<meta property=\"og:locale\" content=\"en_US\" \/>\n<meta property=\"og:type\" content=\"article\" \/>\n<meta property=\"og:title\" content=\"Torqu\u00edmetro digital multi con registro de datos de torque y \u00e1ngulo. - Adecom\" \/>\n<meta property=\"og:description\" content=\"Torqu\u00edmetro confiable, vers\u00e1til y robusta.\" \/>\n<meta property=\"og:url\" content=\"https:\/\/www.adecom.com.mx\/en\/product\/torquimetro-digital-multi-con-registro-de-datos-de-torque-y-angulo\/\" \/>\n<meta property=\"og:site_name\" content=\"Adecom\" \/>\n<meta property=\"article:modified_time\" content=\"2021-10-14T21:10:48+00:00\" \/>\n<meta property=\"og:image\" content=\"https:\/\/www.adecom.com.mx\/wp-content\/uploads\/2021\/06\/WrenchStar-Multi-Torque-Wrench-01.jpg\" \/>\n\t<meta property=\"og:image:width\" content=\"1700\" \/>\n\t<meta property=\"og:image:height\" content=\"1800\" \/>\n\t<meta property=\"og:image:type\" content=\"image\/jpeg\" \/>\n<meta name=\"twitter:card\" content=\"summary_large_image\" \/>\n<meta name=\"twitter:label1\" content=\"Est. reading time\" \/>\n\t<meta name=\"twitter:data1\" content=\"1 minute\" \/>\n<script type=\"application\/ld+json\" class=\"yoast-schema-graph\">{\"@context\":\"https:\\\/\\\/schema.org\",\"@graph\":[{\"@type\":\"WebPage\",\"@id\":\"https:\\\/\\\/www.adecom.com.mx\\\/producto\\\/torquimetro-digital-multi-con-registro-de-datos-de-torque-y-angulo\\\/\",\"url\":\"https:\\\/\\\/www.adecom.com.mx\\\/producto\\\/torquimetro-digital-multi-con-registro-de-datos-de-torque-y-angulo\\\/\",\"name\":\"Torqu\u00edmetro digital multi con registro de datos de torque y \u00e1ngulo. - Adecom\",\"isPartOf\":{\"@id\":\"https:\\\/\\\/www.adecom.com.mx\\\/#website\"},\"primaryImageOfPage\":{\"@id\":\"https:\\\/\\\/www.adecom.com.mx\\\/producto\\\/torquimetro-digital-multi-con-registro-de-datos-de-torque-y-angulo\\\/#primaryimage\"},\"image\":{\"@id\":\"https:\\\/\\\/www.adecom.com.mx\\\/producto\\\/torquimetro-digital-multi-con-registro-de-datos-de-torque-y-angulo\\\/#primaryimage\"},\"thumbnailUrl\":\"https:\\\/\\\/www.adecom.com.mx\\\/wp-content\\\/uploads\\\/2021\\\/06\\\/WrenchStar-Multi-Torque-Wrench-01.jpg\",\"datePublished\":\"2021-06-11T22:28:57+00:00\",\"dateModified\":\"2021-10-14T21:10:48+00:00\",\"breadcrumb\":{\"@id\":\"https:\\\/\\\/www.adecom.com.mx\\\/producto\\\/torquimetro-digital-multi-con-registro-de-datos-de-torque-y-angulo\\\/#breadcrumb\"},\"inLanguage\":\"en-US\",\"potentialAction\":[{\"@type\":\"ReadAction\",\"target\":[\"https:\\\/\\\/www.adecom.com.mx\\\/producto\\\/torquimetro-digital-multi-con-registro-de-datos-de-torque-y-angulo\\\/\"]}]},{\"@type\":\"ImageObject\",\"inLanguage\":\"en-US\",\"@id\":\"https:\\\/\\\/www.adecom.com.mx\\\/producto\\\/torquimetro-digital-multi-con-registro-de-datos-de-torque-y-angulo\\\/#primaryimage\",\"url\":\"https:\\\/\\\/www.adecom.com.mx\\\/wp-content\\\/uploads\\\/2021\\\/06\\\/WrenchStar-Multi-Torque-Wrench-01.jpg\",\"contentUrl\":\"https:\\\/\\\/www.adecom.com.mx\\\/wp-content\\\/uploads\\\/2021\\\/06\\\/WrenchStar-Multi-Torque-Wrench-01.jpg\",\"width\":1700,\"height\":1800},{\"@type\":\"BreadcrumbList\",\"@id\":\"https:\\\/\\\/www.adecom.com.mx\\\/producto\\\/torquimetro-digital-multi-con-registro-de-datos-de-torque-y-angulo\\\/#breadcrumb\",\"itemListElement\":[{\"@type\":\"ListItem\",\"position\":1,\"name\":\"Portada\",\"item\":\"https:\\\/\\\/www.adecom.com.mx\\\/\"},{\"@type\":\"ListItem\",\"position\":2,\"name\":\"Productos\",\"item\":\"https:\\\/\\\/www.adecom.com.mx\\\/en\\\/tienda\\\/\"},{\"@type\":\"ListItem\",\"position\":3,\"name\":\"Torqu\u00edmetro digital multi con registro de datos de torque y \u00e1ngulo.\"}]},{\"@type\":\"WebSite\",\"@id\":\"https:\\\/\\\/www.adecom.com.mx\\\/#website\",\"url\":\"https:\\\/\\\/www.adecom.com.mx\\\/\",\"name\":\"Adecom\",\"description\":\"The Best Torque and Tensi\u00f3n Experience\",\"publisher\":{\"@id\":\"https:\\\/\\\/www.adecom.com.mx\\\/#organization\"},\"potentialAction\":[{\"@type\":\"SearchAction\",\"target\":{\"@type\":\"EntryPoint\",\"urlTemplate\":\"https:\\\/\\\/www.adecom.com.mx\\\/?s={search_term_string}\"},\"query-input\":{\"@type\":\"PropertyValueSpecification\",\"valueRequired\":true,\"valueName\":\"search_term_string\"}}],\"inLanguage\":\"en-US\"},{\"@type\":\"Organization\",\"@id\":\"https:\\\/\\\/www.adecom.com.mx\\\/#organization\",\"name\":\"Adecom\",\"url\":\"https:\\\/\\\/www.adecom.com.mx\\\/\",\"logo\":{\"@type\":\"ImageObject\",\"inLanguage\":\"en-US\",\"@id\":\"https:\\\/\\\/www.adecom.com.mx\\\/#\\\/schema\\\/logo\\\/image\\\/\",\"url\":\"http:\\\/\\\/www.adecom.com.mx\\\/wp-content\\\/uploads\\\/2022\\\/02\\\/greca_adecom.png\",\"contentUrl\":\"http:\\\/\\\/www.adecom.com.mx\\\/wp-content\\\/uploads\\\/2022\\\/02\\\/greca_adecom.png\",\"width\":650,\"height\":551,\"caption\":\"Adecom\"},\"image\":{\"@id\":\"https:\\\/\\\/www.adecom.com.mx\\\/#\\\/schema\\\/logo\\\/image\\\/\"}}]}<\/script>\n<!-- \/ Yoast SEO plugin. -->","yoast_head_json":{"title":"Torqu\u00edmetro digital multi con registro de datos de torque y \u00e1ngulo. - Adecom","robots":{"index":"index","follow":"follow","max-snippet":"max-snippet:-1","max-image-preview":"max-image-preview:large","max-video-preview":"max-video-preview:-1"},"canonical":"https:\/\/www.adecom.com.mx\/en\/product\/torquimetro-digital-multi-con-registro-de-datos-de-torque-y-angulo\/","og_locale":"en_US","og_type":"article","og_title":"Torqu\u00edmetro digital multi con registro de datos de torque y \u00e1ngulo. - Adecom","og_description":"Torqu\u00edmetro confiable, vers\u00e1til y robusta.","og_url":"https:\/\/www.adecom.com.mx\/en\/product\/torquimetro-digital-multi-con-registro-de-datos-de-torque-y-angulo\/","og_site_name":"Adecom","article_modified_time":"2021-10-14T21:10:48+00:00","og_image":[{"width":1700,"height":1800,"url":"https:\/\/www.adecom.com.mx\/wp-content\/uploads\/2021\/06\/WrenchStar-Multi-Torque-Wrench-01.jpg","type":"image\/jpeg"}],"twitter_card":"summary_large_image","twitter_misc":{"Est. reading time":"1 minute"},"schema":{"@context":"https:\/\/schema.org","@graph":[{"@type":"WebPage","@id":"https:\/\/www.adecom.com.mx\/producto\/torquimetro-digital-multi-con-registro-de-datos-de-torque-y-angulo\/","url":"https:\/\/www.adecom.com.mx\/producto\/torquimetro-digital-multi-con-registro-de-datos-de-torque-y-angulo\/","name":"Torqu\u00edmetro digital multi con registro de datos de torque y \u00e1ngulo. - Adecom","isPartOf":{"@id":"https:\/\/www.adecom.com.mx\/#website"},"primaryImageOfPage":{"@id":"https:\/\/www.adecom.com.mx\/producto\/torquimetro-digital-multi-con-registro-de-datos-de-torque-y-angulo\/#primaryimage"},"image":{"@id":"https:\/\/www.adecom.com.mx\/producto\/torquimetro-digital-multi-con-registro-de-datos-de-torque-y-angulo\/#primaryimage"},"thumbnailUrl":"https:\/\/www.adecom.com.mx\/wp-content\/uploads\/2021\/06\/WrenchStar-Multi-Torque-Wrench-01.jpg","datePublished":"2021-06-11T22:28:57+00:00","dateModified":"2021-10-14T21:10:48+00:00","breadcrumb":{"@id":"https:\/\/www.adecom.com.mx\/producto\/torquimetro-digital-multi-con-registro-de-datos-de-torque-y-angulo\/#breadcrumb"},"inLanguage":"en-US","potentialAction":[{"@type":"ReadAction","target":["https:\/\/www.adecom.com.mx\/producto\/torquimetro-digital-multi-con-registro-de-datos-de-torque-y-angulo\/"]}]},{"@type":"ImageObject","inLanguage":"en-US","@id":"https:\/\/www.adecom.com.mx\/producto\/torquimetro-digital-multi-con-registro-de-datos-de-torque-y-angulo\/#primaryimage","url":"https:\/\/www.adecom.com.mx\/wp-content\/uploads\/2021\/06\/WrenchStar-Multi-Torque-Wrench-01.jpg","contentUrl":"https:\/\/www.adecom.com.mx\/wp-content\/uploads\/2021\/06\/WrenchStar-Multi-Torque-Wrench-01.jpg","width":1700,"height":1800},{"@type":"BreadcrumbList","@id":"https:\/\/www.adecom.com.mx\/producto\/torquimetro-digital-multi-con-registro-de-datos-de-torque-y-angulo\/#breadcrumb","itemListElement":[{"@type":"ListItem","position":1,"name":"Portada","item":"https:\/\/www.adecom.com.mx\/"},{"@type":"ListItem","position":2,"name":"Productos","item":"https:\/\/www.adecom.com.mx\/en\/tienda\/"},{"@type":"ListItem","position":3,"name":"Torqu\u00edmetro digital multi con registro de datos de torque y \u00e1ngulo."}]},{"@type":"WebSite","@id":"https:\/\/www.adecom.com.mx\/#website","url":"https:\/\/www.adecom.com.mx\/","name":"Adecom","description":"The Best Torque and Tensi\u00f3n Experience","publisher":{"@id":"https:\/\/www.adecom.com.mx\/#organization"},"potentialAction":[{"@type":"SearchAction","target":{"@type":"EntryPoint","urlTemplate":"https:\/\/www.adecom.com.mx\/?s={search_term_string}"},"query-input":{"@type":"PropertyValueSpecification","valueRequired":true,"valueName":"search_term_string"}}],"inLanguage":"en-US"},{"@type":"Organization","@id":"https:\/\/www.adecom.com.mx\/#organization","name":"Adecom","url":"https:\/\/www.adecom.com.mx\/","logo":{"@type":"ImageObject","inLanguage":"en-US","@id":"https:\/\/www.adecom.com.mx\/#\/schema\/logo\/image\/","url":"http:\/\/www.adecom.com.mx\/wp-content\/uploads\/2022\/02\/greca_adecom.png","contentUrl":"http:\/\/www.adecom.com.mx\/wp-content\/uploads\/2022\/02\/greca_adecom.png","width":650,"height":551,"caption":"Adecom"},"image":{"@id":"https:\/\/www.adecom.com.mx\/#\/schema\/logo\/image\/"}}]}},"_links":{"self":[{"href":"https:\/\/www.adecom.com.mx\/en\/wp-json\/wp\/v2\/product\/1296","targetHints":{"allow":["GET"]}}],"collection":[{"href":"https:\/\/www.adecom.com.mx\/en\/wp-json\/wp\/v2\/product"}],"about":[{"href":"https:\/\/www.adecom.com.mx\/en\/wp-json\/wp\/v2\/types\/product"}],"wp:featuredmedia":[{"embeddable":true,"href":"https:\/\/www.adecom.com.mx\/en\/wp-json\/wp\/v2\/media\/1377"}],"wp:attachment":[{"href":"https:\/\/www.adecom.com.mx\/en\/wp-json\/wp\/v2\/media?parent=1296"}],"wp:term":[{"taxonomy":"product_brand","embeddable":true,"href":"https:\/\/www.adecom.com.mx\/en\/wp-json\/wp\/v2\/product_brand?post=1296"},{"taxonomy":"product_cat","embeddable":true,"href":"https:\/\/www.adecom.com.mx\/en\/wp-json\/wp\/v2\/product_cat?post=1296"},{"taxonomy":"product_tag","embeddable":true,"href":"https:\/\/www.adecom.com.mx\/en\/wp-json\/wp\/v2\/product_tag?post=1296"}],"curies":[{"name":"wp","href":"https:\/\/api.w.org\/{rel}","templated":true}]}}