{"id":1017,"date":"2021-05-20T16:43:13","date_gmt":"2021-05-20T22:43:13","guid":{"rendered":"https:\/\/www.adecom.com.mx\/?post_type=product&#038;p=1017"},"modified":"2021-10-15T11:36:53","modified_gmt":"2021-10-15T17:36:53","slug":"torquimetro-electomecanico-con-registro-de-datos","status":"publish","type":"product","link":"https:\/\/www.adecom.com.mx\/en\/product\/torquimetro-electomecanico-con-registro-de-datos\/","title":{"rendered":"Electromechanical torque wrench with data recording."},"content":{"rendered":"<div class=\"page\" title=\"Page 210\">\n<div class=\"layoutArea\">\n<div class=\"column\">\n<p>The MANOSKOP\u00ae 730D torque wrench is the ideal solution for those who want to combine the advantages of precise digital technologies with the proven quality of mechanical torque wrenches. The patented electromechanical trigger is activated when the nominal value is reached and is indicated by a perceptible tactile signal and a clearly audible signal. In addition, the LC display shows a visual evaluation of the tightening task using different colours.<\/p>\n<div class=\"page\" title=\"Page 212\">\n<div class=\"layoutArea\">\n<div class=\"column\">\n<div class=\"page\" title=\"Page 1\">\n<div class=\"section\">\n<div class=\"layoutArea\">\n<div class=\"column\">\n<ul>\n<li>It has an electromechanical trigger, and therefore combines a precise electronic measurement with the well-known perceptible signal that is emitted when the nominal value is reached.<\/li>\n<li>The patented electromechanical trigger is activated when the setpoint value is reached and is indicated by a perceptible tactile signal and a clearly audible signal. In addition, the LC display shows a visual evaluation of the tightening task using different colours.<\/li>\n<li>After triggering, it indicates the torque actually applied, allowing the user to optimize their working mode.<\/li>\n<li>The USB interface enables stored torque values to be read out and then evaluated and documented in conjunction with the SENSOMASTER 4 software.<\/li>\n<li>QuickRelease technology prevents the insert tool from being released unexpectedly and allows for quick tool changes.<\/li>\n<li>Thanks to its soft zone, the 2-component handle remains comfortable to hold, even after repeated tightening operations. It is also resistant to oils, greases, fuels, brake fluids and even Skydro hydraulic fluid.<\/li>\n<li>The clearly legible LC display visually evaluates the tightening task using coloured displays. The four-button keyboard allows all settings to be made quickly and easily.<\/li>\n<\/ul>\n<\/div>\n<\/div>\n<\/div>\n<\/div>\n<\/div>\n<\/div>\n<\/div>\n<\/div>\n<\/div>\n<\/div>","protected":false},"excerpt":{"rendered":"<p>Electromechanical technology, safe, ergonomic and easy to read.<\/p>","protected":false},"featured_media":1019,"template":"","meta":{"_acf_changed":false,"content-type":"","_monsterinsights_skip_tracking":false,"_monsterinsights_sitenote_active":false,"_monsterinsights_sitenote_note":"","_monsterinsights_sitenote_category":0,"episode_type":"","audio_file":"","podmotor_file_id":"","podmotor_episode_id":"","cover_image":"","cover_image_id":"","duration":"","filesize":"","filesize_raw":"","date_recorded":"","explicit":"","block":"","_joinchat":[]},"product_brand":[],"product_cat":[17],"product_tag":[],"class_list":{"0":"post-1017","1":"product","2":"type-product","3":"status-publish","4":"has-post-thumbnail","6":"product_cat-torquimetros","8":"first","9":"instock","10":"taxable","11":"shipping-taxable","12":"product-type-simple"},"acf":[],"yoast_head":"<!-- This site is optimized with the Yoast SEO plugin v27.3 - https:\/\/yoast.com\/product\/yoast-seo-wordpress\/ -->\n<title>Torqu\u00edmetro electom\u00e9canico con registro de datos. - Adecom<\/title>\n<meta name=\"robots\" content=\"index, follow, max-snippet:-1, max-image-preview:large, max-video-preview:-1\" \/>\n<link rel=\"canonical\" href=\"https:\/\/www.adecom.com.mx\/en\/product\/torquimetro-electomecanico-con-registro-de-datos\/\" \/>\n<meta property=\"og:locale\" content=\"en_US\" \/>\n<meta property=\"og:type\" content=\"article\" \/>\n<meta property=\"og:title\" content=\"Torqu\u00edmetro electom\u00e9canico con registro de datos. - Adecom\" \/>\n<meta property=\"og:description\" content=\"Tecnolog\u00eda electromec\u00e1nica, segura, ergon\u00f3mica y de f\u00e1cil lectura.\" \/>\n<meta property=\"og:url\" content=\"https:\/\/www.adecom.com.mx\/en\/product\/torquimetro-electomecanico-con-registro-de-datos\/\" \/>\n<meta property=\"og:site_name\" content=\"Adecom\" \/>\n<meta property=\"article:modified_time\" content=\"2021-10-15T17:36:53+00:00\" \/>\n<meta property=\"og:image\" content=\"https:\/\/www.adecom.com.mx\/wp-content\/uploads\/2021\/05\/MANOSKOP-730D-STAHLWILLE_Mesa-de-trabajo-1-2.jpg\" \/>\n\t<meta property=\"og:image:width\" content=\"1800\" \/>\n\t<meta property=\"og:image:height\" content=\"1800\" \/>\n\t<meta property=\"og:image:type\" content=\"image\/jpeg\" \/>\n<meta name=\"twitter:card\" content=\"summary_large_image\" \/>\n<meta name=\"twitter:label1\" content=\"Est. reading time\" \/>\n\t<meta name=\"twitter:data1\" content=\"1 minute\" \/>\n<script type=\"application\/ld+json\" class=\"yoast-schema-graph\">{\"@context\":\"https:\\\/\\\/schema.org\",\"@graph\":[{\"@type\":\"WebPage\",\"@id\":\"https:\\\/\\\/www.adecom.com.mx\\\/en\\\/product\\\/torquimetro-electomecanico-con-registro-de-datos\\\/\",\"url\":\"https:\\\/\\\/www.adecom.com.mx\\\/en\\\/product\\\/torquimetro-electomecanico-con-registro-de-datos\\\/\",\"name\":\"Torqu\u00edmetro electom\u00e9canico con registro de datos. - Adecom\",\"isPartOf\":{\"@id\":\"https:\\\/\\\/www.adecom.com.mx\\\/#website\"},\"primaryImageOfPage\":{\"@id\":\"https:\\\/\\\/www.adecom.com.mx\\\/en\\\/product\\\/torquimetro-electomecanico-con-registro-de-datos\\\/#primaryimage\"},\"image\":{\"@id\":\"https:\\\/\\\/www.adecom.com.mx\\\/en\\\/product\\\/torquimetro-electomecanico-con-registro-de-datos\\\/#primaryimage\"},\"thumbnailUrl\":\"https:\\\/\\\/www.adecom.com.mx\\\/wp-content\\\/uploads\\\/2021\\\/05\\\/MANOSKOP-730D-STAHLWILLE_Mesa-de-trabajo-1-2.jpg\",\"datePublished\":\"2021-05-20T22:43:13+00:00\",\"dateModified\":\"2021-10-15T17:36:53+00:00\",\"breadcrumb\":{\"@id\":\"https:\\\/\\\/www.adecom.com.mx\\\/en\\\/product\\\/torquimetro-electomecanico-con-registro-de-datos\\\/#breadcrumb\"},\"inLanguage\":\"en-US\",\"potentialAction\":[{\"@type\":\"ReadAction\",\"target\":[\"https:\\\/\\\/www.adecom.com.mx\\\/en\\\/product\\\/torquimetro-electomecanico-con-registro-de-datos\\\/\"]}]},{\"@type\":\"ImageObject\",\"inLanguage\":\"en-US\",\"@id\":\"https:\\\/\\\/www.adecom.com.mx\\\/en\\\/product\\\/torquimetro-electomecanico-con-registro-de-datos\\\/#primaryimage\",\"url\":\"https:\\\/\\\/www.adecom.com.mx\\\/wp-content\\\/uploads\\\/2021\\\/05\\\/MANOSKOP-730D-STAHLWILLE_Mesa-de-trabajo-1-2.jpg\",\"contentUrl\":\"https:\\\/\\\/www.adecom.com.mx\\\/wp-content\\\/uploads\\\/2021\\\/05\\\/MANOSKOP-730D-STAHLWILLE_Mesa-de-trabajo-1-2.jpg\",\"width\":1800,\"height\":1800},{\"@type\":\"BreadcrumbList\",\"@id\":\"https:\\\/\\\/www.adecom.com.mx\\\/en\\\/product\\\/torquimetro-electomecanico-con-registro-de-datos\\\/#breadcrumb\",\"itemListElement\":[{\"@type\":\"ListItem\",\"position\":1,\"name\":\"Portada\",\"item\":\"https:\\\/\\\/www.adecom.com.mx\\\/\"},{\"@type\":\"ListItem\",\"position\":2,\"name\":\"Productos\",\"item\":\"https:\\\/\\\/www.adecom.com.mx\\\/en\\\/tienda\\\/\"},{\"@type\":\"ListItem\",\"position\":3,\"name\":\"Torqu\u00edmetro electom\u00e9canico con registro de datos.\"}]},{\"@type\":\"WebSite\",\"@id\":\"https:\\\/\\\/www.adecom.com.mx\\\/#website\",\"url\":\"https:\\\/\\\/www.adecom.com.mx\\\/\",\"name\":\"Adecom\",\"description\":\"The Best Torque and Tensi\u00f3n Experience\",\"publisher\":{\"@id\":\"https:\\\/\\\/www.adecom.com.mx\\\/#organization\"},\"potentialAction\":[{\"@type\":\"SearchAction\",\"target\":{\"@type\":\"EntryPoint\",\"urlTemplate\":\"https:\\\/\\\/www.adecom.com.mx\\\/?s={search_term_string}\"},\"query-input\":{\"@type\":\"PropertyValueSpecification\",\"valueRequired\":true,\"valueName\":\"search_term_string\"}}],\"inLanguage\":\"en-US\"},{\"@type\":\"Organization\",\"@id\":\"https:\\\/\\\/www.adecom.com.mx\\\/#organization\",\"name\":\"Adecom\",\"url\":\"https:\\\/\\\/www.adecom.com.mx\\\/\",\"logo\":{\"@type\":\"ImageObject\",\"inLanguage\":\"en-US\",\"@id\":\"https:\\\/\\\/www.adecom.com.mx\\\/#\\\/schema\\\/logo\\\/image\\\/\",\"url\":\"http:\\\/\\\/www.adecom.com.mx\\\/wp-content\\\/uploads\\\/2022\\\/02\\\/greca_adecom.png\",\"contentUrl\":\"http:\\\/\\\/www.adecom.com.mx\\\/wp-content\\\/uploads\\\/2022\\\/02\\\/greca_adecom.png\",\"width\":650,\"height\":551,\"caption\":\"Adecom\"},\"image\":{\"@id\":\"https:\\\/\\\/www.adecom.com.mx\\\/#\\\/schema\\\/logo\\\/image\\\/\"}}]}<\/script>\n<!-- \/ Yoast SEO plugin. -->","yoast_head_json":{"title":"Torqu\u00edmetro electom\u00e9canico con registro de datos. - Adecom","robots":{"index":"index","follow":"follow","max-snippet":"max-snippet:-1","max-image-preview":"max-image-preview:large","max-video-preview":"max-video-preview:-1"},"canonical":"https:\/\/www.adecom.com.mx\/en\/product\/torquimetro-electomecanico-con-registro-de-datos\/","og_locale":"en_US","og_type":"article","og_title":"Torqu\u00edmetro electom\u00e9canico con registro de datos. - Adecom","og_description":"Tecnolog\u00eda electromec\u00e1nica, segura, ergon\u00f3mica y de f\u00e1cil lectura.","og_url":"https:\/\/www.adecom.com.mx\/en\/product\/torquimetro-electomecanico-con-registro-de-datos\/","og_site_name":"Adecom","article_modified_time":"2021-10-15T17:36:53+00:00","og_image":[{"width":1800,"height":1800,"url":"https:\/\/www.adecom.com.mx\/wp-content\/uploads\/2021\/05\/MANOSKOP-730D-STAHLWILLE_Mesa-de-trabajo-1-2.jpg","type":"image\/jpeg"}],"twitter_card":"summary_large_image","twitter_misc":{"Est. reading time":"1 minute"},"schema":{"@context":"https:\/\/schema.org","@graph":[{"@type":"WebPage","@id":"https:\/\/www.adecom.com.mx\/en\/product\/torquimetro-electomecanico-con-registro-de-datos\/","url":"https:\/\/www.adecom.com.mx\/en\/product\/torquimetro-electomecanico-con-registro-de-datos\/","name":"Torqu\u00edmetro electom\u00e9canico con registro de datos. - Adecom","isPartOf":{"@id":"https:\/\/www.adecom.com.mx\/#website"},"primaryImageOfPage":{"@id":"https:\/\/www.adecom.com.mx\/en\/product\/torquimetro-electomecanico-con-registro-de-datos\/#primaryimage"},"image":{"@id":"https:\/\/www.adecom.com.mx\/en\/product\/torquimetro-electomecanico-con-registro-de-datos\/#primaryimage"},"thumbnailUrl":"https:\/\/www.adecom.com.mx\/wp-content\/uploads\/2021\/05\/MANOSKOP-730D-STAHLWILLE_Mesa-de-trabajo-1-2.jpg","datePublished":"2021-05-20T22:43:13+00:00","dateModified":"2021-10-15T17:36:53+00:00","breadcrumb":{"@id":"https:\/\/www.adecom.com.mx\/en\/product\/torquimetro-electomecanico-con-registro-de-datos\/#breadcrumb"},"inLanguage":"en-US","potentialAction":[{"@type":"ReadAction","target":["https:\/\/www.adecom.com.mx\/en\/product\/torquimetro-electomecanico-con-registro-de-datos\/"]}]},{"@type":"ImageObject","inLanguage":"en-US","@id":"https:\/\/www.adecom.com.mx\/en\/product\/torquimetro-electomecanico-con-registro-de-datos\/#primaryimage","url":"https:\/\/www.adecom.com.mx\/wp-content\/uploads\/2021\/05\/MANOSKOP-730D-STAHLWILLE_Mesa-de-trabajo-1-2.jpg","contentUrl":"https:\/\/www.adecom.com.mx\/wp-content\/uploads\/2021\/05\/MANOSKOP-730D-STAHLWILLE_Mesa-de-trabajo-1-2.jpg","width":1800,"height":1800},{"@type":"BreadcrumbList","@id":"https:\/\/www.adecom.com.mx\/en\/product\/torquimetro-electomecanico-con-registro-de-datos\/#breadcrumb","itemListElement":[{"@type":"ListItem","position":1,"name":"Portada","item":"https:\/\/www.adecom.com.mx\/"},{"@type":"ListItem","position":2,"name":"Productos","item":"https:\/\/www.adecom.com.mx\/en\/tienda\/"},{"@type":"ListItem","position":3,"name":"Torqu\u00edmetro electom\u00e9canico con registro de datos."}]},{"@type":"WebSite","@id":"https:\/\/www.adecom.com.mx\/#website","url":"https:\/\/www.adecom.com.mx\/","name":"Adecom","description":"The Best Torque and Tensi\u00f3n Experience","publisher":{"@id":"https:\/\/www.adecom.com.mx\/#organization"},"potentialAction":[{"@type":"SearchAction","target":{"@type":"EntryPoint","urlTemplate":"https:\/\/www.adecom.com.mx\/?s={search_term_string}"},"query-input":{"@type":"PropertyValueSpecification","valueRequired":true,"valueName":"search_term_string"}}],"inLanguage":"en-US"},{"@type":"Organization","@id":"https:\/\/www.adecom.com.mx\/#organization","name":"Adecom","url":"https:\/\/www.adecom.com.mx\/","logo":{"@type":"ImageObject","inLanguage":"en-US","@id":"https:\/\/www.adecom.com.mx\/#\/schema\/logo\/image\/","url":"http:\/\/www.adecom.com.mx\/wp-content\/uploads\/2022\/02\/greca_adecom.png","contentUrl":"http:\/\/www.adecom.com.mx\/wp-content\/uploads\/2022\/02\/greca_adecom.png","width":650,"height":551,"caption":"Adecom"},"image":{"@id":"https:\/\/www.adecom.com.mx\/#\/schema\/logo\/image\/"}}]}},"_links":{"self":[{"href":"https:\/\/www.adecom.com.mx\/en\/wp-json\/wp\/v2\/product\/1017","targetHints":{"allow":["GET"]}}],"collection":[{"href":"https:\/\/www.adecom.com.mx\/en\/wp-json\/wp\/v2\/product"}],"about":[{"href":"https:\/\/www.adecom.com.mx\/en\/wp-json\/wp\/v2\/types\/product"}],"wp:featuredmedia":[{"embeddable":true,"href":"https:\/\/www.adecom.com.mx\/en\/wp-json\/wp\/v2\/media\/1019"}],"wp:attachment":[{"href":"https:\/\/www.adecom.com.mx\/en\/wp-json\/wp\/v2\/media?parent=1017"}],"wp:term":[{"taxonomy":"product_brand","embeddable":true,"href":"https:\/\/www.adecom.com.mx\/en\/wp-json\/wp\/v2\/product_brand?post=1017"},{"taxonomy":"product_cat","embeddable":true,"href":"https:\/\/www.adecom.com.mx\/en\/wp-json\/wp\/v2\/product_cat?post=1017"},{"taxonomy":"product_tag","embeddable":true,"href":"https:\/\/www.adecom.com.mx\/en\/wp-json\/wp\/v2\/product_tag?post=1017"}],"curies":[{"name":"wp","href":"https:\/\/api.w.org\/{rel}","templated":true}]}}