{"id":3,"date":"2021-04-30T16:23:07","date_gmt":"2021-04-30T16:23:07","guid":{"rendered":"https:\/\/www.adecom.com.mx\/?page_id=3"},"modified":"2021-06-30T12:21:58","modified_gmt":"2021-06-30T18:21:58","slug":"privacidad","status":"publish","type":"page","link":"https:\/\/www.adecom.com.mx\/en\/privacidad\/","title":{"rendered":"Privacidad"},"content":{"rendered":"<div class=\"page\" title=\"Page 1\">\r\n<div class=\"section\">\r\n<div class=\"layoutArea\">\r\n<div class=\"column\">\r\n<p>&nbsp;<\/p>\r\n<p>&nbsp;<\/p>\r\n<p>En cumplimiento de lo dispuesto por la Ley Federal de Protecci\u00f3n de Datos Personales en Posesi\u00f3n\u00a0de los Particulares (en adelante \u201cLa Ley\u201d), su Reglamento y dem\u00e1s ordenamientos, el presente documento constituye el Aviso de Privacidad Integral de <strong>ADVANCED EQUIPMENTS AND COMPONENTS M\u00c9XICO, S.A. DE C.V.<\/strong>, de ahora en adelante <strong>ADECOM<\/strong><\/p>\r\n<\/div>\r\n<\/div>\r\n<\/div>\r\n<\/div>\r\n<div class=\"page\" title=\"Page 1\">\r\n<div class=\"layoutArea\">\r\n<div class=\"column\">\r\n<p>Por lo anterior <strong>ADECOM<\/strong>, tiene su domicilio el ubicado en: Calle Claudio Bernard n\u00famero 34 Interior 1, Colonia Doctores, Alcald\u00eda Cuauhtemoc, Ciudad de M\u00e9xico 06720 y ser\u00e1 el responsable del tratamiento de sus datos personales de conformidad con lo establecido en \u201cLa Ley\u201d.<\/p>\r\n<\/div>\r\n<\/div>\r\n<div class=\"page\" title=\"Page 1\">\r\n<div class=\"section\">\r\n<div class=\"layoutArea\">\r\n<div class=\"column\">\r\n<p>1. SOBRE EL TRATAMIENTO DE SUS DATOS PERSONALES:<\/p>\r\n<p>Los datos personales que recabamos de Usted son proporcionados de manera personal cuando nos son entregados a trav\u00e9s del www.adecom.com.mx para solicitar informaci\u00f3n; adicional en nuestras oficinas, de manera directa, y de manera indirecta cuando otras empresas que pueden ser nuestros clientes o proveedores nos transfieren sus datos o bien cuando son obtenidos por alguna fuente de acceso p\u00fablico permitidos. Los datos personales de Identificaci\u00f3n m\u00ednima que recabamos son los siguientes: Nombre y apellidos, Domicilio, Correo Electr\u00f3nico, Tel\u00e9fono y redes sociales.<\/p>\r\n<p>Sus datos personales ser\u00e1n tratados de manera confidencial, bajo estrictas medidas de seguridad administrativas, t\u00e9cnicas y f\u00edsicas, y resguardados con base en los principios de licitud, calidad, consentimiento, informaci\u00f3n, finalidad, lealtad, proporcionalidad y responsabilidad, consagrados en la Ley Federal de Protecci\u00f3n de Datos personales en Posesi\u00f3n de los Particulares, con el objeto de protegerlos contra da\u00f1o, alteraci\u00f3n, destrucci\u00f3n y con el fin de evitar accesos y tratamientos no autorizados.<\/p>\r\n<p><b>ADECOM <\/b>utilicia m\u00e9todos razonables de seguridad para proteger la informaci\u00f3n que se almacena en los servidores, sin embargo, ning\u00fan sistema de seguridad es impenetrable; por lo anterio, <b>ADECOM <\/b>no puede garantizar la seguridad de los servidores de sus proveedores. Adicional, es posible, que la informaci\u00f3n que Usted proporcione en la transmisi\u00f3n de datos pueda ser interceptada.<\/p>\r\n<\/div>\r\n<div class=\"page\" title=\"Page 1\">\r\n<div class=\"section\">\r\n<div class=\"layoutArea\">\r\n<div class=\"column\">\r\n<p><strong>2. FINALIDAD EN EL TRATAMIENTO DE USO DATOS PERSONALES:<\/strong><\/p>\r\n<div class=\"page\" title=\"Page 1\">\r\n<div class=\"section\">\r\n<div class=\"layoutArea\">\r\n<div class=\"column\">\r\n<p>Hacemos de su conocimiento que los datos personales proporcionados voluntariamente por Usted, son recabados con la finalidad de poder brindar y ofrecer nuestros servicios.<\/p>\r\n<div class=\"page\" title=\"Page 1\">\r\n<div class=\"section\">\r\n<div class=\"layoutArea\">\r\n<div class=\"column\">\r\n<p><strong>3. MEDIOS PARA LIMITAR EL USO O DIVULGACI\u00d3N DE SUS DATOS PERSONALES:<\/strong><\/p>\r\n<\/div>\r\n<\/div>\r\n<\/div>\r\n<\/div>\r\n<\/div>\r\n<\/div>\r\n<\/div>\r\n<\/div>\r\n<\/div>\r\n<\/div>\r\n<\/div>\r\n<\/div>\r\n<\/div>\r\n<\/div>\r\n<\/div>\r\n<\/div>\r\n<p>Cuando obtenemos sus datos personales de manera indirecta, Usted cuenta con 5 (cinco) d\u00edas h\u00e1biles a partir de la fecha en que fueron otorgados para manifestar su negativa al tratamiento de sus datos personales, para ello ponemos a su disposici\u00f3n la informaci\u00f3n descrita en el numeral 4 siguiente.<\/p>\r\n<div class=\"page\" title=\"Page 1\">\r\n<div class=\"section\">\r\n<div class=\"layoutArea\">\r\n<div class=\"column\">\r\n<p><strong>4. MEDIOS PARA EL EJERCICIO DE SUS DERECHOS COMO TITULAR DE LOS DATOS PERSONALES:<\/strong><\/p>\r\n<div class=\"page\" title=\"Page 1\">\r\n<div class=\"section\">\r\n<div class=\"layoutArea\">\r\n<div class=\"column\">\r\n<p>Como titular de los datos personales objeto del presente Aviso de Privacidad usted podr\u00e1 ejercitar sus derechos de acceso, rectificaci\u00f3n, cancelaci\u00f3n u oposici\u00f3n (Derechos ARCO) por s\u00ed mismo o por medio de representante legal de manera gratuita. En cualquiera de estos supuestos, Usted puede realizar su solicitud mediante el env\u00edo de un correo electr\u00f3nico a la direcci\u00f3n: <em>servicio@adecom.com.mx<\/em>, donde manifieste su voluntad de ejercer cualquiera de sus Derechos ARCO o bien de actualizar su informaci\u00f3n, as\u00ed mismo deber\u00e1 adjuntar:<\/p>\r\n<div class=\"page\" title=\"Page 2\">\r\n<div class=\"layoutArea\">\r\n<div class=\"column\">\r\n<ul>\r\n<li>Identificaci\u00f3n oficial vigente del titular y del representante legal en caso de aplicar.<\/li>\r\n<li>Descripci\u00f3n clara y precisa en idioma espa\u00f1ol de los datos personales respecto de los cuales solicita ejercer sus Derechos ARCO o su actualizaci\u00f3n.<\/li>\r\n<\/ul>\r\n<\/div>\r\n<\/div>\r\n<\/div>\r\n<\/div>\r\n<\/div>\r\n<\/div>\r\n<\/div>\r\n<\/div>\r\n<\/div>\r\n<\/div>\r\n<\/div>\r\n<div class=\"page\" title=\"Page 2\">\r\n<div class=\"section\">\r\n<div class=\"layoutArea\">\r\n<div class=\"column\">\r\n<p>Tambi\u00e9n Usted podr\u00e1 optar por entregar una solicitud directamente en nuestras oficinas mediante escrito redactado en idioma espa\u00f1ol que contenga los dos puntos anteriores y en atenci\u00f3n a la Gerencia General o bien para m\u00e1s informaci\u00f3n contactarse al correo electr\u00f3nico <em>servicio@adecom.com.mx<\/em><\/p>\r\n<p>Una vez que su solicitud se encuentre a nuestra disposici\u00f3n, independientemente de la forma en que \u00e9sta se reciba, el departamento correspondiente evaluar\u00e1 la procedencia de dicha solicitud y tendr\u00e1 20 (veinte) d\u00edas h\u00e1biles para enviar contestaci\u00f3n a partir de su recepci\u00f3n; una vez que Usted obtenga respuesta, deber\u00e1 en un plazo no mayor a 20 (veinte) d\u00edas h\u00e1biles dar contestaci\u00f3n en caso de estar inconforme y de manera inmediata abordaremos sus inquietudes, en caso de no obtener por su parte contestaci\u00f3n, <strong>ADECOM<\/strong>, de buena fe entender\u00e1 que est\u00e1 conforme con nuestra respuesta.<\/p>\r\n<div class=\"page\" title=\"Page 2\">\r\n<div class=\"page\" title=\"Page 2\">\r\n<div class=\"section\">\r\n<div class=\"layoutArea\">\r\n<div class=\"column\">\r\n<p><strong>5. TRANSFERENCIA DE SUS DATOS PERSONALES:<\/strong><\/p>\r\n<p>Sus datos personales podr\u00e1n ser transferidos a los terceros denominados como \u201cterceros autorizados\u201d, tanto dentro como fuera del pa\u00eds, (de manera enunciativa m\u00e1s no limitativa) a sus compa\u00f1\u00edas filiales o subsidiarias, y\/o a terceros, clientes, proveedores, asesores, consultores y socios de negocio, nacionales o extranjeros.<span class=\"Apple-converted-space\">\u00a0<\/span><\/p>\r\n<div class=\"page\" title=\"Page 2\">\r\n<div class=\"section\">\r\n<div class=\"layoutArea\">\r\n<div class=\"column\">\r\n<p><strong>6. USO DE WEB BEACONS Y COOKIES:<\/strong><\/p>\r\n<p>La presente web utiliza cookies con el fin de facilitar la navegaci\u00f3n y ofrecer un servicio personalizado y m\u00e1s \u00e1gil. <b>ADECOM <\/b>puede recabar cierta inforamci\u00f3n personal para el uso de sus servicios, como informaci\u00f3n del tipo de navegador de internet que usa, velocidad de conexi\u00f3n, el nombre del dominio de su proveedor de internet, localidad geogr\u00e1fica desde donde est\u00e1 Usted accediendo al los servicio o sitio web. Se recolectar\u00e1 informaci\u00f3n, incluyendo transacciones con <b>ADECOM<\/b>, afiliados y otros relacionados; patrones al usar el sitio web www.adecom.com.mx, b\u00fasquedas que llev\u00f3 a acabo y el tiempo en que pemaneci\u00f3 en el sitio.<span class=\"Apple-converted-space\">\u00a0<\/span><\/p>\r\n<p>Usted puede configurar su programa de navegaci\u00f3n por Internet para no recibir dichas cookies; en tal caso la calidad y rapidez en la navegaci\u00f3n en la web puede disminuir.<span class=\"Apple-converted-space\">\u00a0<\/span><\/p>\r\n<p>\u00bfQu\u00e9 son las cookies y para qu\u00e9 sirven?<span class=\"Apple-converted-space\">\u00a0<\/span><\/p>\r\n<p>Las cookies son archivos que las p\u00e1ginas web pueden instalar en su dispositivo (ordenador, tableta, tel\u00e9fono inteligente, etc.) con finalidades muy variadas. La principal finalidad es facilitar la navegaci\u00f3n por parte del usuario, pero tambi\u00e9n pueden recopilar otra informaci\u00f3n, por ejemplo, fines estad\u00edsticos. Para el caso de uso de dispositivo m\u00f3vil, tableta o tel\u00e9fono intel\u00edgente, para acceder al servicio o p\u00e1gina de internet, <b>ADECOM <\/b>puede acceder, recopilar y almacenar en su dispositio y\/o guardar de manera remota uno o ma\u00e1s \u201cidentificadores de dispositivo\u201d en su equipo. Son peque\u00f1os archivos de datos o estructuras l\u00f3gicas de datos que se asocian o almacenan en el dispositivo m\u00f3vil para identificar de forma \u00fanica el dipositivo.<\/p>\r\n<p>Mediante el uso de cookies, se mejora el rendimiento t\u00e9cnico de la web, adaptando la navegaci\u00f3n a las preferencias de los usuarios. Por otra parte, la informaci\u00f3n estad\u00edstica recogida a partir de las cookies permite a los responsables de la web mejorar el servicio que ofrecen a los usuarios.<span class=\"Apple-converted-space\">\u00a0<\/span><\/p>\r\n<p>Tipolog\u00eda de cookies<span class=\"Apple-converted-space\">\u00a0<\/span><\/p>\r\n<p>Seg\u00fan su permanencia, las cookies se clasifican en cookies de sesi\u00f3n o permanentes. Las primeras expiran cuando se cierra el navegador, mientras que las segundas expiran cuando ya han cumplido su funci\u00f3n o cuando se borran manualmente.<span class=\"Apple-converted-space\">\u00a0<\/span><\/p>\r\n<p>Para m\u00e1s informaci\u00f3n sobre las cookies, puede ingresar a www.aboutcookies.org<span class=\"Apple-converted-space\">\u00a0<\/span><\/p>\r\n<p><b>7. CAMBIOS AL PRESENTE AVISO DE PRIVACIDAD:<span class=\"Apple-converted-space\">\u00a0<\/span><\/b><\/p>\r\n<p>El presente Aviso de privacidad podr\u00e1 ser modificado en el futuro, sin necesidad de previo aviso al respecto; por lo que, desde este momento <b>ADVANCED EQUIPMENTS AND COMPONENTS M\u00c9XICO, S.A. DE C.V., <\/b>le recomienda que consulte nuestra p\u00e1gina web frecuentemente a fin de mantenerse informado y actualizado del presente Aviso de Privacidad.<span class=\"Apple-converted-space\">\u00a0<\/span><\/p>\r\n<\/div>\r\n<\/div>\r\n<\/div>\r\n<\/div>\r\n<\/div>\r\n<\/div>\r\n<\/div>\r\n<\/div>\r\n<\/div>\r\n<\/div>\r\n<\/div>\r\n<\/div>\r\n<\/div>","protected":false},"excerpt":{"rendered":"<p>&nbsp; &nbsp; En cumplimiento de lo dispuesto por la Ley Federal de Protecci\u00f3n de Datos Personales en Posesi\u00f3n\u00a0de los Particulares (en adelante \u201cLa Ley\u201d), su Reglamento y dem\u00e1s ordenamientos, el [&hellip;]<\/p>\n","protected":false},"author":1,"featured_media":0,"parent":0,"menu_order":0,"comment_status":"closed","ping_status":"open","template":"","meta":{"_acf_changed":false,"content-type":"","_monsterinsights_skip_tracking":false,"_monsterinsights_sitenote_active":false,"_monsterinsights_sitenote_note":"","_monsterinsights_sitenote_category":0,"episode_type":"","audio_file":"","podmotor_file_id":"","podmotor_episode_id":"","cover_image":"","cover_image_id":"","duration":"","filesize":"","filesize_raw":"","date_recorded":"","explicit":"","block":"","_joinchat":[],"footnotes":""},"class_list":["post-3","page","type-page","status-publish","hentry"],"acf":[],"yoast_head":"<!-- This site is optimized with the Yoast SEO plugin v27.3 - https:\/\/yoast.com\/product\/yoast-seo-wordpress\/ -->\n<title>Privacidad - Adecom<\/title>\n<meta name=\"robots\" content=\"index, follow, max-snippet:-1, max-image-preview:large, max-video-preview:-1\" \/>\n<link rel=\"canonical\" href=\"https:\/\/www.adecom.com.mx\/en\/privacidad\/\" \/>\n<meta property=\"og:locale\" content=\"en_US\" \/>\n<meta property=\"og:type\" content=\"article\" \/>\n<meta property=\"og:title\" content=\"Privacidad - Adecom\" \/>\n<meta property=\"og:description\" content=\"&nbsp; &nbsp; En cumplimiento de lo dispuesto por la Ley Federal de Protecci\u00f3n de Datos Personales en Posesi\u00f3n\u00a0de los Particulares (en adelante \u201cLa Ley\u201d), su Reglamento y dem\u00e1s ordenamientos, el [&hellip;]\" \/>\n<meta property=\"og:url\" content=\"https:\/\/www.adecom.com.mx\/en\/privacidad\/\" \/>\n<meta property=\"og:site_name\" content=\"Adecom\" \/>\n<meta property=\"article:modified_time\" content=\"2021-06-30T18:21:58+00:00\" \/>\n<meta name=\"twitter:card\" content=\"summary_large_image\" \/>\n<meta name=\"twitter:label1\" content=\"Est. reading time\" \/>\n\t<meta name=\"twitter:data1\" content=\"6 minutes\" \/>\n<script type=\"application\/ld+json\" class=\"yoast-schema-graph\">{\"@context\":\"https:\\\/\\\/schema.org\",\"@graph\":[{\"@type\":\"WebPage\",\"@id\":\"https:\\\/\\\/www.adecom.com.mx\\\/privacidad\\\/\",\"url\":\"https:\\\/\\\/www.adecom.com.mx\\\/privacidad\\\/\",\"name\":\"Privacidad - Adecom\",\"isPartOf\":{\"@id\":\"https:\\\/\\\/www.adecom.com.mx\\\/#website\"},\"datePublished\":\"2021-04-30T16:23:07+00:00\",\"dateModified\":\"2021-06-30T18:21:58+00:00\",\"breadcrumb\":{\"@id\":\"https:\\\/\\\/www.adecom.com.mx\\\/privacidad\\\/#breadcrumb\"},\"inLanguage\":\"en-US\",\"potentialAction\":[{\"@type\":\"ReadAction\",\"target\":[\"https:\\\/\\\/www.adecom.com.mx\\\/privacidad\\\/\"]}]},{\"@type\":\"BreadcrumbList\",\"@id\":\"https:\\\/\\\/www.adecom.com.mx\\\/privacidad\\\/#breadcrumb\",\"itemListElement\":[{\"@type\":\"ListItem\",\"position\":1,\"name\":\"Portada\",\"item\":\"https:\\\/\\\/www.adecom.com.mx\\\/\"},{\"@type\":\"ListItem\",\"position\":2,\"name\":\"Privacidad\"}]},{\"@type\":\"WebSite\",\"@id\":\"https:\\\/\\\/www.adecom.com.mx\\\/#website\",\"url\":\"https:\\\/\\\/www.adecom.com.mx\\\/\",\"name\":\"Adecom\",\"description\":\"The Best Torque and Tensi\u00f3n Experience\",\"publisher\":{\"@id\":\"https:\\\/\\\/www.adecom.com.mx\\\/#organization\"},\"potentialAction\":[{\"@type\":\"SearchAction\",\"target\":{\"@type\":\"EntryPoint\",\"urlTemplate\":\"https:\\\/\\\/www.adecom.com.mx\\\/?s={search_term_string}\"},\"query-input\":{\"@type\":\"PropertyValueSpecification\",\"valueRequired\":true,\"valueName\":\"search_term_string\"}}],\"inLanguage\":\"en-US\"},{\"@type\":\"Organization\",\"@id\":\"https:\\\/\\\/www.adecom.com.mx\\\/#organization\",\"name\":\"Adecom\",\"url\":\"https:\\\/\\\/www.adecom.com.mx\\\/\",\"logo\":{\"@type\":\"ImageObject\",\"inLanguage\":\"en-US\",\"@id\":\"https:\\\/\\\/www.adecom.com.mx\\\/#\\\/schema\\\/logo\\\/image\\\/\",\"url\":\"http:\\\/\\\/www.adecom.com.mx\\\/wp-content\\\/uploads\\\/2022\\\/02\\\/greca_adecom.png\",\"contentUrl\":\"http:\\\/\\\/www.adecom.com.mx\\\/wp-content\\\/uploads\\\/2022\\\/02\\\/greca_adecom.png\",\"width\":650,\"height\":551,\"caption\":\"Adecom\"},\"image\":{\"@id\":\"https:\\\/\\\/www.adecom.com.mx\\\/#\\\/schema\\\/logo\\\/image\\\/\"}}]}<\/script>\n<!-- \/ Yoast SEO plugin. -->","yoast_head_json":{"title":"Privacidad - Adecom","robots":{"index":"index","follow":"follow","max-snippet":"max-snippet:-1","max-image-preview":"max-image-preview:large","max-video-preview":"max-video-preview:-1"},"canonical":"https:\/\/www.adecom.com.mx\/en\/privacidad\/","og_locale":"en_US","og_type":"article","og_title":"Privacidad - Adecom","og_description":"&nbsp; &nbsp; En cumplimiento de lo dispuesto por la Ley Federal de Protecci\u00f3n de Datos Personales en Posesi\u00f3n\u00a0de los Particulares (en adelante \u201cLa Ley\u201d), su Reglamento y dem\u00e1s ordenamientos, el [&hellip;]","og_url":"https:\/\/www.adecom.com.mx\/en\/privacidad\/","og_site_name":"Adecom","article_modified_time":"2021-06-30T18:21:58+00:00","twitter_card":"summary_large_image","twitter_misc":{"Est. reading time":"6 minutes"},"schema":{"@context":"https:\/\/schema.org","@graph":[{"@type":"WebPage","@id":"https:\/\/www.adecom.com.mx\/privacidad\/","url":"https:\/\/www.adecom.com.mx\/privacidad\/","name":"Privacidad - Adecom","isPartOf":{"@id":"https:\/\/www.adecom.com.mx\/#website"},"datePublished":"2021-04-30T16:23:07+00:00","dateModified":"2021-06-30T18:21:58+00:00","breadcrumb":{"@id":"https:\/\/www.adecom.com.mx\/privacidad\/#breadcrumb"},"inLanguage":"en-US","potentialAction":[{"@type":"ReadAction","target":["https:\/\/www.adecom.com.mx\/privacidad\/"]}]},{"@type":"BreadcrumbList","@id":"https:\/\/www.adecom.com.mx\/privacidad\/#breadcrumb","itemListElement":[{"@type":"ListItem","position":1,"name":"Portada","item":"https:\/\/www.adecom.com.mx\/"},{"@type":"ListItem","position":2,"name":"Privacidad"}]},{"@type":"WebSite","@id":"https:\/\/www.adecom.com.mx\/#website","url":"https:\/\/www.adecom.com.mx\/","name":"Adecom","description":"The Best Torque and Tensi\u00f3n Experience","publisher":{"@id":"https:\/\/www.adecom.com.mx\/#organization"},"potentialAction":[{"@type":"SearchAction","target":{"@type":"EntryPoint","urlTemplate":"https:\/\/www.adecom.com.mx\/?s={search_term_string}"},"query-input":{"@type":"PropertyValueSpecification","valueRequired":true,"valueName":"search_term_string"}}],"inLanguage":"en-US"},{"@type":"Organization","@id":"https:\/\/www.adecom.com.mx\/#organization","name":"Adecom","url":"https:\/\/www.adecom.com.mx\/","logo":{"@type":"ImageObject","inLanguage":"en-US","@id":"https:\/\/www.adecom.com.mx\/#\/schema\/logo\/image\/","url":"http:\/\/www.adecom.com.mx\/wp-content\/uploads\/2022\/02\/greca_adecom.png","contentUrl":"http:\/\/www.adecom.com.mx\/wp-content\/uploads\/2022\/02\/greca_adecom.png","width":650,"height":551,"caption":"Adecom"},"image":{"@id":"https:\/\/www.adecom.com.mx\/#\/schema\/logo\/image\/"}}]}},"_links":{"self":[{"href":"https:\/\/www.adecom.com.mx\/en\/wp-json\/wp\/v2\/pages\/3","targetHints":{"allow":["GET"]}}],"collection":[{"href":"https:\/\/www.adecom.com.mx\/en\/wp-json\/wp\/v2\/pages"}],"about":[{"href":"https:\/\/www.adecom.com.mx\/en\/wp-json\/wp\/v2\/types\/page"}],"author":[{"embeddable":true,"href":"https:\/\/www.adecom.com.mx\/en\/wp-json\/wp\/v2\/users\/1"}],"replies":[{"embeddable":true,"href":"https:\/\/www.adecom.com.mx\/en\/wp-json\/wp\/v2\/comments?post=3"}],"version-history":[{"count":4,"href":"https:\/\/www.adecom.com.mx\/en\/wp-json\/wp\/v2\/pages\/3\/revisions"}],"predecessor-version":[{"id":1614,"href":"https:\/\/www.adecom.com.mx\/en\/wp-json\/wp\/v2\/pages\/3\/revisions\/1614"}],"wp:attachment":[{"href":"https:\/\/www.adecom.com.mx\/en\/wp-json\/wp\/v2\/media?parent=3"}],"curies":[{"name":"wp","href":"https:\/\/api.w.org\/{rel}","templated":true}]}}