{"id":2138,"date":"2021-08-12T11:58:51","date_gmt":"2021-08-12T17:58:51","guid":{"rendered":"https:\/\/www.adecom.com.mx\/?page_id=2138"},"modified":"2021-09-03T14:54:43","modified_gmt":"2021-09-03T20:54:43","slug":"servicio-software","status":"publish","type":"page","link":"https:\/\/www.adecom.com.mx\/en\/servicio-soporte\/servicio-software\/","title":{"rendered":"Software de Trazabilidad \/ Software a la Medida"},"content":{"rendered":"<p>&nbsp;<\/p>\n<p>&nbsp;<\/p>\n<h2>Software de Trazabilidad \/ Software a la Medida<\/h2>\n<p>&nbsp;<\/p>\n<h5><\/h5>\n<h5>El software desempe\u00f1a un papel clave en los programas de integridad conjunta. Adem\u00e1s de proporcionar <strong>acceso a la informaci\u00f3n precisa<\/strong>, tambi\u00e9n permitir\u00e1 el <strong>flujo de datos<\/strong>. A trav\u00e9s de los sistemas adecuados, la informaci\u00f3n fluir\u00e1 correctamente y tambi\u00e9n servir\u00e1 c\u00f3mo <strong>herramienta adecuada para la transferencia de tecnolog\u00eda y conocimientos.<\/strong><\/h5>\n<p><img decoding=\"async\" class=\"alignnone wp-image-2105\" src=\"http:\/\/www.adecom.com.mx\/wp-content\/uploads\/2021\/08\/white-screen-300x169.png\" alt=\"\" width=\"108\" height=\"61\" srcset=\"https:\/\/www.adecom.com.mx\/wp-content\/uploads\/2021\/08\/white-screen-300x169.png 300w, https:\/\/www.adecom.com.mx\/wp-content\/uploads\/2021\/08\/white-screen-1024x576.png 1024w, https:\/\/www.adecom.com.mx\/wp-content\/uploads\/2021\/08\/white-screen-768x432.png 768w, https:\/\/www.adecom.com.mx\/wp-content\/uploads\/2021\/08\/white-screen-1536x864.png 1536w, https:\/\/www.adecom.com.mx\/wp-content\/uploads\/2021\/08\/white-screen-600x338.png 600w, https:\/\/www.adecom.com.mx\/wp-content\/uploads\/2021\/08\/white-screen-64x36.png 64w, https:\/\/www.adecom.com.mx\/wp-content\/uploads\/2021\/08\/white-screen.png 1920w\" sizes=\"(max-width: 108px) 100vw, 108px\" \/><\/p>\n<h5><strong>Software VPG+:<\/strong><\/h5>\n<h5>Dise\u00f1ado para ayudar a los operarios durante <strong>procesos de ensamblaje y revisi\u00f3n<\/strong>. Los operarios son conducidos por VPG+\u00a0a trav\u00e9s de las diferentes secuencias de apriete. El software selecciona autom\u00e1ticamente el programa de apriete correcto y la herramienta asociada para la operaci\u00f3n, muestra las instrucciones necesarias para el operario y la imagen de las operaciones con su estado (al apretar OK y NOK).<\/h5>\n<p><img decoding=\"async\" class=\"alignnone wp-image-1784\" src=\"http:\/\/www.adecom.com.mx\/wp-content\/uploads\/2021\/07\/VPG-300x300.jpg\" alt=\"\" width=\"173\" height=\"173\" srcset=\"https:\/\/www.adecom.com.mx\/wp-content\/uploads\/2021\/07\/VPG-300x300.jpg 300w, https:\/\/www.adecom.com.mx\/wp-content\/uploads\/2021\/07\/VPG-150x150.jpg 150w, https:\/\/www.adecom.com.mx\/wp-content\/uploads\/2021\/07\/VPG-768x768.jpg 768w, https:\/\/www.adecom.com.mx\/wp-content\/uploads\/2021\/07\/VPG-250x250.jpg 250w, https:\/\/www.adecom.com.mx\/wp-content\/uploads\/2021\/07\/VPG-600x600.jpg 600w, https:\/\/www.adecom.com.mx\/wp-content\/uploads\/2021\/07\/VPG-100x100.jpg 100w, https:\/\/www.adecom.com.mx\/wp-content\/uploads\/2021\/07\/VPG-64x64.jpg 64w, https:\/\/www.adecom.com.mx\/wp-content\/uploads\/2021\/07\/VPG.jpg 1024w\" sizes=\"(max-width: 173px) 100vw, 173px\" \/><\/p>\n<p>&nbsp;<\/p>\n<h5><strong>Software SQnet+:<\/strong><\/h5>\n<h5><strong>Dise\u00f1ado para gestionar el control de calidad<\/strong> de una l\u00ednea de producci\u00f3n, la gesti\u00f3n de todas las herramientas (proveedor, modelos, especificaciones t\u00e9cnicas) y las pruebas de control de calidad relacionadas (Cm-Cmk y gr\u00e1ficos X\/R). Para tener una mejor visi\u00f3n general del proceso de producci\u00f3n completo,<strong>\u00a0SQnet+<\/strong>\u00a0allows all operations management, with the associated tools and process control (residual torque). The system provides a complete situation of Torque and Angle tests, compared to process control on the related joint.<\/h5>\n<p><img decoding=\"async\" class=\"alignnone wp-image-1773\" src=\"http:\/\/www.adecom.com.mx\/wp-content\/uploads\/2021\/07\/SQ_1-300x300.jpg\" alt=\"\" width=\"173\" height=\"173\" srcset=\"https:\/\/www.adecom.com.mx\/wp-content\/uploads\/2021\/07\/SQ_1-300x300.jpg 300w, https:\/\/www.adecom.com.mx\/wp-content\/uploads\/2021\/07\/SQ_1-150x150.jpg 150w, https:\/\/www.adecom.com.mx\/wp-content\/uploads\/2021\/07\/SQ_1-768x768.jpg 768w, https:\/\/www.adecom.com.mx\/wp-content\/uploads\/2021\/07\/SQ_1-250x250.jpg 250w, https:\/\/www.adecom.com.mx\/wp-content\/uploads\/2021\/07\/SQ_1-600x600.jpg 600w, https:\/\/www.adecom.com.mx\/wp-content\/uploads\/2021\/07\/SQ_1-100x100.jpg 100w, https:\/\/www.adecom.com.mx\/wp-content\/uploads\/2021\/07\/SQ_1-64x64.jpg 64w, https:\/\/www.adecom.com.mx\/wp-content\/uploads\/2021\/07\/SQ_1.jpg 1024w\" sizes=\"(max-width: 173px) 100vw, 173px\" \/><\/p>\n<p>&nbsp;<\/p>\n<h5>Ponte en contacto con nosotros para ofrecerte la soluci\u00f3n adecuada a tus requerimientos.<\/h5>\n<p>&nbsp;<\/p>\n<p><a href=\"https:\/\/www.adecom.com.mx\/en\/servicio-soporte\/\"><img loading=\"lazy\" decoding=\"async\" class=\"alignnone wp-image-2135\" src=\"http:\/\/www.adecom.com.mx\/wp-content\/uploads\/2021\/08\/return-257x300.png\" alt=\"\" width=\"50\" height=\"59\" srcset=\"https:\/\/www.adecom.com.mx\/wp-content\/uploads\/2021\/08\/return-257x300.png 257w, https:\/\/www.adecom.com.mx\/wp-content\/uploads\/2021\/08\/return-300x351.png 300w, https:\/\/www.adecom.com.mx\/wp-content\/uploads\/2021\/08\/return-64x75.png 64w, https:\/\/www.adecom.com.mx\/wp-content\/uploads\/2021\/08\/return.png 308w\" sizes=\"(max-width: 50px) 100vw, 50px\" \/><\/a><\/p>","protected":false},"excerpt":{"rendered":"<p>&nbsp; &nbsp; Software de Trazabilidad \/ Software a la Medida &nbsp; El software desempe\u00f1a un papel clave en los programas de integridad conjunta. Adem\u00e1s de proporcionar acceso a la informaci\u00f3n [&hellip;]<\/p>\n","protected":false},"author":4,"featured_media":0,"parent":21,"menu_order":0,"comment_status":"closed","ping_status":"closed","template":"","meta":{"_acf_changed":false,"content-type":"","_monsterinsights_skip_tracking":false,"_monsterinsights_sitenote_active":false,"_monsterinsights_sitenote_note":"","_monsterinsights_sitenote_category":0,"episode_type":"","audio_file":"","podmotor_file_id":"","podmotor_episode_id":"","cover_image":"","cover_image_id":"","duration":"","filesize":"","filesize_raw":"","date_recorded":"","explicit":"","block":"","_joinchat":[],"footnotes":""},"class_list":["post-2138","page","type-page","status-publish","hentry"],"acf":[],"yoast_head":"<!-- This site is optimized with the Yoast SEO plugin v27.5 - https:\/\/yoast.com\/product\/yoast-seo-wordpress\/ -->\n<title>Software de Trazabilidad \/ Software a la Medida - Adecom<\/title>\n<meta name=\"robots\" content=\"index, follow, max-snippet:-1, max-image-preview:large, max-video-preview:-1\" \/>\n<link rel=\"canonical\" href=\"https:\/\/www.adecom.com.mx\/en\/servicio-soporte\/servicio-software\/\" \/>\n<meta property=\"og:locale\" content=\"en_US\" \/>\n<meta property=\"og:type\" content=\"article\" \/>\n<meta property=\"og:title\" content=\"Software de Trazabilidad \/ Software a la Medida - Adecom\" \/>\n<meta property=\"og:description\" content=\"&nbsp; &nbsp; Software de Trazabilidad \/ Software a la Medida &nbsp; El software desempe\u00f1a un papel clave en los programas de integridad conjunta. Adem\u00e1s de proporcionar acceso a la informaci\u00f3n [&hellip;]\" \/>\n<meta property=\"og:url\" content=\"https:\/\/www.adecom.com.mx\/en\/servicio-soporte\/servicio-software\/\" \/>\n<meta property=\"og:site_name\" content=\"Adecom\" \/>\n<meta property=\"article:modified_time\" content=\"2021-09-03T20:54:43+00:00\" \/>\n<meta property=\"og:image\" content=\"http:\/\/www.adecom.com.mx\/wp-content\/uploads\/2021\/08\/white-screen-300x169.png\" \/>\n<meta name=\"twitter:card\" content=\"summary_large_image\" \/>\n<meta name=\"twitter:label1\" content=\"Est. reading time\" \/>\n\t<meta name=\"twitter:data1\" content=\"1 minute\" \/>\n<script type=\"application\/ld+json\" class=\"yoast-schema-graph\">{\"@context\":\"https:\\\/\\\/schema.org\",\"@graph\":[{\"@type\":\"WebPage\",\"@id\":\"https:\\\/\\\/www.adecom.com.mx\\\/en\\\/servicio-soporte\\\/servicio-software\\\/\",\"url\":\"https:\\\/\\\/www.adecom.com.mx\\\/en\\\/servicio-soporte\\\/servicio-software\\\/\",\"name\":\"Software de Trazabilidad \\\/ Software a la Medida - Adecom\",\"isPartOf\":{\"@id\":\"https:\\\/\\\/www.adecom.com.mx\\\/#website\"},\"primaryImageOfPage\":{\"@id\":\"https:\\\/\\\/www.adecom.com.mx\\\/en\\\/servicio-soporte\\\/servicio-software\\\/#primaryimage\"},\"image\":{\"@id\":\"https:\\\/\\\/www.adecom.com.mx\\\/en\\\/servicio-soporte\\\/servicio-software\\\/#primaryimage\"},\"thumbnailUrl\":\"http:\\\/\\\/www.adecom.com.mx\\\/wp-content\\\/uploads\\\/2021\\\/08\\\/white-screen-300x169.png\",\"datePublished\":\"2021-08-12T17:58:51+00:00\",\"dateModified\":\"2021-09-03T20:54:43+00:00\",\"breadcrumb\":{\"@id\":\"https:\\\/\\\/www.adecom.com.mx\\\/en\\\/servicio-soporte\\\/servicio-software\\\/#breadcrumb\"},\"inLanguage\":\"en-US\",\"potentialAction\":[{\"@type\":\"ReadAction\",\"target\":[\"https:\\\/\\\/www.adecom.com.mx\\\/en\\\/servicio-soporte\\\/servicio-software\\\/\"]}]},{\"@type\":\"ImageObject\",\"inLanguage\":\"en-US\",\"@id\":\"https:\\\/\\\/www.adecom.com.mx\\\/en\\\/servicio-soporte\\\/servicio-software\\\/#primaryimage\",\"url\":\"http:\\\/\\\/www.adecom.com.mx\\\/wp-content\\\/uploads\\\/2021\\\/08\\\/white-screen-300x169.png\",\"contentUrl\":\"http:\\\/\\\/www.adecom.com.mx\\\/wp-content\\\/uploads\\\/2021\\\/08\\\/white-screen-300x169.png\"},{\"@type\":\"BreadcrumbList\",\"@id\":\"https:\\\/\\\/www.adecom.com.mx\\\/en\\\/servicio-soporte\\\/servicio-software\\\/#breadcrumb\",\"itemListElement\":[{\"@type\":\"ListItem\",\"position\":1,\"name\":\"Portada\",\"item\":\"https:\\\/\\\/www.adecom.com.mx\\\/\"},{\"@type\":\"ListItem\",\"position\":2,\"name\":\"Soporte T\u00e9cnico\",\"item\":\"https:\\\/\\\/www.adecom.com.mx\\\/servicio-soporte\\\/\"},{\"@type\":\"ListItem\",\"position\":3,\"name\":\"Software de Trazabilidad \\\/ Software a la Medida\"}]},{\"@type\":\"WebSite\",\"@id\":\"https:\\\/\\\/www.adecom.com.mx\\\/#website\",\"url\":\"https:\\\/\\\/www.adecom.com.mx\\\/\",\"name\":\"Adecom\",\"description\":\"The Best Torque and Tensi\u00f3n Experience\",\"publisher\":{\"@id\":\"https:\\\/\\\/www.adecom.com.mx\\\/#organization\"},\"potentialAction\":[{\"@type\":\"SearchAction\",\"target\":{\"@type\":\"EntryPoint\",\"urlTemplate\":\"https:\\\/\\\/www.adecom.com.mx\\\/?s={search_term_string}\"},\"query-input\":{\"@type\":\"PropertyValueSpecification\",\"valueRequired\":true,\"valueName\":\"search_term_string\"}}],\"inLanguage\":\"en-US\"},{\"@type\":\"Organization\",\"@id\":\"https:\\\/\\\/www.adecom.com.mx\\\/#organization\",\"name\":\"Adecom\",\"url\":\"https:\\\/\\\/www.adecom.com.mx\\\/\",\"logo\":{\"@type\":\"ImageObject\",\"inLanguage\":\"en-US\",\"@id\":\"https:\\\/\\\/www.adecom.com.mx\\\/#\\\/schema\\\/logo\\\/image\\\/\",\"url\":\"http:\\\/\\\/www.adecom.com.mx\\\/wp-content\\\/uploads\\\/2022\\\/02\\\/greca_adecom.png\",\"contentUrl\":\"http:\\\/\\\/www.adecom.com.mx\\\/wp-content\\\/uploads\\\/2022\\\/02\\\/greca_adecom.png\",\"width\":650,\"height\":551,\"caption\":\"Adecom\"},\"image\":{\"@id\":\"https:\\\/\\\/www.adecom.com.mx\\\/#\\\/schema\\\/logo\\\/image\\\/\"}}]}<\/script>\n<!-- \/ Yoast SEO plugin. -->","yoast_head_json":{"title":"Software de Trazabilidad \/ Software a la Medida - Adecom","robots":{"index":"index","follow":"follow","max-snippet":"max-snippet:-1","max-image-preview":"max-image-preview:large","max-video-preview":"max-video-preview:-1"},"canonical":"https:\/\/www.adecom.com.mx\/en\/servicio-soporte\/servicio-software\/","og_locale":"en_US","og_type":"article","og_title":"Software de Trazabilidad \/ Software a la Medida - Adecom","og_description":"&nbsp; &nbsp; Software de Trazabilidad \/ Software a la Medida &nbsp; El software desempe\u00f1a un papel clave en los programas de integridad conjunta. Adem\u00e1s de proporcionar acceso a la informaci\u00f3n [&hellip;]","og_url":"https:\/\/www.adecom.com.mx\/en\/servicio-soporte\/servicio-software\/","og_site_name":"Adecom","article_modified_time":"2021-09-03T20:54:43+00:00","og_image":[{"url":"http:\/\/www.adecom.com.mx\/wp-content\/uploads\/2021\/08\/white-screen-300x169.png","type":"","width":"","height":""}],"twitter_card":"summary_large_image","twitter_misc":{"Est. reading time":"1 minute"},"schema":{"@context":"https:\/\/schema.org","@graph":[{"@type":"WebPage","@id":"https:\/\/www.adecom.com.mx\/en\/servicio-soporte\/servicio-software\/","url":"https:\/\/www.adecom.com.mx\/en\/servicio-soporte\/servicio-software\/","name":"Software de Trazabilidad \/ Software a la Medida - Adecom","isPartOf":{"@id":"https:\/\/www.adecom.com.mx\/#website"},"primaryImageOfPage":{"@id":"https:\/\/www.adecom.com.mx\/en\/servicio-soporte\/servicio-software\/#primaryimage"},"image":{"@id":"https:\/\/www.adecom.com.mx\/en\/servicio-soporte\/servicio-software\/#primaryimage"},"thumbnailUrl":"http:\/\/www.adecom.com.mx\/wp-content\/uploads\/2021\/08\/white-screen-300x169.png","datePublished":"2021-08-12T17:58:51+00:00","dateModified":"2021-09-03T20:54:43+00:00","breadcrumb":{"@id":"https:\/\/www.adecom.com.mx\/en\/servicio-soporte\/servicio-software\/#breadcrumb"},"inLanguage":"en-US","potentialAction":[{"@type":"ReadAction","target":["https:\/\/www.adecom.com.mx\/en\/servicio-soporte\/servicio-software\/"]}]},{"@type":"ImageObject","inLanguage":"en-US","@id":"https:\/\/www.adecom.com.mx\/en\/servicio-soporte\/servicio-software\/#primaryimage","url":"http:\/\/www.adecom.com.mx\/wp-content\/uploads\/2021\/08\/white-screen-300x169.png","contentUrl":"http:\/\/www.adecom.com.mx\/wp-content\/uploads\/2021\/08\/white-screen-300x169.png"},{"@type":"BreadcrumbList","@id":"https:\/\/www.adecom.com.mx\/en\/servicio-soporte\/servicio-software\/#breadcrumb","itemListElement":[{"@type":"ListItem","position":1,"name":"Portada","item":"https:\/\/www.adecom.com.mx\/"},{"@type":"ListItem","position":2,"name":"Soporte T\u00e9cnico","item":"https:\/\/www.adecom.com.mx\/servicio-soporte\/"},{"@type":"ListItem","position":3,"name":"Software de Trazabilidad \/ Software a la Medida"}]},{"@type":"WebSite","@id":"https:\/\/www.adecom.com.mx\/#website","url":"https:\/\/www.adecom.com.mx\/","name":"Adecom","description":"The Best Torque and Tensi\u00f3n Experience","publisher":{"@id":"https:\/\/www.adecom.com.mx\/#organization"},"potentialAction":[{"@type":"SearchAction","target":{"@type":"EntryPoint","urlTemplate":"https:\/\/www.adecom.com.mx\/?s={search_term_string}"},"query-input":{"@type":"PropertyValueSpecification","valueRequired":true,"valueName":"search_term_string"}}],"inLanguage":"en-US"},{"@type":"Organization","@id":"https:\/\/www.adecom.com.mx\/#organization","name":"Adecom","url":"https:\/\/www.adecom.com.mx\/","logo":{"@type":"ImageObject","inLanguage":"en-US","@id":"https:\/\/www.adecom.com.mx\/#\/schema\/logo\/image\/","url":"http:\/\/www.adecom.com.mx\/wp-content\/uploads\/2022\/02\/greca_adecom.png","contentUrl":"http:\/\/www.adecom.com.mx\/wp-content\/uploads\/2022\/02\/greca_adecom.png","width":650,"height":551,"caption":"Adecom"},"image":{"@id":"https:\/\/www.adecom.com.mx\/#\/schema\/logo\/image\/"}}]}},"_links":{"self":[{"href":"https:\/\/www.adecom.com.mx\/en\/wp-json\/wp\/v2\/pages\/2138","targetHints":{"allow":["GET"]}}],"collection":[{"href":"https:\/\/www.adecom.com.mx\/en\/wp-json\/wp\/v2\/pages"}],"about":[{"href":"https:\/\/www.adecom.com.mx\/en\/wp-json\/wp\/v2\/types\/page"}],"author":[{"embeddable":true,"href":"https:\/\/www.adecom.com.mx\/en\/wp-json\/wp\/v2\/users\/4"}],"replies":[{"embeddable":true,"href":"https:\/\/www.adecom.com.mx\/en\/wp-json\/wp\/v2\/comments?post=2138"}],"version-history":[{"count":9,"href":"https:\/\/www.adecom.com.mx\/en\/wp-json\/wp\/v2\/pages\/2138\/revisions"}],"predecessor-version":[{"id":2240,"href":"https:\/\/www.adecom.com.mx\/en\/wp-json\/wp\/v2\/pages\/2138\/revisions\/2240"}],"up":[{"embeddable":true,"href":"https:\/\/www.adecom.com.mx\/en\/wp-json\/wp\/v2\/pages\/21"}],"wp:attachment":[{"href":"https:\/\/www.adecom.com.mx\/en\/wp-json\/wp\/v2\/media?parent=2138"}],"curies":[{"name":"wp","href":"https:\/\/api.w.org\/{rel}","templated":true}]}}